{"id":383154,"date":"2025-01-01T18:15:10","date_gmt":"2025-01-01T17:15:10","guid":{"rendered":"https:\/\/whydonate.com\/?page_id=383154"},"modified":"2025-11-06T13:20:43","modified_gmt":"2025-11-06T12:20:43","slug":"smluvni-podminky","status":"publish","type":"page","link":"https:\/\/whydonate.com\/cs\/smluvni-podminky\/","title":{"rendered":"Terms &#038; Conditions CS"},"content":{"rendered":"<section class=\"l-section wpb_row height_small width_custom\" style=\"--site-content-width:1000px;\"><div class=\"l-section-h i-cf\"><div class=\"g-cols vc_row via_flex valign_top type_default stacking_default\"><div class=\"vc_col-sm-12 wpb_column vc_column_container\"><div class=\"vc_column-inner\"><div class=\"wpb_wrapper\"><div class=\"wpb_text_column\"><div class=\"wpb_wrapper\"><h1>Podm\u00ednky Slu\u017eby \u2013 WhyDonate<\/h1>\n<p><strong>Posledn\u00ed Aktualizace:<\/strong> 29. \u0159\u00edjna 2025<\/p>\n<p>Tyto Podm\u00ednky slu\u017eby se vztahuj\u00ed na pou\u017e\u00edv\u00e1n\u00ed online fundraisingov\u00e9 platformy WhyDonate d\u00e1rci i organiz\u00e1tory kampan\u00ed. Pou\u017e\u00edv\u00e1n\u00edm na\u0161\u00ed platformy souhlas\u00edte s t\u011bmito podm\u00ednkami. Pe\u010dliv\u011b si je pros\u00edm p\u0159e\u010dt\u011bte.<\/p>\n<hr \/>\n<h2>1. Definice<\/h2>\n<ul>\n<li><strong>WhyDonate:<\/strong> WhyDonate B.V. a Stichting WhyDonate, se s\u00eddlem v Amsterdamu, Obchodn\u00ed komora 58485317 \/ 58490280.<\/li>\n<li><strong>U\u017eivatel:<\/strong> Jak\u00e1koli fyzick\u00e1 nebo pr\u00e1vnick\u00e1 osoba pou\u017e\u00edvaj\u00edc\u00ed platformu, v\u010detn\u011b d\u00e1rc\u016f a organiz\u00e1tor\u016f.<\/li>\n<li><strong>Organiz\u00e1tor Kampan\u011b (P\u0159\u00edjemce):<\/strong> Jednotlivec nebo organizace se soci\u00e1ln\u00edm nebo charitativn\u00edm c\u00edlem, kter\u00e1 z\u00edsk\u00e1v\u00e1 finan\u010dn\u00ed prost\u0159edky prost\u0159ednictv\u00edm WhyDonate.<\/li>\n<li><strong>Platforma:<\/strong> Software a slu\u017eby WhyDonate dostupn\u00e9 na <a href=\"https:\/\/whydonate.com\/cs\/\">https:\/\/whydonate.com<\/a>.<\/li>\n<li><strong>Zpracovatel Plateb:<\/strong> Stripe nebo jak\u00fdkoli jin\u00fd extern\u00ed poskytovatel platebn\u00edch slu\u017eeb pou\u017e\u00edvan\u00fd spole\u010dnost\u00ed WhyDonate.<\/li>\n<\/ul>\n<h2><span data-sheets-root=\"1\">2. Smlouva a Rozsah<\/span><\/h2>\n<p><span data-sheets-root=\"1\">Vytvo\u0159en\u00edm \u00fa\u010dtu, darov\u00e1n\u00edm nebo spu\u0161t\u011bn\u00edm kampan\u011b uzav\u00edr\u00e1te smlouvu se spole\u010dnost\u00ed WhyDonate a souhlas\u00edte s t\u011bmito podm\u00ednkami.<\/span><\/p>\n<p><span data-sheets-root=\"1\">WhyDonate m\u016f\u017ee tyto podm\u00ednky aktualizovat. V\u00fdznamn\u00e9 zm\u011bny budou sd\u011bleny e-mailem nebo prost\u0159ednictv\u00edm platformy. Pokra\u010dov\u00e1n\u00edm v pou\u017e\u00edv\u00e1n\u00ed souhlas\u00edte s nov\u00fdmi podm\u00ednkami.<\/span><\/p>\n<h2><span data-sheets-root=\"1\">3. Pou\u017e\u00edv\u00e1n\u00ed Platformy<\/span><\/h2>\n<ul>\n<li>V\u0161echny poskytnut\u00e9 informace mus\u00ed b\u00fdt p\u0159esn\u00e9 a aktu\u00e1ln\u00ed.<\/li>\n<li>Platforma nesm\u00ed b\u00fdt pou\u017e\u00edv\u00e1na k neleg\u00e1ln\u00edm, klamav\u00fdm nebo nekaritativn\u00edm komer\u010dn\u00edm \u00fa\u010del\u016fm.<\/li>\n<li>M\u016f\u017eeme odstranit, upravit nebo odm\u00edtnout \u00fa\u010dty nebo kampan\u011b, kter\u00e9 poru\u0161uj\u00ed tyto podm\u00ednky nebo z\u00e1konn\u00e9 povinnosti.<\/li>\n<\/ul>\n<h2><span data-sheets-root=\"1\">4. Kampan\u011b a Obsah<\/span><\/h2>\n<p><span data-sheets-root=\"1\">Kampan\u011b mus\u00ed:<\/span><\/p>\n<ul>\n<li>B\u00fdt transparentn\u00ed ohledn\u011b pou\u017eit\u00ed finan\u010dn\u00edch prost\u0159edk\u016f;<\/li>\n<li>Nesm\u00ed obsahovat zav\u00e1d\u011bj\u00edc\u00ed nebo podvodn\u00e9 informace;<\/li>\n<li>Nesm\u00ed obsahovat nen\u00e1vistn\u00fd, sexu\u00e1ln\u011b explicitn\u00ed, rasistick\u00fd nebo jinak nevhodn\u00fd obsah.<\/li>\n<\/ul>\n<p><span data-sheets-root=\"1\">U\u017eivatel\u00e9 jsou zodpov\u011bdn\u00ed za sv\u016fj obsah. WhyDonate prov\u00e1d\u00ed n\u00e1hodn\u00e9 kontroly a m\u016f\u017ee reagovat na st\u00ed\u017enosti.<\/span><\/p>\n<h2><span data-sheets-root=\"1\">5. Dary a V\u00fdplaty<\/span><\/h2>\n<ul>\n<li>Dary jsou nevratn\u00e9, pokud nen\u00ed potvrzen podvod nebo zneu\u017eit\u00ed.<\/li>\n<li>V\u00fdplaty prob\u00edhaj\u00ed t\u00fddn\u011b, m\u011bs\u00ed\u010dn\u011b nebo na vy\u017e\u00e1d\u00e1n\u00ed prost\u0159ednictv\u00edm va\u0161eho dashboardu.<\/li>\n<li>Pro v\u00fdplatu je vy\u017eadov\u00e1no ov\u011b\u0159en\u00ed toto\u017enosti a bankovn\u00edho \u00fa\u010dtu.<\/li>\n<li>Transak\u010dn\u00ed poplatky se strh\u00e1vaj\u00ed dle aktu\u00e1ln\u00edch sazeb (viz <a href=\"https:\/\/whydonate.com\/cs\/poplatky\/\">poplatky<\/a>).<\/li>\n<li>Za vr\u00e1cen\u00ed pen\u011bz jsou \u00fa\u010dtov\u00e1ny poplatky: 7,50 \u20ac (SEPA), 20 \u20ac (kreditn\u00ed karta).<\/li>\n<\/ul>\n<h2><span data-sheets-root=\"1\">6. Z\u00e1sady Pro Vr\u00e1cen\u00ed Pen\u011bz<\/span><\/h2>\n<ul>\n<li>Vr\u00e1cen\u00ed pen\u011bz se prov\u00e1d\u00ed pouze v p\u0159\u00edpadech prok\u00e1zan\u00e9ho podvodu nebo zneu\u017eit\u00ed a pouze pokud finan\u010dn\u00ed prost\u0159edky je\u0161t\u011b nebyly vyplaceny.<br \/>\n\u017d\u00e1dosti lze podat prost\u0159ednictv\u00edm <a href=\"mailto:hello@whydonate.com\">hello@whydonate.com<\/a>. WhyDonate je prov\u011b\u0159\u00ed a odpov\u00eddaj\u00edc\u00edm zp\u016fsobem zareaguje.<\/li>\n<\/ul>\n<h2><span data-sheets-root=\"1\">7. Podvody, Zneu\u017eit\u00ed a Vym\u00e1h\u00e1n\u00ed Pr\u00e1va<\/span><\/h2>\n<ul>\n<li>Pozastavit nebo ukon\u010dit \u00fa\u010dty a kampan\u011b;<\/li>\n<li>Zadr\u017eet nebo vym\u00e1hat platby;<\/li>\n<li>Sd\u00edlet u\u017eivatelsk\u00e1 data s \u00fa\u0159ady;<\/li>\n<li>Podat pr\u00e1vn\u00ed kroky.<\/li>\n<\/ul>\n<h2><span data-sheets-root=\"1\">8. Du\u0161evn\u00ed Vlastnictv\u00ed<\/span><\/h2>\n<ul>\n<li>Ve\u0161ker\u00fd obsah na platform\u011b je majetkem WhyDonate nebo jej\u00edch poskytovatel\u016f licenc\u00ed.<\/li>\n<li>Nahran\u00e9 materi\u00e1ly ud\u011bluj\u00ed WhyDonate bezplatnou, nev\u00fdhradn\u00ed licenci na poskytov\u00e1n\u00ed slu\u017eeb.<\/li>\n<li>Bez p\u00edsemn\u00e9ho souhlasu nesm\u00edte kop\u00edrovat, m\u011bnit ani znovu pou\u017e\u00edvat obsah platformy.<\/li>\n<\/ul>\n<h2>9. Komunikace<\/h2>\n<ul>\n<li>Ohledn\u011b dar\u016f, aktualizac\u00ed a ozn\u00e1men\u00ed o slu\u017eb\u00e1ch komunikujeme e-mailem a p\u0159es WhatsApp.<\/li>\n<li>Z odb\u011bru nepodstatn\u00fdch zpr\u00e1v se m\u016f\u017eete odhl\u00e1sit prost\u0159ednictv\u00edm sv\u00e9ho nastaven\u00ed.<\/li>\n<\/ul>\n<h2><span data-sheets-root=\"1\">10. Osobn\u00ed \u00fadaje a ochrana soukrom\u00ed<\/span><\/h2>\n<ul>\n<li>\u00dadaje zpracov\u00e1v\u00e1me v souladu s GDPR.<\/li>\n<li>\u00dadaje sd\u00edl\u00edme pouze v nezbytn\u00fdch p\u0159\u00edpadech (nap\u0159. pro zpracov\u00e1n\u00ed plateb).<\/li>\n<li>\u00dadaje o d\u00e1rc\u00edch jsou viditeln\u00e9 pro organiz\u00e1tory, pokud se nejedn\u00e1 o anonymn\u00ed dar.<\/li>\n<li>Po\u0159adatel\u00e9 jsou zodpov\u011bdn\u00ed za z\u00e1konn\u00e9 nakl\u00e1d\u00e1n\u00ed s \u00fadaji.<\/li>\n<li>\u00dapln\u00e9 informace naleznete v na\u0161ich <a href=\"https:\/\/whydonate.com\/privacy-and-cookies\/\">Z\u00e1sad\u00e1ch ochrany osobn\u00edch \u00fadaj\u016f<\/a>.<\/li>\n<\/ul>\n<h2><span data-sheets-root=\"1\">11. Ochrana Majetku a Finan\u010dn\u00edch Prost\u0159edk\u016f Klient\u016f<\/span><\/h2>\n<div class=\"flex max-w-full flex-col grow\">\n<div class=\"min-h-8 text-message relative flex w-full flex-col items-end gap-2 text-start break-words whitespace-normal &#091;.text-message+&amp;&#093;:mt-1\" dir=\"auto\" data-message-author-role=\"assistant\" data-message-id=\"e684496f-4a8f-4a6f-9259-a07c83eb7b2c\" data-message-model-slug=\"gpt-5\">\n<div class=\"flex w-full flex-col gap-1 empty:hidden first:pt-&#091;1px&#093;\">\n<div class=\"markdown prose dark:prose-invert w-full break-words light markdown-new-styling\">\n<p data-start=\"59\" data-end=\"256\">V WhyDonate je bezpe\u010dnost a spr\u00e1vn\u00e9 zach\u00e1zen\u00ed s prost\u0159edky, kter\u00e9 shroma\u017e\u010fujete, na\u0161\u00ed nejvy\u0161\u0161\u00ed prioritou. Tato \u010d\u00e1st vysv\u011btluje, jak chr\u00e1n\u00edme v\u0161echny dary z\u00edskan\u00e9 prost\u0159ednictv\u00edm va\u0161\u00ed kampan\u011b.<\/p>\n<p data-start=\"258\" data-end=\"600\"><strong data-start=\"258\" data-end=\"296\">Odd\u011blen\u00fd \u00fa\u010det pro va\u0161e prost\u0159edky: <\/strong>V\u0161echny dary zaslan\u00e9 na kampan\u011b jsou uchov\u00e1v\u00e1ny na samostatn\u00e9m bankovn\u00edm \u00fa\u010dtu veden\u00e9m t\u0159et\u00ed stranou. Tento \u00fa\u010det je zcela nez\u00e1visl\u00fd na obchodn\u00edch \u00fa\u010dtech spole\u010dnosti WhyDonate. To znamen\u00e1, \u017ee pen\u00edze va\u0161ich d\u00e1rc\u016f jsou udr\u017eov\u00e1ny zcela odd\u011blen\u011b a nikdy nejsou pou\u017eity na provozn\u00ed v\u00fddaje na\u0161\u00ed spole\u010dnosti.<\/p>\n<p data-start=\"602\" data-end=\"782\"><strong data-start=\"602\" data-end=\"623\">Nez\u00e1visl\u00e1 spr\u00e1va: <\/strong>Tato struktura zaji\u0161\u0165uje, \u017ee prost\u0159edky jsou chr\u00e1n\u011bny a spravov\u00e1ny v\u00fdhradn\u011b za \u00fa\u010delem jejich p\u0159evodu v\u00e1m \u2013 ov\u011b\u0159en\u00e9mu organiz\u00e1torovi kampan\u011b nebo p\u0159\u00edjemci.<\/p>\n<p data-start=\"784\" data-end=\"1104\"><strong data-start=\"784\" data-end=\"818\">N\u00e1\u0161 platebn\u00ed zprost\u0159edkovatel: <\/strong>WhyDonate pou\u017e\u00edv\u00e1 Stripe, celosv\u011btov\u011b uzn\u00e1van\u00e9ho a regulovan\u00e9ho poskytovatele platebn\u00edch slu\u017eeb, kter\u00fd zpracov\u00e1v\u00e1 v\u0161echny finan\u010dn\u00ed transakce. Stripe poskytuje a spravuje odd\u011blen\u00fd \u00fa\u010det t\u0159et\u00ed strany, na kter\u00e9m jsou va\u0161e prost\u0159edky bezpe\u010dn\u011b ulo\u017eeny, dokud nejsou p\u0159evedeny na v\u00e1s.<\/p>\n<p data-start=\"1106\" data-end=\"1172\"><strong data-start=\"1106\" data-end=\"1123\">Va\u0161e jistota: <\/strong>Odd\u011blen\u00ed finan\u010dn\u00edch prost\u0159edk\u016f zaru\u010duje, \u017ee:<\/p>\n<ol data-start=\"1173\" data-end=\"1449\">\n<li data-start=\"1173\" data-end=\"1227\">\n<p data-start=\"1175\" data-end=\"1227\">Dary jsou shroma\u017e\u010fov\u00e1ny a uchov\u00e1v\u00e1ny va\u0161\u00edm jm\u00e9nem.<\/p>\n<\/li>\n<li data-start=\"1228\" data-end=\"1338\">\n<p data-start=\"1230\" data-end=\"1338\">Prost\u0159edky jsou zabezpe\u010den\u00e9 a spole\u010dnost WhyDonate k nim nem\u00e1 p\u0159\u00edstup ani je nem\u016f\u017ee pou\u017e\u00edt k jin\u00e9mu \u00fa\u010delu.<\/p>\n<\/li>\n<li data-start=\"1339\" data-end=\"1449\">\n<p data-start=\"1341\" data-end=\"1449\">Prost\u0159edky mohou b\u00fdt vyplaceny pouze v\u00e1m \u2013 ov\u011b\u0159en\u00e9mu organiz\u00e1torovi kampan\u011b \u2013 nebo v\u00e1mi ur\u010den\u00e9mu p\u0159\u00edjemci.<\/p>\n<\/li>\n<\/ol>\n<p data-start=\"1451\" data-end=\"1617\" data-is-last-node=\"\" data-is-only-node=\"\">Tento proces je navr\u017een tak, aby byl v souladu s finan\u010dn\u00edmi p\u0159edpisy a zajistil plnou transparentnost a bezpe\u010dnost jak pro organiz\u00e1tory kampan\u00ed, tak pro jejich d\u00e1rce.<\/p>\n<\/div>\n<\/div>\n<\/div>\n<\/div>\n<h2><span data-sheets-root=\"1\">12. Odpov\u011bdnost<\/span><\/h2>\n<ul>\n<li>Odpov\u00edd\u00e1me pouze za p\u0159\u00edm\u00e9 \u0161kody, omezen\u00e9 v\u00fd\u0161\u00ed souvisej\u00edc\u00edho daru.<\/li>\n<li>Neneseme odpov\u011bdnost za nep\u0159\u00edm\u00e9 \u0161kody ani za jedn\u00e1n\u00ed t\u0159et\u00edch stran.<\/li>\n<li>Toto vylou\u010den\u00ed se nevztahuje na p\u0159\u00edpady hrub\u00e9 nedbalosti nebo \u00famyslu.<\/li>\n<\/ul>\n<h2>13. Spory<\/h2>\n<ul>\n<li>Na tyto podm\u00ednky se vztahuje nizozemsk\u00e9 pr\u00e1vo.<\/li>\n<li>Sna\u017e\u00edme se \u0159e\u0161it spory sm\u00edrn\u011b.<\/li>\n<li>V p\u0159\u00edpad\u011b pot\u0159eby \u0159e\u0161\u00ed spory soudy v Amsterdamu nebo Haarlemu.<\/li>\n<\/ul>\n<h2>14. Kontakt<\/h2>\n<ul>\n<li>Email: <a href=\"mailto:hello@whydonate.com\">hello@whydonate.com<\/a><\/li>\n<li><a href=\"https:\/\/helpdesk.whydonate.com\/cs\/\" target=\"_blank\" rel=\"noopener\">Z\u00e1kaznick\u00e1 podpora<\/a><\/li>\n<\/ul>\n<\/div><\/div><\/div><\/div><\/div><\/div><\/div><\/section>\n","protected":false},"excerpt":{"rendered":"Podm\u00ednky Slu\u017eby \u2013 WhyDonate Posledn\u00ed Aktualizace: 29. \u0159\u00edjna 2025 Tyto Podm\u00ednky slu\u017eby se vztahuj\u00ed na pou\u017e\u00edv\u00e1n\u00ed online fundraisingov\u00e9 platformy WhyDonate d\u00e1rci i organiz\u00e1tory kampan\u00ed. Pou\u017e\u00edv\u00e1n\u00edm na\u0161\u00ed platformy souhlas\u00edte s t\u011bmito podm\u00ednkami. Pe\u010dliv\u011b si je pros\u00edm p\u0159e\u010dt\u011bte. 1. Definice WhyDonate: WhyDonate B.V. a Stichting WhyDonate, se s\u00eddlem v Amsterdamu, Obchodn\u00ed komora 58485317 \/ 58490280. U\u017eivatel: Jak\u00e1koli...","protected":false},"author":53,"featured_media":0,"parent":0,"menu_order":0,"comment_status":"closed","ping_status":"closed","template":"","meta":{"footnotes":""},"class_list":["post-383154","page","type-page","status-publish","hentry"],"_links":{"self":[{"href":"https:\/\/whydonate.com\/cs\/wp-json\/wp\/v2\/pages\/383154","targetHints":{"allow":["GET"]}}],"collection":[{"href":"https:\/\/whydonate.com\/cs\/wp-json\/wp\/v2\/pages"}],"about":[{"href":"https:\/\/whydonate.com\/cs\/wp-json\/wp\/v2\/types\/page"}],"author":[{"embeddable":true,"href":"https:\/\/whydonate.com\/cs\/wp-json\/wp\/v2\/users\/53"}],"replies":[{"embeddable":true,"href":"https:\/\/whydonate.com\/cs\/wp-json\/wp\/v2\/comments?post=383154"}],"version-history":[{"count":5,"href":"https:\/\/whydonate.com\/cs\/wp-json\/wp\/v2\/pages\/383154\/revisions"}],"predecessor-version":[{"id":418354,"href":"https:\/\/whydonate.com\/cs\/wp-json\/wp\/v2\/pages\/383154\/revisions\/418354"}],"wp:attachment":[{"href":"https:\/\/whydonate.com\/cs\/wp-json\/wp\/v2\/media?parent=383154"}],"curies":[{"name":"wp","href":"https:\/\/api.w.org\/{rel}","templated":true}]}}