{"id":410001,"date":"2025-09-05T09:11:31","date_gmt":"2025-09-05T08:11:31","guid":{"rendered":"https:\/\/whydonate.com\/?page_id=410001"},"modified":"2025-11-07T09:53:57","modified_gmt":"2025-11-07T08:53:57","slug":"ochrana-osobnich-udaju-a-soubory-cookie","status":"publish","type":"page","link":"https:\/\/whydonate.com\/cs\/ochrana-osobnich-udaju-a-soubory-cookie\/","title":{"rendered":"Privacy and Cookies CS"},"content":{"rendered":"<section class=\"l-section wpb_row us_custom_fb609693 about-page-section-first height_huge\"><div class=\"l-section-overlay\" style=\"background:#363398\"><\/div><div class=\"l-section-h i-cf\"><div class=\"g-cols vc_row via_flex valign_top type_default stacking_default\"><div class=\"vc_col-sm-6 wpb_column vc_column_container\"><div class=\"vc_column-inner us_custom_ec1e580b\"><div class=\"wpb_wrapper\"><div class=\"wpb_text_column us_custom_cdf14ffd\"><div class=\"wpb_wrapper\"><h1><span style=\"color: #32bf55;\">Prohl\u00e1\u0161en\u00ed o Ochran\u011b Osobn\u00edch \u00dadaj\u016f a Souborech Cookie<\/span><\/h1>\n<h3><span style=\"color: #ffffff;\">S va\u0161imi osobn\u00edmi \u00fadaji zach\u00e1z\u00edme d\u016fv\u011brn\u011b.<\/span><\/h3>\n<\/div><\/div><\/div><\/div><\/div><div class=\"vc_col-sm-6 wpb_column vc_column_container\"><div class=\"vc_column-inner\"><div class=\"wpb_wrapper\"><\/div><\/div><\/div><\/div><\/div><\/section><section class=\"l-section wpb_row us_custom_2eec13b6 height_small\"><div class=\"l-section-h i-cf\"><div class=\"g-cols vc_row via_flex valign_top type_default stacking_default\"><div class=\"vc_col-sm-12 wpb_column vc_column_container\"><div class=\"vc_column-inner\"><div class=\"wpb_wrapper\"><div class=\"w-tabs layout_hor style_trendy switch_click has_scrolling\" style=\"--sections-title-size:1em\"><div class=\"w-tabs-list items_2 align_justify\" style=\"text-transform:uppercase;\"><div class=\"w-tabs-list-h\"><button class=\"w-tabs-item active\" aria-controls=\"content-1549542851243-7e0ec8d8-a1ee\" aria-expanded=\"false\"><span class=\"w-tabs-item-title\">Prohl\u00e1\u0161en\u00ed O Ochran\u011b Osobn\u00edch \u00dadaj\u016f<\/span><\/button><button class=\"w-tabs-item\" aria-controls=\"content-1549542851283-05b7eadc-890c\" aria-expanded=\"false\"><span class=\"w-tabs-item-title\">Soubory Cookie<\/span><\/button><\/div><\/div><div class=\"w-tabs-sections titles-align_none icon_chevron cpos_right\"><div class=\"w-tabs-section active\" id=\"1549542851243-7e0ec8d8-a1ee\"><button class=\"w-tabs-section-header active\" aria-controls=\"content-1549542851243-7e0ec8d8-a1ee\" aria-expanded=\"true\"><div class=\"w-tabs-section-title\">Prohl\u00e1\u0161en\u00ed O Ochran\u011b Osobn\u00edch \u00dadaj\u016f<\/div><div class=\"w-tabs-section-control\"><\/div><\/button><div  class=\"w-tabs-section-content\" id=\"content-1549542851243-7e0ec8d8-a1ee\"><div class=\"w-tabs-section-content-h i-cf\"><div class=\"wpb_text_column\"><div class=\"wpb_wrapper\"><h2><strong>Prohl\u00e1\u0161en\u00ed O Ochran\u011b Osobn\u00edch \u00dadaj\u016f<\/strong><\/h2>\n<p><strong>whydonate.com je slu\u017eba WhyDonate. Jsme registrov\u00e1ni na adrese Johan Huizingalaan 763A v Amsterdamu.<\/strong><\/p>\n<p><strong>V\u011b\u0159\u00edme, \u017ee je d\u016fle\u017eit\u00e9 chr\u00e1nit va\u0161e osobn\u00ed \u00fadaje, a proto je budeme pou\u017e\u00edvat pouze k tomu, abychom v\u00e1m mohli nab\u00eddnout na\u0161e slu\u017eby, optimalizovat va\u0161i u\u017eivatelskou zku\u0161enost a zlep\u0161ovat na\u0161e slu\u017eby. V tomto prohl\u00e1\u0161en\u00ed o ochran\u011b osobn\u00edch \u00fadaj\u016f bychom r\u00e1di objasnili, jak\u00e9 osobn\u00ed \u00fadaje shroma\u017e\u010fujeme, pro\u010d to d\u011bl\u00e1me a jak va\u0161e \u00fadaje chr\u00e1n\u00edme.<\/strong><\/p>\n<p>Tyto Z\u00e1sady ochrany osobn\u00edch \u00fadaj\u016f mohou b\u00fdt v budoucnu aktualizov\u00e1ny. Vyhrazujeme si pr\u00e1vo kdykoli je zm\u011bnit. Hlavn\u00ed zm\u011bny budou v\u017edy ozn\u00e1meny. Doporu\u010dujeme pravideln\u011b se k tomuto dokumentu vracet.<\/p>\n<p>M\u00e1te-li jak\u00e9koli dotazy t\u00fdkaj\u00edc\u00ed se ochrany osobn\u00edch \u00fadaj\u016f, pou\u017eijte pros\u00edm kontaktn\u00ed formul\u00e1\u0159 nebo volejte +31 (0)857441174<\/p>\n<hr \/>\n<h2><strong>Jak\u00e9 osobn\u00ed \u00fadaje shroma\u017e\u010fuje WhyDonate?<\/strong><\/h2>\n<p>Zpracov\u00e1v\u00e1me a shroma\u017e\u010fujeme pouze osobn\u00ed \u00fadaje, kter\u00e9 jsou nezbytn\u00e9 pro \u00fa\u010dely, pro kter\u00e9 jsou zpracov\u00e1v\u00e1ny:<\/p>\n<p>Pokud jste d\u00e1rce, shroma\u017e\u010fujeme n\u00e1sleduj\u00edc\u00ed osobn\u00ed \u00fadaje:<\/p>\n<ul>\n<li style=\"font-weight: 400;\">Osobn\u00ed identifika\u010dn\u00ed \u00fadaje: (jm\u00e9no);<\/li>\n<\/ul>\n<p>Va\u0161e jm\u00e9no pou\u017e\u00edv\u00e1me k tomu, abychom v\u00e1s spr\u00e1vn\u011b oslovili a uk\u00e1zali fond, kter\u00fd daroval (pokud d\u00e1rce nen\u00ed anonymn\u00ed).<\/p>\n<ul>\n<li style=\"font-weight: 400;\">Kontaktn\u00ed informace (e-mailov\u00e1 adresa);<\/li>\n<\/ul>\n<p>Tyto \u00fadaje se pou\u017e\u00edvaj\u00ed k zas\u00edl\u00e1n\u00ed servisn\u00edch e-mail\u016f.<\/p>\n<ul>\n<li style=\"font-weight: 400;\">Platebn\u00ed informace (IBAN);<\/li>\n<\/ul>\n<p>Abychom mohli dary strh\u00e1vat z \u00fa\u010dtu a p\u0159ev\u00e1d\u011bt na spr\u00e1vn\u00fd IBAN.<\/p>\n<ul>\n<li style=\"font-weight: 400;\">Informace o elektronick\u00e9 identifikaci a technick\u00e9 informace (IP adresa a um\u00edst\u011bn\u00ed).<br \/>\nTyto \u00fadaje shroma\u017e\u010fujeme, abychom zabr\u00e1nili podvod\u016fm a z\u00edskali p\u0159ehled o poloze d\u00e1rce.<\/li>\n<\/ul>\n<p>Pokud zah\u00e1j\u00edte fundraisingovou sb\u00edrku, shroma\u017e\u010fujeme n\u00e1sleduj\u00edc\u00ed osobn\u00ed \u00fadaje:<\/p>\n<ul>\n<li style=\"font-weight: 400;\">Osobn\u00ed identifikace: (jm\u00e9no, p\u0159ihla\u0161ovac\u00ed \u00fadaje);<\/li>\n<\/ul>\n<p>Va\u0161e jm\u00e9no pou\u017e\u00edv\u00e1me k tomu, abychom v\u00e1s spr\u00e1vn\u011b oslovili a uk\u00e1zali ostatn\u00edm u\u017eivatel\u016fm, kdo jste. Va\u0161e heslo je ulo\u017eeno v \u0161ifrovan\u00e9 podob\u011b, tak\u017ee k n\u011bmu m\u00e1te p\u0159\u00edstup pouze vy; ne my ani nikdo jin\u00fd.<\/p>\n<ul>\n<li style=\"font-weight: 400;\">Kontaktn\u00ed informace (e-mailov\u00e1 adresa);<\/li>\n<\/ul>\n<p>Tyto \u00fadaje se pou\u017e\u00edvaj\u00ed k va\u0161\u00ed identifikaci, p\u0159i p\u0159ihl\u00e1\u0161en\u00ed a k zas\u00edl\u00e1n\u00ed servisn\u00edch e-mail\u016f. Krom\u011b toho se m\u016f\u017eete p\u0159ihl\u00e1sit k odb\u011bru pravideln\u00fdch e-mailov\u00fdch aktualizac\u00ed. To znamen\u00e1, \u017ee v\u00e1m ob\u010das zas\u00edl\u00e1me aktualizace s nejzaj\u00edmav\u011bj\u0161\u00edmi novinkami a projekty na platform\u011b. Samoz\u0159ejm\u011b se m\u016f\u017eete kdykoli odhl\u00e1sit ze sv\u00e9ho \u00fa\u010dtu.<\/p>\n<ul>\n<li style=\"font-weight: 400;\">Platebn\u00ed \u00fadaje (IBAN);<\/li>\n<\/ul>\n<p>Abychom mohli dary strh\u00e1vat z a na spr\u00e1vn\u00fd IBAN je p\u0159ev\u00e1d\u011bt.<\/p>\n<ul>\n<li style=\"font-weight: 400;\">Informace o elektronick\u00e9 identifikaci a technick\u00e9 informace (IP adresa a um\u00edst\u011bn\u00ed).<br \/>\nTyto \u00fadaje shroma\u017e\u010fujeme, abychom zabr\u00e1nili podvod\u016fm a z\u00edskali p\u0159ehled o poloze d\u00e1rce.<\/li>\n<li style=\"font-weight: 400;\">Informace o profilu;<\/li>\n<\/ul>\n<p>Na sv\u00e9m profilu m\u016f\u017eete p\u0159idat dal\u0161\u00ed informace o sob\u011b a charitativn\u00ed organizaci, aby ostatn\u00ed u\u017eivatel\u00e9 vid\u011bli, kdo jste a jak\u00e1 je va\u0161e p\u0159\u00ed\u010dina. To n\u00e1m usnadn\u00ed propojen\u00ed d\u00e1rc\u016f a p\u0159\u00ed\u010din.<\/p>\n<p>Vy rozhodujete, kter\u00e9 informace z va\u0161eho profilu budou viditeln\u00e9 pro ostatn\u00ed u\u017eivatele. Pokud tedy nechcete sd\u00edlet sv\u00e9 osobn\u00ed \u00fadaje s ostatn\u00edmi u\u017eivateli, nemus\u00edte. Chceme se ujistit, \u017ee jste s cel\u00fdm z\u00e1\u017eitkem na na\u0161\u00ed platform\u011b spokojeni, tak\u017ee pokud chcete skr\u00fdt svou identitu jako podporovatel\/d\u00e1rce, umo\u017e\u0148ujeme v\u00e1m to. To znamen\u00e1, \u017ee m\u016f\u017eete darovat anonymn\u011b. V takov\u00e9m p\u0159\u00edpad\u011b k va\u0161emu daru nen\u00ed p\u0159i\u0159azeno \u017e\u00e1dn\u00e9 jm\u00e9no.<\/p>\n<hr \/>\n<h2><strong>C\u00edl zpracov\u00e1n\u00ed \u00fadaj\u016f<\/strong><\/h2>\n<p>Shroma\u017e\u010fujeme va\u0161e osobn\u00ed \u00fadaje jako u\u017eivatele na\u0161\u00ed platformy, abychom v\u00e1m mohli nab\u00eddnout bezpe\u010dn\u00fd, optim\u00e1ln\u00ed a u\u017eivatelsky p\u0159\u00edv\u011btiv\u00fd z\u00e1\u017eitek. Zpracov\u00e1n\u00ed \u00fadaj\u016f prob\u00edh\u00e1 pouze pro n\u00e1sleduj\u00edc\u00ed konkr\u00e9tn\u00ed \u00fa\u010dely:<\/p>\n<ul>\n<li style=\"font-weight: 400;\">Spr\u00e1vn\u00e9 nakl\u00e1d\u00e1n\u00ed s dary: spr\u00e1va dar\u016f, podpora, sledov\u00e1n\u00ed st\u00ed\u017enost\u00ed a zas\u00edl\u00e1n\u00ed servisn\u00edch zpr\u00e1v;<\/li>\n<li style=\"font-weight: 400;\">Zabezpe\u010den\u00ed a ochrana p\u0159ed podvody a poru\u0161en\u00edm;<\/li>\n<li style=\"font-weight: 400;\">Personalizovan\u00fd u\u017eivatelsk\u00fd z\u00e1\u017eitek, marketing, reklama a newslettery, pokud jste se k jejich odb\u011bru v\u00fdslovn\u011b p\u0159ihl\u00e1sili. V takov\u00e9m p\u0159\u00edpad\u011b se m\u016f\u017eete kdykoli odhl\u00e1sit;<\/li>\n<li style=\"font-weight: 400;\">Statick\u00e9 \u00fa\u010dely<\/li>\n<\/ul>\n<p>Osobn\u00ed \u00fadaje, kter\u00e9 shroma\u017e\u010fujeme, nebudou uchov\u00e1v\u00e1ny d\u00e9le, ne\u017e je nezbytn\u00e9 pro v\u00fd\u0161e uveden\u00e9 \u00fa\u010dely.<\/p>\n<hr \/>\n<h2><strong>Na jak\u00e9m pr\u00e1vn\u00edm z\u00e1klad\u011b jsou m\u00e9 osobn\u00ed \u00fadaje zpracov\u00e1v\u00e1ny?<\/strong><\/h2>\n<p>V souladu s p\u0159edpisy o ochran\u011b osobn\u00edch \u00fadaj\u016f zpracov\u00e1v\u00e1me va\u0161e osobn\u00ed \u00fadaje na z\u00e1klad\u011b n\u00e1sleduj\u00edc\u00edch d\u016fvod\u016f:<\/p>\n<ul>\n<li style=\"font-weight: 400;\">Pln\u011bn\u00ed smlouvy s v\u00e1mi. Nap\u0159\u00edklad kdy\u017e darujete nebo chcete zah\u00e1jit fundraisingovou kampa\u0148.<\/li>\n<li style=\"font-weight: 400;\">Spln\u011bn\u00ed pr\u00e1vn\u00edch nebo regula\u010dn\u00edch po\u017eadavk\u016f;<\/li>\n<li style=\"font-weight: 400;\">Na\u0161eho opr\u00e1vn\u011bn\u00e9ho z\u00e1jmu, nap\u0159\u00edklad abychom v\u00e1s informovali o fundraisingov\u00e9 kampani, kterou jste podpo\u0159ili.<\/li>\n<li style=\"font-weight: 400;\">V\u00e1\u0161ho v\u00fdslovn\u00e9ho souhlasu.<\/li>\n<\/ul>\n<hr \/>\n<h2><strong>Sd\u00edl\u00ed WhyDonate M\u00e9 Osobn\u00ed \u00fadaje s T\u0159et\u00edmi Stranami?<\/strong><\/h2>\n<p>Va\u0161e osobn\u00ed \u00fadaje sd\u00edl\u00edme pouze se t\u0159et\u00edmi stranami, kter\u00e9 n\u00e1s podporuj\u00ed v na\u0161ich obchodn\u00edch procesech a maj\u00ed s n\u00e1mi uzav\u0159enou smlouvu o zpracov\u00e1n\u00ed dat. Vezm\u011bte si nap\u0159\u00edklad na\u0161eho webhostingov\u00e9ho poskytovatele nebo poskytovatele plateb. Va\u0161e informace nikdy neprod\u00e1v\u00e1me ani nesd\u00edl\u00edme pro marketingov\u00e9 \u00fa\u010dely t\u0159et\u00edch stran.<\/p>\n<p>Organiz\u00e1tor sb\u00edrky nav\u00edc m\u016f\u017ee vid\u011bt jm\u00e9no a e-mailovou adresu d\u00e1rc\u016f, pokud d\u00e1rce neposkytne anonymn\u00ed dar.<\/p>\n<p>Nikdy nebudeme zve\u0159ej\u0148ovat zpr\u00e1vy na va\u0161ich \u00fa\u010dtech na Facebooku, Twitteru, WhatsAppu, Google+, LinkedInu ani jin\u00fdch soci\u00e1ln\u00edch s\u00edt\u00edch bez va\u0161eho svolen\u00ed. Pokud na na\u0161\u00ed platform\u011b pou\u017e\u00edv\u00e1te tla\u010d\u00edtka soci\u00e1ln\u00edch m\u00e9di\u00ed, nap\u0159\u00edklad ke sd\u00edlen\u00ed str\u00e1nky pro financov\u00e1n\u00ed, p\u0159e\u010dt\u011bte si pros\u00edm prohl\u00e1\u0161en\u00ed o ochran\u011b osobn\u00edch \u00fadaj\u016f tla\u010d\u00edtka soci\u00e1ln\u00ed s\u00edt\u011b, kter\u00e9 pou\u017e\u00edv\u00e1te.<\/p>\n<hr \/>\n<h2><strong>Bezpe\u010dnostn\u00ed Opat\u0159en\u00ed<\/strong><\/h2>\n<p>Abychom ochr\u00e1nili va\u0161e osobn\u00ed \u00fadaje, p\u0159ij\u00edm\u00e1me vhodn\u00e1 bezpe\u010dnostn\u00ed opat\u0159en\u00ed. Proto pou\u017e\u00edv\u00e1me zabezpe\u010den\u00e9 internetov\u00e9 prost\u0159ed\u00ed, jakmile zah\u00e1j\u00edte platbu sv\u00e9ho daru. Prost\u0159ednictv\u00edm protokolu SSL (Secure Socket Layers) jsou transak\u010dn\u00ed data p\u0159ed odesl\u00e1n\u00edm p\u0159es internet \u0161ifrov\u00e1na. Bezpe\u010dn\u00e9 p\u0159ipojen\u00ed SSL pozn\u00e1te podle https:\/\/ v adrese v adresn\u00edm \u0159\u00e1dku.<\/p>\n<p>Hosting na\u0161\u00ed platformy zaji\u0161\u0165uje n\u00e1\u0161 spolehliv\u00fd partner Google. Vyu\u017e\u00edv\u00e1me jejich datov\u00e9 centrum v Belgii. To znamen\u00e1, \u017ee servery, kde jsou data ulo\u017eena, se nach\u00e1zej\u00ed v Evropsk\u00e9m hospod\u00e1\u0159sk\u00e9m prostoru (EHP). P\u0159ijmeme ve\u0161ker\u00e1 mo\u017en\u00e1 bezpe\u010dnostn\u00ed opat\u0159en\u00ed, abychom zajistili bezpe\u010dnost va\u0161ich osobn\u00edch \u00fadaj\u016f na t\u011bchto serverech a v r\u00e1mci EHP.<\/p>\n<hr \/>\n<h2><strong>Va\u0161e Pr\u00e1va<\/strong><\/h2>\n<p>P\u0159i zpracov\u00e1n\u00ed va\u0161ich osobn\u00edch \u00fadaj\u016f jste chr\u00e1n\u011bni \u0159adou pr\u00e1v:<\/p>\n<ul>\n<li style=\"font-weight: 400;\">M\u00e1te pr\u00e1vo na vysv\u011btlen\u00ed, jak\u00e9 osobn\u00ed \u00fadaje zpracov\u00e1v\u00e1me a pro\u010d;<\/li>\n<li style=\"font-weight: 400;\">M\u00e1te pr\u00e1vo po\u017e\u00e1dat o p\u0159\u00edstup ke sv\u00fdm osobn\u00edm \u00fadaj\u016fm;<\/li>\n<li style=\"font-weight: 400;\">M\u016f\u017eete po\u017e\u00e1dat o \u00fapravu nebo odstran\u011bn\u00ed zastaral\u00fdch osobn\u00edch \u00fadaj\u016f;<\/li>\n<li style=\"font-weight: 400;\">M\u016f\u017eete odvolat sv\u016fj souhlas;<\/li>\n<li style=\"font-weight: 400;\">M\u016f\u017eete po\u017e\u00e1dat o omezen\u00ed zpracov\u00e1n\u00ed va\u0161ich osobn\u00edch \u00fadaj\u016f;<\/li>\n<li style=\"font-weight: 400;\">M\u00e1te pr\u00e1vo z\u00edskat osobn\u00ed \u00fadaje, kter\u00e9 jste n\u00e1m poskytli, ve strukturovan\u00e9, konven\u010dn\u00ed a strojov\u011b \u010diteln\u00e9 podob\u011b.<\/li>\n<\/ul>\n<p>N\u011bkolik z t\u011bchto pr\u00e1v m\u016f\u017eete osobn\u011b uplatnit, pokud m\u00e1te na na\u0161\u00ed platform\u011b \u00fa\u010det. V opa\u010dn\u00e9m p\u0159\u00edpad\u011b n\u00e1s m\u016f\u017eete kontaktovat pomoc\u00ed na\u0161eho kontaktn\u00edho formul\u00e1\u0159e. Va\u0161\u00ed \u017e\u00e1dosti vyhov\u00edme do jednoho m\u011bs\u00edce. M\u016f\u017eeme v\u00e1s po\u017e\u00e1dat o identifikaci, abychom se ujistili, \u017ee neodstran\u00edme ani neuprav\u00edme osobn\u00ed \u00fadaje nespr\u00e1vn\u00e9 osoby.<\/p>\n<p>Pokud m\u00e1te st\u00ed\u017enost na zp\u016fsob zpracov\u00e1n\u00ed va\u0161ich osobn\u00edch \u00fadaj\u016f, r\u00e1di bychom v\u00e1s sly\u0161eli, abychom spole\u010dn\u011b na\u0161li \u0159e\u0161en\u00ed. M\u016f\u017eete tak\u00e9 podat svou st\u00ed\u017enost t\u00fdkaj\u00edc\u00ed se na\u0161\u00ed platformy nizozemsk\u00e9mu dozorov\u00e9mu \u00fa\u0159adu v oblasti ochrany osobn\u00edch \u00fadaj\u016f.<\/p>\n<hr \/>\n<p>Tyto Z\u00e1sady ochrany osobn\u00edch \u00fadaj\u016f byly naposledy revidov\u00e1ny <span>27-10-2025<\/span>.<\/p>\n<\/div><\/div><\/div><\/div><\/div><div class=\"w-tabs-section\" id=\"1549542851283-05b7eadc-890c\"><button class=\"w-tabs-section-header\" aria-controls=\"content-1549542851283-05b7eadc-890c\" aria-expanded=\"false\"><div class=\"w-tabs-section-title\">Soubory Cookie<\/div><div class=\"w-tabs-section-control\"><\/div><\/button><div  class=\"w-tabs-section-content\" id=\"content-1549542851283-05b7eadc-890c\"><div class=\"w-tabs-section-content-h i-cf\"><div class=\"wpb_text_column\"><div class=\"wpb_wrapper\"><h2>Soubory Cookie<\/h2>\n<p>Soubory cookie jsou mal\u00e9 do\u010dasn\u00e9 textov\u00e9 soubory ulo\u017een\u00e9 ve va\u0161em po\u010d\u00edta\u010di. Pou\u017e\u00edv\u00e1me r\u016fzn\u00e9 soubory cookie, nap\u0159\u00edklad funk\u010dn\u00ed a analytick\u00e9. Soubory cookie ve va\u0161em prohl\u00ed\u017ee\u010di m\u016f\u017eete libovoln\u011b vypnout. M\u011bjte v\u0161ak na pam\u011bti, \u017ee to m\u016f\u017ee znamenat, \u017ee platforma nebude fungovat tak, jak by m\u011bla.<\/p>\n<p><strong>Technick\u00e9 Soubory Cookie<\/strong><br \/>\nPou\u017e\u00edv\u00e1n\u00edm technick\u00fdch soubor\u016f cookie v\u00e1s rozpozn\u00e1v\u00e1me, kdy\u017e znovu nav\u0161t\u00edv\u00edte na\u0161i platformu, a vyhnete se tak nutnosti opakovan\u011b zad\u00e1vat stejn\u00e9 \u00fadaje. Pom\u00e1haj\u00ed n\u00e1m tak\u00e9 dozv\u011bd\u011bt se, jak na\u0161e str\u00e1nky pou\u017e\u00edv\u00e1te, abychom je mohli neust\u00e1le vylep\u0161ovat a zp\u0159\u00edjem\u0148ovat jejich pou\u017e\u00edv\u00e1n\u00ed.<\/p>\n<p><strong>Analytick\u00e9 Soubory Cookie<\/strong><br \/>\nWhyDonate pou\u017e\u00edv\u00e1 Google Analytics pro statistick\u00e9 anal\u00fdzy toho, jak pou\u017e\u00edv\u00e1te slu\u017eby WhyDonate. Google Analytics shroma\u017e\u010fuje informace o tom, jak se na webov\u00fdch str\u00e1nk\u00e1ch pohybujete, kolik \u010dasu tr\u00e1v\u00edte na platform\u011b, kolik \u010dasu tr\u00e1v\u00edte na ur\u010dit\u00e9 str\u00e1nce, kter\u00e1 webov\u00e1 str\u00e1nka v\u00e1s na platformu WhyDonate dovedla, typ pou\u017e\u00edvan\u00e9ho prohl\u00ed\u017ee\u010de, IP adresu va\u0161eho mobiln\u00edho telefonu, po\u010d\u00edta\u010de nebo tabletu a webov\u00e9 str\u00e1nky, kter\u00e9 nav\u0161t\u00edv\u00edte po pou\u017eit\u00ed platformy WhyDonate. Tyto informace jsou shroma\u017e\u010fov\u00e1ny a analyzov\u00e1ny za \u00fa\u010delem zlep\u0161en\u00ed u\u017eivatelsk\u00e9 p\u0159\u00edv\u011btivosti platformy WhyDonate a marketingov\u00fdch aktivit spole\u010dnosti WhyDonate. Informace jsou ulo\u017eeny spole\u010dnost\u00ed Google ve Spojen\u00fdch st\u00e1tech. Pro zaji\u0161t\u011bn\u00ed bezpe\u010dn\u00e9ho zpracov\u00e1n\u00ed je se spole\u010dnost\u00ed Google uzav\u0159ena smlouva o zpracov\u00e1n\u00ed \u00fadaj\u016f. Spole\u010dnost Google d\u00e1le nesm\u00ed pou\u017e\u00edvat zpracovan\u00e9 \u00fadaje pro jin\u00e9 slu\u017eby. V\u00edce informac\u00ed o zpracov\u00e1n\u00ed \u00fadaj\u016f spole\u010dnost\u00ed Google naleznete v z\u00e1sad\u00e1ch ochrany osobn\u00edch \u00fadaj\u016f spole\u010dnosti Google.<\/p>\n<p><strong>Marketingov\u00fd Soubor Cookie<\/strong><br \/>\nPou\u017e\u00edv\u00e1me pixel Facebooku k p\u0159izp\u016fsoben\u00ed na\u0161ich p\u0159\u00edsp\u011bvk\u016f a reklam na Facebooku chov\u00e1n\u00ed n\u00e1v\u0161t\u011bvn\u00edk\u016f na na\u0161ich webov\u00fdch str\u00e1nk\u00e1ch WhyDonate.<\/p>\n<h2>Dotazy, koment\u00e1\u0159e nebo tipy?<\/h2>\n<p>M\u00e1te-li jak\u00e9koli dotazy, koment\u00e1\u0159e nebo tipy, nev\u00e1hejte n\u00e1s kontaktovat!<\/p>\n<p><span style=\"font-weight: 400;\">WhyDonate<\/span><span style=\"font-weight: 400;\"><br \/>\n<\/span><span style=\"font-weight: 400;\">Webov\u00e9 str\u00e1nky: <\/span><a href=\"https:\/\/whydonate.com\/cs\/\"><span style=\"font-weight: 400;\">whydonate.com<\/span><\/a><span style=\"font-weight: 400;\">.<\/span><span style=\"font-weight: 400;\"><br \/>\n<\/span><span style=\"font-weight: 400;\">Email: <\/span><a href=\"mailto:hello@whydonate.com\"><span style=\"font-weight: 400;\">hello@whydonate.com<\/span><span style=\"font-weight: 400;\"><br \/>\n<\/span><\/a><span style=\"font-weight: 400;\"><span data-sheets-root=\"1\">Telefonn\u00ed \u010c\u00edslo<\/span>: +31 (0)85 1074458<\/span><\/p>\n<\/div><\/div><\/div><\/div><\/div><\/div><\/div><\/div><\/div><\/div><\/div><\/div><\/section>\n","protected":false},"excerpt":{"rendered":"Prohl\u00e1\u0161en\u00ed o Ochran\u011b Osobn\u00edch \u00dadaj\u016f a Souborech Cookie S va\u0161imi osobn\u00edmi \u00fadaji zach\u00e1z\u00edme d\u016fv\u011brn\u011b. Prohl\u00e1\u0161en\u00ed O Ochran\u011b Osobn\u00edch \u00dadaj\u016fSoubory CookieProhl\u00e1\u0161en\u00ed O Ochran\u011b Osobn\u00edch \u00dadaj\u016fProhl\u00e1\u0161en\u00ed O Ochran\u011b Osobn\u00edch \u00dadaj\u016f whydonate.com je slu\u017eba WhyDonate. Jsme registrov\u00e1ni na adrese Johan Huizingalaan 763A v Amsterdamu. V\u011b\u0159\u00edme, \u017ee je d\u016fle\u017eit\u00e9 chr\u00e1nit va\u0161e osobn\u00ed \u00fadaje, a proto je budeme pou\u017e\u00edvat pouze...","protected":false},"author":53,"featured_media":0,"parent":0,"menu_order":0,"comment_status":"closed","ping_status":"closed","template":"","meta":{"footnotes":""},"class_list":["post-410001","page","type-page","status-publish","hentry"],"_links":{"self":[{"href":"https:\/\/whydonate.com\/cs\/wp-json\/wp\/v2\/pages\/410001","targetHints":{"allow":["GET"]}}],"collection":[{"href":"https:\/\/whydonate.com\/cs\/wp-json\/wp\/v2\/pages"}],"about":[{"href":"https:\/\/whydonate.com\/cs\/wp-json\/wp\/v2\/types\/page"}],"author":[{"embeddable":true,"href":"https:\/\/whydonate.com\/cs\/wp-json\/wp\/v2\/users\/53"}],"replies":[{"embeddable":true,"href":"https:\/\/whydonate.com\/cs\/wp-json\/wp\/v2\/comments?post=410001"}],"version-history":[{"count":4,"href":"https:\/\/whydonate.com\/cs\/wp-json\/wp\/v2\/pages\/410001\/revisions"}],"predecessor-version":[{"id":410024,"href":"https:\/\/whydonate.com\/cs\/wp-json\/wp\/v2\/pages\/410001\/revisions\/410024"}],"wp:attachment":[{"href":"https:\/\/whydonate.com\/cs\/wp-json\/wp\/v2\/media?parent=410001"}],"curies":[{"name":"wp","href":"https:\/\/api.w.org\/{rel}","templated":true}]}}