{"id":380953,"date":"2024-12-13T08:54:25","date_gmt":"2024-12-13T07:54:25","guid":{"rendered":"https:\/\/whydonate.com\/?page_id=380953"},"modified":"2026-01-12T14:34:38","modified_gmt":"2026-01-12T13:34:38","slug":"vilkaar-og-betingelser","status":"publish","type":"page","link":"https:\/\/whydonate.com\/da\/vilkaar-og-betingelser\/","title":{"rendered":"Vilk\u00e5r og Betingelser"},"content":{"rendered":"<section class=\"l-section wpb_row height_small width_custom\" style=\"--site-content-width:1000px;\"><div class=\"l-section-h i-cf\"><div class=\"g-cols vc_row via_flex valign_top type_default stacking_default\"><div class=\"vc_col-sm-12 wpb_column vc_column_container\"><div class=\"vc_column-inner\"><div class=\"wpb_wrapper\"><div class=\"wpb_text_column\"><div class=\"wpb_wrapper\"><h1>Servicevilk\u00e5r \u2013 WhyDonate<\/h1>\n<p>Sidst opdateret: 29 Oktober 2025<\/p>\n<p>Disse servicevilk\u00e5r g\u00e6lder for brugen af \u200b\u200bWhyDonates online Pengeindsamling platform af b\u00e5de donorer og kampagnearrang\u00f8rer. Ved at bruge vores platform accepterer du disse vilk\u00e5r. L\u00e6s dem venligst omhyggeligt.<\/p>\n<hr \/>\n<h2>1. Definitioner<\/h2>\n<ul>\n<li><strong>WhyDonate:<\/strong> WhyDonate B.V. og Stichting WhyDonate, med base i Amsterdam, Handelskammer 58485317 \/ 58490280.<\/li>\n<li><strong>Bruger:<\/strong> Enhver person eller juridisk enhed, der bruger platformen, herunder donorer og arrang\u00f8rer.<\/li>\n<li><strong>Kampagnearrang\u00f8r (modtager):<\/strong> En person eller organisation med et socialt eller velg\u00f8rende m\u00e5l, der indsamler midler gennem WhyDonate.<\/li>\n<li><strong>Platform:<\/strong> WhyDonate-softwaren og -tjenesterne, der er tilg\u00e6ngelige hos <a href=\"https:\/\/whydonate.com\" target=\"_blank\" rel=\"noopener\">https:\/\/whydonate.com<\/a>.<\/li>\n<li><strong>Betalingsudbyder:<\/strong> Stripe eller enhver anden ekstern betalingstjenesteudbyder, der bruges af WhyDonate.<\/li>\n<\/ul>\n<h2>2. Aftale og Omfang<\/h2>\n<p>Ved at oprette en konto, give en donation eller starte en kampagne indg\u00e5r du en aftale med WhyDonate og accepterer disse vilk\u00e5r.<\/p>\n<p>WhyDonate kan opdatere disse vilk\u00e5r. V\u00e6sentlige \u00e6ndringer vil blive meddelt via e-mail eller platformen. Fortsat brug betyder, at du accepterer de nye vilk\u00e5r.<\/p>\n<h2>3. Brug af Platformen<\/h2>\n<ul>\n<li>Alle angivne oplysninger skal v\u00e6re n\u00f8jagtige og aktuelle.<\/li>\n<li>Platformen m\u00e5 ikke bruges til ulovlige, vildledende eller ikke-velg\u00f8rende kommercielle form\u00e5l.<\/li>\n<li>Vi kan fjerne, redigere eller afvise konti eller kampagner, der overtr\u00e6der disse vilk\u00e5r eller juridiske forpligtelser.<\/li>\n<\/ul>\n<h2>4. Kampagner og Indhold<\/h2>\n<p>Kampagner skal:<\/p>\n<ul>\n<li>V\u00e6re gennemsigtige omkring brugen af \u200b\u200bmidler;<\/li>\n<li>Ikke indeholde vildledende eller svigagtige oplysninger;<\/li>\n<li>Ikke indeholde hadefuldt, seksuelt eksplicit, racistisk eller p\u00e5 anden m\u00e5de upassende indhold.<\/li>\n<\/ul>\n<p>Brugere er ansvarlige for deres indhold. WhyDonate udf\u00f8rer stikpr\u00f8vekontroller og kan reagere p\u00e5 klager.<\/p>\n<h2>5. Donationer og Udbetalinger<\/h2>\n<ul>\n<li>Donationer refunderes ikke, medmindre bedrageri eller misbrug bekr\u00e6ftes.<\/li>\n<li>Udbetalinger sker ugentligt, m\u00e5nedligt eller efter behov via dit dashboard.<\/li>\n<li>Identitets- og bankkontoverifikation er p\u00e5kr\u00e6vet for udbetaling.<\/li>\n<li>Transaktionsgebyrer fratr\u00e6kkes i henhold til g\u00e6ldende satser (se gebyrer).<\/li>\n<li>Tilbagef\u00f8rsler medf\u00f8rer gebyrer: \u20ac7,50 (SEPA), \u20ac20 (kreditkort).<\/li>\n<\/ul>\n<h2>6. Refusionspolitik<\/h2>\n<ul>\n<li>Refusioner udstedes kun i tilf\u00e6lde af verificeret svindel eller misbrug, og kun hvis pengene endnu ikke er udbetalt.<\/li>\n<li>Anmodninger kan indsendes via <a href=\"mailto:hello@whydonate.com\">hello@whydonate.com<\/a>. WhyDonate vil gennemg\u00e5 og reagere i overensstemmelse hermed.<\/li>\n<\/ul>\n<h2>7. Svig, Misbrug og H\u00e5ndh\u00e6velse<\/h2>\n<ul>\n<li>Suspendere eller opsige konti og kampagner;<\/li>\n<li>Tilbageholde eller inddrive udbetalinger;<\/li>\n<li>Dele brugerdata med myndigheder;<\/li>\n<li>Anl\u00e6gge retssager.<\/li>\n<\/ul>\n<h2>8. Intellektuel Ejendom<\/h2>\n<ul>\n<li>Alt indhold p\u00e5 platformen ejes af WhyDonate eller dets licensgivere.<\/li>\n<li>Uploadede materialer giver WhyDonate en royaltyfri, ikke-eksklusiv licens til levering af tjenester.<\/li>\n<li>Du m\u00e5 ikke kopiere, \u00e6ndre eller genbruge platformens indhold uden skriftlig tilladelse.<\/li>\n<\/ul>\n<h2>9. Kommunikation<\/h2>\n<ul>\n<li>Vi kommunikerer via e-mail og WhatsApp vedr\u00f8rende donationer, opdateringer og servicemeddelelser.<\/li>\n<li>Du kan frav\u00e6lge un\u00f8dvendige beskeder via dine indstillinger.<\/li>\n<\/ul>\n<h2>10. Personoplysninger og Privatliv<\/h2>\n<ul>\n<li>Vi behandler data i henhold til GDPR.<\/li>\n<li>Data deles kun, n\u00e5r det er n\u00f8dvendigt (f.eks. til betalingsbehandling).<\/li>\n<li>Donoroplysninger er synlige for arrang\u00f8rer, medmindre donationen er anonym.<\/li>\n<li>Arrang\u00f8rerne er ansvarlige for lovlig datah\u00e5ndtering.<\/li>\n<li>Se vores privatlivspolitik for yderligere oplysninger.<\/li>\n<\/ul>\n<h2>11.<span>\u00a0<\/span><span> Beskyttelse Af Klientmidler<br \/>\n<\/span><\/h2>\n<p>Hos WhyDonate er sikkerheden og korrekt h\u00e5ndtering af de midler, du indsamler, vores h\u00f8jeste prioritet. Dette afsnit forklarer, hvordan vi beskytter alle donationer, der modtages gennem din kampagne.<\/p>\n<ul>\n<li class=\"ds-markdown-paragraph\"><strong><span>Adskilt konto til dine midler: <\/span><\/strong><span>Alle donationer til pengeindsamlere opbevares p\u00e5 en separat tredjeparts bankkonto. Denne konto er fuldst\u00e6ndigt uafh\u00e6ngig af WhyDonate\u2019s egne forretningskonti.Det betyder, at dine donorers penge holdes helt adskilt og aldrig bruges til vores virksomheds driftsudgifter.<br \/>\n<\/span><\/li>\n<li class=\"ds-markdown-paragraph\"><strong><span>Uafh\u00e6ngig administration: <\/span><\/strong><span>Denne struktur sikrer, at midlerne er beskyttet og administreret udelukkende med det form\u00e5l at blive overf\u00f8rt til dig, den verificerede kampagneorganisator eller modtager.<\/span><\/li>\n<li class=\"ds-markdown-paragraph\"><strong><span>Vores betalingsudbyder: <\/span><\/strong><span>WhyDonate bruger Stripe, en globalt anerkendt og reguleret betalingsudbyder, til at h\u00e5ndtere alle finansielle transaktioner. Stripe stiller den adskilte tredjepartskonto til r\u00e5dighed og administrerer den, hvor dine midler opbevares sikkert, indtil de overf\u00f8res til dig.<\/span><\/li>\n<li class=\"ds-markdown-paragraph\"><strong><span>Din sikkerhed: <\/span><\/strong><span>Adskillelsen af midler garanterer, at:<\/span><\/li>\n<\/ul>\n<ol>\n<li class=\"ds-markdown-paragraph\"><span>Donationer indsamles og opbevares p\u00e5 dine vegne.<br \/>\n<\/span><\/li>\n<li class=\"ds-markdown-paragraph\"><span>Midlerne er sikre og kan ikke tilg\u00e5s eller bruges af WhyDonate til andre form\u00e5l.<br \/>\n<\/span><\/li>\n<li class=\"ds-markdown-paragraph\">Midler kun kan udbetales til dig, den verificerede pengeindsamler, eller din udpegede modtager.<\/li>\n<\/ol>\n<p class=\"ds-markdown-paragraph\">Denne proces er designet til at overholde finansielle regulativer og sikre fuld gennemsigtighed og sikkerhed for b\u00e5de pengeindsamlere og deres donorer.<\/p>\n<h2>11. Ansvar<\/h2>\n<ul>\n<li>Vi er kun ansvarlige for direkte skade, dog h\u00f8jst op til den relaterede donations st\u00f8rrelse.<\/li>\n<li>Vi er ikke ansvarlige for indirekte skade eller tredjepartshandlinger.<\/li>\n<li>Denne undtagelse g\u00e6lder ikke i tilf\u00e6lde af grov uagtsomhed eller fors\u00e6t.<\/li>\n<\/ul>\n<h2>12. Tvister<\/h2>\n<ul>\n<li>Hollandsk lov g\u00e6lder for disse vilk\u00e5r.<\/li>\n<li>Vi bestr\u00e6ber os p\u00e5 at l\u00f8se tvister i mindelighed.<\/li>\n<li>Om n\u00f8dvendigt h\u00e5ndteres tvister af domstolene i Amsterdam eller Haarlem.<\/li>\n<\/ul>\n<h2>13. Kontakt<\/h2>\n<ul>\n<li>Email: <a href=\"mailto:hello@whydonate.com\">hello@whydonate.com<\/a><\/li>\n<li><a href=\"https:\/\/helpdesk.whydonate.com\/da\/\" target=\"_blank\" rel=\"noopener\">Kundesupport<\/a><\/li>\n<\/ul>\n<\/div><\/div><\/div><\/div><\/div><\/div><\/div><\/section>\n","protected":false},"excerpt":{"rendered":"Servicevilk\u00e5r \u2013 WhyDonate Sidst opdateret: 29 Oktober 2025 Disse servicevilk\u00e5r g\u00e6lder for brugen af \u200b\u200bWhyDonates online Pengeindsamling platform af b\u00e5de donorer og kampagnearrang\u00f8rer. Ved at bruge vores platform accepterer du disse vilk\u00e5r. L\u00e6s dem venligst omhyggeligt. 1. Definitioner WhyDonate: WhyDonate B.V. og Stichting WhyDonate, med base i Amsterdam, Handelskammer 58485317 \/ 58490280. Bruger: Enhver person...","protected":false},"author":63,"featured_media":0,"parent":0,"menu_order":0,"comment_status":"closed","ping_status":"closed","template":"","meta":{"footnotes":""},"class_list":["post-380953","page","type-page","status-publish","hentry"],"_links":{"self":[{"href":"https:\/\/whydonate.com\/da\/wp-json\/wp\/v2\/pages\/380953","targetHints":{"allow":["GET"]}}],"collection":[{"href":"https:\/\/whydonate.com\/da\/wp-json\/wp\/v2\/pages"}],"about":[{"href":"https:\/\/whydonate.com\/da\/wp-json\/wp\/v2\/types\/page"}],"author":[{"embeddable":true,"href":"https:\/\/whydonate.com\/da\/wp-json\/wp\/v2\/users\/63"}],"replies":[{"embeddable":true,"href":"https:\/\/whydonate.com\/da\/wp-json\/wp\/v2\/comments?post=380953"}],"version-history":[{"count":9,"href":"https:\/\/whydonate.com\/da\/wp-json\/wp\/v2\/pages\/380953\/revisions"}],"predecessor-version":[{"id":423374,"href":"https:\/\/whydonate.com\/da\/wp-json\/wp\/v2\/pages\/380953\/revisions\/423374"}],"wp:attachment":[{"href":"https:\/\/whydonate.com\/da\/wp-json\/wp\/v2\/media?parent=380953"}],"curies":[{"name":"wp","href":"https:\/\/api.w.org\/{rel}","templated":true}]}}