{"id":421548,"date":"2025-12-18T10:26:25","date_gmt":"2025-12-18T09:26:25","guid":{"rendered":"https:\/\/whydonate.com\/?page_id=421548"},"modified":"2026-01-12T14:33:16","modified_gmt":"2026-01-12T13:33:16","slug":"privatliv-og-cookies","status":"publish","type":"page","link":"https:\/\/whydonate.com\/da\/privatliv-og-cookies\/","title":{"rendered":"Privatliv og Cookies"},"content":{"rendered":"<section class=\"l-section wpb_row us_custom_fb609693 about-page-section-first height_huge\"><div class=\"l-section-overlay\" style=\"background:#363398\"><\/div><div class=\"l-section-h i-cf\"><div class=\"g-cols vc_row via_flex valign_top type_default stacking_default\"><div class=\"vc_col-sm-6 wpb_column vc_column_container\"><div class=\"vc_column-inner us_custom_ec1e580b\"><div class=\"wpb_wrapper\"><div class=\"wpb_text_column us_custom_cdf14ffd\"><div class=\"wpb_wrapper\"><h1><span style=\"color: #32bf55;\">Erkl\u00e6ring om privatliv og cookies<\/span><\/h1>\n<h3><span style=\"color: #ffffff;\">Vi Behandler Dine Personoplysninger Fortroligt.<\/span><\/h3>\n<\/div><\/div><\/div><\/div><\/div><div class=\"vc_col-sm-6 wpb_column vc_column_container\"><div class=\"vc_column-inner\"><div class=\"wpb_wrapper\"><\/div><\/div><\/div><\/div><\/div><\/section><section class=\"l-section wpb_row us_custom_2eec13b6 height_small\"><div class=\"l-section-h i-cf\"><div class=\"g-cols vc_row via_flex valign_top type_default stacking_default\"><div class=\"vc_col-sm-12 wpb_column vc_column_container\"><div class=\"vc_column-inner\"><div class=\"wpb_wrapper\"><div class=\"w-tabs layout_hor style_trendy switch_click has_scrolling\" style=\"--sections-title-size:1em\"><div class=\"w-tabs-list items_2 align_justify\" style=\"text-transform:uppercase;\"><div class=\"w-tabs-list-h\"><button class=\"w-tabs-item active\" aria-controls=\"content-1549542851243-7e0ec8d8-a1ee\" aria-expanded=\"false\"><span class=\"w-tabs-item-title\">Privatlivserkl\u00e6ring<\/span><\/button><button class=\"w-tabs-item\" aria-controls=\"content-fcb4\" aria-expanded=\"false\"><span class=\"w-tabs-item-title\">Cookies<\/span><\/button><\/div><\/div><div class=\"w-tabs-sections titles-align_none icon_chevron cpos_right\"><div class=\"w-tabs-section active\" id=\"1549542851243-7e0ec8d8-a1ee\"><button class=\"w-tabs-section-header active\" aria-controls=\"content-1549542851243-7e0ec8d8-a1ee\" aria-expanded=\"true\"><div class=\"w-tabs-section-title\">Privatlivserkl\u00e6ring<\/div><div class=\"w-tabs-section-control\"><\/div><\/button><div  class=\"w-tabs-section-content\" id=\"content-1549542851243-7e0ec8d8-a1ee\"><div class=\"w-tabs-section-content-h i-cf\"><div class=\"wpb_text_column\"><div class=\"wpb_wrapper\"><h2>Privatlivserkl\u00e6ring<\/h2>\n<p><b data-path-to-node=\"1\" data-index-in-node=\"0\">whydonate.com er en tjeneste udbudt af WhyDonate. Vi er registreret p\u00e5 Johan Huizingalaan 763A i Amsterdam.<\/b><\/p>\n<p data-path-to-node=\"2\"><b data-path-to-node=\"2\" data-index-in-node=\"0\">Vi mener, det er vigtigt at beskytte dine personoplysninger, og vi vil kun bruge dine data til at tilbyde dig vores tjenester, optimere din brugeroplevelse og forbedre vores ydelser. I denne privatlivserkl\u00e6ring vil vi gerne pr\u00e6cisere, hvilken type personoplysninger vi indsamler, hvorfor vi g\u00f8r dette, og hvordan vi beskytter dine data.<\/b><\/p>\n<p>Denne privatlivspolitik kan blive opdateret i fremtiden. Vi forbeholder os retten til at foretage \u00e6ndringer i denne privatlivspolitik til enhver tid. St\u00f8rre \u00e6ndringer vil altid blive meddelt. Vi anbefaler, at du l\u00e6ser dette dokument regelm\u00e6ssigt.<\/p>\n<p data-path-to-node=\"2\">Hvis du har sp\u00f8rgsm\u00e5l vedr\u00f8rende privatlivsbeskyttelse, bedes du bruge kontaktformularen eller ringe p\u00e5 +31 (0)857441174.<span style=\"font-weight: 400;\"><\/span><\/p>\n<hr \/>\n<h2>Hvilke Typer Personoplysninger Indsamler WhyDonate?<\/h2>\n<p><span style=\"font-weight: 400;\">Vi behandler og indsamler kun personoplysninger, der er n\u00f8dvendige for de form\u00e5l, som de behandles til:<\/span><\/p>\n<p>Hvis du er donor, indsamler vi f\u00f8lgende personoplysninger:<\/p>\n<ul>\n<li style=\"font-weight: 400;\"><span style=\"font-weight: 400;\">Personlig identifikation: (navn);<\/span><\/li>\n<\/ul>\n<p>Vi bruger dit navn til at tiltale dig korrekt og vise indsamlingen, hvem der har doneret (medmindre donoren er anonym).<\/p>\n<ul>\n<li style=\"font-weight: 400;\"><span style=\"font-weight: 400;\">Kontaktoplysninger: (e-mailadresse); <\/span><\/li>\n<\/ul>\n<p>Disse data bruges til at sende dig service-e-mails.<\/p>\n<ul>\n<li style=\"font-weight: 400;\"><span style=\"font-weight: 400;\">Betalingsoplysninger: (IBAN);<\/span><\/li>\n<\/ul>\n<p>S\u00e5 vi kan debitere donationerne fra og overf\u00f8re dem til det korrekte IBAN-nummer.<\/p>\n<ul>\n<li style=\"font-weight: 400;\"><span style=\"font-weight: 400;\">Elektroniske identifikationsoplysninger og teknisk information: (IP-adresse og lokation). <\/span><span style=\"font-weight: 400;\"><br \/>\n<\/span>Vi indsamler disse data for at forhindre svindel og f\u00e5 indsigt i donorens placering.<\/li>\n<\/ul>\n<p data-path-to-node=\"6\">Hvis du starter en pengeindsamling, indsamler vi f\u00f8lgende personoplysninger:<\/p>\n<ul>\n<li style=\"font-weight: 400;\"><span style=\"font-weight: 400;\">Personlig identifikation: (navn, loginoplysninger);<\/span><\/li>\n<\/ul>\n<p>Vi bruger dit navn til at tiltale dig korrekt og vise andre brugere, hvem du er. Dit kodeord gemmes krypteret, s\u00e5 kun du har adgang til det \u2013 hverken vi eller andre kan se det.<\/p>\n<ul>\n<li style=\"font-weight: 400;\"><span style=\"font-weight: 400;\">Kontaktoplysninger: (e-mailadresse); <\/span><\/li>\n<\/ul>\n<p>Disse data bruges til at identificere dig, n\u00e5r du logger ind, og til at sende dig service-e-mails. Derudover kan du tilmelde dig den faste e-mail-opdatering. Det betyder, at vi lejlighedsvis sender dig en opdatering med de mest interessante udviklinger og projekter p\u00e5 platformen. Du kan naturligvis til enhver tid afmelde dig disse via din konto.<\/p>\n<ul>\n<li style=\"font-weight: 400;\"><span style=\"font-weight: 400;\">Betalingsoplysninger: (IBAN);<\/span><\/li>\n<\/ul>\n<p>S\u00e5 vi kan debitere donationerne fra og overf\u00f8re dem til det korrekte IBAN-nummer.<\/p>\n<ul>\n<li style=\"font-weight: 400;\"><span style=\"font-weight: 400;\">Elektroniske identifikationsoplysninger og teknisk information: (IP-adresse og lokation). <\/span><span style=\"font-weight: 400;\"><br \/>\n<\/span>Vi indsamler disse data for at forhindre svindel og f\u00e5 indsigt i donorens placering.<\/li>\n<li style=\"font-weight: 400;\"><span style=\"font-weight: 400;\">Profilinfo;<\/span><\/li>\n<\/ul>\n<p>Du kan tilf\u00f8je flere oplysninger om dig selv og din velg\u00f8renhed p\u00e5 din profil, s\u00e5 andre brugere kan se, hvem du er, og hvad form\u00e5let er. Det g\u00f8r det lettere for os at skabe forbindelse mellem donorer og form\u00e5l.<\/p>\n<p>Du bestemmer selv, hvilke oplysninger fra din profil der er synlige for andre brugere. S\u00e5 hvis du ikke \u00f8nsker at dele dine personlige oplysninger med andre brugere, beh\u00f8ver du ikke g\u00f8re det. Vi vil v\u00e6re sikre p\u00e5, at du er glad for hele oplevelsen p\u00e5 vores platform, s\u00e5 hvis du \u00f8nsker at holde din identitet som st\u00f8tte\/donor skjult, g\u00f8r vi dette muligt. Det betyder, at du kan foretage en anonym donation. I s\u00e5 fald vil der ikke v\u00e6re tilknyttet et navn til din donation.<\/p>\n<hr \/>\n<h2>Form\u00e5let med Databehandling<\/h2>\n<p>Vi indsamler personoplysninger om dig som bruger af vores platform for at kunne tilbyde en sikker, optimal og brugervenlig oplevelse. Databehandling finder kun sted til f\u00f8lgende specifikke form\u00e5l:<\/p>\n<ul>\n<li style=\"font-weight: 400;\"><span style=\"font-weight: 400;\">Korrekt h\u00e5ndtering af donationer: Administration af donationer, support, overv\u00e5gning af klager og afsendelse af servicemeddelelser;<\/span><\/li>\n<li style=\"font-weight: 400;\">Sikkerhed og beskyttelse mod svindel og kr\u00e6nkelser;<\/li>\n<li style=\"font-weight: 400;\">Personaliseret brugeroplevelse, markedsf\u00f8ring, annoncering og nyhedsbreve, hvis du udtrykkeligt har tilmeldt dig disse. I s\u00e5 fald kan du til enhver tid afmelde dig;<\/li>\n<li style=\"font-weight: 400;\">Statistiske form\u00e5l. De personoplysninger, som vi indsamler, vil ikke blive opbevaret l\u00e6ngere end n\u00f8dvendigt til de ovenn\u00e6vnte form\u00e5l.<\/li>\n<\/ul>\n<hr \/>\n<h2>P\u00e5 Hvilket Retsgrundlag Behandles Mine Personoplysninger?<\/h2>\n<p>I overensstemmelse med privatlivslovgivningen behandler vi dine personoplysninger baseret p\u00e5 f\u00f8lgende:<\/p>\n<ul>\n<li>\n<p data-path-to-node=\"2,0,0\">Opfyldelse af en aftale med dig. For eksempel n\u00e5r du donerer eller \u00f8nsker at starte en pengeindsamling;<\/p>\n<\/li>\n<li>\n<p data-path-to-node=\"2,1,0\">Overholdelse af lovm\u00e6ssige eller regulatoriske krav;<\/p>\n<\/li>\n<li>\n<p data-path-to-node=\"2,2,0\">Vores legitime interesse. Det kan for eksempel v\u00e6re at holde dig opdateret om en pengeindsamling, som du har st\u00f8ttet;<\/p>\n<\/li>\n<li>\n<p data-path-to-node=\"2,3,0\">Dit udtrykkelige samtykke.<\/p>\n<\/li>\n<\/ul>\n<hr \/>\n<h2>Deling af Personoplysninger med Tredjeparter<\/h2>\n<p data-path-to-node=\"1\">Vi deler kun dine personoplysninger med tredjeparter, som st\u00f8tter os i vores forretningsprocesser, og som har indg\u00e5et en databehandleraftale med os. Det kan for eksempel v\u00e6re vores webhosting-udbyder eller betalingstjenesteudbyderen. Vi s\u00e6lger eller deler aldrig dine oplysninger med tredjeparter til markedsf\u00f8ringsform\u00e5l.<\/p>\n<p data-path-to-node=\"2\">Derudover kan arrang\u00f8ren af en pengeindsamling se donorernes navne og e-mailadresser, medmindre donoren foretager en anonym donation.<\/p>\n<p data-path-to-node=\"3\">Vi vil aldrig l\u00e6gge opslag op p\u00e5 din Facebook, Twitter, WhatsApp, Google+, LinkedIn eller andre konti p\u00e5 sociale medier uden din tilladelse. Hvis du bruger knapper til sociale medier p\u00e5 vores platform, for eksempel til at dele en side for en pengeindsamling, bedes du l\u00e6se privatlivserkl\u00e6ringen for det sociale netv\u00e6rk, hvis knap du benytter.<\/p>\n<hr \/>\n<h2>Sikkerhedsforanstaltninger<\/h2>\n<p data-path-to-node=\"1\">For at beskytte dine personoplysninger tr\u00e6ffer vi de n\u00f8dvendige sikkerhedsforanstaltninger. Derfor bruger vi et sikkert internetmilj\u00f8, s\u00e5 snart du p\u00e5begynder betalingen af din donation. Ved hj\u00e6lp af SSL (Secure Socket Layer) bliver transaktionsdata krypteret, f\u00f8r de sendes via internettet. Du kan genkende den sikre SSL-forbindelse p\u00e5 &#8220;https:\/\/&#8221; i adresselinjen.<\/p>\n<p data-path-to-node=\"2\">Hostingen af vores platform udf\u00f8res af vores p\u00e5lidelige partner, Google. Vi benytter deres datacenter i Belgien. Det betyder, at de servere, hvor dataene opbevares, befinder sig inden for Det Europ\u00e6iske \u00d8konomiske Samarbejdsomr\u00e5de (E\u00d8S). Vi tr\u00e6ffer alle mulige sikkerhedsforanstaltninger for at sikre, at dine personoplysninger er sikre p\u00e5 disse servere og inden for E\u00d8S.<\/p>\n<hr \/>\n<h2>Dine Rettigheder<\/h2>\n<p>N\u00e5r vi behandler dine personoplysninger, er du beskyttet af en r\u00e6kke rettigheder:<\/p>\n<ul>\n<li>\n<p data-path-to-node=\"2,0,0\">Du har ret til at f\u00e5 en forklaring om, hvilke personoplysninger vi behandler, og hvorfor;<\/p>\n<\/li>\n<li>\n<p data-path-to-node=\"2,1,0\">Du har ret til at anmode om indsigt i dine personoplysninger;<\/p>\n<\/li>\n<li>\n<p data-path-to-node=\"2,2,0\">Du kan anmode om \u00e6ndring eller sletning af for\u00e6ldede personoplysninger;<\/p>\n<\/li>\n<li>\n<p data-path-to-node=\"2,3,0\">Du kan tr\u00e6kke dit samtykke tilbage;<\/p>\n<\/li>\n<li>\n<p data-path-to-node=\"2,4,0\">Du kan bede om at begr\u00e6nse behandlingen af dine personoplysninger;<\/p>\n<\/li>\n<li>\n<p data-path-to-node=\"2,5,0\">Du har ret til at modtage de personoplysninger, du har givet os, i et struktureret, almindeligt anvendt og maskinl\u00e6sbart format.<\/p>\n<\/li>\n<\/ul>\n<p data-path-to-node=\"3\">Du kan selv ud\u00f8ve flere af disse rettigheder, hvis du har en konto p\u00e5 vores platform. Ellers kan du kontakte os via vores kontaktformular. Vi vil efterkomme din anmodning inden for en m\u00e5ned. Vi kan bede dig om legitimation for at sikre, at vi ikke sletter eller \u00e6ndrer personoplysninger for den forkerte person.<\/p>\n<p data-path-to-node=\"4\">Hvis du har en klage over den m\u00e5de, dine personoplysninger behandles p\u00e5, vil vi meget gerne h\u00f8re fra dig, s\u00e5 vi kan finde en l\u00f8sning sammen. Du har ogs\u00e5 ret til at indgive din klage over vores platform til den hollandske tilsynsmyndighed for privatlivsbeskyttelse.<\/p>\n<hr \/>\n<p>Denne privatlivspolitik blev sidst revideret den 27-10-2025.<\/p>\n<\/div><\/div><\/div><\/div><\/div><div class=\"w-tabs-section\" id=\"fcb4\"><button class=\"w-tabs-section-header\" aria-controls=\"content-fcb4\" aria-expanded=\"false\"><div class=\"w-tabs-section-title\">Cookies<\/div><div class=\"w-tabs-section-control\"><\/div><\/button><div  class=\"w-tabs-section-content\" id=\"content-fcb4\"><div class=\"w-tabs-section-content-h i-cf\"><div class=\"wpb_text_column\"><div class=\"wpb_wrapper\"><h2><b>Cookies<\/b><\/h2>\n<p>Cookies er sm\u00e5 midlertidige tekstfiler til din computer. Vi bruger forskellige cookies, s\u00e5som funktionelle og analytiske cookies. Du kan frit deaktivere cookies i din browser. V\u00e6r dog opm\u00e6rksom p\u00e5, at dette kan betyde, at platformen ikke fungerer efter hensigten.<\/p>\n<p><b>Tekniske Cookies<\/b><b><br \/>\n<\/b>Ved at bruge tekniske cookies genkender vi dig, n\u00e5r du bes\u00f8ger vores platform igen, og det forhindrer dig i at skulle indtaste de samme data igen og igen. Det hj\u00e6lper os ogs\u00e5 med at l\u00e6re om, hvordan du bruger vores side, s\u00e5 vi l\u00f8bende kan forbedre den og g\u00f8re den mere brugervenlig.<\/p>\n<p><b>Analytiske Cookies<\/b><span style=\"font-weight: 400;\"><br \/>\n<\/span>WhyDonate bruger Google Analytics til statistiske analyser af, hvordan du bruger WhyDonates tjenester. Google Analytics indsamler oplysninger om, hvordan du navigerer p\u00e5 hjemmesiden, hvor meget tid du bruger p\u00e5 platformen, hvor meget tid du bruger p\u00e5 en bestemt side, hvilken hjemmeside der f\u00f8rte dig til WhyDonate-platformen, hvilken type browser der bruges, IP-adressen p\u00e5 din mobiltelefon, pc eller tablet, samt de hjemmesider du bes\u00f8ger, efter du har brugt WhyDonate-platformen. Disse oplysninger indsamles og analyseres for at \u00f8ge brugervenligheden af WhyDonate-platformen og for at forbedre WhyDonates markedsf\u00f8ringsaktiviteter. Oplysningerne gemmes af Google i USA. For at sikre en sikker behandling er der indg\u00e5et en databehandleraftale med Google. Desuden har Google ikke tilladelse til at bruge de behandlede data til andre tjenester. Mere information om Googles databehandling kan findes i Googles egen privatlivspolitik.<\/p>\n<p><b>Marketing Cookies<\/b><span style=\"font-weight: 400;\"><br \/>\n<\/span>Vi bruger en Facebook-pixel til at skr\u00e6ddersy vores Facebook-opslag og annoncer efter bes\u00f8gsadf\u00e6rden p\u00e5 vores WhyDonate-hjemmeside.<\/p>\n<h2><b>Sp\u00f8rgsm\u00e5l, Kommentarer eller Tips?<\/b><\/h2>\n<p>Hvis du har sp\u00f8rgsm\u00e5l, kommentarer eller tips, s\u00e5 t\u00f8v ikke med at kontakte os!<\/p>\n<p><span style=\"font-weight: 400;\">WhyDonate<\/span><span style=\"font-weight: 400;\"><br \/>\n<\/span><span style=\"font-weight: 400;\">Hjemmeside: <\/span><a href=\"https:\/\/whydonate.com\/?lang=en\"><span style=\"font-weight: 400;\">whydonate.com<\/span><\/a><span style=\"font-weight: 400;\">.<\/span><span style=\"font-weight: 400;\"><br \/>\n<\/span><span style=\"font-weight: 400;\">Email: <\/span><a href=\"mailto:hello@whydonate.com\"><span style=\"font-weight: 400;\">hello@whydonate.com<\/span><span style=\"font-weight: 400;\"><br \/>\n<\/span><\/a><span style=\"font-weight: 400;\">Telefonnummer: +31 (0)85 1074458<\/span><\/p>\n<\/div><\/div><\/div><\/div><\/div><\/div><\/div><\/div><\/div><\/div><\/div><\/div><\/section>\n","protected":false},"excerpt":{"rendered":"Erkl\u00e6ring om privatliv og cookies Vi Behandler Dine Personoplysninger Fortroligt. Privatlivserkl\u00e6ringCookiesPrivatlivserkl\u00e6ringPrivatlivserkl\u00e6ring whydonate.com er en tjeneste udbudt af WhyDonate. Vi er registreret p\u00e5 Johan Huizingalaan 763A i Amsterdam. Vi mener, det er vigtigt at beskytte dine personoplysninger, og vi vil kun bruge dine data til at tilbyde dig vores tjenester, optimere din brugeroplevelse og forbedre vores...","protected":false},"author":34,"featured_media":0,"parent":0,"menu_order":0,"comment_status":"closed","ping_status":"closed","template":"","meta":{"footnotes":""},"class_list":["post-421548","page","type-page","status-publish","hentry"],"_links":{"self":[{"href":"https:\/\/whydonate.com\/da\/wp-json\/wp\/v2\/pages\/421548","targetHints":{"allow":["GET"]}}],"collection":[{"href":"https:\/\/whydonate.com\/da\/wp-json\/wp\/v2\/pages"}],"about":[{"href":"https:\/\/whydonate.com\/da\/wp-json\/wp\/v2\/types\/page"}],"author":[{"embeddable":true,"href":"https:\/\/whydonate.com\/da\/wp-json\/wp\/v2\/users\/34"}],"replies":[{"embeddable":true,"href":"https:\/\/whydonate.com\/da\/wp-json\/wp\/v2\/comments?post=421548"}],"version-history":[{"count":13,"href":"https:\/\/whydonate.com\/da\/wp-json\/wp\/v2\/pages\/421548\/revisions"}],"predecessor-version":[{"id":423372,"href":"https:\/\/whydonate.com\/da\/wp-json\/wp\/v2\/pages\/421548\/revisions\/423372"}],"wp:attachment":[{"href":"https:\/\/whydonate.com\/da\/wp-json\/wp\/v2\/media?parent=421548"}],"curies":[{"name":"wp","href":"https:\/\/api.w.org\/{rel}","templated":true}]}}