{"id":38610,"date":"2019-12-06T08:42:23","date_gmt":"2019-12-06T07:42:23","guid":{"rendered":"https:\/\/whydonate.com\/kontaktiere-uns\/"},"modified":"2025-05-27T14:21:56","modified_gmt":"2025-05-27T13:21:56","slug":"kontaktiere-uns","status":"publish","type":"page","link":"https:\/\/whydonate.com\/de\/kontaktiere-uns\/","title":{"rendered":"Contact DE"},"content":{"rendered":"<section class=\"l-section wpb_row us_custom_fb609693 height_small\"><div class=\"l-section-overlay\" style=\"background:#363398\"><\/div><div class=\"l-section-h i-cf\"><div class=\"g-cols vc_row via_flex valign_top type_default stacking_default\"><div class=\"vc_col-sm-12 wpb_column vc_column_container\"><div class=\"vc_column-inner\"><div class=\"wpb_wrapper\"><div class=\"wpb_text_column\"><div class=\"wpb_wrapper\"><h1 class=\"Whydonate-works-as-a\"><span class=\"text-style-1\" style=\"color: #32bf55;\">Kontakt<\/span><br \/>\n<span style=\"color: #ffffff;\">Wir sind gerne behilflich<\/span><\/h1>\n<\/div><\/div><\/div><\/div><\/div><\/div><\/div><\/section><section class=\"l-section wpb_row us_custom_6d149020 height_small\"><div class=\"l-section-h i-cf\"><div class=\"g-cols vc_row via_flex valign_top type_default stacking_default\"><div class=\"vc_col-sm-6 wpb_column vc_column_container\"><div class=\"vc_column-inner\"><div class=\"wpb_wrapper\"><div class=\"wpb_text_column\"><div class=\"wpb_wrapper\"><h3>Kontaktiere Uns \u00dcber<\/h3>\n<\/div><\/div><div class=\"w-iconbox us_custom_637f48a0 iconpos_left style_default color_contrast align_left icontype_img\"><a target=\"_blank\" href=\"https:\/\/helpdesk.whydonate.com\/nl\/\" class=\"w-iconbox-link\" aria-label=\"Helpdesk\"><div class=\"w-iconbox-icon\" style=\"font-size:32px;\"><img loading=\"lazy\" decoding=\"async\" width=\"64\" height=\"64\" src=\"https:\/\/whydonate.com\/wp-content\/uploads\/2023\/09\/chat.png\" class=\"attachment-full size-full\" alt=\"\" srcset=\"https:\/\/whydonate.com\/wp-content\/uploads\/2023\/09\/chat.png 64w, https:\/\/whydonate.com\/wp-content\/uploads\/2023\/09\/chat-30x30.png 30w, https:\/\/whydonate.com\/wp-content\/uploads\/2023\/09\/chat-42x42.png 42w\" sizes=\"auto, (max-width: 64px) 100vw, 64px\" title=\"\"><\/div><\/a><div class=\"w-iconbox-meta\"><h5 class=\"w-iconbox-title\"><a target=\"_blank\" href=\"https:\/\/helpdesk.whydonate.com\/nl\/\" class=\"w-iconbox-link\" aria-label=\"Helpdesk\">Helpdesk<\/a><\/h5><div class=\"w-iconbox-text\"><p><span style=\"font-weight: 400;\">Treten Sie in einen Live-Chat mit unseren Teammitgliedern ein und sehen Sie Antworten auf h\u00e4ufig gestellte Fragen. Unser Kundensupport-Team bei WhyDonate steht Ihnen \u00fcber Chat, E-Mail oder vorab vereinbarte Telefontermine zur Verf\u00fcgung. Wir sind t\u00e4glich w\u00e4hrend der \u00fcblichen Gesch\u00e4ftszeiten der Mitteleurop\u00e4ischen Zeit (MEZ) (9:00 bis 17:00 Uhr) f\u00fcr Sie da, um Ihnen entgegenzukommen.<\/span><\/p>\n<\/div><\/div><\/div><div class=\"w-btn-wrapper align_none\"><a class=\"w-btn us-btn-style_14\" target=\"_blank\" href=\"https:\/\/helpdesk.whydonate.com\/de\/\"><span class=\"w-btn-label\">H\u00e4ufig Gestellte Fragen<\/span><\/a><\/div><div class=\"w-iconbox us_custom_637f48a0 iconpos_left style_default color_contrast align_left icontype_img\"><a target=\"_blank\" href=\"https:\/\/wa.me\/31851074458\" class=\"w-iconbox-link\" aria-label=\"WhatsApp\" rel=\"noopener\"><div class=\"w-iconbox-icon\" style=\"font-size:32px;\"><img loading=\"lazy\" decoding=\"async\" width=\"64\" height=\"64\" src=\"https:\/\/whydonate.com\/wp-content\/uploads\/2023\/09\/whatsapp-1.png\" class=\"attachment-full size-full\" alt=\"\" srcset=\"https:\/\/whydonate.com\/wp-content\/uploads\/2023\/09\/whatsapp-1.png 64w, https:\/\/whydonate.com\/wp-content\/uploads\/2023\/09\/whatsapp-1-30x30.png 30w, https:\/\/whydonate.com\/wp-content\/uploads\/2023\/09\/whatsapp-1-42x42.png 42w\" sizes=\"auto, (max-width: 64px) 100vw, 64px\" title=\"\"><\/div><\/a><div class=\"w-iconbox-meta\"><h5 class=\"w-iconbox-title\"><a target=\"_blank\" href=\"https:\/\/wa.me\/31851074458\" class=\"w-iconbox-link\" aria-label=\"WhatsApp\" rel=\"noopener\">WhatsApp<\/a><\/h5><div class=\"w-iconbox-text\"><p>Beginne eine WhatsApp-Konversation mit einem Mitarbeiter oder einer Mitarbeiterin.<\/p>\n<\/div><\/div><\/div><div class=\"w-btn-wrapper align_none\"><a class=\"w-btn us-btn-style_14\" target=\"_blank\" href=\"https:\/\/wa.me\/31851074458\" rel=\"noopener\"><span class=\"w-btn-label\">WhatsApp-Konversation Starten<\/span><\/a><\/div><div class=\"w-iconbox us_custom_4e3ce60a iconpos_left style_default color_contrast align_left icontype_img\"><a target=\"_blank\" href=\"mailto:hello@whydonate.com\" class=\"w-iconbox-link\" aria-label=\"E-Mail\"><div class=\"w-iconbox-icon\" style=\"font-size:32px;\"><img loading=\"lazy\" decoding=\"async\" width=\"64\" height=\"64\" src=\"https:\/\/whydonate.com\/wp-content\/uploads\/2023\/09\/mail.png\" class=\"attachment-full size-full\" alt=\"\" srcset=\"https:\/\/whydonate.com\/wp-content\/uploads\/2023\/09\/mail.png 64w, https:\/\/whydonate.com\/wp-content\/uploads\/2023\/09\/mail-30x30.png 30w, https:\/\/whydonate.com\/wp-content\/uploads\/2023\/09\/mail-42x42.png 42w\" sizes=\"auto, (max-width: 64px) 100vw, 64px\" title=\"\"><\/div><\/a><div class=\"w-iconbox-meta\"><h5 class=\"w-iconbox-title\"><a target=\"_blank\" href=\"mailto:hello@whydonate.com\" class=\"w-iconbox-link\" aria-label=\"E-Mail\">E-Mail<\/a><\/h5><div class=\"w-iconbox-text\"><p>Sende eine E-Mail an <a href=\"mailto:hello@whydonate.com\">hello@whydonate.com.<\/a><\/p>\n<\/div><\/div><\/div><div class=\"w-btn-wrapper align_none\"><a class=\"w-btn us-btn-style_14\" target=\"_blank\" href=\"mailto:hello@whydonate.com\"><span class=\"w-btn-label\">E-Mail Senden<\/span><\/a><\/div><div class=\"w-separator size_medium with_line width_default thick_1 style_solid color_border align_center\"><div class=\"w-separator-h\"><\/div><\/div><div class=\"wpb_text_column\"><div class=\"wpb_wrapper\"><h3>Brauchen Sie Hilfe Beim Einrichten Einer Spendenaktion?<\/h3>\n<\/div><\/div><div class=\"w-iconbox us_custom_4e3ce60a iconpos_left style_default color_contrast align_left icontype_img\"><a target=\"_blank\" href=\"https:\/\/calendar.app.google\/5dqSUiwZkEDStMJU8\" class=\"w-iconbox-link\" aria-label=\"Videoanruf-Termin vereinbaren (Niederl\u00e4ndisch)\" rel=\"noopener\"><div class=\"w-iconbox-icon\" style=\"font-size:32px;\"><img loading=\"lazy\" decoding=\"async\" width=\"64\" height=\"64\" src=\"https:\/\/whydonate.com\/wp-content\/uploads\/2023\/09\/videocall.png\" class=\"attachment-full size-full\" alt=\"\" srcset=\"https:\/\/whydonate.com\/wp-content\/uploads\/2023\/09\/videocall.png 64w, https:\/\/whydonate.com\/wp-content\/uploads\/2023\/09\/videocall-30x30.png 30w, https:\/\/whydonate.com\/wp-content\/uploads\/2023\/09\/videocall-42x42.png 42w\" sizes=\"auto, (max-width: 64px) 100vw, 64px\" title=\"\"><\/div><\/a><div class=\"w-iconbox-meta\"><h5 class=\"w-iconbox-title\"><a target=\"_blank\" href=\"https:\/\/calendar.app.google\/5dqSUiwZkEDStMJU8\" class=\"w-iconbox-link\" aria-label=\"Videoanruf-Termin vereinbaren (Niederl\u00e4ndisch)\" rel=\"noopener\">Videoanruf-Termin vereinbaren (Niederl\u00e4ndisch)<\/a><\/h5><div class=\"w-iconbox-text\"><p>Vereinbare einen Termin f\u00fcr einen Videoanruf mit einem niederl\u00e4ndischsprachigen Mitarbeiter und lass dir bei der Organisation einer gro\u00dfen Spendenaktion helfen.<\/p>\n<\/div><\/div><\/div><div class=\"w-btn-wrapper align_none\"><a class=\"w-btn us-btn-style_14\" target=\"_blank\" href=\"https:\/\/calendar.app.google\/5dqSUiwZkEDStMJU8\" rel=\"noopener\"><span class=\"w-btn-label\">Termin Vereinbaren<\/span><\/a><\/div><div class=\"w-iconbox us_custom_4e3ce60a iconpos_left style_default color_contrast align_left icontype_img\"><a target=\"_blank\" href=\"https:\/\/calendar.app.google\/3tiW8dDUExXgGXuY9\" class=\"w-iconbox-link\" aria-label=\"Termin per Videoanruf vereinbaren (Englisch)\" rel=\"noopener\"><div class=\"w-iconbox-icon\" style=\"font-size:32px;\"><img loading=\"lazy\" decoding=\"async\" width=\"64\" height=\"64\" src=\"https:\/\/whydonate.com\/wp-content\/uploads\/2023\/09\/videocall.png\" class=\"attachment-full size-full\" alt=\"\" srcset=\"https:\/\/whydonate.com\/wp-content\/uploads\/2023\/09\/videocall.png 64w, https:\/\/whydonate.com\/wp-content\/uploads\/2023\/09\/videocall-30x30.png 30w, https:\/\/whydonate.com\/wp-content\/uploads\/2023\/09\/videocall-42x42.png 42w\" sizes=\"auto, (max-width: 64px) 100vw, 64px\" title=\"\"><\/div><\/a><div class=\"w-iconbox-meta\"><h5 class=\"w-iconbox-title\"><a target=\"_blank\" href=\"https:\/\/calendar.app.google\/3tiW8dDUExXgGXuY9\" class=\"w-iconbox-link\" aria-label=\"Termin per Videoanruf vereinbaren (Englisch)\" rel=\"noopener\">Termin per Videoanruf vereinbaren (Englisch)<\/a><\/h5><div class=\"w-iconbox-text\"><p>Vereinbare einen Termin f\u00fcr einen Videoanruf mit einem englischsprachigen Mitarbeiter und erhalte Hilfe bei der Organisation einer gro\u00dfen Spendenaktion.<\/p>\n<\/div><\/div><\/div><div class=\"w-btn-wrapper align_none\"><a class=\"w-btn us-btn-style_14\" target=\"_blank\" href=\"https:\/\/calendar.app.google\/3tiW8dDUExXgGXuY9\" rel=\"noopener\"><span class=\"w-btn-label\">Termin Vereinbaren<\/span><\/a><\/div><\/div><\/div><\/div><div class=\"vc_col-sm-6 wpb_column vc_column_container\"><div class=\"vc_column-inner\"><div class=\"wpb_wrapper\"><div class=\"wpb_text_column\"><div class=\"wpb_wrapper\"><h3>Unternehmensdaten<\/h3>\n<\/div><\/div><div class=\"w-iconbox iconpos_left style_default color_primary align_left icontype_img\"><div class=\"w-iconbox-icon\" style=\"font-size:32px;\"><img loading=\"lazy\" decoding=\"async\" width=\"64\" height=\"64\" src=\"https:\/\/whydonate.com\/wp-content\/uploads\/2023\/09\/location.png\" class=\"attachment-full size-full\" alt=\"\" srcset=\"https:\/\/whydonate.com\/wp-content\/uploads\/2023\/09\/location.png 64w, https:\/\/whydonate.com\/wp-content\/uploads\/2023\/09\/location-30x30.png 30w, https:\/\/whydonate.com\/wp-content\/uploads\/2023\/09\/location-42x42.png 42w\" sizes=\"auto, (max-width: 64px) 100vw, 64px\" title=\"\"><\/div><div class=\"w-iconbox-meta\"><h5 class=\"w-iconbox-title\">WhyDonate Foundation, Handelskammer: 58490280<\/h5><div class=\"w-iconbox-text\"><p>Johan Huizingalaan 763A, Amsterdam, 1066 VH.<\/p>\n<\/div><\/div><\/div><div class=\"w-separator size_medium with_line width_default thick_1 style_solid color_border align_center\"><div class=\"w-separator-h\"><\/div><\/div><div class=\"wpb_text_column\"><div class=\"wpb_wrapper\"><h3>Folge uns auf sozialen Medien<\/h3>\n<\/div><\/div><div class=\"w-hwrapper valign_top align_none\"><div class=\"w-iconbox iconpos_top style_default color_contrast align_center no_text no_title icontype_img\"><a target=\"_blank\" rel=\"nofollow noopener\" title=\"WhyDonate Instagram\" href=\"https:\/\/www.instagram.com\/whydonatenl\/\" class=\"w-iconbox-link\" aria-label=\"material|star\"><div class=\"w-iconbox-icon\" style=\"font-size:32px;\"><img loading=\"lazy\" decoding=\"async\" width=\"64\" height=\"64\" src=\"https:\/\/whydonate.com\/wp-content\/uploads\/2023\/09\/instagram.png\" class=\"attachment-full size-full\" alt=\"\" srcset=\"https:\/\/whydonate.com\/wp-content\/uploads\/2023\/09\/instagram.png 64w, https:\/\/whydonate.com\/wp-content\/uploads\/2023\/09\/instagram-30x30.png 30w, https:\/\/whydonate.com\/wp-content\/uploads\/2023\/09\/instagram-42x42.png 42w\" sizes=\"auto, (max-width: 64px) 100vw, 64px\" title=\"\"><\/div><\/a><div class=\"w-iconbox-meta\"><\/div><\/div><div class=\"w-iconbox iconpos_top style_default color_contrast align_center no_text no_title icontype_img\"><a target=\"_blank\" rel=\"nofollow noopener\" title=\"whydonate facebook\" href=\"https:\/\/www.facebook.com\/whydonate\" class=\"w-iconbox-link\" aria-label=\"material|facebook\"><div class=\"w-iconbox-icon\" style=\"font-size:32px;\"><img loading=\"lazy\" decoding=\"async\" width=\"64\" height=\"64\" src=\"https:\/\/whydonate.com\/wp-content\/uploads\/2023\/09\/facebook-1.png\" class=\"attachment-full size-full\" alt=\"\" srcset=\"https:\/\/whydonate.com\/wp-content\/uploads\/2023\/09\/facebook-1.png 64w, https:\/\/whydonate.com\/wp-content\/uploads\/2023\/09\/facebook-1-30x30.png 30w, https:\/\/whydonate.com\/wp-content\/uploads\/2023\/09\/facebook-1-42x42.png 42w\" sizes=\"auto, (max-width: 64px) 100vw, 64px\" title=\"\"><\/div><\/a><div class=\"w-iconbox-meta\"><\/div><\/div><div class=\"w-iconbox iconpos_top style_default color_contrast align_center no_text no_title icontype_img\"><a target=\"_blank\" rel=\"nofollow noopener\" title=\"Whydonate LinkedIn\" href=\"https:\/\/www.linkedin.com\/company\/whydonate\" class=\"w-iconbox-link\" aria-label=\"material|linkedin\"><div class=\"w-iconbox-icon\" style=\"font-size:32px;\"><img loading=\"lazy\" decoding=\"async\" width=\"64\" height=\"64\" src=\"https:\/\/whydonate.com\/wp-content\/uploads\/2023\/09\/linkedin-1.png\" class=\"attachment-full size-full\" alt=\"\" srcset=\"https:\/\/whydonate.com\/wp-content\/uploads\/2023\/09\/linkedin-1.png 64w, https:\/\/whydonate.com\/wp-content\/uploads\/2023\/09\/linkedin-1-30x30.png 30w, https:\/\/whydonate.com\/wp-content\/uploads\/2023\/09\/linkedin-1-42x42.png 42w\" sizes=\"auto, (max-width: 64px) 100vw, 64px\" title=\"\"><\/div><\/a><div class=\"w-iconbox-meta\"><\/div><\/div><div class=\"w-iconbox iconpos_top style_default color_contrast align_center no_text no_title icontype_img\"><a target=\"_blank\" rel=\"nofollow\" title=\"Whydonate LinkedIn\" href=\"https:\/\/x.com\/whydonate\" class=\"w-iconbox-link\" aria-label=\"material|linkedin\"><div class=\"w-iconbox-icon\" style=\"font-size:32px;\"><img loading=\"lazy\" decoding=\"async\" width=\"64\" height=\"64\" src=\"https:\/\/whydonate.com\/wp-content\/uploads\/2023\/09\/twitter.png\" class=\"attachment-full size-full\" alt=\"\" srcset=\"https:\/\/whydonate.com\/wp-content\/uploads\/2023\/09\/twitter.png 64w, https:\/\/whydonate.com\/wp-content\/uploads\/2023\/09\/twitter-30x30.png 30w, https:\/\/whydonate.com\/wp-content\/uploads\/2023\/09\/twitter-42x42.png 42w\" sizes=\"auto, (max-width: 64px) 100vw, 64px\" title=\"\"><\/div><\/a><div class=\"w-iconbox-meta\"><\/div><\/div><\/div><\/div><\/div><\/div><\/div><\/div><\/section>\n","protected":false},"excerpt":{"rendered":"Kontakt Wir sind gerne behilflich Kontaktiere Uns \u00dcber HelpdeskTreten Sie in einen Live-Chat mit unseren Teammitgliedern ein und sehen Sie Antworten auf h\u00e4ufig gestellte Fragen. Unser Kundensupport-Team bei WhyDonate steht Ihnen \u00fcber Chat, E-Mail oder vorab vereinbarte Telefontermine zur Verf\u00fcgung. Wir sind t\u00e4glich w\u00e4hrend der \u00fcblichen Gesch\u00e4ftszeiten der Mitteleurop\u00e4ischen Zeit (MEZ) (9:00 bis 17:00 Uhr)...","protected":false},"author":1,"featured_media":0,"parent":0,"menu_order":0,"comment_status":"closed","ping_status":"closed","template":"","meta":{"footnotes":""},"class_list":["post-38610","page","type-page","status-publish","hentry"],"_links":{"self":[{"href":"https:\/\/whydonate.com\/de\/wp-json\/wp\/v2\/pages\/38610","targetHints":{"allow":["GET"]}}],"collection":[{"href":"https:\/\/whydonate.com\/de\/wp-json\/wp\/v2\/pages"}],"about":[{"href":"https:\/\/whydonate.com\/de\/wp-json\/wp\/v2\/types\/page"}],"author":[{"embeddable":true,"href":"https:\/\/whydonate.com\/de\/wp-json\/wp\/v2\/users\/1"}],"replies":[{"embeddable":true,"href":"https:\/\/whydonate.com\/de\/wp-json\/wp\/v2\/comments?post=38610"}],"version-history":[{"count":0,"href":"https:\/\/whydonate.com\/de\/wp-json\/wp\/v2\/pages\/38610\/revisions"}],"wp:attachment":[{"href":"https:\/\/whydonate.com\/de\/wp-json\/wp\/v2\/media?parent=38610"}],"curies":[{"name":"wp","href":"https:\/\/api.w.org\/{rel}","templated":true}]}}