{"id":39688,"date":"2020-02-28T15:02:43","date_gmt":"2020-02-28T14:02:43","guid":{"rendered":"https:\/\/whydonate.com\/datenschutzerklaerung-und-cookie-richtlinie\/"},"modified":"2025-11-06T14:22:00","modified_gmt":"2025-11-06T13:22:00","slug":"datenschutzerklaerung-und-cookie-richtlinie","status":"publish","type":"page","link":"https:\/\/whydonate.com\/de\/datenschutzerklaerung-und-cookie-richtlinie\/","title":{"rendered":"Privacy &#038; cookies DE"},"content":{"rendered":"<section class=\"l-section wpb_row us_custom_fb609693 about-page-section-first height_huge\"><div class=\"l-section-overlay\" style=\"background:#363398\"><\/div><div class=\"l-section-h i-cf\"><div class=\"g-cols vc_row via_flex valign_top type_default stacking_default\"><div class=\"vc_col-sm-6 wpb_column vc_column_container\"><div class=\"vc_column-inner us_custom_ec1e580b\"><div class=\"wpb_wrapper\"><div class=\"wpb_text_column us_custom_cdf14ffd\"><div class=\"wpb_wrapper\"><h1><span style=\"color: #32bf55;\">Datenschutzerkl\u00e4rung und Cookie-Richtlinie<\/span><\/h1>\n<h3><span style=\"color: #ffffff;\">Wir behandeln Ihre personenbezogenen Daten vertraulich.<\/span><\/h3>\n<\/div><\/div><\/div><\/div><\/div><div class=\"vc_col-sm-6 wpb_column vc_column_container\"><div class=\"vc_column-inner\"><div class=\"wpb_wrapper\"><\/div><\/div><\/div><\/div><\/div><\/section><section class=\"l-section wpb_row us_custom_2eec13b6 height_small\"><div class=\"l-section-h i-cf\"><div class=\"g-cols vc_row via_flex valign_top type_default stacking_default\"><div class=\"vc_col-sm-12 wpb_column vc_column_container\"><div class=\"vc_column-inner\"><div class=\"wpb_wrapper\"><div class=\"w-tabs layout_hor style_trendy switch_click has_scrolling\" style=\"--sections-title-size:1em\"><div class=\"w-tabs-list items_2 align_justify\" style=\"text-transform:uppercase;\"><div class=\"w-tabs-list-h\"><button class=\"w-tabs-item active\" aria-controls=\"content-ob05\" aria-expanded=\"false\"><span class=\"w-tabs-item-title\">Datenschutzerkl\u00e4rung<\/span><\/button><button class=\"w-tabs-item\" aria-controls=\"content-qc23\" aria-expanded=\"false\"><span class=\"w-tabs-item-title\">Cookies<\/span><\/button><\/div><\/div><div class=\"w-tabs-sections titles-align_none icon_chevron cpos_right\"><div class=\"w-tabs-section active\" id=\"ob05\"><button class=\"w-tabs-section-header active\" aria-controls=\"content-ob05\" aria-expanded=\"true\"><div class=\"w-tabs-section-title\">Datenschutzerkl\u00e4rung<\/div><div class=\"w-tabs-section-control\"><\/div><\/button><div  class=\"w-tabs-section-content\" id=\"content-ob05\"><div class=\"w-tabs-section-content-h i-cf\"><div class=\"wpb_text_column\"><div class=\"wpb_wrapper\"><h2>Datenschutzerkl\u00e4rung<\/h2>\n<p><strong>Whydonate.nl ist ein Service der Whydonate Foundation. Wir sind bei Johan Huizingalaan 763A in Amsterdam registriert.<\/strong><\/p>\n<p><strong>Wir glauben, dass es wichtig ist, Ihre pers\u00f6nlichen Daten zu sch\u00fctzen, und wir werden Ihre Daten nur dazu verwenden, Ihnen unsere Dienste anzubieten, Ihre Benutzererfahrung zu optimieren und unsere Dienste zu verbessern. In dieser Datenschutzerkl\u00e4rung m\u00f6chten wir kl\u00e4ren, welche Art von personenbezogenen Daten wir sammeln, warum wir dies tun und wie wir Ihre Daten sch\u00fctzen.<\/strong><\/p>\n<p>Diese Datenschutzrichtlinie wird m\u00f6glicherweise in Zukunft aktualisiert. Wir behalten uns das Recht vor, diese Datenschutzerkl\u00e4rung jederzeit zu \u00e4ndern. Wesentliche \u00c4nderungen werden immer bekannt gegeben. Wir empfehlen, regelm\u00e4\u00dfig auf dieses Dokument zu verweisen.<\/p>\n<p>Wenn Sie Fragen zum Datenschutz haben, nutzen Sie bitte das Kontaktformular oder rufen Sie uns an unter +31 (0) 857441174<\/p>\n<hr \/>\n<h2>Welche Art Von Pers\u00f6nlichen Daten Sammelt WhyDonate?<\/h2>\n<p>Wir verarbeiten und sammeln nur personenbezogene Daten, die f\u00fcr die Zwecke erforderlich sind, f\u00fcr die sie verarbeitet werden:<\/p>\n<p>Wenn Sie ein Spender sind, erheben wir folgende personenbezogene Daten:<\/p>\n<ul>\n<li style=\"font-weight: 400;\">Pers\u00f6nliche Identifikation: (Name);<\/li>\n<\/ul>\n<p>Wir verwenden Ihren Namen, um Sie korrekt anzusprechen und zeigen dem Fonds, der gespendet hat (es sei denn, der Spender ist anonym)<\/p>\n<ul>\n<li style=\"font-weight: 400;\">Kontaktinformationen (E-Mail-Adresse);<\/li>\n<\/ul>\n<p>Diese Daten werden verwendet, um Ihnen Service-E-Mails zu senden.<\/p>\n<ul>\n<li style=\"font-weight: 400;\">Zahlungsinformationen (IBAN);<\/li>\n<\/ul>\n<p>So k\u00f6nnen wir die Spenden von der IBAN abbuchen und an die richtige IBAN \u00fcberweisen.<\/p>\n<ul>\n<li style=\"font-weight: 400;\">Elektronische Identifikationsinformationen und technische Informationen (IP-Adresse und Standort).<br \/>\nWir erheben diese Daten, um Betrug zu vermeiden und einen Einblick in den Standort des Spenders zu erhalten.<\/li>\n<\/ul>\n<p>Wenn Sie eine Spendenaktion einleiten, erheben wir folgende Personenbezogene Daten:<\/p>\n<ul>\n<li style=\"font-weight: 400;\">Pers\u00f6nliche Identifikation: (Name, Zugangsdaten);<\/li>\n<\/ul>\n<p>Wir verwenden Ihren Namen, um Sie korrekt anzusprechen und anderen Benutzern zu zeigen, wer Sie sind. Ihr Passwort wird verschl\u00fcsselt gespeichert, sodass nur Sie darauf zugreifen k\u00f6nnen. nicht wir und nicht jemand anderes.<\/p>\n<ul>\n<li style=\"font-weight: 400;\">Kontaktinformationen (E-Mail-Adresse);<\/li>\n<\/ul>\n<p>Diese Daten werden verwendet, um Sie bei der Anmeldung zu identifizieren und Ihnen Service-E-Mails zu senden. Au\u00dferdem k\u00f6nnen Sie sich f\u00fcr das regelm\u00e4\u00dfige E-Mail-Update anmelden. Das hei\u00dft, wir senden Ihnen gelegentlich ein Update mit den interessantesten Entwicklungen und Projekten auf der Plattform. Selbstverst\u00e4ndlich k\u00f6nnen Sie diese jederzeit \u00fcber Ihr Konto abbestellen.<\/p>\n<ul>\n<li style=\"font-weight: 400;\">Zahlungsinformationen (IBAN);<\/li>\n<\/ul>\n<p>So k\u00f6nnen wir die Spenden von der IBAN abbuchen und an die richtige IBAN \u00fcberweisen.<\/p>\n<ul>\n<li>Elektronische Identifikationsinformationen und technische Informationen (IP-Adresse und Standort).<br \/>\nWir erheben diese Daten, um Betrug zu vermeiden und einen Einblick in den Standort des Spenders zu erhalten.<\/li>\n<\/ul>\n<ul>\n<li style=\"font-weight: 400;\">Profil Information;<\/li>\n<\/ul>\n<p>Sie k\u00f6nnen weitere Informationen zu Ihrer Person und der Wohlt\u00e4tigkeitsorganisation in Ihr Profil aufnehmen, damit andere Benutzer sehen k\u00f6nnen, wer Sie sind und was die Ursache ist. Das erleichtert uns die Verkn\u00fcpfung von Spendern und Anliegen.<\/p>\n<p>Sie entscheiden, welche Informationen aus Ihrem Profil f\u00fcr andere Benutzer sichtbar sind. Wenn Sie Ihre pers\u00f6nlichen Daten nicht mit anderen Nutzern teilen m\u00f6chten, m\u00fcssen Sie dies nicht tun. Wir m\u00f6chten sicherstellen, dass Sie mit der gesamten Erfahrung auf unserer Plattform zufrieden sind. Wenn Sie also Ihre Identit\u00e4t als Unterst\u00fctzer \/ Spender verbergen m\u00f6chten, machen wir dies m\u00f6glich. Sie k\u00f6nnen also anonym spenden. In diesem Fall wird Ihrer Spende kein Name zugeordnet.<\/p>\n<hr \/>\n<h2>Das Ziel Der Datenverarbeitung<\/h2>\n<p>Wir erheben personenbezogene Daten \u00fcber Sie als Nutzer unserer Plattform, um ein sicheres, optimales und benutzerfreundliches Erlebnis zu erm\u00f6glichen. Die Datenverarbeitung erfolgt nur zu folgenden bestimmten Zwecken:<\/p>\n<ul>\n<li style=\"font-weight: 400;\">Richtiger Umgang mit Spenden: Spendenverwaltung, Support, Beschwerdemonitoring und Versenden von Servicemeldungen;<\/li>\n<li style=\"font-weight: 400;\">Sicherheit und Schutz vor Betrug und Verst\u00f6\u00dfen;<\/li>\n<li style=\"font-weight: 400;\">Personalisierte Benutzererfahrung, Marketing, Werbung und Newsletter, wenn Sie sich ausdr\u00fccklich daf\u00fcr angemeldet haben. In diesem Fall k\u00f6nnen Sie sich jederzeit abmelden;<\/li>\n<li style=\"font-weight: 400;\">Statistische Zwecke die von uns erhobenen personenbezogenen Daten werden nicht l\u00e4nger als f\u00fcr die oben genannten Zwecke erforderlich gespeichert.<\/li>\n<\/ul>\n<hr \/>\n<h2>Auf Welcher Rechtlichen Grundlage Werden Meine Personenbezogenen Daten Verarbeitet?<\/h2>\n<p>In \u00dcbereinstimmung mit den Datenschutzbestimmungen verarbeiten wir Ihre personenbezogenen Daten wie folgt:<\/p>\n<ul>\n<li style=\"font-weight: 400;\">Erf\u00fcllung einer Vereinbarung mit Ihnen. Zum Beispiel, wenn Sie spenden oder eine Spendenaktion starten m\u00f6chten.<\/li>\n<li style=\"font-weight: 400;\">Einhaltung gesetzlicher oder beh\u00f6rdlicher Anforderungen;<\/li>\n<li style=\"font-weight: 400;\">Unser berechtigtes Interesse, Sie beispielsweise \u00fcber eine von Ihnen unterst\u00fctzte Spendenaktion auf dem Laufenden zu halten.<\/li>\n<li style=\"font-weight: 400;\">Ihre ausdr\u00fcckliche Zustimmung.<\/li>\n<\/ul>\n<hr \/>\n<h2>Gibt WhyDonate meine pers\u00f6nlichen Daten an Dritte weiter?<\/h2>\n<p>Wir geben Ihre personenbezogenen Daten nur an Dritte weiter, die uns in unserem Gesch\u00e4ftsprozess unterst\u00fctzen und mit uns eine Datenverarbeitungsvereinbarung haben. Denken Sie zum Beispiel an unsere Webhosting-Partei oder den Zahlungsanbieter. Wir verkaufen oder teilen Ihre Daten niemals f\u00fcr Marketingzwecke Dritter.<\/p>\n<p>Dar\u00fcber hinaus k\u00f6nnen Fonds den Namen der Spender einsehen, es sei denn, der Spender macht dies anonym.<\/p>\n<p>Wir werden niemals ohne Ihre Erlaubnis Nachrichten auf Ihrem Facebook-, Twitter-, WhatsApp-, Google+-, LinkedIn- oder anderen Social-Media-Konto ver\u00f6ffentlichen. Wenn Sie auf unserer Plattform Social-Media-Schaltfl\u00e4chen verwenden, um beispielsweise eine Finanzierungsseite freizugeben, lesen Sie bitte die Datenschutzerkl\u00e4rung der von Ihnen verwendeten Schaltfl\u00e4che des sozialen Netzwerks.<\/p>\n<hr \/>\n<h2>Sicherheitsma\u00dfnahmen<\/h2>\n<p>Zum Schutz Ihrer personenbezogenen Daten treffen wir geeignete Sicherheitsma\u00dfnahmen. Deshalb nutzen wir eine sichere Internetumgebung, sobald Sie mit der Zahlung Ihrer Spende beginnen. \u00dcber SSL (Secure Socket Layers) werden Transaktionsdaten verschl\u00fcsselt, bevor sie \u00fcber das Internet gesendet werden. Sie erkennen die sichere SSL-Verbindung an der Adresse in Ihrer Adressleiste unter https: \/\/.<\/p>\n<p>Das Hosting unserer Plattform \u00fcbernimmt unser zuverl\u00e4ssiger Partner Google. Wir nutzen ihr Rechenzentrum in Belgien. Das hei\u00dft, die Server, auf denen die Daten gespeichert werden, befinden sich innerhalb des Europ\u00e4ischen Wirtschaftsraums (EWR). Wir werden alle m\u00f6glichen Sicherheitsma\u00dfnahmen ergreifen, um sicherzustellen, dass Ihre pers\u00f6nlichen Daten auf diesen Servern und innerhalb des EWR sicher sind.<\/p>\n<hr \/>\n<h2>Deine Rechte<\/h2>\n<p>Wenn wir Ihre pers\u00f6nlichen Daten verarbeiten, sind Sie durch eine Reihe von Rechten gesch\u00fctzt:<\/p>\n<ul>\n<li style=\"font-weight: 400;\">Sie haben das Recht, eine Erkl\u00e4rung zu den von uns verarbeiteten personenbezogenen Daten zu erhalten und warum;<\/li>\n<li style=\"font-weight: 400;\">Sie haben das Recht, den Zugang zu Ihren pers\u00f6nlichen Daten anzufordern;<\/li>\n<li style=\"font-weight: 400;\">Sie k\u00f6nnen die \u00c4nderung oder L\u00f6schung veralteter personenbezogener Daten beantragen;<\/li>\n<li style=\"font-weight: 400;\">Sie k\u00f6nnen Ihre Einwilligung widerrufen;<\/li>\n<li style=\"font-weight: 400;\">Sie k\u00f6nnen darum bitten, die Verarbeitung Ihrer pers\u00f6nlichen Daten einzuschr\u00e4nken;<\/li>\n<li style=\"font-weight: 400;\">Sie haben das Recht, die uns zur Verf\u00fcgung gestellten personenbezogenen Daten in strukturierter, herk\u00f6mmlicher und maschinenlesbarer Form zu erhalten.<\/li>\n<\/ul>\n<p>Sie k\u00f6nnen mehrere dieser Rechte pers\u00f6nlich aus\u00fcben, wenn Sie ein Konto auf unserer Plattform haben. Andernfalls k\u00f6nnen Sie uns \u00fcber unser Kontaktformular kontaktieren. Wir werden Ihre Anfrage innerhalb eines Monats bearbeiten. Wir bitten Sie m\u00f6glicherweise um Identifizierung, um sicherzustellen, dass wir keine personenbezogenen Daten der falschen Person entfernen oder \u00e4ndern.<\/p>\n<p>Wenn Sie eine Beschwerde bez\u00fcglich der Art und Weise haben, in der Ihre pers\u00f6nlichen Daten verarbeitet werden, w\u00fcrden wir gerne von Ihnen h\u00f6ren, damit wir gemeinsam eine L\u00f6sung finden k\u00f6nnen. Sie k\u00f6nnen Ihre Beschwerde \u00fcber unsere Plattform auch bei der niederl\u00e4ndischen Aufsichtsbeh\u00f6rde in Bezug auf den Datenschutz einreichen.<\/p>\n<hr \/>\n<p>Diese Datenschutzrichtlinie wurde zuletzt am <span style=\"font-weight: 400;\">27-10-2025<\/span> \u00fcberarbeitet.<\/p>\n<\/div><\/div><\/div><\/div><\/div><div class=\"w-tabs-section\" id=\"qc23\"><button class=\"w-tabs-section-header\" aria-controls=\"content-qc23\" aria-expanded=\"false\"><div class=\"w-tabs-section-title\">Cookies<\/div><div class=\"w-tabs-section-control\"><\/div><\/button><div  class=\"w-tabs-section-content\" id=\"content-qc23\"><div class=\"w-tabs-section-content-h i-cf\"><div class=\"wpb_text_column\"><div class=\"wpb_wrapper\"><h2>Cookies<\/h2>\n<p>Cookies sind kleine tempor\u00e4re Textdateien f\u00fcr Ihren Computer. Wir verwenden verschiedene Cookies, z. B. funktionale und analytische Cookies. Sie k\u00f6nnen die Cookies in Ihrem Browser deaktivieren. Ber\u00fccksichtigen Sie, dass dies bedeuten kann, dass die Plattform nicht ordnungsgem\u00e4\u00df funktioniert.<\/p>\n<p><strong>Technische Cookies<\/strong><br \/>\nDurch die Verwendung von technischen Cookies erkennen wir Sie, wenn Sie unsere Plattform erneut besuchen, und verhindern, dass Sie dieselben Daten immer wieder neu eingeben m\u00fcssen. Es hilft uns auch zu erfahren, wie Sie unsere Website nutzen, damit wir sie kontinuierlich verbessern und benutzerfreundlicher gestalten k\u00f6nnen.<\/p>\n<p><strong>Analytische Cookies<\/strong><br \/>\nWhydonate verwendet Google Analytics f\u00fcr statistische Analysen, wie Sie die Whydonate-Dienste nutzen. Google Analytics sammelt Informationen dar\u00fcber, wie Sie auf der Website navigieren, wie viel Zeit Sie auf der Plattform verbringen, wie viel Zeit Sie auf einer bestimmten Seite verbringen, welche Website Sie zur Whydonate-Plattform gef\u00fchrt hat, welche Art von Browser verwendet wird und welche IP-Adresse Sie verwenden Ihres Mobiltelefons, PCs oder Tablets und der Websites, die Sie nach der Nutzung der Whydonate-Plattform besuchen. Diese Informationen werden gesammelt und analysiert, um die Benutzerfreundlichkeit der Whydonate-Plattform zu verbessern und die Marketingaktivit\u00e4ten von Whydonate zu verbessern. Die Informationen werden von Google in den USA gespeichert. Um eine sichere Verarbeitung zu gew\u00e4hrleisten, wird mit Google eine Datenverarbeitungsvereinbarung geschlossen. Dar\u00fcber hinaus darf Google die verarbeiteten Daten nicht f\u00fcr andere Dienste verwenden. Weitere Informationen zur Datenverarbeitung durch Google finden Sie in den Datenschutzbestimmungen von Google.<\/p>\n<p><strong>Marketing-Cookie<\/strong><br \/>\nWir verwenden ein Facebook-Pixel, um unsere Facebook-Beitr\u00e4ge und -Anzeigen an das Besuchsverhalten auf unserer Whydonate-Website anzupassen.<\/p>\n<h2>Fragen, Kommentare oder Tipps?<\/h2>\n<p>Wenn Sie Fragen, Kommentare oder Tipps haben, z\u00f6gern Sie nicht, sich mit uns in Verbindung zu setzen!<\/p>\n<p>Stiftung Whydonate<br \/>\nWebsite: whydonate.com.<br \/>\nE-Mail: hello@whydonate.com<\/p>\n<\/div><\/div><\/div><\/div><\/div><\/div><\/div><\/div><\/div><\/div><\/div><\/div><\/section>\n","protected":false},"excerpt":{"rendered":"Datenschutzerkl\u00e4rung und Cookie-Richtlinie Wir behandeln Ihre personenbezogenen Daten vertraulich. Datenschutzerkl\u00e4rungCookiesDatenschutzerkl\u00e4rungDatenschutzerkl\u00e4rung Whydonate.nl ist ein Service der Whydonate Foundation. Wir sind bei Johan Huizingalaan 763A in Amsterdam registriert. Wir glauben, dass es wichtig ist, Ihre pers\u00f6nlichen Daten zu sch\u00fctzen, und wir werden Ihre Daten nur dazu verwenden, Ihnen unsere Dienste anzubieten, Ihre Benutzererfahrung zu optimieren und unsere...","protected":false},"author":1,"featured_media":0,"parent":0,"menu_order":0,"comment_status":"closed","ping_status":"closed","template":"","meta":{"footnotes":""},"class_list":["post-39688","page","type-page","status-publish","hentry"],"_links":{"self":[{"href":"https:\/\/whydonate.com\/de\/wp-json\/wp\/v2\/pages\/39688","targetHints":{"allow":["GET"]}}],"collection":[{"href":"https:\/\/whydonate.com\/de\/wp-json\/wp\/v2\/pages"}],"about":[{"href":"https:\/\/whydonate.com\/de\/wp-json\/wp\/v2\/types\/page"}],"author":[{"embeddable":true,"href":"https:\/\/whydonate.com\/de\/wp-json\/wp\/v2\/users\/1"}],"replies":[{"embeddable":true,"href":"https:\/\/whydonate.com\/de\/wp-json\/wp\/v2\/comments?post=39688"}],"version-history":[{"count":7,"href":"https:\/\/whydonate.com\/de\/wp-json\/wp\/v2\/pages\/39688\/revisions"}],"predecessor-version":[{"id":418375,"href":"https:\/\/whydonate.com\/de\/wp-json\/wp\/v2\/pages\/39688\/revisions\/418375"}],"wp:attachment":[{"href":"https:\/\/whydonate.com\/de\/wp-json\/wp\/v2\/media?parent=39688"}],"curies":[{"name":"wp","href":"https:\/\/api.w.org\/{rel}","templated":true}]}}