{"id":40684,"date":"2020-04-22T21:56:13","date_gmt":"2020-04-22T20:56:13","guid":{"rendered":"https:\/\/whydonate.com\/privacidad-y-cookies\/"},"modified":"2025-12-11T13:20:24","modified_gmt":"2025-12-11T12:20:24","slug":"privacidad-y-cookies","status":"publish","type":"page","link":"https:\/\/whydonate.com\/es\/privacidad-y-cookies\/","title":{"rendered":"Privacy &#038; cookies ES"},"content":{"rendered":"<section class=\"l-section wpb_row us_custom_fb609693 about-page-section-first height_huge\"><div class=\"l-section-overlay\" style=\"background:#363398\"><\/div><div class=\"l-section-h i-cf\"><div class=\"g-cols vc_row via_flex valign_top type_default stacking_default\"><div class=\"vc_col-sm-6 wpb_column vc_column_container\"><div class=\"vc_column-inner us_custom_ec1e580b\"><div class=\"wpb_wrapper\"><div class=\"wpb_text_column us_custom_cdf14ffd\"><div class=\"wpb_wrapper\"><h1><span style=\"color: #32bf55;\">Declaraci\u00f3n De Privacidad Y Pol\u00edtica De Cookies<\/span><\/h1>\n<h3><span style=\"color: #ffffff;\">Tratamos sus datos personales de manera confidencial.<\/span><\/h3>\n<\/div><\/div><\/div><\/div><\/div><div class=\"vc_col-sm-6 wpb_column vc_column_container\"><div class=\"vc_column-inner\"><div class=\"wpb_wrapper\"><\/div><\/div><\/div><\/div><\/div><\/section><section class=\"l-section wpb_row us_custom_2eec13b6 height_small\"><div class=\"l-section-h i-cf\"><div class=\"g-cols vc_row via_flex valign_top type_default stacking_default\"><div class=\"vc_col-sm-12 wpb_column vc_column_container\"><div class=\"vc_column-inner\"><div class=\"wpb_wrapper\"><div class=\"w-tabs layout_hor style_trendy switch_click has_scrolling\" style=\"--sections-title-size:1em\"><div class=\"w-tabs-list items_2 align_justify\" style=\"text-transform:uppercase;\"><div class=\"w-tabs-list-h\"><button class=\"w-tabs-item active\" aria-controls=\"content-kf38\" aria-expanded=\"false\"><span class=\"w-tabs-item-title\">Pol\u00edtica de privacidad<\/span><\/button><button class=\"w-tabs-item\" aria-controls=\"content-w081\" aria-expanded=\"false\"><span class=\"w-tabs-item-title\">Pol\u00edtica de cookies<\/span><\/button><\/div><\/div><div class=\"w-tabs-sections titles-align_none icon_chevron cpos_right\"><div class=\"w-tabs-section active\" id=\"kf38\"><button class=\"w-tabs-section-header active\" aria-controls=\"content-kf38\" aria-expanded=\"true\"><div class=\"w-tabs-section-title\">Pol\u00edtica de privacidad<\/div><div class=\"w-tabs-section-control\"><\/div><\/button><div  class=\"w-tabs-section-content\" id=\"content-kf38\"><div class=\"w-tabs-section-content-h i-cf\"><div class=\"wpb_text_column\"><div class=\"wpb_wrapper\"><h2>Pol\u00edtica De Privacidad<\/h2>\n<p><strong>Whydonate.nl es un servicio de la Fundaci\u00f3n Whydonate. Estamos ubicados en Johan Huizingalaan 763A, en Amsterdam.<\/strong><\/p>\n<p><strong>Proteger sus datos personales es muy importante para nosotros y solo usaremos sus datos para brindarle nuestros servicios, brindarle una mejor experiencia de usuario y mejorar nuestros servicios. En esta pol\u00edtica de privacidad y cookies, nos gustar\u00eda aclararle qu\u00e9 tipo de datos personales recopilamos, por qu\u00e9 lo hacemos y c\u00f3mo protegemos sus datos. De esta manera est\u00e1s completamente informado.<\/strong><\/p>\n<p>Es posible que esta pol\u00edtica de privacidad se modifique o cambie en el futuro. Le informaremos claramente cualquier cambio sustancial. Le recomendamos que consulte este documento regularmente.<\/p>\n<p>Si tiene preguntas relacionadas con la privacidad, puede contactarnos a trav\u00e9s de nuestro formulario de contacto o al +31 (0) 85 744 1174<\/p>\n<hr \/>\n<h2>Qu\u00e9 Datos Personales Recopila WhyDonate?<\/h2>\n<p>Solo procesamos y recopilamos datos personales que necesitamos para los fines mencionados en el T\u00edtulo 2 a continuaci\u00f3n.<\/p>\n<p>Si es donante, recopilaremos la siguiente informaci\u00f3n:<\/p>\n<ul>\n<li>Datos de identificaci\u00f3n personal (nombre).<\/li>\n<\/ul>\n<p>Usamos su nombre para atenderlo amablemente y mostrarle al objetivo qui\u00e9n hizo una donaci\u00f3n (si no es an\u00f3nimo).<\/p>\n<ul>\n<li>Datos de contacto (direcci\u00f3n de correo electr\u00f3nico);<\/li>\n<\/ul>\n<p>Para que podamos enviarle correos electr\u00f3nicos de servicio.<\/p>\n<ul>\n<li>Detalles de pago (n\u00famero de cuenta bancaria);<\/li>\n<\/ul>\n<p>Para que podamos cancelar y agregar las donaciones al IBAN correcto.<\/p>\n<ul>\n<li>Datos de identificaci\u00f3n electr\u00f3nica y datos t\u00e9cnicos (direcci\u00f3n IP y ubicaci\u00f3n).<\/li>\n<\/ul>\n<p>Para que podamos prevenir y detectar el fraude y para que podamos darle una idea de d\u00f3nde se realiz\u00f3 la donaci\u00f3n.<\/p>\n<p>\u00bfHa organizado una campa\u00f1a de donaci\u00f3n usted mismo? Luego recopilamos la siguiente informaci\u00f3n de usted:<\/p>\n<ul>\n<li>Datos de identificaci\u00f3n personal (nombre y datos de inicio de sesi\u00f3n).<\/li>\n<\/ul>\n<p>Usamos su nombre para dirigirnos a usted amablemente y podemos mostrarle a otros usuarios qui\u00e9n es usted. Su contrase\u00f1a se almacena encriptada para que solo usted pueda acceder a ella.<\/p>\n<ul>\n<li>Datos de contacto (n\u00famero de tel\u00e9fono y direcci\u00f3n de correo electr\u00f3nico);<\/li>\n<\/ul>\n<p>Para que podamos identificarlo cuando inicie sesi\u00f3n y enviarle correos electr\u00f3nicos de servicio. Adem\u00e1s, puede suscribirse a la actualizaci\u00f3n peri\u00f3dica por correo electr\u00f3nico, con la cual ocasionalmente le enviamos una actualizaci\u00f3n con los desarrollos y proyectos m\u00e1s interesantes de la plataforma. Por supuesto, puede darse de baja de esto en cualquier momento a trav\u00e9s de su cuenta.<\/p>\n<ul>\n<li><a href=\"https:\/\/whydonate.com\/es\/account\/login\" target=\"_blank\" rel=\"noopener\">Detalles de pago<\/a> (n\u00famero de cuenta bancaria);<\/li>\n<\/ul>\n<p>Para que podamos cancelar y agregar las donaciones al IBAN correcto.<\/p>\n<ul>\n<li>Datos de identificaci\u00f3n electr\u00f3nica y datos t\u00e9cnicos (direcci\u00f3n IP y ubicaci\u00f3n).<\/li>\n<li>Para que podamos prevenir y detectar el fraude y para que podamos darle una idea de d\u00f3nde se realiz\u00f3 la donaci\u00f3n.<\/li>\n<li>Datos de perfil;<\/li>\n<\/ul>\n<p>En su perfil, puede compartir m\u00e1s informaci\u00f3n sobre usted y la organizaci\u00f3n ben\u00e9fica para que otros usuarios puedan ver qui\u00e9n es usted y cu\u00e1l es el prop\u00f3sito. Esto nos permite vincular los objetivos con los donantes de una manera m\u00e1s espec\u00edfica.<\/p>\n<p>Usted decide qu\u00e9 informaci\u00f3n de su perfil es visible para otros usuarios. Entonces, si no desea compartir informaci\u00f3n personal con otros usuarios, no tiene que hacerlo. Queremos asegurarnos de que est\u00e9 satisfecho con toda la experiencia de nuestra plataforma, por lo que si desea mantener en secreto su identidad como partidario \/ donante, esto es posible. Por ejemplo, puede hacer una donaci\u00f3n an\u00f3nima. Entonces su nombre no se mostrar\u00e1 con la donaci\u00f3n. Foto de archivo &#8211; Foto de archivo &#8211; Fotos de archivo<\/p>\n<hr \/>\n<h2>Prop\u00f3sito de la Recopilaci\u00f3n de Datos Personales<\/h2>\n<p>Utilizamos estos datos personales para proporcionar el mejor servicio posible y mantener la plataforma lo m\u00e1s f\u00e1cil de usar posible. Procesamos sus datos para los siguientes prop\u00f3sitos:<\/p>\n<ul>\n<li><a href=\"https:\/\/whydonate.com\/es\/account\/register\" target=\"_blank\" rel=\"noopener\">Manejo correcto de las donaciones<\/a>: administraci\u00f3n de donaciones, apoyo, monitoreo de quejas, env\u00edo de mensajes de servicio;<\/li>\n<li>Seguridad y protecci\u00f3n contra fraudes y delitos;<\/li>\n<li>Experiencia de usuario personalizada, marketing, publicidad y bolet\u00edn informativo si usted ha aceptado expresamente esto. En ese caso, puede retirar su consentimiento en cualquier momento.<\/li>\n<li>Fines estad\u00edsticos<\/li>\n<\/ul>\n<p>Los datos personales recopilados por nosotros no se almacenar\u00e1n m\u00e1s tiempo del necesario para los fines anteriores.<\/p>\n<hr \/>\n<h2>Sobre qu\u00e9 Base Legal Recopilamos sus Datos Personales?<\/h2>\n<p>De acuerdo con la legislaci\u00f3n de privacidad, procesamos sus datos personales seg\u00fan los siguientes principios:<\/p>\n<ul>\n<li>Basado en la ejecuci\u00f3n de un acuerdo con usted, por ejemplo, si realiza una donaci\u00f3n o desea establecer una recaudaci\u00f3n de fondos;<\/li>\n<li>Basado en el cumplimiento de las disposiciones legales o reglamentarias, por ejemplo, la prevenci\u00f3n del fraude.<\/li>\n<li>Basado en nuestro inter\u00e9s leg\u00edtimo, por ejemplo, para mantenerlo informado de una causa que ha apoyado.<\/li>\n<li>Basado en su consentimiento expreso.<\/li>\n<\/ul>\n<hr \/>\n<h2>Se Compartir\u00e1n mis Datos con Terceros?<\/h2>\n<p>Solo compartimos sus datos personales con terceros que nos respaldan en nuestro proceso comercial y con quienes hemos celebrado un acuerdo de procesamiento. Considere, por ejemplo, nuestra fiesta de alojamiento web o el proveedor de pagos. Nunca vendemos ni compartimos su informaci\u00f3n para fines de marketing de terceros.<\/p>\n<p>Adem\u00e1s, las organizaciones ben\u00e9ficas pueden ver el nombre de las personas que han hecho una donaci\u00f3n, a menos que el donante lo haga de forma an\u00f3nima.<\/p>\n<p>Nunca publicamos mensajes en su cuenta en Facebook, Twitter, Whatsapp, Google+, LinkedIn u otras redes sociales sin su permiso. Si utiliza botones de redes sociales en nuestro sitio web, por ejemplo, para compartir una acci\u00f3n, tenga en cuenta que estos botones se realizan mediante un c\u00f3digo proporcionado por las propias redes sociales. Lea la declaraci\u00f3n de privacidad de estas compa\u00f1\u00edas de redes sociales para saber c\u00f3mo manejan sus datos personales.<\/p>\n<hr \/>\n<h2>Medidas de Seguridad<\/h2>\n<p>Tomamos las medidas de seguridad adecuadas para proteger sus datos personales. Por ejemplo, siempre hace una donaci\u00f3n con nosotros a trav\u00e9s de un entorno de pago seguro. De esta manera, otros no tendr\u00e1n la oportunidad de mirar en secreto. Sus datos de transacci\u00f3n se env\u00edan encriptados a trav\u00e9s de Internet a trav\u00e9s de SSL (Secure Socket Layers). Puede reconocer la conexi\u00f3n SSL segura mediante https: \/\/ en la barra de direcciones de su direcci\u00f3n.<\/p>\n<p>La plataforma est\u00e1 alojada por nuestro socio confiable Google, utilizando nuestro centro de datos en B\u00e9lgica. Como resultado, los servidores donde se almacenan los datos se encuentran dentro del Espacio Econ\u00f3mico Europeo (EEE).<\/p>\n<hr \/>\n<h2>Tus Derechos<\/h2>\n<p>Cuando procesamos sus datos, tiene varios derechos que puede invocar:<\/p>\n<ul>\n<li>Tiene derecho a recibir una explicaci\u00f3n sobre los datos personales que tenemos sobre usted y lo que hacemos con ellos;<\/li>\n<li>Puede solicitarnos que veamos la informaci\u00f3n que tenemos sobre usted;<\/li>\n<li>Puede tener errores en sus datos corregidos;<\/li>\n<li>Puede haber eliminado datos personales obsoletos;<\/li>\n<li>Puedes retirar tu consentimiento;<\/li>\n<li>Puede oponerse a cierto uso de sus datos;<\/li>\n<li>Puede solicitarnos que le transfiramos sus datos.<\/li>\n<\/ul>\n<p>Puede ejercer algunos de estos derechos usted mismo si tiene una cuenta en nuestro sitio web. Puede enviar otras solicitudes a trav\u00e9s de nuestro formulario de contacto. Procesaremos su solicitud dentro de un mes. Con las solicitudes anteriores, le pediremos que lo identifique, para que podamos estar seguros de que no modificamos ni eliminamos datos de la persona equivocada.<\/p>\n<p>Si tiene una queja sobre la forma en que procesamos sus datos personales, nos gustar\u00eda saber de usted, para que podamos buscar una soluci\u00f3n juntos. Tambi\u00e9n es libre de presentar una queja ante la autoridad supervisora.<\/p>\n<p>Esta Pol\u00edtica de privacidad fue modificada por \u00faltima vez el <span>27-10-2025<\/span>.<\/p>\n<\/div><\/div><\/div><\/div><\/div><div class=\"w-tabs-section\" id=\"w081\"><button class=\"w-tabs-section-header\" aria-controls=\"content-w081\" aria-expanded=\"false\"><div class=\"w-tabs-section-title\">Pol\u00edtica de cookies<\/div><div class=\"w-tabs-section-control\"><\/div><\/button><div  class=\"w-tabs-section-content\" id=\"content-w081\"><div class=\"w-tabs-section-content-h i-cf\"><div class=\"wpb_text_column\"><div class=\"wpb_wrapper\"><h2>Cookies<\/h2>\n<p>Las cookies son peque\u00f1os archivos de texto temporales para su computadora. Utilizamos diferentes cookies, como cookies funcionales y anal\u00edticas. Usted es libre de deshabilitar las cookies en su navegador. Tenga en cuenta que la plataforma no siempre funciona de manera \u00f3ptima.<\/p>\n<p><strong>Cookies Tecnicas<\/strong><\/p>\n<p>Al usar las cookies t\u00e9cnicas, lo reconocemos cuando visita nuestra plataforma una vez m\u00e1s y no tiene que ingresar la misma informaci\u00f3n una y otra vez. Tambi\u00e9n nos ayuda a aprender c\u00f3mo usar nuestro sitio para que podamos mejorarlo continuamente y hacerlo m\u00e1s f\u00e1cil de usar para usted.<\/p>\n<p><strong>Cookies Anal\u00edticas<\/strong><\/p>\n<p>WhyDonate utiliza Google Analytics para el an\u00e1lisis estad\u00edstico de c\u00f3mo utiliza los servicios de WhyDonate. Google Analytics recopila informaci\u00f3n sobre c\u00f3mo navega, cu\u00e1nto tiempo pasa en nuestra plataforma y diferentes p\u00e1ginas, desde qu\u00e9 sitio web visit\u00f3 el sitio web de Whydonate, la fecha y la hora en que usa WhyDonate, el tipo de navegador utilizado y la direcci\u00f3n IP de su tel\u00e9fono m\u00f3vil, PC o tableta y sitios web que visita despu\u00e9s de usar la plataforma WhyDonate. Esta informaci\u00f3n se recopila y analiza para mejorar la facilidad de uso de la plataforma WhyDonate y mejorar las actividades de marketing de WhyDonate. Esa informaci\u00f3n es almacenada por Google en los Estados Unidos. Hemos concluido un acuerdo de procesador con Google, en el que se han hecho acuerdos sobre el manejo de los datos. Google no tiene permitido utilizar la informaci\u00f3n obtenida para otros servicios de Google. Puede encontrar m\u00e1s informaci\u00f3n sobre c\u00f3mo procesa Google los datos en la pol\u00edtica de privacidad de Google.<\/p>\n<p><strong>Cookie De Marketing<\/strong><\/p>\n<p>Usamos un p\u00edxel de Facebook para hacer coincidir las publicaciones y anuncios de Facebook con el comportamiento de los visitantes en nuestro sitio web Whydonate.<\/p>\n<h2>Preguntas, Comentarios O Consejos?<\/h2>\n<p>Si tiene alguna pregunta, comentario o sugerencia, \u00a1no lo dude y cont\u00e1ctenos!<\/p>\n<p>Foto de archivo &#8211; Foto de archivo &#8211; Fotos de archivo<br \/>\nFundaci\u00f3n Whydonate<br \/>\nSitio web: <a href=\"https:\/\/whydonate.com\/es\/\" target=\"_blank\" rel=\"noopener\">whydonate.com<\/a>.<br \/>\nCorreo electr\u00f3nico: <a href=\"hello@whydonate.com\" target=\"_blank\" rel=\"noopener\">hello@whydonate.com<\/a><br \/>\nN\u00famero de tel\u00e9fono: +31 (0) 85744 1174<\/p>\n<\/div><\/div><\/div><\/div><\/div><\/div><\/div><\/div><\/div><\/div><\/div><\/div><\/section>\n","protected":false},"excerpt":{"rendered":"Declaraci\u00f3n De Privacidad Y Pol\u00edtica De Cookies Tratamos sus datos personales de manera confidencial. Pol\u00edtica de privacidadPol\u00edtica de cookiesPol\u00edtica de privacidadPol\u00edtica De Privacidad Whydonate.nl es un servicio de la Fundaci\u00f3n Whydonate. Estamos ubicados en Johan Huizingalaan 763A, en Amsterdam. Proteger sus datos personales es muy importante para nosotros y solo usaremos sus datos para brindarle...","protected":false},"author":1,"featured_media":0,"parent":0,"menu_order":0,"comment_status":"closed","ping_status":"closed","template":"","meta":{"footnotes":""},"class_list":["post-40684","page","type-page","status-publish","hentry"],"_links":{"self":[{"href":"https:\/\/whydonate.com\/es\/wp-json\/wp\/v2\/pages\/40684","targetHints":{"allow":["GET"]}}],"collection":[{"href":"https:\/\/whydonate.com\/es\/wp-json\/wp\/v2\/pages"}],"about":[{"href":"https:\/\/whydonate.com\/es\/wp-json\/wp\/v2\/types\/page"}],"author":[{"embeddable":true,"href":"https:\/\/whydonate.com\/es\/wp-json\/wp\/v2\/users\/1"}],"replies":[{"embeddable":true,"href":"https:\/\/whydonate.com\/es\/wp-json\/wp\/v2\/comments?post=40684"}],"version-history":[{"count":2,"href":"https:\/\/whydonate.com\/es\/wp-json\/wp\/v2\/pages\/40684\/revisions"}],"predecessor-version":[{"id":421115,"href":"https:\/\/whydonate.com\/es\/wp-json\/wp\/v2\/pages\/40684\/revisions\/421115"}],"wp:attachment":[{"href":"https:\/\/whydonate.com\/es\/wp-json\/wp\/v2\/media?parent=40684"}],"curies":[{"name":"wp","href":"https:\/\/api.w.org\/{rel}","templated":true}]}}