{"id":338783,"date":"2024-05-13T11:42:28","date_gmt":"2024-05-13T10:42:28","guid":{"rendered":"https:\/\/whydonate.com\/?page_id=338783"},"modified":"2025-11-02T15:09:56","modified_gmt":"2025-11-02T14:09:56","slug":"ehdot-ja-edellytykset","status":"publish","type":"page","link":"https:\/\/whydonate.com\/fi\/ehdot-ja-edellytykset\/","title":{"rendered":"Terms &#038; Conditions FI"},"content":{"rendered":"<section class=\"l-section wpb_row height_small width_custom\" style=\"--site-content-width:1000px;\"><div class=\"l-section-h i-cf\"><div class=\"g-cols vc_row via_flex valign_top type_default stacking_default\"><div class=\"vc_col-sm-12 wpb_column vc_column_container\"><div class=\"vc_column-inner\"><div class=\"wpb_wrapper\"><div class=\"wpb_text_column\"><div class=\"wpb_wrapper\"><h1>K\u00e4ytt\u00f6ehdot \u2013 WhyDonate<\/h1>\n<p><strong>Viimeksi p\u00e4ivitetty:<\/strong> 29. lokakuuta 2025<\/p>\n<p>N\u00e4m\u00e4 k\u00e4ytt\u00f6ehdot koskevat WhyDonaten verkkopohjaisen varainkeruualustan k\u00e4ytt\u00f6\u00e4 sek\u00e4 lahjoittajien ett\u00e4 kampanjan j\u00e4rjest\u00e4jien osalta. K\u00e4ytt\u00e4m\u00e4ll\u00e4 alustaa hyv\u00e4ksyt n\u00e4m\u00e4 ehdot. Lue ne huolellisesti.<\/p>\n<hr \/>\n<h2>1. M\u00e4\u00e4ritelm\u00e4t<\/h2>\n<ul>\n<li><strong>WhyDonate:<\/strong> WhyDonate B.V. ja Stichting WhyDonate, toimipaikka Amsterdamissa, kaupparekisterinumero 58485317 \/ 58490280.<\/li>\n<li><strong>K\u00e4ytt\u00e4j\u00e4:<\/strong> Henkil\u00f6 tai oikeushenkil\u00f6, joka k\u00e4ytt\u00e4\u00e4 alustaa \u2013 mukaan lukien lahjoittajat ja j\u00e4rjest\u00e4j\u00e4t.<\/li>\n<li><strong>Kampanjan j\u00e4rjest\u00e4j\u00e4 (Hy\u00f6dynsaaja):<\/strong> Henkil\u00f6 tai organisaatio, jolla on sosiaalinen tai hyv\u00e4ntekev\u00e4isyystarkoitus ja joka ker\u00e4\u00e4 varoja WhyDonaten kautta.<\/li>\n<li><strong>Alusta:<\/strong> WhyDonaten ohjelmisto ja palvelut osoitteessa <a href=\"https:\/\/whydonate.com\" target=\"_blank\" rel=\"noopener\">https:\/\/whydonate.com<\/a>.<\/li>\n<li><strong>Maksupalveluntarjoaja:<\/strong> Stripe tai muu ulkoinen maksupalvelu, jota WhyDonate k\u00e4ytt\u00e4\u00e4.<\/li>\n<\/ul>\n<h2>2. Sopimus ja Soveltamisala<\/h2>\n<p>Kun luot tilin, teet lahjoituksen tai k\u00e4ynnist\u00e4t kampanjan, solmit sopimuksen WhyDonaten kanssa ja hyv\u00e4ksyt n\u00e4m\u00e4 ehdot.<\/p>\n<p>WhyDonate voi p\u00e4ivitt\u00e4\u00e4 ehtoja. Merkitt\u00e4vist\u00e4 muutoksista ilmoitetaan s\u00e4hk\u00f6postitse tai alustalla. Jatkamalla k\u00e4ytt\u00f6\u00e4 hyv\u00e4ksyt uudet ehdot.<\/p>\n<h2>3. Alustan K\u00e4ytt\u00f6<\/h2>\n<ul>\n<li>Antamiesi tietojen on oltava oikeita ja ajan tasalla.<\/li>\n<li>Alustaa ei saa k\u00e4ytt\u00e4\u00e4 laittomiin, harhaanjohtaviin tai kaupallisiin ei-hyv\u00e4ntekev\u00e4isyystarkoituksiin.<\/li>\n<li>Voimme poistaa, muokata tai hyl\u00e4t\u00e4 tilej\u00e4 tai kampanjoita, jotka rikkovat ehtoja tai lakia.<\/li>\n<\/ul>\n<h2>4. Kampanjat ja Sis\u00e4lt\u00f6<\/h2>\n<p>Kampanjoiden on:<\/p>\n<ul>\n<li>oltava l\u00e4pin\u00e4kyvi\u00e4 varojen k\u00e4yt\u00f6st\u00e4;<\/li>\n<li>ei saa sis\u00e4lt\u00e4\u00e4 harhaanjohtavaa tai vilpillist\u00e4 tietoa;<\/li>\n<li>ei saa sis\u00e4lt\u00e4\u00e4 vihapuhetta, seksuaalista, rasistista tai sopimatonta sis\u00e4lt\u00f6\u00e4.<\/li>\n<\/ul>\n<p>K\u00e4ytt\u00e4j\u00e4t vastaavat itse sis\u00e4ll\u00f6st\u00e4\u00e4n. WhyDonate tekee satunnaistarkistuksia ja reagoi valituksiin.<\/p>\n<h2>5. Lahjoitukset ja Maksut<\/h2>\n<ul>\n<li>Lahjoituksia ei palauteta, ellei petosta tai v\u00e4\u00e4rink\u00e4ytt\u00f6\u00e4 todisteta.<\/li>\n<li>Maksut suoritetaan viikoittain, kuukausittain tai pyynn\u00f6st\u00e4 hallintapaneelin kautta.<\/li>\n<li>Henkil\u00f6llisyys ja tilitiedot on vahvistettava ennen maksua.<\/li>\n<li>Maksutapahtumista veloitetaan ajankohtaisen hinnaston mukaan (ks. <a href=\"https:\/\/whydonate.com\/fi\/maksut\/\" target=\"_blank\" rel=\"noopener\">maksut<\/a>).<\/li>\n<li>Palautuksista veloitetaan: \u20ac7,50 (SEPA), \u20ac20 (luottokortti).<\/li>\n<\/ul>\n<h2>6. Palautusk\u00e4yt\u00e4nt\u00f6<\/h2>\n<ul>\n<li>Palautuksia tehd\u00e4\u00e4n vain todistetun petoksen tai v\u00e4\u00e4rink\u00e4yt\u00f6n tapauksissa ja vain, jos varoja ei ole viel\u00e4 maksettu ulos.<\/li>\n<li>Pyynn\u00f6t osoitteeseen <a href=\"mailto:hello@whydonate.com\">hello@whydonate.com<\/a>. WhyDonate arvioi ja vastaa tapauskohtaisesti.<\/li>\n<\/ul>\n<h2>7. Petokset, V\u00e4\u00e4rink\u00e4ytt\u00f6 ja Valvonta<\/h2>\n<p>Voimme:<\/p>\n<ul>\n<li>j\u00e4\u00e4dytt\u00e4\u00e4 tai poistaa tilej\u00e4 ja kampanjoita;<\/li>\n<li>pid\u00e4tt\u00e4\u00e4 tai peri\u00e4 takaisin maksuja;<\/li>\n<li>jakaa tietoja viranomaisille;<\/li>\n<li>ryhty\u00e4 oikeustoimiin.<\/li>\n<\/ul>\n<h2>8. Immateriaalioikeudet<\/h2>\n<ul>\n<li>Kaikki alustan sis\u00e4lt\u00f6 kuuluu WhyDonatelle tai sen lisenssinantajille.<\/li>\n<li>L\u00e4hetetty materiaali antaa WhyDonatelle maksuttoman, ei-yksinomaisen lisenssin palvelun toteuttamiseksi.<\/li>\n<li>Et saa kopioida, muokata tai k\u00e4ytt\u00e4\u00e4 alustan sis\u00e4lt\u00f6\u00e4 ilman kirjallista lupaa.<\/li>\n<\/ul>\n<h2>9. Viestint\u00e4<\/h2>\n<ul>\n<li>Viestimme kanssasi s\u00e4hk\u00f6postitse ja WhatsAppin kautta liittyen lahjoituksiin, p\u00e4ivityksiin ja palveluilmoituksiin.<\/li>\n<li>Voit kielt\u00e4yty\u00e4 ei-v\u00e4ltt\u00e4m\u00e4tt\u00f6mist\u00e4 viesteist\u00e4 asetuksistasi.<\/li>\n<\/ul>\n<h2>10. Henkil\u00f6tiedot ja Tietosuoja<\/h2>\n<ul>\n<li>K\u00e4sittelemme tietoja GDPR:n mukaisesti.<\/li>\n<li>Tietoja jaetaan vain tarpeen mukaan (esim. maksujen k\u00e4sittelyyn).<\/li>\n<li>Donor details are visible to organizers unless the donation is anonymous.<\/li>\n<li>J\u00e4rjest\u00e4j\u00e4t vastaavat tietojen lainmukaisesta k\u00e4sittelyst\u00e4.<\/li>\n<li>Katso <a href=\"https:\/\/whydonate.com\/fi\/yksityisyys-ja-evasteet\/\" target=\"_blank\" rel=\"noopener\">t\u00e4ydet tiedot<\/a> tietosuojak\u00e4yt\u00e4nn\u00f6st\u00e4mme.<\/li>\n<\/ul>\n<h2>11. <span> Asiakasvarojen Suojaaminen<\/span><\/h2>\n<p>WhyDonate:ssa varojen turvallisuus ja asianmukainen k\u00e4sittely ovat meille ensisijaisen t\u00e4rkeit\u00e4. T\u00e4ss\u00e4 osiossa kerromme, miten suojaamme kaikki kampanjasi kautta ker\u00e4tyt lahjoitukset.<\/p>\n<ul>\n<li class=\"ds-markdown-paragraph\"><strong><span>Eristetty tili Varojasi Varten: <\/span><\/strong><span>Kaikki lahjoitukset, jotka tehd\u00e4\u00e4n varainkeruukampanjoihin, s\u00e4ilytet\u00e4\u00e4n erillisell\u00e4 pankkitilill\u00e4, jota hallinnoi riippumaton kolmas osapuoli. T\u00e4m\u00e4 tili on t\u00e4ysin erillinen WhyDonate:n omista liiketileist\u00e4. T\u00e4m\u00e4 tarkoittaa, ett\u00e4 lahjoittajien rahat pidet\u00e4\u00e4n t\u00e4ysin erill\u00e4\u00e4n eik\u00e4 niit\u00e4 koskaan k\u00e4ytet\u00e4 yrityksen toiminnallisiin kuluihin.<\/span><\/li>\n<li class=\"ds-markdown-paragraph\"><strong><span>Riippumaton Hallinnointi: <\/span><\/strong><span>T\u00e4m\u00e4 rakenne varmistaa, ett\u00e4 varat ovat suojattuja ja niit\u00e4 hallinnoidaan ainoastaan siin\u00e4 tarkoituksessa, ett\u00e4 ne siirret\u00e4\u00e4n sinulle \u2013 vahvistetulle kampanjan j\u00e4rjest\u00e4j\u00e4lle tai edunsaajalle.<\/span><\/li>\n<li class=\"ds-markdown-paragraph\"><strong><span>Maksunk\u00e4sittelij\u00e4mme: <\/span><\/strong><span>WhyDonate k\u00e4ytt\u00e4\u00e4 Stripea, kansainv\u00e4lisesti tunnettua ja s\u00e4\u00e4nnelty\u00e4 maksupalveluntarjoajaa, joka k\u00e4sittelee kaikki taloudelliset tapahtumat. Stripe tarjoaa ja yll\u00e4pit\u00e4\u00e4 erillist\u00e4 kolmannen osapuolen tili\u00e4, jolla varasi s\u00e4ilytet\u00e4\u00e4n turvallisesti ennen niiden siirtoa sinulle.<\/span><\/li>\n<li class=\"ds-markdown-paragraph\"><strong><span>Sinun Turvasi: <\/span><\/strong><span>Varojen erottelu takaa, ett\u00e4:<\/span><\/li>\n<\/ul>\n<ol>\n<li class=\"ds-markdown-paragraph\"><span>Lahjoitukset ker\u00e4t\u00e4\u00e4n ja s\u00e4ilytet\u00e4\u00e4n sinun puolestasi.<\/span><\/li>\n<li class=\"ds-markdown-paragraph\"><span>Varat ovat turvassa, eik\u00e4 WhyDonate voi k\u00e4ytt\u00e4\u00e4 tai siirt\u00e4\u00e4 niit\u00e4 muihin tarkoituksiin.<\/span><\/li>\n<li class=\"ds-markdown-paragraph\"><span>Varat voidaan maksaa vain sinulle \u2013 vahvistetulle kampanjan luojalle \u2013 tai nime\u00e4m\u00e4llesi edunsaajalle.<\/span><\/li>\n<\/ol>\n<p class=\"ds-markdown-paragraph\">T\u00e4m\u00e4 menettely on suunniteltu noudattamaan rahoitusalan s\u00e4\u00e4d\u00f6ksi\u00e4 ja varmistamaan t\u00e4ydellinen l\u00e4pin\u00e4kyvyys ja turvallisuus sek\u00e4 varainkeruun j\u00e4rjest\u00e4jille ett\u00e4 heid\u00e4n lahjoittajilleen.<\/p>\n<h2>12. Vastuunrajoitus<\/h2>\n<ul>\n<li>Vastaamme vain suorista vahingoista, enint\u00e4\u00e4n kyseisen lahjoituksen m\u00e4\u00e4r\u00e4ll\u00e4.<\/li>\n<li>Emme vastaa ep\u00e4suorista vahingoista tai kolmansien osapuolten toimista.<\/li>\n<li>T\u00e4m\u00e4 ei koske t\u00f6rke\u00e4\u00e4 huolimattomuutta tai tahallisuutta.<\/li>\n<\/ul>\n<h2>13. Riitatilanteet<\/h2>\n<ul>\n<li>N\u00e4ihin ehtoihin sovelletaan Alankomaiden lakia.<\/li>\n<li>Pyrimme ratkaisemaan riidat sovinnollisesti.<\/li>\n<li>Tarvittaessa riidat k\u00e4sitell\u00e4\u00e4n Amsterdamin tai Haarlem\u2019n tuomioistuimessa.<\/li>\n<\/ul>\n<h2>14. Yhteystiedot<\/h2>\n<ul>\n<li>S\u00e4hk\u00f6posti: <a href=\"mailto:hello@whydonate.com\">hello@whydonate.com<\/a><\/li>\n<li><a href=\"https:\/\/helpdesk.whydonate.com\/en\/\" target=\"_blank\" rel=\"noopener\">Asiakastuki<\/a><\/li>\n<\/ul>\n<\/div><\/div><\/div><\/div><\/div><\/div><\/div><\/section>\n","protected":false},"excerpt":{"rendered":"K\u00e4ytt\u00f6ehdot \u2013 WhyDonate Viimeksi p\u00e4ivitetty: 29. lokakuuta 2025 N\u00e4m\u00e4 k\u00e4ytt\u00f6ehdot koskevat WhyDonaten verkkopohjaisen varainkeruualustan k\u00e4ytt\u00f6\u00e4 sek\u00e4 lahjoittajien ett\u00e4 kampanjan j\u00e4rjest\u00e4jien osalta. K\u00e4ytt\u00e4m\u00e4ll\u00e4 alustaa hyv\u00e4ksyt n\u00e4m\u00e4 ehdot. Lue ne huolellisesti. 1. M\u00e4\u00e4ritelm\u00e4t WhyDonate: WhyDonate B.V. ja Stichting WhyDonate, toimipaikka Amsterdamissa, kaupparekisterinumero 58485317 \/ 58490280. K\u00e4ytt\u00e4j\u00e4: Henkil\u00f6 tai oikeushenkil\u00f6, joka k\u00e4ytt\u00e4\u00e4 alustaa \u2013 mukaan lukien lahjoittajat ja...","protected":false},"author":45,"featured_media":0,"parent":0,"menu_order":0,"comment_status":"closed","ping_status":"closed","template":"","meta":{"footnotes":""},"class_list":["post-338783","page","type-page","status-publish","hentry"],"_links":{"self":[{"href":"https:\/\/whydonate.com\/fi\/wp-json\/wp\/v2\/pages\/338783","targetHints":{"allow":["GET"]}}],"collection":[{"href":"https:\/\/whydonate.com\/fi\/wp-json\/wp\/v2\/pages"}],"about":[{"href":"https:\/\/whydonate.com\/fi\/wp-json\/wp\/v2\/types\/page"}],"author":[{"embeddable":true,"href":"https:\/\/whydonate.com\/fi\/wp-json\/wp\/v2\/users\/45"}],"replies":[{"embeddable":true,"href":"https:\/\/whydonate.com\/fi\/wp-json\/wp\/v2\/comments?post=338783"}],"version-history":[{"count":11,"href":"https:\/\/whydonate.com\/fi\/wp-json\/wp\/v2\/pages\/338783\/revisions"}],"predecessor-version":[{"id":417926,"href":"https:\/\/whydonate.com\/fi\/wp-json\/wp\/v2\/pages\/338783\/revisions\/417926"}],"wp:attachment":[{"href":"https:\/\/whydonate.com\/fi\/wp-json\/wp\/v2\/media?parent=338783"}],"curies":[{"name":"wp","href":"https:\/\/api.w.org\/{rel}","templated":true}]}}