{"id":340068,"date":"2024-05-20T08:47:50","date_gmt":"2024-05-20T07:47:50","guid":{"rendered":"https:\/\/whydonate.com\/?page_id=340068"},"modified":"2025-11-06T07:58:38","modified_gmt":"2025-11-06T06:58:38","slug":"yksityisyys-ja-evasteet","status":"publish","type":"page","link":"https:\/\/whydonate.com\/fi\/yksityisyys-ja-evasteet\/","title":{"rendered":"Privacy and Cookie FI"},"content":{"rendered":"<section class=\"l-section wpb_row us_custom_fb609693 about-page-section-first height_huge\"><div class=\"l-section-overlay\" style=\"background:#363398\"><\/div><div class=\"l-section-h i-cf\"><div class=\"g-cols vc_row via_flex valign_top type_default stacking_default\"><div class=\"vc_col-sm-6 wpb_column vc_column_container\"><div class=\"vc_column-inner us_custom_ec1e580b\"><div class=\"wpb_wrapper\"><div class=\"wpb_text_column us_custom_cdf14ffd\"><div class=\"wpb_wrapper\"><h1><span style=\"color: #32bf55;\">Tietosuoja- Ja Ev\u00e4stelausunto<\/span><\/h1>\n<h3><span style=\"color: #ffffff;\">K\u00e4sittelemme Henkil\u00f6tietojasi Luottamuksellisesti.<\/span><\/h3>\n<p>&nbsp;<\/p>\n<\/div><\/div><\/div><\/div><\/div><div class=\"vc_col-sm-6 wpb_column vc_column_container\"><div class=\"vc_column-inner\"><div class=\"wpb_wrapper\"><\/div><\/div><\/div><\/div><\/div><\/section><section class=\"l-section wpb_row us_custom_2eec13b6 height_small\"><div class=\"l-section-h i-cf\"><div class=\"g-cols vc_row via_flex valign_top type_default stacking_default\"><div class=\"vc_col-sm-12 wpb_column vc_column_container\"><div class=\"vc_column-inner\"><div class=\"wpb_wrapper\"><div class=\"w-tabs layout_hor style_trendy switch_click has_scrolling\" style=\"--sections-title-size:1em\"><div class=\"w-tabs-list items_2 align_justify\" style=\"text-transform:uppercase;\"><div class=\"w-tabs-list-h\"><button class=\"w-tabs-item active\" aria-controls=\"content-bb38\" aria-expanded=\"false\"><span class=\"w-tabs-item-title\">Tietosuojalausunto<\/span><\/button><button class=\"w-tabs-item\" aria-controls=\"content-pd26\" aria-expanded=\"false\"><span class=\"w-tabs-item-title\">Ev\u00e4steet<\/span><\/button><\/div><\/div><div class=\"w-tabs-sections titles-align_none icon_chevron cpos_right\"><div class=\"w-tabs-section active\" id=\"bb38\"><button class=\"w-tabs-section-header active\" aria-controls=\"content-bb38\" aria-expanded=\"true\"><div class=\"w-tabs-section-title\">Tietosuojalausunto<\/div><div class=\"w-tabs-section-control\"><\/div><\/button><div  class=\"w-tabs-section-content\" id=\"content-bb38\"><div class=\"w-tabs-section-content-h i-cf\"><div class=\"wpb_text_column\"><div class=\"wpb_wrapper\"><h2>Tietosuojalausunto<\/h2>\n<p><b>whydonate.com on WhyDonate-s\u00e4\u00e4ti\u00f6n palvelu. Rekister\u00f6ity toimipisteemme on osoitteessa Johan Huizingalaan 763A, Amsterdamissa. <\/b><\/p>\n<p><b>Pid\u00e4mme henkil\u00f6tietojesi suojelua t\u00e4rke\u00e4n\u00e4 ja k\u00e4yt\u00e4mme tietojasi ainoastaan palveluidemme tarjoamiseen, k\u00e4ytt\u00f6kokemuksesi optimoimiseen ja palveluidemme parantamiseen. T\u00e4ss\u00e4 tietosuojalausunnossa haluamme selvent\u00e4\u00e4, mink\u00e4laisia henkil\u00f6tietoja ker\u00e4\u00e4mme, miksi teemme niin ja miten suojaamme tietojasi.<\/b><\/p>\n<p><span style=\"font-weight: 400;\">T\u00e4t\u00e4 tietosuojak\u00e4yt\u00e4nt\u00f6\u00e4 voidaan p\u00e4ivitt\u00e4\u00e4 tulevaisuudessa. Pid\u00e4t\u00e4mme oikeuden tehd\u00e4 muutoksia t\u00e4h\u00e4n tietosuojak\u00e4yt\u00e4nt\u00f6\u00f6n milloin tahansa. Merkitt\u00e4v\u00e4t muutokset ilmoitetaan aina. Suosittelemme tutustumaan t\u00e4h\u00e4n asiakirjaan s\u00e4\u00e4nn\u00f6llisesti.<\/span><\/p>\n<p>Jos sinulla on tietosuojaan liittyvi\u00e4 kysymyksi\u00e4, k\u00e4yt\u00e4 yhteydenottolomaketta tai soita numeroon +31 (0)857441174<\/p>\n<hr \/>\n<h2>Millaisia henkil\u00f6tietoja WhyDonate ker\u00e4\u00e4?<\/h2>\n<p><span style=\"font-weight: 400;\">K\u00e4sittelemme ja ker\u00e4\u00e4mme vain sellaisia henkil\u00f6tietoja, jotka ovat v\u00e4ltt\u00e4m\u00e4tt\u00f6mi\u00e4 niiden tarkoituksiin, joihin niit\u00e4 k\u00e4sitell\u00e4\u00e4n:<\/span><\/p>\n<p><span style=\"font-weight: 400;\">Jos olet lahjoittaja, ker\u00e4\u00e4mme seuraavat henkil\u00f6tiedot: <\/span><\/p>\n<ul>\n<li style=\"font-weight: 400;\"><span style=\"font-weight: 400;\">Henkil\u00f6llisyystiedot: (nimi);<\/span><\/li>\n<\/ul>\n<p>K\u00e4yt\u00e4mme nime\u00e4si sinun oikein puhuttelemiseen ja n\u00e4ytt\u00e4\u00e4ksemme rahastolle, kuka lahjoitti (ellei lahjoittaja ole anonyymi)<\/p>\n<ul>\n<li style=\"font-weight: 400;\"><span style=\"font-weight: 400;\">Yhteystiedot (s\u00e4hk\u00f6postiosoite); <\/span><\/li>\n<\/ul>\n<p><span style=\"font-weight: 400;\">N\u00e4it\u00e4 tietoja k\u00e4ytet\u00e4\u00e4n palveluviestien l\u00e4hett\u00e4miseen.<\/span><\/p>\n<ul>\n<li style=\"font-weight: 400;\"><span style=\"font-weight: 400;\">Maksutiedot (IBAN);<\/span><\/li>\n<\/ul>\n<p><span style=\"font-weight: 400;\">Jotta voimme veloittaa lahjoitukset ja siirt\u00e4\u00e4 ne oikealle IBAN-tilille.<\/span><\/p>\n<ul>\n<li style=\"font-weight: 400;\"><span style=\"font-weight: 400;\">Elektroninen tunnistetieto ja tekninen tieto (IP-osoite ja sijainti). <\/span><span style=\"font-weight: 400;\"><br \/>\n<\/span><span style=\"font-weight: 400;\">Ker\u00e4\u00e4mme n\u00e4m\u00e4 tiedot petosten est\u00e4miseksi ja saadaksemme k\u00e4sityksen lahjoittajan sijainnista. <\/span><\/li>\n<\/ul>\n<p><span style=\"font-weight: 400;\"><br \/>\n<\/span><span style=\"font-weight: 400;\">Jos aloitat varainkeruun, ker\u00e4\u00e4mme seuraavat henkil\u00f6tiedot:<\/span><\/p>\n<ul>\n<li style=\"font-weight: 400;\"><span style=\"font-weight: 400;\">Henkil\u00f6llisyystiedot: (nimi, kirjautumistiedot);<\/span><\/li>\n<\/ul>\n<p><span style=\"font-weight: 400;\">K\u00e4yt\u00e4mme nime\u00e4si sinun oikein puhuttelemiseen ja n\u00e4ytt\u00e4\u00e4ksemme muille k\u00e4ytt\u00e4jille kuka olet. Salasanasi tallennetaan salattuna, joten vain sin\u00e4 p\u00e4\u00e4set siihen k\u00e4siksi; ei me emmek\u00e4 muut. <\/span><\/p>\n<ul>\n<li style=\"font-weight: 400;\"><span style=\"font-weight: 400;\">Yhteystiedot (s\u00e4hk\u00f6postiosoite); <\/span><\/li>\n<\/ul>\n<p><span style=\"font-weight: 400;\">N\u00e4it\u00e4 tietoja k\u00e4ytet\u00e4\u00e4n tunnistamaan sinut, kun kirjaudut sis\u00e4\u00e4n ja l\u00e4hett\u00e4\u00e4ksemme sinulle palveluviestej\u00e4. Lis\u00e4ksi voit tilata s\u00e4\u00e4nn\u00f6lliset s\u00e4hk\u00f6postip\u00e4ivitykset. T\u00e4m\u00e4 tarkoittaa, ett\u00e4 l\u00e4het\u00e4mme sinulle ajoittain p\u00e4ivityksen mielenkiintoisimmista kehityksist\u00e4 ja projekteista alustalla. Voit milloin tahansa peruuttaa tilauksesi tilisi kautta.<\/span><\/p>\n<ul>\n<li style=\"font-weight: 400;\"><span style=\"font-weight: 400;\">Maksutiedot (IBAN);<\/span><\/li>\n<\/ul>\n<p><span style=\"font-weight: 400;\">Jotta voimme veloittaa lahjoitukset ja siirt\u00e4\u00e4 ne oikealle IBAN-tilille.<\/span><\/p>\n<ul>\n<li style=\"font-weight: 400;\"><span style=\"font-weight: 400;\">Elektroninen tunnistetieto ja tekninen tieto (IP-osoite ja sijainti). <\/span><span style=\"font-weight: 400;\"><br \/>\n<\/span><span style=\"font-weight: 400;\">Ker\u00e4\u00e4mme n\u00e4m\u00e4 tiedot petosten est\u00e4miseksi ja saadaksemme k\u00e4sityksen lahjoittajan sijainnista. <\/span><\/li>\n<li style=\"font-weight: 400;\"><span style=\"font-weight: 400;\">Profiilitiedot;<\/span><\/li>\n<\/ul>\n<p><span style=\"font-weight: 400;\">Voit lis\u00e4t\u00e4 profiiliisi lis\u00e4tietoja itsest\u00e4si ja hyv\u00e4ntekev\u00e4isyyskohteestasi, jotta muut k\u00e4ytt\u00e4j\u00e4t n\u00e4kev\u00e4t kuka olet ja mik\u00e4 on kyseinen syy. T\u00e4m\u00e4 helpottaa lahjoittajien ja kohteiden yhdist\u00e4mist\u00e4.<\/span><\/p>\n<p><span style=\"font-weight: 400;\">Sin\u00e4 p\u00e4\u00e4t\u00e4t, mitk\u00e4 profiilitietosi ovat muiden k\u00e4ytt\u00e4jien n\u00e4ht\u00e4vill\u00e4. Jos et halua jakaa henkil\u00f6kohtaisia tietojasi muiden k\u00e4ytt\u00e4jien kanssa, sinun ei tarvitse. Haluamme varmistaa, ett\u00e4 olet tyytyv\u00e4inen kokemukseesi alustallamme, joten jos haluat pit\u00e4\u00e4 tukijan\/donorin identiteettisi piilossa, teemme sen mahdolliseksi. T\u00e4m\u00e4 tarkoittaa, ett\u00e4 voit tehd\u00e4 anonyymin lahjoituksen. T\u00e4ss\u00e4 tapauksessa lahjoitukseen ei liitet\u00e4 nime\u00e4.<\/span><\/p>\n<hr \/>\n<h2>Tietojen k\u00e4sittelyn tavoite<\/h2>\n<p><span style=\"font-weight: 400;\">Ker\u00e4\u00e4mme sinusta henkil\u00f6tietoja k\u00e4ytt\u00e4j\u00e4n\u00e4 alustallamme tarjotaksemme turvallisen, optimaalisen ja k\u00e4ytt\u00e4j\u00e4yst\u00e4v\u00e4llisen kokemuksen. Tietojen k\u00e4sittely tapahtuu vain seuraaviin tarkkoihin tarkoituksiin:<\/span><\/p>\n<ul>\n<li style=\"font-weight: 400;\" aria-level=\"1\"><span style=\"font-weight: 400;\">Lahjoitusten asianmukainen k\u00e4sittely: lahjoitusten hallinta, tuki, valitusten seuranta ja palveluviestien l\u00e4hett\u00e4minen;<\/span><\/li>\n<li style=\"font-weight: 400;\" aria-level=\"1\"><span style=\"font-weight: 400;\">Turvallisuus ja suojautuminen petoksilta ja rikkomuksilta;<\/span><\/li>\n<li style=\"font-weight: 400;\" aria-level=\"1\"><span style=\"font-weight: 400;\">Personoitu k\u00e4ytt\u00e4j\u00e4kokemus, markkinointi, mainonta ja uutiskirjeet, jos olet nimenomaisesti tilannut n\u00e4m\u00e4. T\u00e4ss\u00e4 tapauksessa voit peruuttaa tilauksen milloin tahansa;<\/span><\/li>\n<li style=\"font-weight: 400;\" aria-level=\"1\"><span style=\"font-weight: 400;\">Tilastolliset tarkoitukset<\/span><\/li>\n<\/ul>\n<p>Ker\u00e4\u00e4mi\u00e4mme henkil\u00f6tietoja ei s\u00e4ilytet\u00e4 pidemp\u00e4\u00e4n kuin edell\u00e4 mainittuihin tarkoituksiin on tarpeen.<\/p>\n<hr \/>\n<h2>Mill\u00e4 oikeudellisella perusteella henkil\u00f6tietojani k\u00e4sitell\u00e4\u00e4n?<\/h2>\n<p><span style=\"font-weight: 400;\">Noudattaen yksityisyydensuojam\u00e4\u00e4r\u00e4yksi\u00e4 k\u00e4sittelemme henkil\u00f6tietojasi seuraavien perusteiden mukaisesti:<\/span><\/p>\n<ul>\n<li style=\"font-weight: 400;\" aria-level=\"1\"><span style=\"font-weight: 400;\">opimuksen t\u00e4ytt\u00e4minen kanssasi. Esimerkiksi silloin, kun teet lahjoituksen tai haluat aloittaa varainkeruukampanjan.<\/span><\/li>\n<li style=\"font-weight: 400;\" aria-level=\"1\"><span style=\"font-weight: 400;\">Lain tai s\u00e4\u00e4ntelyn vaatimusten noudattaminen;<\/span><\/li>\n<li style=\"font-weight: 400;\" aria-level=\"1\"><span style=\"font-weight: 400;\">Meid\u00e4n laillinen etumme, esimerkiksi pit\u00e4\u00e4ksemme sinut ajan tasalla tukemastasi varainkeruusta.<\/span><\/li>\n<li style=\"font-weight: 400;\" aria-level=\"1\"><span style=\"font-weight: 400;\">Sinun nimenomainen suostumuksesi.<\/span><\/li>\n<\/ul>\n<hr \/>\n<h2>Henkil\u00f6tietojen jakaminen kolmansien osapuolten kanssa<\/h2>\n<p><span style=\"font-weight: 400;\">Jaamme henkil\u00f6tietojasi vain kolmansille osapuolille, jotka tukevat meit\u00e4 liiketoimintaprosessissamme ja joiden kanssa meill\u00e4 on tietojenk\u00e4sittelysopimus. Ajattele esimerkiksi webhotellipalvelujamme tai maksupalveluntarjoajaamme. Emme koskaan myy tai jaa tietojasi kolmansien osapuolien markkinointitarkoituksiin.<\/span><\/p>\n<p><span style=\"font-weight: 400;\">Lis\u00e4ksi varainhankinnan j\u00e4rjest\u00e4j\u00e4 n\u00e4kee lahjoittajien nimet ja s\u00e4hk\u00f6postiosoitteet, ellei lahjoittaja tee lahjoitusta anonyymisti.<\/span><\/p>\n<p><span style=\"font-weight: 400;\">Emme koskaan julkaise viestej\u00e4 Facebook-, Twitter-, WhatsApp-, Google+, LinkedIn- tai muilla sosiaalisen median tileill\u00e4si ilman lupaasi. Jos k\u00e4yt\u00e4t sosiaalisen median painikkeita alustallamme, esimerkiksi jakamalla rahoitussivun, lue kyseisen sosiaalisen verkon painikkeen tietosuojalausunto.<\/span><\/p>\n<hr \/>\n<h2>Turvatoimet<\/h2>\n<p><span style=\"font-weight: 400;\">Henkil\u00f6tietojesi suojelemiseksi toteutamme asianmukaisia turvatoimia. Siksi k\u00e4yt\u00e4mme turvallista internet-ymp\u00e4rist\u00f6\u00e4 heti, kun aloitat lahjoituksesi maksamisen. SSL:n (Secure Socket Layers) avulla transaktiotiedot salataan ennen niiden l\u00e4hett\u00e4mist\u00e4 internetin kautta. Turvallisen SSL-yhteyden tunnistat osoiterivisi https:\/\/-alkuisesta osoitteesta.<\/span><\/p>\n<p><span style=\"font-weight: 400;\">Alustamme is\u00e4nn\u00f6innin suorittaa luotettava kumppanimme Google. K\u00e4yt\u00e4mme heid\u00e4n tietokeskustaan Belgiassa. T\u00e4m\u00e4 tarkoittaa, ett\u00e4 palvelimet, joilla tietoja s\u00e4ilytet\u00e4\u00e4n, sijaitsevat Euroopan talousalueen (ETA) sis\u00e4ll\u00e4. Toteutamme kaikki mahdolliset turvatoimet varmistaaksemme henkil\u00f6tietojesi turvallisuuden n\u00e4ill\u00e4 palvelimilla ja ETA:n sis\u00e4ll\u00e4.<\/span><\/p>\n<hr \/>\n<h2>Oikeutesi<\/h2>\n<p>Kun k\u00e4sittelemme henkil\u00f6tietojasi, sinua suojaa useita oikeuksia:<\/p>\n<ul>\n<li style=\"font-weight: 400;\" aria-level=\"1\"><span style=\"font-weight: 400;\">Sinulla on oikeus saada selitys k\u00e4sittelemist\u00e4mme henkil\u00f6tiedoista ja niiden k\u00e4sittelyn syist\u00e4;<\/span><\/li>\n<li style=\"font-weight: 400;\" aria-level=\"1\"><span style=\"font-weight: 400;\">Sinulla on oikeus pyyt\u00e4\u00e4 p\u00e4\u00e4sy\u00e4 henkil\u00f6tietoihisi;<\/span><\/li>\n<li style=\"font-weight: 400;\" aria-level=\"1\"><span style=\"font-weight: 400;\">Voit pyyt\u00e4\u00e4 vanhentuneiden henkil\u00f6tietojesi muokkaamista tai poistamista;<\/span><\/li>\n<li style=\"font-weight: 400;\" aria-level=\"1\"><span style=\"font-weight: 400;\">Voit peruuttaa suostumuksesi;<\/span><\/li>\n<li style=\"font-weight: 400;\" aria-level=\"1\"><span style=\"font-weight: 400;\">Voit pyyt\u00e4\u00e4 henkil\u00f6tietojesi k\u00e4sittelyn rajoittamista;<\/span><\/li>\n<li style=\"font-weight: 400;\" aria-level=\"1\"><span style=\"font-weight: 400;\">Sinulla on oikeus saada meilt\u00e4 toimittamasi henkil\u00f6tiedot j\u00e4sennellyss\u00e4, yleisesti k\u00e4yt\u00f6ss\u00e4 olevassa ja koneellisesti luettavassa muodossa<\/span><\/li>\n<\/ul>\n<p><span style=\"font-weight: 400;\">Voit itse k\u00e4ytt\u00e4\u00e4 useita n\u00e4ist\u00e4 oikeuksista, jos sinulla on tili alustallamme. Muussa tapauksessa voit ottaa meihin yhteytt\u00e4 k\u00e4ytt\u00e4m\u00e4ll\u00e4 yhteydenottolomakettamme. Toteutamme pyynt\u00f6si kuukauden kuluessa. Saatamme pyyt\u00e4\u00e4 sinua tunnistautumaan, jotta varmistamme, ettemme poista tai muokkaa v\u00e4\u00e4r\u00e4n henkil\u00f6n henkil\u00f6tietoja.<\/span><\/p>\n<p><span style=\"font-weight: 400;\">Jos sinulla on valituksia siit\u00e4, miten henkil\u00f6tietojasi k\u00e4sitell\u00e4\u00e4n, haluaisimme kuulla sinusta, jotta voimme l\u00f6yt\u00e4\u00e4 yhdess\u00e4 ratkaisun. Voit my\u00f6s vapaasti j\u00e4tt\u00e4\u00e4 valituksesi alustastamme Hollannin tietosuojaviranomaiselle.<\/span><\/p>\n<hr \/>\n<p><span style=\"font-weight: 400;\">T\u00e4m\u00e4 tietosuojak\u00e4yt\u00e4nt\u00f6 on viimeksi tarkistettu 27-10-2025.<\/span><\/p>\n<\/div><\/div><\/div><\/div><\/div><div class=\"w-tabs-section\" id=\"pd26\"><button class=\"w-tabs-section-header\" aria-controls=\"content-pd26\" aria-expanded=\"false\"><div class=\"w-tabs-section-title\">Ev\u00e4steet<\/div><div class=\"w-tabs-section-control\"><\/div><\/button><div  class=\"w-tabs-section-content\" id=\"content-pd26\"><div class=\"w-tabs-section-content-h i-cf\"><div class=\"wpb_text_column\"><div class=\"wpb_wrapper\"><h2>Ev\u00e4steet<\/h2>\n<p><span style=\"font-weight: 400;\">Ev\u00e4steet ovat pieni\u00e4 v\u00e4liaikaisia tekstitiedostoja tietokoneellesi. K\u00e4yt\u00e4mme erilaisia ev\u00e4steit\u00e4, kuten toiminnallisia ja analyyttisi\u00e4 ev\u00e4steit\u00e4. Voit halutessasi kytke\u00e4 ev\u00e4steet pois p\u00e4\u00e4lt\u00e4 selaimestasi. Huomioi kuitenkin, ett\u00e4 t\u00e4m\u00e4 saattaa tarkoittaa, ett\u00e4 alusta ei toimi odotetulla tavalla. <\/span><\/p>\n<p><b>Tekniset Ev\u00e4steet<br \/>\n<\/b><span style=\"font-weight: 400;\">Teknisten ev\u00e4steiden avulla tunnistamme sinut, kun vierailet alustallamme uudelleen, ja niiden avulla sinun ei tarvitse sy\u00f6tt\u00e4\u00e4 samoja tietoja uudestaan ja uudestaan. Ne auttavat meit\u00e4 my\u00f6s ymm\u00e4rt\u00e4m\u00e4\u00e4n, kuinka k\u00e4yt\u00e4t sivustoamme, joten voimme jatkuvasti parantaa sit\u00e4 ja tehd\u00e4 k\u00e4ytt\u00f6kokemuksesta k\u00e4ytt\u00e4j\u00e4yst\u00e4v\u00e4llisemm\u00e4n.<\/span><\/p>\n<p><b>Analyyttiset Ev\u00e4steet<\/b><span style=\"font-weight: 400;\"><br \/>\n<\/span><span style=\"font-weight: 400;\">WhyDonate k\u00e4ytt\u00e4\u00e4 Google Analyticsia tilastollisiin analyyseihin siit\u00e4, kuinka k\u00e4yt\u00e4t WhyDonate-palveluita. Google Analytics ker\u00e4\u00e4 tietoa siit\u00e4, kuinka navigoit verkkosivustolla, kuinka kauan viet\u00e4t alustalla, kuinka kauan viet\u00e4t tietyll\u00e4 sivulla, mik\u00e4 verkkosivusto ohjasi sinut WhyDonate-alustalle, k\u00e4ytetty selaimen tyyppi, mobiililaitteesi, tietokoneesi tai tablet-laitteesi IP-osoite ja ne verkkosivustot, joilla vierailet k\u00e4ytetty\u00e4si WhyDonate-alustaa. T\u00e4t\u00e4 tietoa ker\u00e4t\u00e4\u00e4n ja analysoidaan WhyDonate-alustan k\u00e4ytt\u00e4j\u00e4yst\u00e4v\u00e4llisyyden parantamiseksi ja WhyDonate-markkinointitoimintojen tehostamiseksi. Tiedot tallentaa Google Yhdysvalloissa. Turvallisen k\u00e4sittelyn varmistamiseksi Google kanssa tehd\u00e4\u00e4n tietojenk\u00e4sittelysopimus. Lis\u00e4ksi Googlelle ei ole sallittua k\u00e4ytt\u00e4\u00e4 k\u00e4siteltyj\u00e4 tietoja muihin palveluihin. Lis\u00e4tietoja Googlen tietojenk\u00e4sittelyst\u00e4 l\u00f6ytyy Googlen omasta tietosuojak\u00e4yt\u00e4nn\u00f6st\u00e4.\u00a0\u00a0<\/span><\/p>\n<p><b>Markkinointi Ev\u00e4ste<\/b><span style=\"font-weight: 400;\"><br \/>\n<\/span><span style=\"font-weight: 400;\">K\u00e4yt\u00e4mme Facebook-pikseli\u00e4 r\u00e4\u00e4t\u00e4l\u00f6im\u00e4\u00e4n Facebook-julkaisujamme ja mainoksiamme vierailuk\u00e4ytt\u00e4ytymiseen WhyDonate-verkkosivustollamme.<\/span><\/p>\n<h2><b>Kysymyksi\u00e4, Kommentteja Tai Vinkkej\u00e4?<\/b><\/h2>\n<p><span style=\"font-weight: 400;\">Jos sinulla on kysymyksi\u00e4, kommentteja tai vinkkej\u00e4, \u00e4l\u00e4 ep\u00e4r\u00f6i ottaa yhteytt\u00e4!<\/span><\/p>\n<p><span style=\"font-weight: 400;\">Stichting Whydonate<\/span><span style=\"font-weight: 400;\"><br \/>\n<\/span><span style=\"font-weight: 400;\">Verkkosivusto: <\/span><a href=\"https:\/\/whydonate.com\/?lang=en\"><span style=\"font-weight: 400;\">whydonate.com<\/span><\/a><span style=\"font-weight: 400;\">.<\/span><span style=\"font-weight: 400;\"><br \/>\n<\/span><span style=\"font-weight: 400;\">S\u00e4hk\u00f6posti: <\/span><a href=\"mailto:hello@whydonate.com\"><span style=\"font-weight: 400;\">hello@whydonate.com<\/span><span style=\"font-weight: 400;\"><br \/>\n<\/span><\/a><span style=\"font-weight: 400;\">Puhelinnumero: +31 (0)85 744 1174<\/span><\/p>\n<\/div><\/div><\/div><\/div><\/div><\/div><\/div><\/div><\/div><\/div><\/div><\/div><\/section>\n","protected":false},"excerpt":{"rendered":"Tietosuoja- Ja Ev\u00e4stelausunto K\u00e4sittelemme Henkil\u00f6tietojasi Luottamuksellisesti. &nbsp; TietosuojalausuntoEv\u00e4steetTietosuojalausuntoTietosuojalausunto whydonate.com on WhyDonate-s\u00e4\u00e4ti\u00f6n palvelu. Rekister\u00f6ity toimipisteemme on osoitteessa Johan Huizingalaan 763A, Amsterdamissa. Pid\u00e4mme henkil\u00f6tietojesi suojelua t\u00e4rke\u00e4n\u00e4 ja k\u00e4yt\u00e4mme tietojasi ainoastaan palveluidemme tarjoamiseen, k\u00e4ytt\u00f6kokemuksesi optimoimiseen ja palveluidemme parantamiseen. T\u00e4ss\u00e4 tietosuojalausunnossa haluamme selvent\u00e4\u00e4, mink\u00e4laisia henkil\u00f6tietoja ker\u00e4\u00e4mme, miksi teemme niin ja miten suojaamme tietojasi. T\u00e4t\u00e4 tietosuojak\u00e4yt\u00e4nt\u00f6\u00e4 voidaan p\u00e4ivitt\u00e4\u00e4 tulevaisuudessa. Pid\u00e4t\u00e4mme...","protected":false},"author":45,"featured_media":0,"parent":0,"menu_order":0,"comment_status":"closed","ping_status":"closed","template":"","meta":{"footnotes":""},"class_list":["post-340068","page","type-page","status-publish","hentry"],"_links":{"self":[{"href":"https:\/\/whydonate.com\/fi\/wp-json\/wp\/v2\/pages\/340068","targetHints":{"allow":["GET"]}}],"collection":[{"href":"https:\/\/whydonate.com\/fi\/wp-json\/wp\/v2\/pages"}],"about":[{"href":"https:\/\/whydonate.com\/fi\/wp-json\/wp\/v2\/types\/page"}],"author":[{"embeddable":true,"href":"https:\/\/whydonate.com\/fi\/wp-json\/wp\/v2\/users\/45"}],"replies":[{"embeddable":true,"href":"https:\/\/whydonate.com\/fi\/wp-json\/wp\/v2\/comments?post=340068"}],"version-history":[{"count":2,"href":"https:\/\/whydonate.com\/fi\/wp-json\/wp\/v2\/pages\/340068\/revisions"}],"predecessor-version":[{"id":418321,"href":"https:\/\/whydonate.com\/fi\/wp-json\/wp\/v2\/pages\/340068\/revisions\/418321"}],"wp:attachment":[{"href":"https:\/\/whydonate.com\/fi\/wp-json\/wp\/v2\/media?parent=340068"}],"curies":[{"name":"wp","href":"https:\/\/api.w.org\/{rel}","templated":true}]}}