{"id":236375,"date":"2022-08-18T14:14:34","date_gmt":"2022-08-18T13:14:34","guid":{"rendered":"https:\/\/whydonate.com\/confidentialite-fr-cookies\/"},"modified":"2025-11-24T08:50:52","modified_gmt":"2025-11-24T07:50:52","slug":"confidentialite-fr-cookies","status":"publish","type":"page","link":"https:\/\/whydonate.com\/fr\/confidentialite-fr-cookies\/","title":{"rendered":"Privacy &#038; cookies FR"},"content":{"rendered":"<section class=\"l-section wpb_row us_custom_fb609693 about-page-section-first height_huge\"><div class=\"l-section-overlay\" style=\"background:#363398\"><\/div><div class=\"l-section-h i-cf\"><div class=\"g-cols vc_row via_flex valign_top type_default stacking_default\"><div class=\"vc_col-sm-6 wpb_column vc_column_container\"><div class=\"vc_column-inner us_custom_ec1e580b\"><div class=\"wpb_wrapper\"><div class=\"wpb_text_column us_custom_cdf14ffd\"><div class=\"wpb_wrapper\"><h1><span style=\"color: #32bf55;\">D\u00e9claration de Confidentialit\u00e9 et Politique Relative Aux Cookies<\/span><\/h1>\n<h3><span style=\"color: #ffffff;\">Nous traitons vos donn\u00e9es personnelles de mani\u00e8re confidentielle.<\/span><\/h3>\n<\/div><\/div><\/div><\/div><\/div><div class=\"vc_col-sm-6 wpb_column vc_column_container\"><div class=\"vc_column-inner\"><div class=\"wpb_wrapper\"><\/div><\/div><\/div><\/div><\/div><\/section><section class=\"l-section wpb_row us_custom_2eec13b6 height_small\"><div class=\"l-section-h i-cf\"><div class=\"g-cols vc_row via_flex valign_top type_default stacking_default\"><div class=\"vc_col-sm-12 wpb_column vc_column_container\"><div class=\"vc_column-inner\"><div class=\"wpb_wrapper\"><div class=\"w-tabs layout_hor style_trendy switch_click has_scrolling\" style=\"--sections-title-size:1em\"><div class=\"w-tabs-list items_2 align_justify\" style=\"text-transform:uppercase;\"><div class=\"w-tabs-list-h\"><button class=\"w-tabs-item active\" aria-controls=\"content-a425\" aria-expanded=\"false\"><span class=\"w-tabs-item-title\">D\u00e9claration de Confidentialit\u00e9<\/span><\/button><button class=\"w-tabs-item\" aria-controls=\"content-l566\" aria-expanded=\"false\"><span class=\"w-tabs-item-title\">Cookies<\/span><\/button><\/div><\/div><div class=\"w-tabs-sections titles-align_none icon_chevron cpos_right\"><div class=\"w-tabs-section active\" id=\"a425\"><button class=\"w-tabs-section-header active\" aria-controls=\"content-a425\" aria-expanded=\"true\"><div class=\"w-tabs-section-title\">D\u00e9claration de Confidentialit\u00e9<\/div><div class=\"w-tabs-section-control\"><\/div><\/button><div  class=\"w-tabs-section-content\" id=\"content-a425\"><div class=\"w-tabs-section-content-h i-cf\"><div class=\"wpb_text_column\"><div class=\"wpb_wrapper\"><p><b>D\u00e9claration de Confidentialit\u00e9<\/b><\/p>\n<p><b>whydonate.com est un service de la fondation WhyDonate. Nous sommes enregistr\u00e9s \u00e0 Johan Huizingalaan 763A \u00e0 Amsterdam.<\/b><\/p>\n<p><b>Nous pensons qu&rsquo;il est important de prot\u00e9ger vos donn\u00e9es personnelles et nous n&rsquo;utiliserons vos donn\u00e9es que pour vous offrir nos services, optimiser votre exp\u00e9rience utilisateur et am\u00e9liorer nos services. Vous \u00eates \u00e9galement inform\u00e9s par rapport \u00e0 nos cookies. Dans cette d\u00e9claration de confidentialit\u00e9, nous aimerons clarifier quel type de donn\u00e9es personnelles nous collectons, pourquoi nous le faisons et comment nous prot\u00e9geons vos donn\u00e9es.<\/b><\/p>\n<p><span style=\"font-weight: 400;\">Cette politique de confidentialit\u00e9 peut \u00eatre mise \u00e0 jour \u00e0 l&rsquo;avenir. Nous nous r\u00e9servons le droit d&rsquo;apporter des modifications \u00e0 cette politique de confidentialit\u00e9 \u00e0 tout moment. Les changements majeurs seront toujours annonc\u00e9s. Nous vous recommandons de vous r\u00e9f\u00e9rer r\u00e9guli\u00e8rement \u00e0 ce document.<\/span><\/p>\n<p><span style=\"font-weight: 400;\">Si vous avez des questions relatives \u00e0 la confidentialit\u00e9 et aux cookies, veuillez utiliser le formulaire de contact ou appeler le +31 (0)857441174<\/span><\/p>\n<hr \/>\n<h2><span style=\"font-weight: 400;\">\u00a0<\/span><b>Quel type de donn\u00e9es personnelles WhyDonate collecte-t-elle ?<\/b><\/h2>\n<p><span style=\"font-weight: 400;\">\u00a0<\/span><span style=\"font-weight: 400;\">Nous ne traitons et ne collectons que les donn\u00e9es personnelles n\u00e9cessaires aux fins pour lesquelles elles sont trait\u00e9es :<\/span><\/p>\n<p><span style=\"font-weight: 400;\">\u00a0<\/span><span style=\"font-weight: 400;\">Si vous \u00eates un donateur, nous collectons les donn\u00e9es personnelles suivantes:<\/span><\/p>\n<ul>\n<li><span style=\"font-weight: 400;\"> \u00a0 \u00a0 <\/span><span style=\"font-weight: 400;\">Identification Personnelle: (nom);<\/span><\/li>\n<\/ul>\n<p><span style=\"font-weight: 400;\">Nous utilisons votre nom pour vous adresser correctement et indiquer \u00e0 la campagne de collecte de fonds qui a fait un don (sauf si le donateur est anonyme).<\/span><\/p>\n<ul>\n<li><span style=\"font-weight: 400;\">Information de Contact (Adresse mail) ;<\/span><\/li>\n<\/ul>\n<p><span style=\"font-weight: 400;\">Ces donn\u00e9es sont utilis\u00e9es pour vous envoyer des e-mails de service.<\/span><\/p>\n<ul>\n<li><span style=\"font-weight: 400;\">Information de Paiement (Code IBAN) ;<\/span><\/li>\n<\/ul>\n<p><span style=\"font-weight: 400;\">Cette information nous permet de d\u00e9biter les dons et de les transf\u00e9rer au code IBAN correct.<\/span><\/p>\n<ul>\n<li><span style=\"font-weight: 400;\">Information d\u2019identification \u00c9lectronique et technique (adresse IP et localisation).<br \/>\n<\/span>Nous collectons ces donn\u00e9es pour pr\u00e9venir toute sorte de fraudes et avoir un aper\u00e7u de la localisation du donateur.<\/li>\n<\/ul>\n<p><span style=\"font-weight: 400;\">Lorsque vous initiez une collecte de fonds, nous collectons les donn\u00e9es personnelles suivantes :<\/span><\/p>\n<ul>\n<li><span style=\"font-weight: 400;\">Identification Personnelle : (Nom, Informations d\u2019enregistrement);<\/span><\/li>\n<\/ul>\n<p><span style=\"font-weight: 400;\">Nous utilisons votre nom pour vous adresser correctement et montrer aux autres utilisateurs qui vous \u00eates. Votre mot de passe est enregistr\u00e9 de mani\u00e8re crypt\u00e9e afin que vous soyez le seul \u00e0 pouvoir y acc\u00e9der ; pas nous et pas quelqu&rsquo;un d&rsquo;autre, non plus.<\/span><\/p>\n<ul>\n<li><span style=\"font-weight: 400;\"> \u00a0 \u00a0 <\/span><span style=\"font-weight: 400;\">Information de Contact (Adresse \u00e9lectronique) ;<\/span><\/li>\n<\/ul>\n<p><span style=\"font-weight: 400;\">Ces donn\u00e9es sont utilis\u00e9es pour vous identifier, lorsque vous vous connectez et pour vous envoyer des e-mails de service. En outre, vous pouvez vous inscrire \u00e0 la mise \u00e0 jour r\u00e9guli\u00e8re des courriels. Cela signifie que nous vous enverrons occasionnellement une mise \u00e0 jour avec les d\u00e9veloppements et les projets les plus int\u00e9ressants sur la plateforme. Bien s\u00fbr, vous pouvez utiliser votre compte pour vous d\u00e9sabonner \u00e0 tout moment.<\/span><\/p>\n<ul>\n<li><span style=\"font-weight: 400;\">Information de Paiement (Code IBAN) ;<\/span><\/li>\n<\/ul>\n<p><span style=\"font-weight: 400;\">Elle nous permet de d\u00e9biter les dons et de les transf\u00e9rer au code IBAN correct.<\/span><\/p>\n<ul>\n<li><span style=\"font-weight: 400;\">Information d\u2019identification \u00c9lectronique et technique (adresse IP et localisation).<br \/>\n<\/span>Nous collectons ces donn\u00e9es pour vous pr\u00e9venir de toute sorte de fraudes et avoir un aper\u00e7u de la localisation du donateur.<\/li>\n<\/ul>\n<ul>\n<li><span style=\"font-weight: 400;\">Information sur le profil;<\/span><\/li>\n<\/ul>\n<p><span style=\"font-weight: 400;\">Vous pouvez ajouter plus d&rsquo;informations sur vous-m\u00eame et sur l&rsquo;organisme de bienfaisance sur votre profil afin que les autres utilisateurs puissent voir qui vous \u00eates et quelle est la cause. Cela nous permet de relier plus facilement les donateurs et les causes.<\/span><\/p>\n<p><span style=\"font-weight: 400;\">Vous d\u00e9cidez des types d\u2019informations de votre profil qui doivent \u00eatre visibles pour les autres utilisateurs. Ainsi, si vous ne souhaitez pas partager vos informations personnelles avec d&rsquo;autres utilisateurs, vous n&rsquo;\u00eates pas oblig\u00e9 de le faire. Nous voulons \u00eatre s\u00fbrs que vous \u00eates satisfaits de votre exp\u00e9rience sur notre plateforme. Raison pour laquelle, nous vous offrons la possibilit\u00e9 de masquer votre identit\u00e9 de donateur ou de supporter. Cela signifie que vous pouvez faire un don anonyme. Dans ce cas, aucun nom n&rsquo;est attribu\u00e9 \u00e0 votre don.<\/span><\/p>\n<hr \/>\n<h2><b>L\u2019Objectif du Traitement des Donn\u00e9es<\/b><\/h2>\n<p><span style=\"font-weight: 400;\">Nous collectons des donn\u00e9es personnelles vous concernant en tant qu&rsquo;utilisateur de notre plateforme afin de vous offrir une exp\u00e9rience s\u00fbre, optimale et conviviale. Le traitement des donn\u00e9es n&rsquo;a lieu qu&rsquo;aux fins sp\u00e9cifiques suivantes :<\/span><\/p>\n<ul>\n<li><span style=\"font-weight: 400;\">Traitement correct des dons : administration des dons, assistance, suivi des plaintes et envoi de messages de service ;<\/span><\/li>\n<li><span style=\"font-weight: 400;\">S\u00e9curit\u00e9 et protection contre la fraude et les violations ;<\/span><\/li>\n<li><span style=\"font-weight: 400;\">Exp\u00e9rience utilisateur personnalis\u00e9e, marketing, publicit\u00e9 et bulletins d&rsquo;information si vous vous y \u00eates explicitement inscrit. Dans ce cas, vous pouvez vous d\u00e9sinscrire \u00e0 tout moment ;<\/span><\/li>\n<li><span style=\"font-weight: 400;\">Des objectifs statistiques.<\/span><\/li>\n<\/ul>\n<hr \/>\n<h2><b>Sur quelle base juridique mes donn\u00e9es personnelles sont-elles trait\u00e9es?<\/b><\/h2>\n<p><span style=\"font-weight: 400;\">Conform\u00e9ment \u00e0 la r\u00e9glementation en mati\u00e8re de protection de la vie priv\u00e9e, nous traitons vos donn\u00e9es personnelles sur les bases suivantes :<\/span><\/p>\n<ul>\n<li><span style=\"font-weight: 400;\">L&rsquo;ex\u00e9cution d&rsquo;un accord avec vous. Par exemple, lorsque vous faites un don ou souhaitez lancer une campagne de collecte de fonds.<\/span><\/li>\n<li><span style=\"font-weight: 400;\">Le respect des exigences l\u00e9gales ou r\u00e9glementaires.<\/span><\/li>\n<li><span style=\"font-weight: 400;\">Notre int\u00e9r\u00eat l\u00e9gitime, par exemple pour vous tenir au courant d&rsquo;une collecte de fonds que vous avez soutenue.<\/span><\/li>\n<li><span style=\"font-weight: 400;\">Votre consentement explicite.<\/span><\/li>\n<\/ul>\n<hr \/>\n<h2><b>WhyDonate partage-t-elle mes donn\u00e9es personnelles avec des tiers ?<\/b><\/h2>\n<p><span style=\"font-weight: 400;\">Nous ne partageons vos donn\u00e9es personnelles qu&rsquo;avec des tiers qui nous soutiennent dans notre processus commercial et qui ont conclu un accord de traitement des donn\u00e9es avec nous. Pensez, par exemple, \u00e0 notre partie d&rsquo;h\u00e9bergement web ou au fournisseur des services de paiement. Nous ne vendons ni ne partageons jamais vos informations \u00e0 des fins de marketing pour des tiers.<\/span><\/p>\n<p><span style=\"font-weight: 400;\">En outre, l&rsquo;organisateur de la collecte de fonds peut voir le nom et l&rsquo;adresse \u00e9lectronique des donateurs, sauf si le donateur fait un don anonyme.\u00a0<\/span><\/p>\n<p><span style=\"font-weight: 400;\">Nous ne publierons jamais de messages sur vos comptes Facebook, Twitter, WhatsApp, Google+, LinkedIn ou autres m\u00e9dias sociaux sans votre autorisation. Si vous utilisez des boutons de m\u00e9dias sociaux sur notre plateforme, par exemple pour partager une page de financement, veuillez lire la d\u00e9claration de confidentialit\u00e9 du bouton du r\u00e9seau social que vous utilisez.<\/span><\/p>\n<hr \/>\n<h2><b>Mesures de S\u00e9curit\u00e9<\/b><\/h2>\n<p><span style=\"font-weight: 400;\">Toujours dans le but de prot\u00e9ger vos donn\u00e9es personnelles, nous prenons des mesures de s\u00e9curit\u00e9 appropri\u00e9es. Raison pour laquelle, nous utilisons un environnement internet s\u00e9curis\u00e9 d\u00e8s que vous commencez le paiement de votre don. Gr\u00e2ce au protocole SSL (Couches de sockets s\u00e9curis\u00e9e), les donn\u00e9es transactionnelles sont crypt\u00e9es avant d&rsquo;\u00eatre envoy\u00e9es sur Internet. Vous pouvez reconna\u00eetre la connexion s\u00e9curis\u00e9e SSL par le https:\/\/ dans le lien apparaissant dans votre barre d&rsquo;adresse.<\/span><\/p>\n<p><span style=\"font-weight: 400;\">L&rsquo;h\u00e9bergement de notre plateforme est r\u00e9alis\u00e9 par notre partenaire fiable Google. Nous utilisons leur centre de donn\u00e9es en Belgique. Cela signifie que les serveurs o\u00f9 les donn\u00e9es sont stock\u00e9es se trouvent dans l&rsquo;Espace \u00c9conomique Europ\u00e9en (EEE). Nous prenons toutes les mesures de s\u00e9curit\u00e9 possibles pour garantir la s\u00e9curit\u00e9 de vos donn\u00e9es personnelles sur ces serveurs et au sein de l&rsquo;EEE.<\/span><\/p>\n<hr \/>\n<h2><b>Vos Droits<\/b><\/h2>\n<p><span style=\"font-weight: 400;\">Lorsque nous traitons vos donn\u00e9es personnelles, vous \u00eates prot\u00e9g\u00e9 par un certain nombre de droits :<\/span><\/p>\n<ul>\n<li><span style=\"font-weight: 400;\">Vous avez le droit d&rsquo;obtenir une explication sur les donn\u00e9es personnelles que nous traitons et les raisons qui nous poussent ;<\/span><\/li>\n<li><span style=\"font-weight: 400;\">Vous avez le droit de demander l&rsquo;acc\u00e8s \u00e0 vos donn\u00e9es personnelles ;<\/span><\/li>\n<li><span style=\"font-weight: 400;\">Vous pouvez demander la modification ou la suppression de donn\u00e9es personnelles d\u00e9su\u00e8tes ;<\/span><\/li>\n<li><span style=\"font-weight: 400;\">Vous pouvez retirer votre consentement ;<\/span><\/li>\n<li><span style=\"font-weight: 400;\">Vous pouvez demander \u00e0 limiter le traitement de vos donn\u00e9es personnelles ;<\/span><\/li>\n<li><span style=\"font-weight: 400;\">Vous avez le droit d&rsquo;obtenir les donn\u00e9es personnelles qui nous sont fournies dans un format structur\u00e9, conventionnel et lisible par machine.<\/span><\/li>\n<\/ul>\n<p><span style=\"font-weight: 400;\">Vous pouvez exercer personnellement plusieurs de ces droits si vous avez un compte sur notre plateforme. Sinon, vous pouvez nous contacter en utilisant notre formulaire de contact. Nous donnerons suite \u00e0 votre demande dans un d\u00e9lai d&rsquo;un mois. Nous pouvons vous demander de vous identifier, afin de nous assurer que nous ne supprimons ou ne modifions pas les donn\u00e9es personnelles de la mauvaise personne.<\/span><\/p>\n<p><span style=\"font-weight: 400;\">Si vous avez une plainte \u00e0 formuler concernant la mani\u00e8re dont vos donn\u00e9es personnelles sont trait\u00e9es, nous aimerions l&rsquo;entendre, afin que nous puissions trouver une solution ensemble. Vous \u00eates \u00e9galement libre de soumettre votre plainte concernant notre plateforme \u00e0 l&rsquo;autorit\u00e9 de surveillance n\u00e9erlandaise en mati\u00e8re de vie priv\u00e9e.<\/span><\/p>\n<hr \/>\n<p><span style=\"font-weight: 400;\">La pr\u00e9sente politique ou d\u00e9claration de confidentialit\u00e9 a \u00e9t\u00e9 r\u00e9vis\u00e9e pour la derni\u00e8re fois le 27\/10\/2025.<\/span><\/p>\n<\/div><\/div><\/div><\/div><\/div><div class=\"w-tabs-section\" id=\"l566\"><button class=\"w-tabs-section-header\" aria-controls=\"content-l566\" aria-expanded=\"false\"><div class=\"w-tabs-section-title\">Cookies<\/div><div class=\"w-tabs-section-control\"><\/div><\/button><div  class=\"w-tabs-section-content\" id=\"content-l566\"><div class=\"w-tabs-section-content-h i-cf\"><div class=\"wpb_text_column\"><div class=\"wpb_wrapper\"><h2>Cookies<\/h2>\n<p>Les cookies sont de petits fichiers texte temporaires pour votre ordinateur. Nous utilisons diff\u00e9rents cookies, tels que des cookies fonctionnels et analytiques. Vous \u00eates libre de d\u00e9sactiver les cookies dans votre navigateur. Tenez compte du fait que cela pourrait signifier que la plate-forme ne fonctionne pas comme elle le devrait.<\/p>\n<p><strong>Cookies Techniques:<\/strong><br \/>\nEn utilisant des cookies techniques, nous vous reconnaissons lorsque vous visitez \u00e0 nouveau notre plateforme et cela vous \u00e9vite d&rsquo;avoir \u00e0 ressaisir les m\u00eames donn\u00e9es encore et encore. Cela nous aide \u00e9galement \u00e0 savoir comment vous utilisez notre site, afin que nous puissions continuellement l&rsquo;am\u00e9liorer et le rendre plus convivial.<\/p>\n<p><strong>Cookies Analytiques<\/strong><br \/>\nWhyDonate utilise Google Analytics pour des analyses statistiques de la fa\u00e7on dont vous utilisez les services WhyDonate. Google Analytics collecte des informations sur la fa\u00e7on dont vous naviguez sur le site Web, le temps que vous passez sur la plate-forme, le temps que vous passez sur une certaine page, le site Web qui vous a conduit \u00e0 la plate-forme WhyDonate, le type de navigateur utilis\u00e9, l&rsquo;adresse IP de votre t\u00e9l\u00e9phone mobile, ordinateur ou tablette, et des sites Web que vous visitez apr\u00e8s avoir utilis\u00e9 la plateforme WhyDonate. Ces informations sont collect\u00e9es et analys\u00e9es pour am\u00e9liorer la convivialit\u00e9 de la plateforme WhyDonate et pour am\u00e9liorer les activit\u00e9s marketing de WhyDonate. Les informations sont stock\u00e9es par Google aux \u00c9tats-Unis. Pour garantir un traitement s\u00fbr, un accord de traitement des donn\u00e9es est conclu avec Google. En outre, Google n&rsquo;est pas autoris\u00e9 \u00e0 utiliser les donn\u00e9es trait\u00e9es pour d&rsquo;autres services. Vous trouverez plus d&rsquo;informations sur le traitement des donn\u00e9es par Google dans la politique de confidentialit\u00e9 de Google.<\/p>\n<p><strong>Cookies Marketing<\/strong><br \/>\nNous utilisons un pixel Facebook pour adapter nos publications et publicit\u00e9s Facebook au comportement de visite sur notre site Web WhyDonate.<\/p>\n<h2>Questions, commentaires ou conseils?<\/h2>\n<p>Si vous avez des questions, des commentaires ou des conseils, n&rsquo;h\u00e9sitez pas \u00e0 nous contacter !<\/p>\n<p>WhyDonate<br \/>\nSite Web : <a href=\"https:\/\/whydonate.com\/fr\/\">www.whydonate.com<\/a><br \/>\nCourriel : <a href=\"hello@whydonate.com\">hello@whydonate.com<\/a><br \/>\nT\u00e9l\u00e9phone : +31 (0)85 744 1174<\/p>\n<\/div><\/div><\/div><\/div><\/div><\/div><\/div><\/div><\/div><\/div><\/div><\/div><\/section>\n","protected":false},"excerpt":{"rendered":"D\u00e9claration de Confidentialit\u00e9 et Politique Relative Aux Cookies Nous traitons vos donn\u00e9es personnelles de mani\u00e8re confidentielle. D\u00e9claration de Confidentialit\u00e9CookiesD\u00e9claration de Confidentialit\u00e9D\u00e9claration de Confidentialit\u00e9 whydonate.com est un service de la fondation WhyDonate. Nous sommes enregistr\u00e9s \u00e0 Johan Huizingalaan 763A \u00e0 Amsterdam. Nous pensons qu&rsquo;il est important de prot\u00e9ger vos donn\u00e9es personnelles et nous n&rsquo;utiliserons vos donn\u00e9es...","protected":false},"author":1,"featured_media":0,"parent":0,"menu_order":0,"comment_status":"closed","ping_status":"closed","template":"","meta":{"footnotes":""},"class_list":["post-236375","page","type-page","status-publish","hentry"],"_links":{"self":[{"href":"https:\/\/whydonate.com\/fr\/wp-json\/wp\/v2\/pages\/236375","targetHints":{"allow":["GET"]}}],"collection":[{"href":"https:\/\/whydonate.com\/fr\/wp-json\/wp\/v2\/pages"}],"about":[{"href":"https:\/\/whydonate.com\/fr\/wp-json\/wp\/v2\/types\/page"}],"author":[{"embeddable":true,"href":"https:\/\/whydonate.com\/fr\/wp-json\/wp\/v2\/users\/1"}],"replies":[{"embeddable":true,"href":"https:\/\/whydonate.com\/fr\/wp-json\/wp\/v2\/comments?post=236375"}],"version-history":[{"count":4,"href":"https:\/\/whydonate.com\/fr\/wp-json\/wp\/v2\/pages\/236375\/revisions"}],"predecessor-version":[{"id":418441,"href":"https:\/\/whydonate.com\/fr\/wp-json\/wp\/v2\/pages\/236375\/revisions\/418441"}],"wp:attachment":[{"href":"https:\/\/whydonate.com\/fr\/wp-json\/wp\/v2\/media?parent=236375"}],"curies":[{"name":"wp","href":"https:\/\/api.w.org\/{rel}","templated":true}]}}