{"id":380977,"date":"2024-12-15T10:44:50","date_gmt":"2024-12-15T09:44:50","guid":{"rendered":"https:\/\/whydonate.com\/?page_id=380977"},"modified":"2026-01-12T14:42:52","modified_gmt":"2026-01-12T13:42:52","slug":"felhasznalasi-feltetelek","status":"publish","type":"page","link":"https:\/\/whydonate.com\/hu\/felhasznalasi-feltetelek\/","title":{"rendered":"Felhaszn\u00e1l\u00e1si Felt\u00e9telek"},"content":{"rendered":"<section class=\"l-section wpb_row height_small width_custom\" style=\"--site-content-width:1000px;\"><div class=\"l-section-h i-cf\"><div class=\"g-cols vc_row via_flex valign_top type_default stacking_default\"><div class=\"vc_col-sm-12 wpb_column vc_column_container\"><div class=\"vc_column-inner\"><div class=\"wpb_wrapper\"><div class=\"wpb_text_column\"><div class=\"wpb_wrapper\"><h1>Szolg\u00e1ltat\u00e1si felt\u00e9telek \u2013 WhyDonate<\/h1>\n<p><strong>Utols\u00f3 friss\u00edt\u00e9s:<\/strong> 2025. Okt\u00f3ber 29.<\/p>\n<p>Ezek a Szolg\u00e1ltat\u00e1si felt\u00e9telek a WhyDonate online adom\u00e1nygy\u0171jt\u0151 platform haszn\u00e1lat\u00e1ra vonatkoznak mind adom\u00e1nyoz\u00f3k, mind kamp\u00e1nyszervez\u0151k sz\u00e1m\u00e1ra. A platform haszn\u00e1lat\u00e1val elfogadja ezeket a felt\u00e9teleket. K\u00e9rj\u00fck, olvassa el figyelmesen.<\/p>\n<hr \/>\n<h2>1. Fogalommeghat\u00e1roz\u00e1sok<\/h2>\n<ul>\n<li><strong>WhyDonate:<\/strong> WhyDonate B.V. \u00e9s Stichting WhyDonate, sz\u00e9khelye Amszterdam, C\u00e9gjegyz\u00e9ksz\u00e1m 58485317 \/ 58490280.<\/li>\n<li><strong>Felhaszn\u00e1l\u00f3:<\/strong> B\u00e1rmely term\u00e9szetes vagy jogi szem\u00e9ly, aki haszn\u00e1lja a platformot, bele\u00e9rtve az adom\u00e1nyoz\u00f3kat \u00e9s a szervez\u0151ket.<\/li>\n<li><strong>Kamp\u00e1nyszervez\u0151 (Kedvezm\u00e9nyezett):<\/strong> Olyan szem\u00e9ly vagy szervezet, amely t\u00e1rsadalmi vagy j\u00f3t\u00e9konys\u00e1gi c\u00e9lb\u00f3l gy\u0171jt p\u00e9nzt a WhyDonate seg\u00edts\u00e9g\u00e9vel.<\/li>\n<li><strong>Platform:<\/strong> A WhyDonate szoftver \u00e9s szolg\u00e1ltat\u00e1sok, amelyek el\u00e9rhet\u0151k a k\u00f6vetkez\u0151 c\u00edmen: <a href=\"https:\/\/whydonate.com\/hu\" target=\"_blank\" rel=\"noopener\">https:\/\/whydonate.com<\/a>.<\/li>\n<li><strong>Fizet\u00e9sfeldolgoz\u00f3:<\/strong> Stripe vagy b\u00e1rmely m\u00e1s k\u00fcls\u0151 fizet\u00e9si szolg\u00e1ltat\u00f3, amelyet a WhyDonate haszn\u00e1l.<\/li>\n<\/ul>\n<h2>2. Meg\u00e1llapod\u00e1s \u00e9s Hat\u00e1ly<\/h2>\n<p>Fi\u00f3k l\u00e9trehoz\u00e1s\u00e1val, adom\u00e1nyoz\u00e1ssal vagy kamp\u00e1ny ind\u00edt\u00e1s\u00e1val meg\u00e1llapod\u00e1st k\u00f6t a WhyDonate-tal, \u00e9s elfogadja ezeket a felt\u00e9teleket.<\/p>\n<p>A WhyDonate friss\u00edtheti ezeket a felt\u00e9teleket. A jelent\u0151s v\u00e1ltoz\u00e1sokr\u00f3l e-mailben vagy a platformon kereszt\u00fcl \u00e9rtes\u00edtj\u00fck. A platform tov\u00e1bbi haszn\u00e1lata a m\u00f3dos\u00edt\u00e1sok elfogad\u00e1s\u00e1t jelenti.<\/p>\n<h2>3. A Platform Haszn\u00e1lata<\/h2>\n<ul>\n<li>Minden megadott inform\u00e1ci\u00f3nak pontosnak \u00e9s naprak\u00e9sznek kell lennie.<\/li>\n<li>A platform nem haszn\u00e1lhat\u00f3 illeg\u00e1lis, megt\u00e9veszt\u0151 vagy nem j\u00f3t\u00e9konys\u00e1gi kereskedelmi c\u00e9lokra.<\/li>\n<li>Elt\u00e1vol\u00edthatjuk, szerkeszthetj\u00fck vagy elutas\u00edthatjuk azokat a fi\u00f3kokat vagy kamp\u00e1nyokat, amelyek megs\u00e9rtik ezeket a felt\u00e9teleket vagy a jogszab\u00e1lyokat.<\/li>\n<\/ul>\n<h2>4. Kamp\u00e1nyok \u00e9s Tartalom<\/h2>\n<p>A kamp\u00e1nyoknak:<\/p>\n<ul>\n<li>\u00c1tl\u00e1that\u00f3nak kell lenni\u00fck az adom\u00e1nyok felhaszn\u00e1l\u00e1s\u00e1t illet\u0151en;<\/li>\n<li>Nem tartalmazhatnak f\u00e9lrevezet\u0151 vagy csal\u00f3 inform\u00e1ci\u00f3kat;<\/li>\n<li>Nem tartalmazhatnak gy\u0171l\u00f6letkelt\u0151, szexu\u00e1lisan explicit, rasszista vagy m\u00e1s m\u00f3don nem megfelel\u0151 tartalmat.<\/li>\n<\/ul>\n<p>A felhaszn\u00e1l\u00f3k felel\u0151sek saj\u00e1t tartalmuk\u00e9rt. A WhyDonate v\u00e9letlenszer\u0171 ellen\u0151rz\u00e9seket v\u00e9gezhet, \u00e9s panaszok alapj\u00e1n int\u00e9zkedhet.<\/p>\n<h2>5. Adom\u00e1nyok \u00e9s Kifizet\u00e9sek<\/h2>\n<ul>\n<li>Az adom\u00e1nyok nem visszat\u00e9r\u00edthet\u0151k, kiv\u00e9ve igazolt csal\u00e1s vagy vissza\u00e9l\u00e9s eset\u00e9n.<\/li>\n<li>A kifizet\u00e9sek heti, havi vagy ig\u00e9ny szerinti gyakoris\u00e1ggal t\u00f6rt\u00e9nnek a kezel\u0151fel\u00fcleten kereszt\u00fcl.<\/li>\n<li>A kifizet\u00e9shez szem\u00e9lyazonoss\u00e1g- \u00e9s banksz\u00e1mla-ellen\u0151rz\u00e9s sz\u00fcks\u00e9ges.<\/li>\n<li>A tranzakci\u00f3s d\u00edjak a mindenkori d\u00edjszab\u00e1s szerint ker\u00fclnek levon\u00e1sra (l\u00e1sd <a href=\"https:\/\/whydonate.com\/hu\/dijak\/\" target=\"_blank\" rel=\"noopener\">d\u00edjak<\/a>).<\/li>\n<li>A visszaterhel\u00e9sek d\u00edjai: 7,50 \u20ac (SEPA), 20 \u20ac (hitelk\u00e1rtya).<\/li>\n<\/ul>\n<h2>6. Visszat\u00e9r\u00edt\u00e9si Szab\u00e1lyzat<\/h2>\n<ul>\n<li>Visszat\u00e9r\u00edt\u00e9s csak igazolt csal\u00e1s vagy vissza\u00e9l\u00e9s eset\u00e9n lehets\u00e9ges, \u00e9s csak akkor, ha az \u00f6sszeget m\u00e9g nem fizett\u00fck ki.<\/li>\n<li>K\u00e9relmeket a k\u00f6vetkez\u0151 c\u00edmre lehet beny\u00fajtani: <a href=\"mailto:hello@whydonate.com\">hello@whydonate.com<\/a>. A WhyDonate megvizsg\u00e1lja \u00e9s ennek megfelel\u0151en v\u00e1laszol.<\/li>\n<\/ul>\n<h2>7. Csal\u00e1s, Vissza\u00e9l\u00e9s \u00e9s \u00c9rv\u00e9nyes\u00edt\u00e9s<\/h2>\n<ul>\n<li>Fi\u00f3kok \u00e9s kamp\u00e1nyok felf\u00fcggeszt\u00e9se vagy megsz\u00fcntet\u00e9se;<\/li>\n<li>Kifizet\u00e9sek visszatart\u00e1sa vagy visszaszerz\u00e9se;<\/li>\n<li>Felhaszn\u00e1l\u00f3i adatok megoszt\u00e1sa a hat\u00f3s\u00e1gokkal;<\/li>\n<li>Jogi l\u00e9p\u00e9sek megt\u00e9tele.<\/li>\n<\/ul>\n<h2>8. Szellemi Tulajdon<\/h2>\n<ul>\n<li>A platform \u00f6sszes tartalma a WhyDonate vagy licencad\u00f3inak tulajdona.<\/li>\n<li>A felt\u00f6lt\u00f6tt anyagok ingyenes, nem kiz\u00e1r\u00f3lagos licencet biztos\u00edtanak a WhyDonate sz\u00e1m\u00e1ra a szolg\u00e1ltat\u00e1s ny\u00fajt\u00e1s\u00e1hoz.<\/li>\n<li>A platform tartalma nem m\u00e1solhat\u00f3, nem m\u00f3dos\u00edthat\u00f3 \u00e9s nem haszn\u00e1lhat\u00f3 fel \u00fajra \u00edr\u00e1sos enged\u00e9ly n\u00e9lk\u00fcl.<\/li>\n<\/ul>\n<h2>9. Kommunik\u00e1ci\u00f3<\/h2>\n<ul>\n<li>E-mailen \u00e9s WhatsApp-on kereszt\u00fcl kommunik\u00e1lunk az adom\u00e1nyokkal, friss\u00edt\u00e9sekkel \u00e9s szolg\u00e1ltat\u00e1si \u00e9rtes\u00edt\u00e9sekkel kapcsolatban.<\/li>\n<li>A nem l\u00e9nyeges \u00fczenetekr\u0151l a be\u00e1ll\u00edt\u00e1sokban leiratkozhat.<\/li>\n<\/ul>\n<h2>10. Szem\u00e9lyes Adatok \u00e9s Adatv\u00e9delem<\/h2>\n<ul>\n<li>Az adatokat a GDPR szerint kezelj\u00fck.<\/li>\n<li>Az adatok csak sz\u00fcks\u00e9g eset\u00e9n ker\u00fclnek megoszt\u00e1sra (pl. fizet\u00e9sfeldolgoz\u00e1s c\u00e9lj\u00e1b\u00f3l).<\/li>\n<li>Az adom\u00e1nyoz\u00f3k adatai l\u00e1that\u00f3k a szervez\u0151k sz\u00e1m\u00e1ra, kiv\u00e9ve anonim adom\u00e1ny eset\u00e9n.<\/li>\n<li>A szervez\u0151k felel\u0151sek az adatok jogszer\u0171 kezel\u00e9s\u00e9\u00e9rt.<\/li>\n<li>L\u00e1sd az <a href=\"https:\/\/whydonate.com\/privacy-and-cookies\/\" target=\"_blank\" rel=\"noopener\">Adatv\u00e9delmi szab\u00e1lyzatot<\/a> a r\u00e9szletek\u00e9rt.<\/li>\n<\/ul>\n<h2>11.<span>\u00a0<\/span><span> Az Ugyf\u00e9lvagyon \u00e9s P\u00e9nzeszk\u00f6z\u00f6k V\u00e9delme<\/span><\/h2>\n<p>A WhyDonate-n\u00e9l az \u00d6n \u00e1ltal gy\u0171jt\u00f6tt p\u00e9nzeszk\u00f6z\u00f6k biztons\u00e1ga \u00e9s megfelel\u0151 kezel\u00e9se a legfontosabb sz\u00e1munkra. Ez a szakasz bemutatja, mik\u00e9nt v\u00e9dj\u00fck a kamp\u00e1ny\u00e1n kereszt\u00fcl be\u00e9rkez\u0151 valamennyi adom\u00e1nyt.<\/p>\n<ul>\n<li class=\"ds-markdown-paragraph\"><strong><span>Elk\u00fcl\u00f6n\u00edtett sz\u00e1mla az \u00d6n p\u00e9nzeszk\u00f6zei sz\u00e1m\u00e1ra: <\/span><\/strong><span>Valamennyi, adom\u00e1nygy\u0171jt\u00e9sekre \u00e9rkezett adom\u00e1nyt k\u00fcl\u00f6n, harmadik f\u00e9l \u00e1ltal vezetett banksz\u00e1ml\u00e1n tartunk. Ez a sz\u00e1mla teljes m\u00e9rt\u00e9kben f\u00fcggetlen a WhyDonate saj\u00e1t \u00fczleti sz\u00e1ml\u00e1it\u00f3l. Ez azt jelenti, hogy az adom\u00e1nyoz\u00f3k p\u00e9nze teljesen elk\u00fcl\u00f6n\u00edtve marad, \u00e9s soha nem haszn\u00e1ljuk v\u00e1llalatunk m\u0171k\u00f6d\u00e9si k\u00f6lts\u00e9geinek fedez\u00e9s\u00e9re.<br \/>\n<\/span><\/li>\n<li class=\"ds-markdown-paragraph\"><strong><span>F\u00fcggetlen kezel\u00e9s: <\/span><\/strong><span>Ez a strukt\u00fara biztos\u00edtja, hogy a p\u00e9nzeszk\u00f6z\u00f6k v\u00e9dettek, \u00e9s kiz\u00e1r\u00f3lag az \u00d6nnek \u2013 az ellen\u0151rz\u00f6tt kamp\u00e1nyszervez\u0151nek vagy kedvezm\u00e9nyezettnek \u2013 t\u00f6rt\u00e9n\u0151 \u00e1tutal\u00e1s c\u00e9lj\u00e1b\u00f3l ker\u00fclnek kezel\u00e9sre.<br \/>\n<\/span><\/li>\n<li class=\"ds-markdown-paragraph\"><strong><span>Fizet\u00e9si szolg\u00e1ltat\u00f3nk: <\/span><\/strong><span>A WhyDonate a Stripe-ot, vil\u00e1gszerte elismert \u00e9s szab\u00e1lyozott fizet\u00e9si szolg\u00e1ltat\u00f3t haszn\u00e1lja valamennyi p\u00e9nz\u00fcgyi tranzakci\u00f3 kezel\u00e9s\u00e9re. A Stripe biztos\u00edtja \u00e9s fenntartja azt az elk\u00fcl\u00f6n\u00edtett, harmadik f\u00e9l \u00e1ltal vezetett sz\u00e1ml\u00e1t, ahol az \u00d6n p\u00e9nzeszk\u00f6zei biztons\u00e1gban vannak a kifizet\u00e9sig.<br \/>\n<\/span><\/li>\n<li class=\"ds-markdown-paragraph\"><strong><span>Az \u00d6n biztos\u00edt\u00e9ka: <\/span><\/strong><span>A p\u00e9nzeszk\u00f6z\u00f6k elk\u00fcl\u00f6n\u00edt\u00e9se garant\u00e1lja, hogy:<\/span><\/li>\n<\/ul>\n<ol>\n<li class=\"ds-markdown-paragraph\">Az adom\u00e1nyokat az \u00d6n jav\u00e1ra gy\u0171jtj\u00fck \u00e9s tartjuk elk\u00fcl\u00f6n\u00edtve.<\/li>\n<li class=\"ds-markdown-paragraph\">A p\u00e9nzeszk\u00f6z\u00f6k biztons\u00e1gban vannak, \u00e9s a WhyDonate nem f\u00e9rhet hozz\u00e1juk, illetve nem haszn\u00e1lhatja fel \u0151ket m\u00e1s c\u00e9lra.<\/li>\n<li class=\"ds-markdown-paragraph\">A p\u00e9nzeszk\u00f6z\u00f6k kiz\u00e1r\u00f3lag \u00d6nnek, az ellen\u0151rz\u00f6tt kamp\u00e1nyszervez\u0151nek, vagy az \u00d6n \u00e1ltal kijel\u00f6lt kedvezm\u00e9nyezettnek fizethet\u0151k ki.<\/li>\n<\/ol>\n<p class=\"ds-markdown-paragraph\">Ez a folyamat a p\u00e9nz\u00fcgyi el\u0151\u00edr\u00e1soknak val\u00f3 megfelel\u00e9sre, valamint a teljes \u00e1tl\u00e1that\u00f3s\u00e1g \u00e9s biztons\u00e1g biztos\u00edt\u00e1s\u00e1ra szolg\u00e1l mind az adom\u00e1nygy\u0171jt\u00e9sek kezdem\u00e9nyez\u0151i, mind azok adom\u00e1nyoz\u00f3i sz\u00e1m\u00e1ra.<\/p>\n<h2>12. Felel\u0151ss\u00e9g<\/h2>\n<ul>\n<li>Kiz\u00e1r\u00f3lag k\u00f6zvetlen k\u00e1rok\u00e9rt v\u00e1llalunk felel\u0151ss\u00e9get, legfeljebb az adott adom\u00e1ny \u00f6sszeg\u00e9ig.<\/li>\n<li>Nem v\u00e1llalunk felel\u0151ss\u00e9get k\u00f6zvetett k\u00e1rok\u00e9rt vagy harmadik felek cselekedetei\u00e9rt.<\/li>\n<li>Ez a kiz\u00e1r\u00e1s nem vonatkozik s\u00falyos gondatlans\u00e1g vagy sz\u00e1nd\u00e9koss\u00e1g eseteire.<\/li>\n<\/ul>\n<h2>13. Jogvit\u00e1k<\/h2>\n<ul>\n<li>Ezekre a felt\u00e9telekre a holland jog az ir\u00e1nyad\u00f3.<\/li>\n<li>C\u00e9lunk a vit\u00e1k b\u00e9k\u00e9s rendez\u00e9se.<\/li>\n<li>Sz\u00fcks\u00e9g eset\u00e9n a jogvit\u00e1kat az amszterdami vagy haarlemi b\u00edr\u00f3s\u00e1gok t\u00e1rgyalj\u00e1k.<\/li>\n<\/ul>\n<h2>14. Kapcsolat<\/h2>\n<ul>\n<li>Email: <a href=\"mailto:hello@whydonate.com\">hello@whydonate.com<\/a><\/li>\n<li><a href=\"https:\/\/helpdesk.whydonate.com\/hu\/\" target=\"_blank\" rel=\"noopener\">\u00dcgyf\u00e9lszolg\u00e1lat<\/a><\/li>\n<\/ul>\n<\/div><\/div><\/div><\/div><\/div><\/div><\/div><\/section>\n","protected":false},"excerpt":{"rendered":"Szolg\u00e1ltat\u00e1si felt\u00e9telek \u2013 WhyDonate Utols\u00f3 friss\u00edt\u00e9s: 2025. Okt\u00f3ber 29. Ezek a Szolg\u00e1ltat\u00e1si felt\u00e9telek a WhyDonate online adom\u00e1nygy\u0171jt\u0151 platform haszn\u00e1lat\u00e1ra vonatkoznak mind adom\u00e1nyoz\u00f3k, mind kamp\u00e1nyszervez\u0151k sz\u00e1m\u00e1ra. A platform haszn\u00e1lat\u00e1val elfogadja ezeket a felt\u00e9teleket. K\u00e9rj\u00fck, olvassa el figyelmesen. 1. Fogalommeghat\u00e1roz\u00e1sok WhyDonate: WhyDonate B.V. \u00e9s Stichting WhyDonate, sz\u00e9khelye Amszterdam, C\u00e9gjegyz\u00e9ksz\u00e1m 58485317 \/ 58490280. Felhaszn\u00e1l\u00f3: B\u00e1rmely term\u00e9szetes vagy jogi...","protected":false},"author":63,"featured_media":0,"parent":0,"menu_order":0,"comment_status":"closed","ping_status":"closed","template":"","meta":{"footnotes":""},"class_list":["post-380977","page","type-page","status-publish","hentry"],"_links":{"self":[{"href":"https:\/\/whydonate.com\/hu\/wp-json\/wp\/v2\/pages\/380977","targetHints":{"allow":["GET"]}}],"collection":[{"href":"https:\/\/whydonate.com\/hu\/wp-json\/wp\/v2\/pages"}],"about":[{"href":"https:\/\/whydonate.com\/hu\/wp-json\/wp\/v2\/types\/page"}],"author":[{"embeddable":true,"href":"https:\/\/whydonate.com\/hu\/wp-json\/wp\/v2\/users\/63"}],"replies":[{"embeddable":true,"href":"https:\/\/whydonate.com\/hu\/wp-json\/wp\/v2\/comments?post=380977"}],"version-history":[{"count":10,"href":"https:\/\/whydonate.com\/hu\/wp-json\/wp\/v2\/pages\/380977\/revisions"}],"predecessor-version":[{"id":423377,"href":"https:\/\/whydonate.com\/hu\/wp-json\/wp\/v2\/pages\/380977\/revisions\/423377"}],"wp:attachment":[{"href":"https:\/\/whydonate.com\/hu\/wp-json\/wp\/v2\/media?parent=380977"}],"curies":[{"name":"wp","href":"https:\/\/api.w.org\/{rel}","templated":true}]}}