{"id":421584,"date":"2025-12-18T13:31:19","date_gmt":"2025-12-18T12:31:19","guid":{"rendered":"https:\/\/whydonate.com\/?page_id=421584"},"modified":"2026-01-12T14:42:12","modified_gmt":"2026-01-12T13:42:12","slug":"adatvedelem-es-sutik","status":"publish","type":"page","link":"https:\/\/whydonate.com\/hu\/adatvedelem-es-sutik\/","title":{"rendered":"Adatv\u00e9delmi and Cookies"},"content":{"rendered":"<section class=\"l-section wpb_row us_custom_fb609693 about-page-section-first height_huge\"><div class=\"l-section-overlay\" style=\"background:#363398\"><\/div><div class=\"l-section-h i-cf\"><div class=\"g-cols vc_row via_flex valign_top type_default stacking_default\"><div class=\"vc_col-sm-6 wpb_column vc_column_container\"><div class=\"vc_column-inner us_custom_ec1e580b\"><div class=\"wpb_wrapper\"><div class=\"wpb_text_column us_custom_cdf14ffd\"><div class=\"wpb_wrapper\"><h1><span style=\"color: #32bf55;\">Adatv\u00e9delmi \u00e9s s\u00fcti nyilatkozat<\/span><\/h1>\n<h3><span style=\"color: #ffffff;\">Szem\u00e9lyes Adatait Teljes K\u00f6r\u0171en Bizalmasan Kezelj\u00fck.<\/span><\/h3>\n<\/div><\/div><\/div><\/div><\/div><div class=\"vc_col-sm-6 wpb_column vc_column_container\"><div class=\"vc_column-inner\"><div class=\"wpb_wrapper\"><\/div><\/div><\/div><\/div><\/div><\/section><section class=\"l-section wpb_row us_custom_2eec13b6 height_small\"><div class=\"l-section-h i-cf\"><div class=\"g-cols vc_row via_flex valign_top type_default stacking_default\"><div class=\"vc_col-sm-12 wpb_column vc_column_container\"><div class=\"vc_column-inner\"><div class=\"wpb_wrapper\"><div class=\"w-tabs layout_hor style_trendy switch_click has_scrolling\" style=\"--sections-title-size:1em\"><div class=\"w-tabs-list items_2 align_justify\" style=\"text-transform:uppercase;\"><div class=\"w-tabs-list-h\"><button class=\"w-tabs-item active\" aria-controls=\"content-1549542851243-7e0ec8d8-a1ee\" aria-expanded=\"false\"><span class=\"w-tabs-item-title\">Adatv\u00e9delmi Nyilatkozat<\/span><\/button><button class=\"w-tabs-item\" aria-controls=\"content-1549542851283-05b7eadc-890c\" aria-expanded=\"false\"><span class=\"w-tabs-item-title\">S\u00fctik<\/span><\/button><\/div><\/div><div class=\"w-tabs-sections titles-align_none icon_chevron cpos_right\"><div class=\"w-tabs-section active\" id=\"1549542851243-7e0ec8d8-a1ee\"><button class=\"w-tabs-section-header active\" aria-controls=\"content-1549542851243-7e0ec8d8-a1ee\" aria-expanded=\"true\"><div class=\"w-tabs-section-title\">Adatv\u00e9delmi Nyilatkozat<\/div><div class=\"w-tabs-section-control\"><\/div><\/button><div  class=\"w-tabs-section-content\" id=\"content-1549542851243-7e0ec8d8-a1ee\"><div class=\"w-tabs-section-content-h i-cf\"><div class=\"wpb_text_column\"><div class=\"wpb_wrapper\"><h2>Adatv\u00e9delmi Nyilatkozat<\/h2>\n<p><b>whydonate.com a WhyDonate szolg\u00e1ltat\u00e1sa. Sz\u00e9khely\u00fcnk Amszterdamban tal\u00e1lhat\u00f3, a Johan Huizingalaan 763A sz\u00e1m alatt. Fontosnak tartjuk szem\u00e9lyes adatainak v\u00e9delm\u00e9t, ez\u00e9rt adatait kiz\u00e1r\u00f3lag szolg\u00e1ltat\u00e1saink ny\u00fajt\u00e1s\u00e1hoz, a felhaszn\u00e1l\u00f3i \u00e9lm\u00e9ny optimaliz\u00e1l\u00e1s\u00e1hoz \u00e9s szolg\u00e1ltat\u00e1saink fejleszt\u00e9s\u00e9hez haszn\u00e1ljuk fel. Ebben az adatv\u00e9delmi nyilatkozatban szeretn\u00e9nk tiszt\u00e1zni, hogy milyen t\u00edpus\u00fa szem\u00e9lyes adatokat gy\u0171jt\u00fcnk, mi\u00e9rt tessz\u00fck ezt, \u00e9s hogyan v\u00e9dj\u00fck az \u00d6n adatait.<\/b><\/p>\n<p><span style=\"font-weight: 400;\">Ezt az Adatv\u00e9delmi Szab\u00e1lyzatot a j\u00f6v\u0151ben friss\u00edthetj\u00fck. Fenntartjuk a jogot, hogy b\u00e1rmikor m\u00f3dos\u00edtsuk a jelen Adatv\u00e9delmi Szab\u00e1lyzatot. A jelent\u0151sebb v\u00e1ltoztat\u00e1sokr\u00f3l minden esetben t\u00e1j\u00e9koztat\u00e1st adunk. Javasoljuk, hogy rendszeresen olvassa el ezt a dokumentumot. Amennyiben adatv\u00e9delemmel kapcsolatos k\u00e9rd\u00e9se van, k\u00e9rj\u00fck, haszn\u00e1lja a kapcsolatfelv\u00e9teli \u0171rlapot, vagy h\u00edvja a +31 (0)857441174-es telefonsz\u00e1mot.<br \/>\n<\/span><\/p>\n<hr \/>\n<h2>Milyen Szem\u00e9lyes Adatokat Gy\u0171jt a WhyDonate?<\/h2>\n<p data-path-to-node=\"2\">Kiz\u00e1r\u00f3lag olyan szem\u00e9lyes adatokat gy\u0171jt\u00fcnk \u00e9s dolgozunk fel, amelyek elengedhetetlenek az adatkezel\u00e9s c\u00e9ljainak megval\u00f3s\u00edt\u00e1s\u00e1hoz.<\/p>\n<p data-path-to-node=\"3\">Amennyiben \u00d6n adom\u00e1nyoz\u00f3, az al\u00e1bbi szem\u00e9lyes adatokat gy\u0171jtj\u00fck:<\/p>\n<ul>\n<li style=\"font-weight: 400;\"><span style=\"font-weight: 400;\">Szem\u00e9lyazonos\u00edt\u00f3 adatok: (n\u00e9v);<\/span><\/li>\n<\/ul>\n<p>A nev\u00e9t a megfelel\u0151 megsz\u00f3l\u00edt\u00e1shoz haszn\u00e1ljuk, valamint az\u00e9rt, hogy megmutassuk az alap\u00edtv\u00e1nynak, ki adom\u00e1nyozott (kiv\u00e9ve, ha az adom\u00e1nyoz\u00f3 n\u00e9vtelen marad).<\/p>\n<ul>\n<li style=\"font-weight: 400;\"><span style=\"font-weight: 400;\">Kapcsolattart\u00e1si adatok: (e-mail c\u00edm); <\/span><\/li>\n<\/ul>\n<p>Ezt az adatot szolg\u00e1ltat\u00e1ssal kapcsolatos e-mailek k\u00fcld\u00e9s\u00e9re haszn\u00e1ljuk.<\/p>\n<ul>\n<li style=\"font-weight: 400;\"><span style=\"font-weight: 400;\">Fizet\u00e9si adatok: (IBAN sz\u00e1mlasz\u00e1m);<\/span><\/li>\n<\/ul>\n<p>Annak \u00e9rdek\u00e9ben, hogy az adom\u00e1nyokat a megfelel\u0151 banksz\u00e1ml\u00e1r\u00f3l vonhassuk le, illetve oda utalhassuk \u00e1t.<\/p>\n<ul>\n<li style=\"font-weight: 400;\"><span style=\"font-weight: 400;\">Elektronikus azonos\u00edt\u00f3 adatok \u00e9s technikai inform\u00e1ci\u00f3k: (IP-c\u00edm \u00e9s tart\u00f3zkod\u00e1si hely). <\/span><span style=\"font-weight: 400;\"><br \/>\n<\/span>Ezeket az adatokat a csal\u00e1sok megel\u0151z\u00e9se \u00e9s az adom\u00e1nyoz\u00f3k f\u00f6ldrajzi elhelyezked\u00e9s\u00e9nek megismer\u00e9se \u00e9rdek\u00e9ben gy\u0171jtj\u00fck.<\/li>\n<\/ul>\n<p>Amennyiben \u00d6n gy\u0171jt\u00e9st ind\u00edt, az al\u00e1bbi szem\u00e9lyes adatokat gy\u0171jtj\u00fck:<\/p>\n<ul>\n<li style=\"font-weight: 400;\"><span style=\"font-weight: 400;\">Szem\u00e9lyazonos\u00edt\u00f3 adatok: (n\u00e9v, bejelentkez\u00e9si adatok);<\/span><\/li>\n<\/ul>\n<p>A nev\u00e9t a megfelel\u0151 megsz\u00f3l\u00edt\u00e1shoz haszn\u00e1ljuk, valamint az\u00e9rt, hogy m\u00e1s felhaszn\u00e1l\u00f3k l\u00e1ss\u00e1k, ki \u00d6n. Jelszav\u00e1t titkos\u00edtva t\u00e1roljuk, \u00edgy ahhoz csak \u00d6n f\u00e9rhet hozz\u00e1; mi \u00e9s harmadik felek nem.<\/p>\n<ul>\n<li style=\"font-weight: 400;\"><span style=\"font-weight: 400;\">Kapcsolattart\u00e1si adatok: (e-mail c\u00edm); <\/span><\/li>\n<\/ul>\n<p>Ezt az adatot az \u00d6n azonos\u00edt\u00e1s\u00e1ra haszn\u00e1ljuk bejelentkez\u00e9skor, valamint szolg\u00e1ltat\u00e1ssal kapcsolatos e-mailek k\u00fcld\u00e9s\u00e9re. Emellett feliratkozhat rendszeres e-mail h\u00edrlevel\u00fcnkre is, amelyben alkalmank\u00e9nt t\u00e1j\u00e9koztatjuk a platform leg\u00e9rdekesebb fejlem\u00e9nyeir\u0151l \u00e9s projektjeir\u0151l. Term\u00e9szetesen a fi\u00f3kj\u00e1ban b\u00e1rmikor leiratkozhat err\u0151l.<\/p>\n<ul>\n<li style=\"font-weight: 400;\"><span style=\"font-weight: 400;\">Fizet\u00e9si adatok: (IBAN sz\u00e1mlasz\u00e1m);<\/span><\/li>\n<\/ul>\n<p>Annak \u00e9rdek\u00e9ben, hogy az adom\u00e1nyokat a megfelel\u0151 banksz\u00e1ml\u00e1r\u00f3l vonhassuk le, illetve oda utalhassuk \u00e1t.<\/p>\n<ul>\n<li style=\"font-weight: 400;\"><span style=\"font-weight: 400;\">Elektronikus azonos\u00edt\u00f3 adatok \u00e9s technikai inform\u00e1ci\u00f3k: (IP-c\u00edm \u00e9s tart\u00f3zkod\u00e1si hely). <\/span><span style=\"font-weight: 400;\"><br \/>\n<\/span>Ezeket az adatokat a csal\u00e1sok megel\u0151z\u00e9se \u00e9s a gy\u0171jt\u0151k f\u00f6ldrajzi elhelyezked\u00e9s\u00e9nek megismer\u00e9se \u00e9rdek\u00e9ben gy\u0171jtj\u00fck.<\/li>\n<li style=\"font-weight: 400;\"><span style=\"font-weight: 400;\">Profilinform\u00e1ci\u00f3k;<\/span><\/li>\n<\/ul>\n<p>Tov\u00e1bbi inform\u00e1ci\u00f3kat adhat meg mag\u00e1r\u00f3l \u00e9s a j\u00f3t\u00e9konys\u00e1gi c\u00e9lr\u00f3l a profilj\u00e1n, hogy m\u00e1s felhaszn\u00e1l\u00f3k l\u00e1thass\u00e1k, ki \u00d6n \u00e9s mi a c\u00e9lja. Ez megk\u00f6nny\u00edti sz\u00e1munkra az adom\u00e1nyoz\u00f3k \u00e9s a c\u00e9lok \u00f6sszekapcsol\u00e1s\u00e1t.<\/p>\n<p data-path-to-node=\"8\">\u00d6n d\u00f6nti el, hogy profilj\u00e1nak mely adatai legyenek l\u00e1that\u00f3ak m\u00e1s felhaszn\u00e1l\u00f3k sz\u00e1m\u00e1ra. Ha teh\u00e1t nem szeretn\u00e9 megosztani szem\u00e9lyes adatait m\u00e1sokkal, nem k\u00f6telez\u0151. Biztosak akarunk lenni abban, hogy el\u00e9gedett a platformunkon szerzett tapasztalatokkal, ez\u00e9rt ha t\u00e1mogatottk\u00e9nt vagy adom\u00e1nyoz\u00f3k\u00e9nt el szeretn\u00e9 rejteni kil\u00e9t\u00e9t, ezt lehet\u0151v\u00e9 tessz\u00fck. Ez azt jelenti, hogy anonim adom\u00e1nyt is k\u00fcldhet; ebben az esetben az adom\u00e1nyhoz nem kapcsol\u00f3dik n\u00e9v.<\/p>\n<hr \/>\n<h2>Az Adatkezel\u00e9s C\u00e9lja<\/h2>\n<p>Platformunk felhaszn\u00e1l\u00f3jak\u00e9nt az\u00e9rt gy\u0171jt\u00fcnk \u00d6nre vonatkoz\u00f3 szem\u00e9lyes adatokat, hogy biztons\u00e1gos, optim\u00e1lis \u00e9s felhaszn\u00e1l\u00f3bar\u00e1t \u00e9lm\u00e9nyt ny\u00fajthassunk. Az adatkezel\u00e9s kiz\u00e1r\u00f3lag az al\u00e1bbi konkr\u00e9t c\u00e9lokb\u00f3l t\u00f6rt\u00e9nik:<\/p>\n<ul>\n<li style=\"font-weight: 400;\"><span style=\"font-weight: 400;\">Az adom\u00e1nyok megfelel\u0151 kezel\u00e9se: <\/span>Az adom\u00e1nyok adminisztr\u00e1ci\u00f3ja, \u00fcgyf\u00e9lszolg\u00e1lati t\u00e1mogat\u00e1s, panaszkezel\u00e9s, valamint szolg\u00e1ltat\u00e1ssal kapcsolatos \u00fczenetek k\u00fcld\u00e9se;<span style=\"font-weight: 400;\">;<\/span><\/li>\n<li>\n<p data-path-to-node=\"2,1,0\">Biztons\u00e1g, valamint a csal\u00e1sok \u00e9s jogs\u00e9rt\u00e9sek elleni v\u00e9delem;<\/p>\n<\/li>\n<li style=\"font-weight: 400;\">Szem\u00e9lyre szabott felhaszn\u00e1l\u00f3i \u00e9lm\u00e9ny, marketing, hirdet\u00e9sek \u00e9s h\u00edrlevelek, amennyiben \u00d6n ezekre kifejezetten feliratkozott. Ebben az esetben a hozz\u00e1j\u00e1rul\u00e1s\u00e1t b\u00e1rmikor visszavonhatja;<\/li>\n<li>\n<p data-path-to-node=\"2,3,0\">Statisztikai c\u00e9lok az \u00e1ltalunk gy\u0171jt\u00f6tt szem\u00e9lyes adatokat nem t\u00e1roljuk tov\u00e1bb, mint ameddig az a fent eml\u00edtett c\u00e9lok el\u00e9r\u00e9s\u00e9hez sz\u00fcks\u00e9ges.<\/p>\n<\/li>\n<\/ul>\n<hr \/>\n<h2>Milyen Jogalapon Kezelj\u00fck az \u00d6n Szem\u00e9lyes Adatait?<\/h2>\n<p>Az adatv\u00e9delmi el\u0151\u00edr\u00e1soknak megfelel\u0151en az al\u00e1bbi jogalapokon kezelj\u00fck szem\u00e9lyes adatait:<\/p>\n<ul>\n<li style=\"font-weight: 400;\">Szerz\u0151d\u00e9s teljes\u00edt\u00e9se \u00a0P\u00e9ld\u00e1ul amikor \u00d6n adom\u00e1nyoz, vagy gy\u0171jt\u00e9si kamp\u00e1nyt k\u00edv\u00e1n ind\u00edtani;<\/li>\n<li>\n<p data-path-to-node=\"2,1,0\">Jogi vagy szab\u00e1lyoz\u00e1si k\u00f6telezetts\u00e9geknek val\u00f3 megfelel\u00e9s;<\/p>\n<\/li>\n<li>\n<p data-path-to-node=\"2,2,0\">Jogos \u00e9rdek\u00fcnk: P\u00e9ld\u00e1ul az \u00d6n t\u00e1j\u00e9koztat\u00e1sa egy olyan gy\u0171jt\u00e9ssel kapcsolatban, amelyet kor\u00e1bban t\u00e1mogatott;<\/p>\n<\/li>\n<li>\n<p data-path-to-node=\"2,3,0\">Az \u00d6n kifejezett hozz\u00e1j\u00e1rul\u00e1sa.<\/p>\n<\/li>\n<\/ul>\n<hr \/>\n<h2>Szem\u00e9lyes Adatok Megoszt\u00e1sa Harmadik Felekkel<\/h2>\n<p data-path-to-node=\"1\">Szem\u00e9lyes adatait kiz\u00e1r\u00f3lag olyan harmadik felekkel osztjuk meg, amelyek t\u00e1mogatj\u00e1k \u00fczleti folyamatainkat, \u00e9s amelyekkel adatfeldolgoz\u00f3i meg\u00e1llapod\u00e1st k\u00f6t\u00f6tt\u00fcnk. Ilyenek p\u00e9ld\u00e1ul a webt\u00e1rhely-szolg\u00e1ltat\u00f3nk vagy a fizet\u00e9si szolg\u00e1ltat\u00f3nk. Sosem \u00e9rt\u00e9kes\u00edtj\u00fck \u00e9s nem osztjuk meg adatait harmadik felek marketingtev\u00e9kenys\u00e9ge c\u00e9lj\u00e1b\u00f3l.<\/p>\n<p data-path-to-node=\"2\">Ezenk\u00edv\u00fcl a gy\u0171jt\u00e9s szervez\u0151je l\u00e1thatja az adom\u00e1nyoz\u00f3k nev\u00e9t \u00e9s e-mail c\u00edm\u00e9t, kiv\u00e9ve, ha az adom\u00e1nyoz\u00f3 n\u00e9vtelen\u00fcl (anonim m\u00f3don) adom\u00e1nyoz.<\/p>\n<p data-path-to-node=\"3\">Sosem tesz\u00fcnk k\u00f6zz\u00e9 \u00fczeneteket az \u00d6n Facebook, Twitter, WhatsApp, Google+, LinkedIn vagy m\u00e1s k\u00f6z\u00f6ss\u00e9gi m\u00e9dia fi\u00f3kjaiban az \u00d6n enged\u00e9lye n\u00e9lk\u00fcl. Amennyiben k\u00f6z\u00f6ss\u00e9gi m\u00e9dia gombokat haszn\u00e1l a platformunkon \u2013 p\u00e9ld\u00e1ul egy gy\u0171jt\u00e9si oldal megoszt\u00e1s\u00e1hoz \u2013, k\u00e9rj\u00fck, olvassa el az adott k\u00f6z\u00f6ss\u00e9gi h\u00e1l\u00f3zat adatv\u00e9delmi nyilatkozat\u00e1t.<\/p>\n<hr \/>\n<h2>Biztons\u00e1gi Int\u00e9zked\u00e9sek<\/h2>\n<p data-path-to-node=\"1\">Szem\u00e9lyes adatainak v\u00e9delme \u00e9rdek\u00e9ben megfelel\u0151 biztons\u00e1gi int\u00e9zked\u00e9seket tesz\u00fcnk. Ez\u00e9rt alkalmazunk biztons\u00e1gos internetes k\u00f6rnyezetet, amint \u00d6n megkezdi az adom\u00e1nya kifizet\u00e9s\u00e9t. Az SSL (Secure Socket Layer) technol\u00f3gia r\u00e9v\u00e9n a tranzakci\u00f3s adatok titkos\u00edt\u00e1sra ker\u00fclnek, miel\u0151tt az interneten kereszt\u00fcl tov\u00e1bb\u00edtan\u00e1nk \u0151ket. A biztons\u00e1gos SSL-kapcsolatot a b\u00f6ng\u00e9sz\u0151 c\u00edmsor\u00e1ban megjelen\u0151 https:\/\/ jelz\u00e9sr\u0151l ismerheti fel.<\/p>\n<p data-path-to-node=\"2\">Platformunk t\u00e1rhelyszolg\u00e1ltat\u00e1s\u00e1t megb\u00edzhat\u00f3 partner\u00fcnk, a Google biztos\u00edtja. Az \u0151 Belgiumban tal\u00e1lhat\u00f3 adatk\u00f6zpontjukat haszn\u00e1ljuk. Ez azt jelenti, hogy a szerverek, amelyeken az adatokat t\u00e1roljuk, az Eur\u00f3pai Gazdas\u00e1gi T\u00e9rs\u00e9gen (EGT) bel\u00fcl tal\u00e1lhat\u00f3k. Minden lehets\u00e9ges biztons\u00e1gi int\u00e9zked\u00e9st megtesz\u00fcnk annak \u00e9rdek\u00e9ben, hogy szem\u00e9lyes adatai biztons\u00e1gban legyenek ezeken a szervereken \u00e9s az EGT ter\u00fclet\u00e9n bel\u00fcl.<\/p>\n<hr \/>\n<h2>Az \u00d6n Jogai<\/h2>\n<p>Szem\u00e9lyes adatainak kezel\u00e9se sor\u00e1n \u00d6nt sz\u00e1mos jog illeti meg:<\/p>\n<ul>\n<li style=\"font-weight: 400;\">T\u00e1j\u00e9koztat\u00e1shoz val\u00f3 jog: Jogosult magyar\u00e1zatot kapni az \u00e1ltalunk kezelt szem\u00e9lyes adatokr\u00f3l \u00e9s az adatkezel\u00e9s c\u00e9lj\u00e1r\u00f3l;<\/li>\n<li>\n<p data-path-to-node=\"2,1,0\">Hozz\u00e1f\u00e9r\u00e9shez val\u00f3 jog: Jogosult hozz\u00e1f\u00e9r\u00e9st k\u00e9rni szem\u00e9lyes adataihoz;<\/p>\n<\/li>\n<li>\n<p data-path-to-node=\"2,2,0\">Helyesb\u00edt\u00e9shez \u00e9s t\u00f6rl\u00e9shez val\u00f3 jog: K\u00e9rheti az elavult szem\u00e9lyes adatok m\u00f3dos\u00edt\u00e1s\u00e1t vagy t\u00f6rl\u00e9s\u00e9t;<\/p>\n<\/li>\n<li>\n<p data-path-to-node=\"2,3,0\">Hozz\u00e1j\u00e1rul\u00e1s visszavon\u00e1s\u00e1hoz val\u00f3 jog: B\u00e1rmikor visszavonhatja kor\u00e1bban adott hozz\u00e1j\u00e1rul\u00e1s\u00e1t;<\/p>\n<\/li>\n<li>\n<p data-path-to-node=\"2,4,0\">Az adatkezel\u00e9s korl\u00e1toz\u00e1s\u00e1hoz val\u00f3 jog: K\u00e9rheti szem\u00e9lyes adatai kezel\u00e9s\u00e9nek korl\u00e1toz\u00e1s\u00e1t;<\/p>\n<\/li>\n<li>\n<p data-path-to-node=\"2,5,0\">Adathordozhat\u00f3s\u00e1ghoz val\u00f3 jog: Jogosult a r\u00e9sz\u00fcnkre megadott szem\u00e9lyes adatait tagolt, sz\u00e9les k\u00f6rben haszn\u00e1lt, g\u00e9ppel olvashat\u00f3 form\u00e1tumban megkapni.<\/p>\n<\/li>\n<\/ul>\n<p data-path-to-node=\"3\">Ezen jogok k\u00f6z\u00fcl t\u00f6bbet szem\u00e9lyesen is gyakorolhat, amennyiben rendelkezik fi\u00f3kkal a platformunkon. Egy\u00e9b esetben a kapcsolatfelv\u00e9teli \u0171rlapunkon kereszt\u00fcl \u00e9rhet el minket. K\u00e9r\u00e9s\u00e9t egy h\u00f3napon bel\u00fcl teljes\u00edtj\u00fck. A vissza\u00e9l\u00e9sek elker\u00fcl\u00e9se v\u00e9gett k\u00e9rhetj\u00fck szem\u00e9lyazonoss\u00e1g\u00e1nak igazol\u00e1s\u00e1t, hogy meggy\u0151z\u0151dj\u00fcnk r\u00f3la: nem a rossz szem\u00e9ly adatait m\u00f3dos\u00edtjuk vagy t\u00f6r\u00f6lj\u00fck.<\/p>\n<p data-path-to-node=\"4\">Amennyiben panasza van szem\u00e9lyes adatainak kezel\u00e9s\u00e9vel kapcsolatban, k\u00e9rj\u00fck, jelezze nek\u00fcnk, hogy k\u00f6z\u00f6sen megold\u00e1st tal\u00e1lhassunk. Emellett jog\u00e1ban \u00e1ll panasz\u00e1t a holland adatv\u00e9delmi fel\u00fcgyeleti hat\u00f3s\u00e1ghoz is beny\u00fajtani.<\/p>\n<p>Ezen Adatv\u00e9delmi Szab\u00e1lyzat utols\u00f3 m\u00f3dos\u00edt\u00e1s\u00e1nak id\u0151pontja: 2025. 10. 27.<\/p>\n<\/div><\/div><\/div><\/div><\/div><div class=\"w-tabs-section\" id=\"1549542851283-05b7eadc-890c\"><button class=\"w-tabs-section-header\" aria-controls=\"content-1549542851283-05b7eadc-890c\" aria-expanded=\"false\"><div class=\"w-tabs-section-title\">S\u00fctik<\/div><div class=\"w-tabs-section-control\"><\/div><\/button><div  class=\"w-tabs-section-content\" id=\"content-1549542851283-05b7eadc-890c\"><div class=\"w-tabs-section-content-h i-cf\"><div class=\"wpb_text_column\"><div class=\"wpb_wrapper\"><h2><b>S\u00fctik<\/b><\/h2>\n<p data-path-to-node=\"2\">A s\u00fctik kism\u00e9ret\u0171, ideiglenes sz\u00f6veges f\u00e1jlok, amelyek az \u00d6n sz\u00e1m\u00edt\u00f3g\u00e9p\u00e9re ker\u00fclnek. K\u00fcl\u00f6nb\u00f6z\u0151 t\u00edpus\u00fa s\u00fctiket haszn\u00e1lunk, p\u00e9ld\u00e1ul funkcion\u00e1lis \u00e9s analitikai s\u00fctiket. \u00d6nnek lehet\u0151s\u00e9ge van kikapcsolni a s\u00fctiket a b\u00f6ng\u00e9sz\u0151j\u00e9ben, de vegye figyelembe, hogy ez esetben el\u0151fordulhat, hogy a platform nem megfelel\u0151en m\u0171k\u00f6dik.<\/p>\n<p><b>Technikai S\u00fctik<\/b><b><br \/>\n<\/b><\/p>\n<p data-path-to-node=\"4\">A technikai s\u00fctik haszn\u00e1lat\u00e1val felismerj\u00fck \u00d6nt, amikor ism\u00e9telten megl\u00e1togatja platformunkat, \u00edgy elker\u00fclhet\u0151, hogy ugyanazokat az adatokat \u00fajra \u00e9s \u00fajra meg kelljen adnia. Emellett seg\u00edtenek nek\u00fcnk meg\u00e9rteni, hogyan haszn\u00e1lja oldalunkat, hogy folyamatosan fejleszthess\u00fck azt \u00e9s m\u00e9g felhaszn\u00e1l\u00f3bar\u00e1tabb\u00e1 tegy\u00fck.<\/p>\n<p><b>Analitikai S\u00fctik<\/b><span style=\"font-weight: 400;\"><br \/>\n<\/span><\/p>\n<p data-path-to-node=\"6\">A WhyDonate a Google Analytics szolg\u00e1ltat\u00e1st haszn\u00e1lja statisztikai elemz\u00e9sekhez arr\u00f3l, hogyan veszi ig\u00e9nybe a WhyDonate szolg\u00e1ltat\u00e1sait. A Google Analytics inform\u00e1ci\u00f3kat gy\u0171jt arr\u00f3l, hogyan navig\u00e1l a weboldalon, mennyi id\u0151t t\u00f6lt a platformon vagy egy adott oldalon, melyik webhelyr\u0151l \u00e9rkezett a WhyDonate fel\u00fclet\u00e9re, milyen t\u00edpus\u00fa b\u00f6ng\u00e9sz\u0151t haszn\u00e1l, mi a mobiltelefonja, sz\u00e1m\u00edt\u00f3g\u00e9pe vagy t\u00e1blag\u00e9pe IP-c\u00edme, \u00e9s milyen oldalakat l\u00e1togat meg a WhyDonate platform haszn\u00e1lata ut\u00e1n. Ezeket az inform\u00e1ci\u00f3kat a WhyDonate platform felhaszn\u00e1l\u00f3bar\u00e1tabb\u00e1 t\u00e9tele \u00e9s a marketingtev\u00e9kenys\u00e9gek jav\u00edt\u00e1sa \u00e9rdek\u00e9ben gy\u0171jtj\u00fck \u00e9s elemezz\u00fck. Az adatokat a Google az Egyes\u00fclt \u00c1llamokban t\u00e1rolja. A biztons\u00e1gos adatkezel\u00e9s \u00e9rdek\u00e9ben adatfeldolgoz\u00f3i meg\u00e1llapod\u00e1st k\u00f6t\u00f6tt\u00fcnk a Google-lal. Ezenfel\u00fcl a Google nem jogosult a feldolgozott adatokat m\u00e1s szolg\u00e1ltat\u00e1saihoz felhaszn\u00e1lni. A Google adatkezel\u00e9s\u00e9r\u0151l tov\u00e1bbi inform\u00e1ci\u00f3kat a Google saj\u00e1t adatv\u00e9delmi ir\u00e1nyelveiben tal\u00e1lhat.<\/p>\n<p><b>Marketing S\u00fctik<\/b><span style=\"font-weight: 400;\"><br \/>\n<\/span><\/p>\n<p data-path-to-node=\"8\">Facebook pixelt haszn\u00e1lunk annak \u00e9rdek\u00e9ben, hogy Facebook-bejegyz\u00e9seinket \u00e9s hirdet\u00e9seinket a WhyDonate weboldal\u00e1n tan\u00fas\u00edtott l\u00e1togat\u00f3i viselked\u00e9shez igaz\u00edtsuk.<\/p>\n<h2><b>K\u00e9rd\u00e9se, \u00e9szrev\u00e9tele vagy Javaslata van?<\/b><\/h2>\n<p>Ha b\u00e1rmilyen k\u00e9rd\u00e9se, \u00e9szrev\u00e9tele vagy javaslata van, ne habozzon kapcsolatba l\u00e9pni vel\u00fcnk!<\/p>\n<p><span style=\"font-weight: 400;\">WhyDonate<\/span><span style=\"font-weight: 400;\"><br \/>\n<\/span><span style=\"font-weight: 400;\">Weboldal: <\/span><a href=\"https:\/\/whydonate.com\/?lang=en\"><span style=\"font-weight: 400;\">whydonate.com<\/span><\/a><span style=\"font-weight: 400;\">.<\/span><span style=\"font-weight: 400;\"><br \/>\n<\/span><span style=\"font-weight: 400;\">Email: <\/span><a href=\"mailto:hello@whydonate.com\"><span style=\"font-weight: 400;\">hello@whydonate.com<\/span><span style=\"font-weight: 400;\"><br \/>\n<\/span><\/a><span style=\"font-weight: 400;\">Telefonsz\u00e1m: +31 (0)85 1074458<\/span><\/p>\n<\/div><\/div><\/div><\/div><\/div><\/div><\/div><\/div><\/div><\/div><\/div><\/div><\/section>\n","protected":false},"excerpt":{"rendered":"Adatv\u00e9delmi \u00e9s s\u00fcti nyilatkozat Szem\u00e9lyes Adatait Teljes K\u00f6r\u0171en Bizalmasan Kezelj\u00fck. Adatv\u00e9delmi NyilatkozatS\u00fctikAdatv\u00e9delmi NyilatkozatAdatv\u00e9delmi Nyilatkozat whydonate.com a WhyDonate szolg\u00e1ltat\u00e1sa. Sz\u00e9khely\u00fcnk Amszterdamban tal\u00e1lhat\u00f3, a Johan Huizingalaan 763A sz\u00e1m alatt. Fontosnak tartjuk szem\u00e9lyes adatainak v\u00e9delm\u00e9t, ez\u00e9rt adatait kiz\u00e1r\u00f3lag szolg\u00e1ltat\u00e1saink ny\u00fajt\u00e1s\u00e1hoz, a felhaszn\u00e1l\u00f3i \u00e9lm\u00e9ny optimaliz\u00e1l\u00e1s\u00e1hoz \u00e9s szolg\u00e1ltat\u00e1saink fejleszt\u00e9s\u00e9hez haszn\u00e1ljuk fel. Ebben az adatv\u00e9delmi nyilatkozatban szeretn\u00e9nk tiszt\u00e1zni, hogy milyen t\u00edpus\u00fa...","protected":false},"author":34,"featured_media":0,"parent":0,"menu_order":0,"comment_status":"closed","ping_status":"closed","template":"","meta":{"footnotes":""},"class_list":["post-421584","page","type-page","status-publish","hentry"],"_links":{"self":[{"href":"https:\/\/whydonate.com\/hu\/wp-json\/wp\/v2\/pages\/421584","targetHints":{"allow":["GET"]}}],"collection":[{"href":"https:\/\/whydonate.com\/hu\/wp-json\/wp\/v2\/pages"}],"about":[{"href":"https:\/\/whydonate.com\/hu\/wp-json\/wp\/v2\/types\/page"}],"author":[{"embeddable":true,"href":"https:\/\/whydonate.com\/hu\/wp-json\/wp\/v2\/users\/34"}],"replies":[{"embeddable":true,"href":"https:\/\/whydonate.com\/hu\/wp-json\/wp\/v2\/comments?post=421584"}],"version-history":[{"count":14,"href":"https:\/\/whydonate.com\/hu\/wp-json\/wp\/v2\/pages\/421584\/revisions"}],"predecessor-version":[{"id":423376,"href":"https:\/\/whydonate.com\/hu\/wp-json\/wp\/v2\/pages\/421584\/revisions\/423376"}],"wp:attachment":[{"href":"https:\/\/whydonate.com\/hu\/wp-json\/wp\/v2\/media?parent=421584"}],"curies":[{"name":"wp","href":"https:\/\/api.w.org\/{rel}","templated":true}]}}