{"id":421149,"date":"2025-12-11T14:24:31","date_gmt":"2025-12-11T13:24:31","guid":{"rendered":"https:\/\/whydonate.com\/?page_id=421149"},"modified":"2026-01-12T14:44:29","modified_gmt":"2026-01-12T13:44:29","slug":"privacy-e-cookie","status":"publish","type":"page","link":"https:\/\/whydonate.com\/it\/privacy-e-cookie\/","title":{"rendered":"Privacy sui Cookie"},"content":{"rendered":"<section class=\"l-section wpb_row us_custom_fb609693 about-page-section-first height_huge\"><div class=\"l-section-overlay\" style=\"background:#363398\"><\/div><div class=\"l-section-h i-cf\"><div class=\"g-cols vc_row via_flex valign_top type_default stacking_default\"><div class=\"vc_col-sm-6 wpb_column vc_column_container\"><div class=\"vc_column-inner us_custom_ec1e580b\"><div class=\"wpb_wrapper\"><div class=\"wpb_text_column us_custom_cdf14ffd\"><div class=\"wpb_wrapper\"><h1><span style=\"color: #32bf55;\">Politica sulla Privacy e sui Cookie<\/span><\/h1>\n<h3><span style=\"color: #ffffff;\">Trattiamo le tue Informazioni Personali in Modo Confidenziale.<\/span><\/h3>\n<\/div><\/div><\/div><\/div><\/div><div class=\"vc_col-sm-6 wpb_column vc_column_container\"><div class=\"vc_column-inner\"><div class=\"wpb_wrapper\"><\/div><\/div><\/div><\/div><\/div><\/section><section class=\"l-section wpb_row us_custom_2eec13b6 height_small\"><div class=\"l-section-h i-cf\"><div class=\"g-cols vc_row via_flex valign_top type_default stacking_default\"><div class=\"vc_col-sm-12 wpb_column vc_column_container\"><div class=\"vc_column-inner\"><div class=\"wpb_wrapper\"><div class=\"w-tabs layout_hor style_trendy switch_click has_scrolling\" style=\"--sections-title-size:1em\"><div class=\"w-tabs-list items_2 align_justify\" style=\"text-transform:uppercase;\"><div class=\"w-tabs-list-h\"><button class=\"w-tabs-item active\" aria-controls=\"content-1549542851243-7e0ec8d8-a1ee\" aria-expanded=\"false\"><span class=\"w-tabs-item-title\">Informativa sulla Privacy<\/span><\/button><button class=\"w-tabs-item\" aria-controls=\"content-1549542851283-05b7eadc-890c\" aria-expanded=\"false\"><span class=\"w-tabs-item-title\">Cookie<\/span><\/button><\/div><\/div><div class=\"w-tabs-sections titles-align_none icon_chevron cpos_right\"><div class=\"w-tabs-section active\" id=\"1549542851243-7e0ec8d8-a1ee\"><button class=\"w-tabs-section-header active\" aria-controls=\"content-1549542851243-7e0ec8d8-a1ee\" aria-expanded=\"true\"><div class=\"w-tabs-section-title\">Informativa sulla Privacy<\/div><div class=\"w-tabs-section-control\"><\/div><\/button><div  class=\"w-tabs-section-content\" id=\"content-1549542851243-7e0ec8d8-a1ee\"><div class=\"w-tabs-section-content-h i-cf\"><div class=\"wpb_text_column\"><div class=\"wpb_wrapper\"><h2>Informativa sulla Privacy<\/h2>\n<p><strong>whydonate.com \u00e8 un servizio di WhyDonate. Siamo registrati presso la Johan Huizingalaan 763A, ad Amsterdam.<\/strong><\/p>\n<p><strong>Riteniamo che sia importante proteggere i tuoi dati personali e utilizzeremo i tuoi dati solo per offrirti i nostri servizi, ottimizzare la tua esperienza utente e migliorare i nostri servizi. In questa informativa sulla privacy, desideriamo chiarire quali tipi di dati personali raccogliamo, perch\u00e9 lo facciamo e come proteggiamo i tuoi dati.<\/strong><\/p>\n<p data-path-to-node=\"2\">Questa Informativa sulla Privacy potr\u00e0 essere aggiornata in futuro. Ci riserviamo il diritto di apportare modifiche alla presente Informativa sulla Privacy in qualsiasi momento. Le modifiche sostanziali saranno sempre annunciate. Raccomandiamo di consultare regolarmente questo documento.<\/p>\n<p data-path-to-node=\"3\">Se hai domande relative alla privacy, ti preghiamo di utilizzare il modulo di contatto o di chiamare il numero +31 (0)857441174.<\/p>\n<hr \/>\n<h2>Quali Tipi di Dati Personali Raccoglie WhyDonate?<\/h2>\n<p data-path-to-node=\"2\">Elaboriamo e raccogliamo solo i dati personali strettamente necessari per le finalit\u00e0 per le quali vengono trattati:<\/p>\n<p>Se sei un donatore, raccogliamo i seguenti dati personali:<\/p>\n<ul>\n<li style=\"font-weight: 400;\"><span style=\"font-weight: 400;\">Identificazione personale: (nome);<\/span><\/li>\n<\/ul>\n<p>Utilizziamo il tuo nome per rivolgerti correttamente la parola e mostrare all&#8217;ente di raccolta fondi chi ha donato (a meno che il donatore non sia anonimo).<\/p>\n<ul>\n<li style=\"font-weight: 400;\"><span style=\"font-weight: 400;\">Informazioni di contatto (indirizzo e-mail); <\/span><\/li>\n<\/ul>\n<p>Questi dati vengono utilizzati per inviarti e-mail di servizio.<\/p>\n<ul>\n<li style=\"font-weight: 400;\"><span style=\"font-weight: 400;\">Informazioni di pagamento (IBAN);<\/span><\/li>\n<\/ul>\n<p>In modo da poter addebitare le donazioni e trasferirle all&#8217;IBAN corretto.<\/p>\n<ul>\n<li style=\"font-weight: 400;\"><span style=\"font-weight: 400;\">Informazioni di identificazione elettronica e informazioni tecniche (indirizzo IP e posizione). <\/span><span style=\"font-weight: 400;\"><br \/>\n<\/span>Raccogliamo questi dati per prevenire frodi e ottenere informazioni sulla posizione del donatore.<\/li>\n<\/ul>\n<p>Se avvii una raccolta fondi, raccogliamo i seguenti dati personali:<\/p>\n<ul>\n<li style=\"font-weight: 400;\"><span style=\"font-weight: 400;\">Identificazione personale: (nome, dati di accesso);<\/span><\/li>\n<\/ul>\n<p>Utilizziamo il tuo nome per rivolgerti correttamente la parola e mostrare agli altri utenti chi sei. La tua password viene salvata in modo crittografato in modo che solo tu possa accedervi; non noi, e non qualcun altro.<\/p>\n<ul>\n<li style=\"font-weight: 400;\"><span style=\"font-weight: 400;\">Informazioni di contatto (indirizzo e-mail); <\/span><\/li>\n<\/ul>\n<p>Questi dati vengono utilizzati per identificarti al momento dell&#8217;accesso e per inviarti e-mail di servizio. Inoltre, puoi iscriverti all&#8217;aggiornamento e-mail periodico. Ci\u00f2 significa che occasionalmente ti inviamo un aggiornamento con gli sviluppi e i progetti pi\u00f9 interessanti sulla piattaforma. Naturalmente, puoi utilizzare il tuo account per annullare l&#8217;iscrizione in qualsiasi momento.<\/p>\n<ul>\n<li style=\"font-weight: 400;\"><span style=\"font-weight: 400;\">Informazioni di pagamento (IBAN);<\/span><\/li>\n<\/ul>\n<p>In modo da poter addebitare le donazioni e trasferirle all&#8217;IBAN corretto.<\/p>\n<ul>\n<li style=\"font-weight: 400;\"><span style=\"font-weight: 400;\">Informazioni di identificazione elettronica e informazioni tecniche (indirizzo IP e posizione). <\/span><span style=\"font-weight: 400;\"><br \/>\n<\/span>Raccogliamo questi dati per prevenire frodi e ottenere informazioni sulla posizione del donatore.<\/li>\n<li style=\"font-weight: 400;\"><span style=\"font-weight: 400;\">Informazioni sul profilo;<\/span><\/li>\n<\/ul>\n<p>Puoi aggiungere maggiori informazioni su di te e sull&#8217;ente di beneficenza sul tuo profilo in modo che altri utenti possano vedere chi sei e qual \u00e8 la causa. Ci\u00f2 ci rende pi\u00f9 facile collegare donatori e cause.<\/p>\n<p>Sei tu a decidere quali informazioni del tuo profilo sono visibili agli altri utenti. Quindi, se non desideri condividere le tue informazioni personali con altri utenti, non sei obbligato a farlo. Vogliamo essere certi che tu sia soddisfatto dell&#8217;intera esperienza sulla nostra piattaforma, quindi se desideri mantenere nascosta la tua identit\u00e0 di sostenitore\/donatore, lo rendiamo possibile. Ci\u00f2 significa che puoi effettuare una donazione anonima. In tal caso, nessun nome viene attribuito alla tua donazione.<\/p>\n<hr \/>\n<h2 data-path-to-node=\"2\">L&#8217;Obiettivo del Trattamento dei Dati<\/h2>\n<p data-path-to-node=\"3\">Raccogliamo dati personali su di te come utente della nostra piattaforma al fine di offrire un&#8217;esperienza sicura, ottimale e di facile utilizzo. Il trattamento dei dati avviene solo per i seguenti scopi specifici:<\/p>\n<ul>\n<li style=\"font-weight: 400;\"><span style=\"font-weight: 400;\">Corretta gestione delle donazioni: amministrazione delle donazioni, supporto, monitoraggio dei reclami e invio di messaggi di servizio;<\/span><\/li>\n<li>\n<p data-path-to-node=\"4,1,0\">Sicurezza e protezione da frodi e violazioni;<\/p>\n<\/li>\n<li style=\"font-weight: 400;\">Esperienza utente personalizzata, marketing, pubblicit\u00e0 e <i>newsletter<\/i>, qualora tu ti sia esplicitamente iscritto a queste. In questo caso, puoi annullare l&#8217;iscrizione in qualsiasi momento;<\/li>\n<li style=\"font-weight: 400;\">Scopi statistici dei dati personali che raccogliamo non saranno conservati pi\u00f9 a lungo del necessario per gli scopi sopra indicati.<\/li>\n<\/ul>\n<hr \/>\n<h2>Su Quale Base Giuridica Vengono Trattati i Miei Dati Personali?<\/h2>\n<p data-path-to-node=\"3\">In conformit\u00e0 con le normative sulla privacy, trattiamo i tuoi dati personali sulla base di quanto segue:<\/p>\n<ul>\n<li>\n<p data-path-to-node=\"4,0,0\">Adempimento di un accordo con te. Ad esempio, quando effettui una donazione o desideri avviare una campagna di raccolta fondi.<\/p>\n<\/li>\n<li>\n<p data-path-to-node=\"4,1,0\">Conformit\u00e0 a requisiti legali o normativi;<\/p>\n<\/li>\n<li>\n<p data-path-to-node=\"4,2,0\">Il nostro legittimo interesse, ad esempio, per tenerti aggiornato su una raccolta fondi che hai sostenuto;<\/p>\n<\/li>\n<li style=\"font-weight: 400;\">Il tuo consenso esplicito.<\/li>\n<\/ul>\n<hr \/>\n<h2>Condivisione dei Dati Personali con Terze Parti<\/h2>\n<p data-path-to-node=\"3\">Condividiamo i tuoi dati personali solo con terze parti che ci supportano nel nostro processo aziendale e con le quali abbiamo stipulato un accordo sul trattamento dei dati. Pensa, ad esempio, al nostro fornitore di <i>web hosting<\/i> o al fornitore di servizi di pagamento. Non vendiamo n\u00e9 condividiamo mai le tue informazioni per scopi di marketing di terze parti.<\/p>\n<p data-path-to-node=\"4\">Inoltre, l&#8217;organizzatore della raccolta fondi pu\u00f2 visualizzare il nome e l&#8217;indirizzo e-mail dei donatori, a meno che il donatore non effettui una donazione anonima.<\/p>\n<p>Non pubblicheremo mai messaggi sui tuoi account Facebook, Twitter, WhatsApp, Google+, LinkedIn o altri account di social media senza la tua autorizzazione. Se utilizzi pulsanti di social media sulla nostra piattaforma, ad esempio per condividere una pagina di raccolta fondi, ti preghiamo di leggere l&#8217;informativa sulla privacy del social network il cui pulsante utilizzi.<\/p>\n<hr \/>\n<h2>Misure di Sicurezza<\/h2>\n<p data-path-to-node=\"3\">Per proteggere i tuoi dati personali, adottiamo misure di sicurezza adeguate. Per questo motivo utilizziamo un ambiente Internet sicuro non appena avvii il pagamento della tua donazione. Tramite SSL (<i>Secure Socket Layer<\/i>), i dati transazionali vengono crittografati prima di essere inviati via Internet. Puoi riconoscere la connessione sicura SSL dalla dicitura https:\/\/ nell&#8217;indirizzo della tua barra degli indirizzi.<\/p>\n<p>L&#8217;<i>hosting<\/i> della nostra piattaforma \u00e8 eseguito dal nostro partner affidabile, Google. Utilizziamo il loro <i>data center<\/i> in Belgio. Ci\u00f2 significa che i <i>server<\/i> in cui sono archiviati i dati si trovano all&#8217;interno dello Spazio Economico Europeo (SEE). Adotteremo tutte le possibili misure di sicurezza per garantire che i tuoi dati personali siano al sicuro su questi <i>server<\/i> e all&#8217;interno del SEE.<\/p>\n<hr \/>\n<h2>I Tuoi Diritti<\/h2>\n<p data-path-to-node=\"3\">Quando trattiamo le tue informazioni personali, sei protetto da una serie di diritti:<\/p>\n<ul>\n<li>\n<p data-path-to-node=\"4,0,0\">Hai il diritto di ottenere una spiegazione sui dati personali che trattiamo e sul perch\u00e9;<\/p>\n<\/li>\n<li>\n<p data-path-to-node=\"4,1,0\">Hai il diritto di richiedere l&#8217;accesso ai tuoi dati personali;<\/p>\n<\/li>\n<li>\n<p data-path-to-node=\"4,2,0\">Puoi richiedere la modifica o la cancellazione di dati personali obsoleti;<\/p>\n<\/li>\n<li>\n<p data-path-to-node=\"4,3,0\">Puoi revocare il tuo consenso;<\/p>\n<\/li>\n<li>\n<p data-path-to-node=\"4,4,0\">Puoi chiedere di limitare il trattamento dei tuoi dati personali;<\/p>\n<\/li>\n<li>\n<p data-path-to-node=\"4,5,0\">Hai il diritto di ottenere i dati personali che ci hai fornito in un formato strutturato, di uso comune e leggibile da dispositivo automatico.<\/p>\n<\/li>\n<\/ul>\n<p data-path-to-node=\"5\">Puoi esercitare personalmente molti di questi diritti se hai un account sulla nostra piattaforma. Altrimenti, puoi contattarci utilizzando il nostro modulo di contatto. Soddisferemo la tua richiesta entro un mese. Potremmo chiederti un documento di identificazione per assicurarci di non cancellare o modificare i dati personali della persona sbagliata.<\/p>\n<p>Se hai un reclamo riguardo al modo in cui i tuoi dati personali vengono trattati, vorremmo che ce lo comunicassi, in modo da poter trovare una soluzione insieme. Sei anche libero di presentare il tuo reclamo sulla nostra piattaforma all&#8217;autorit\u00e0 di vigilanza olandese in materia di privacy.<\/p>\n<hr \/>\n<p>Questa Informativa sulla Privacy \u00e8 stata revisionata l&#8217;ultima volta il 27-10-2025.<\/p>\n<\/div><\/div><\/div><\/div><\/div><div class=\"w-tabs-section\" id=\"1549542851283-05b7eadc-890c\"><button class=\"w-tabs-section-header\" aria-controls=\"content-1549542851283-05b7eadc-890c\" aria-expanded=\"false\"><div class=\"w-tabs-section-title\">Cookie<\/div><div class=\"w-tabs-section-control\"><\/div><\/button><div  class=\"w-tabs-section-content\" id=\"content-1549542851283-05b7eadc-890c\"><div class=\"w-tabs-section-content-h i-cf\"><div class=\"wpb_text_column\"><div class=\"wpb_wrapper\"><h2><b>Cookie<\/b><\/h2>\n<p data-path-to-node=\"3\">I <i>cookie<\/i> sono piccoli file di testo temporanei per il tuo computer. Utilizziamo diversi <i>cookie<\/i>, come i <i>cookie<\/i> funzionali e quelli analitici. Sei libero di disattivare i <i>cookie<\/i> nel tuo <i>browser<\/i>. Tieni presente che ci\u00f2 potrebbe comportare il mancato funzionamento ottimale della piattaforma.<\/p>\n<p><strong>Cookie Tecnici<\/strong><\/p>\n<p data-path-to-node=\"5\">Utilizzando i <i>cookie<\/i> tecnici, ti riconosciamo quando visiti nuovamente la nostra piattaforma e ti impediamo di dover reinserire gli stessi dati pi\u00f9 e pi\u00f9 volte. Ci aiutano anche a sapere come utilizzi il nostro sito, in modo da poterlo migliorare continuamente e renderlo pi\u00f9 facile da usare.<\/p>\n<p><strong>Cookie Analitici<\/strong><\/p>\n<p data-path-to-node=\"7\">WhyDonate utilizza Google Analytics per analisi statistiche su come utilizzi i servizi WhyDonate. Google Analytics raccoglie informazioni su come navighi nel sito web, quanto tempo trascorri sulla piattaforma, quanto tempo trascorri su una determinata pagina, quale sito web ti ha portato alla piattaforma WhyDonate, il tipo di <i>browser<\/i> utilizzato, l&#8217;indirizzo IP del tuo telefono cellulare, PC o <i>tablet<\/i> e i siti web che visiti dopo aver utilizzato la Piattaforma WhyDonate. Queste informazioni vengono raccolte e analizzate per migliorare la facilit\u00e0 d&#8217;uso della piattaforma WhyDonate e per migliorare le attivit\u00e0 di <i>marketing<\/i> di WhyDonate. Le informazioni sono archiviate da Google negli Stati Uniti. Per garantire un trattamento sicuro, \u00e8 stato stipulato un accordo sul trattamento dei dati con Google. Inoltre, a Google non \u00e8 consentito utilizzare i dati trattati per altri servizi. Maggiori informazioni sul trattamento dei dati da parte di Google sono disponibili nella politica sulla privacy di Google stessa.<\/p>\n<p><strong>Cookie di Marketing<\/strong><\/p>\n<p><b><\/b>Utilizziamo un <i>pixel<\/i> di Facebook per adattare i nostri post e le nostre pubblicit\u00e0 su Facebook al comportamento di visita sul nostro sito web WhyDonate.<\/p>\n<h2><b>Domande, Commenti o Suggerimenti?<\/b><\/h2>\n<p>Se hai domande, commenti o suggerimenti, non esitare a contattarci!<\/p>\n<p><span style=\"font-weight: 400;\">WhyDonate<\/span><span style=\"font-weight: 400;\"><br \/>\n<\/span><span style=\"font-weight: 400;\">Sito web: <\/span><a href=\"https:\/\/whydonate.com\/?lang=en\"><span style=\"font-weight: 400;\">whydonate.com<\/span><\/a><span style=\"font-weight: 400;\">.<\/span><span style=\"font-weight: 400;\"><br \/>\n<\/span><span style=\"font-weight: 400;\">Email: <\/span><a href=\"mailto:hello@whydonate.com\"><span style=\"font-weight: 400;\">hello@whydonate.com<\/span><span style=\"font-weight: 400;\"><br \/>\n<\/span><\/a><span style=\"font-weight: 400;\">Numero di telefono: +31 (0)85 1074458<\/span><\/p>\n<\/div><\/div><\/div><\/div><\/div><\/div><\/div><\/div><\/div><\/div><\/div><\/div><\/section>\n","protected":false},"excerpt":{"rendered":"Politica sulla Privacy e sui Cookie Trattiamo le tue Informazioni Personali in Modo Confidenziale. Informativa sulla PrivacyCookieInformativa sulla PrivacyInformativa sulla Privacy whydonate.com \u00e8 un servizio di WhyDonate. Siamo registrati presso la Johan Huizingalaan 763A, ad Amsterdam. Riteniamo che sia importante proteggere i tuoi dati personali e utilizzeremo i tuoi dati solo per offrirti i nostri...","protected":false},"author":34,"featured_media":0,"parent":0,"menu_order":0,"comment_status":"closed","ping_status":"closed","template":"","meta":{"footnotes":""},"class_list":["post-421149","page","type-page","status-publish","hentry"],"_links":{"self":[{"href":"https:\/\/whydonate.com\/it\/wp-json\/wp\/v2\/pages\/421149","targetHints":{"allow":["GET"]}}],"collection":[{"href":"https:\/\/whydonate.com\/it\/wp-json\/wp\/v2\/pages"}],"about":[{"href":"https:\/\/whydonate.com\/it\/wp-json\/wp\/v2\/types\/page"}],"author":[{"embeddable":true,"href":"https:\/\/whydonate.com\/it\/wp-json\/wp\/v2\/users\/34"}],"replies":[{"embeddable":true,"href":"https:\/\/whydonate.com\/it\/wp-json\/wp\/v2\/comments?post=421149"}],"version-history":[{"count":13,"href":"https:\/\/whydonate.com\/it\/wp-json\/wp\/v2\/pages\/421149\/revisions"}],"predecessor-version":[{"id":423378,"href":"https:\/\/whydonate.com\/it\/wp-json\/wp\/v2\/pages\/421149\/revisions\/423378"}],"wp:attachment":[{"href":"https:\/\/whydonate.com\/it\/wp-json\/wp\/v2\/media?parent=421149"}],"curies":[{"name":"wp","href":"https:\/\/api.w.org\/{rel}","templated":true}]}}