{"id":340089,"date":"2024-05-20T11:15:44","date_gmt":"2024-05-20T10:15:44","guid":{"rendered":"https:\/\/whydonate.com\/?page_id=340089"},"modified":"2025-11-06T08:12:10","modified_gmt":"2025-11-06T07:12:10","slug":"prywatnosci-i-plikach-cookie","status":"publish","type":"page","link":"https:\/\/whydonate.com\/pl\/prywatnosci-i-plikach-cookie\/","title":{"rendered":"Privacy and Cookies PL"},"content":{"rendered":"<section class=\"l-section wpb_row us_custom_fb609693 about-page-section-first height_huge\"><div class=\"l-section-overlay\" style=\"background:#363398\"><\/div><div class=\"l-section-h i-cf\"><div class=\"g-cols vc_row via_flex valign_top type_default stacking_default\"><div class=\"vc_col-sm-6 wpb_column vc_column_container\"><div class=\"vc_column-inner us_custom_ec1e580b\"><div class=\"wpb_wrapper\"><div class=\"wpb_text_column us_custom_cdf14ffd\"><div class=\"wpb_wrapper\"><h1><span style=\"color: #32bf55;\">O\u015bwiadczenie O Prywatno\u015bci I Plikach Cookie<\/span><\/h1>\n<h3><span style=\"color: #ffffff;\">Traktujemy Twoje Dane Osobowe W Spos\u00f3b Poufny.<\/span><\/h3>\n<p>&nbsp;<\/p>\n<\/div><\/div><\/div><\/div><\/div><div class=\"vc_col-sm-6 wpb_column vc_column_container\"><div class=\"vc_column-inner\"><div class=\"wpb_wrapper\"><\/div><\/div><\/div><\/div><\/div><\/section><section class=\"l-section wpb_row us_custom_2eec13b6 height_small\"><div class=\"l-section-h i-cf\"><div class=\"g-cols vc_row via_flex valign_top type_default stacking_default\"><div class=\"vc_col-sm-12 wpb_column vc_column_container\"><div class=\"vc_column-inner\"><div class=\"wpb_wrapper\"><div class=\"w-tabs layout_hor style_trendy switch_click has_scrolling\" style=\"--sections-title-size:1em\"><div class=\"w-tabs-list items_2 align_justify\" style=\"text-transform:uppercase;\"><div class=\"w-tabs-list-h\"><button class=\"w-tabs-item active\" aria-controls=\"content-1549542851243-7e0ec8d8-a1ee\" aria-expanded=\"false\"><span class=\"w-tabs-item-title\">O\u015bwiadczenie O Prywatno\u015bci<\/span><\/button><button class=\"w-tabs-item\" aria-controls=\"content-n82c\" aria-expanded=\"false\"><span class=\"w-tabs-item-title\">Ciasteczka<\/span><\/button><\/div><\/div><div class=\"w-tabs-sections titles-align_none icon_chevron cpos_right\"><div class=\"w-tabs-section active\" id=\"1549542851243-7e0ec8d8-a1ee\"><button class=\"w-tabs-section-header active\" aria-controls=\"content-1549542851243-7e0ec8d8-a1ee\" aria-expanded=\"true\"><div class=\"w-tabs-section-title\">O\u015bwiadczenie O Prywatno\u015bci<\/div><div class=\"w-tabs-section-control\"><\/div><\/button><div  class=\"w-tabs-section-content\" id=\"content-1549542851243-7e0ec8d8-a1ee\"><div class=\"w-tabs-section-content-h i-cf\"><div class=\"wpb_text_column\"><div class=\"wpb_wrapper\"><h2>O\u015bwiadczenie O Prywatno\u015bci<\/h2>\n<p><b>whydonate.com to us\u0142uga fundacji WhyDonate. Jeste\u015bmy zarejestrowani przy Johan Huizingalaan 763A w Amsterdamie.<\/b><\/p>\n<p><b>Uwa\u017camy, \u017ce ochrona Twoich danych osobowych jest wa\u017cna i b\u0119dziemy u\u017cywa\u0107 Twoich danych tylko do oferowania Ci naszych us\u0142ug, optymalizacji Twojego do\u015bwiadczenia u\u017cytkownika i ulepszania naszych us\u0142ug. W tym o\u015bwiadczeniu o prywatno\u015bci chcieliby\u015bmy wyja\u015bni\u0107, jakie dane osobowe zbieramy, dlaczego to robimy i jak chronimy Twoje dane<\/b><b>.<\/b><\/p>\n<p><span style=\"font-weight: 400;\">Niniejsza Polityka Prywatno\u015bci mo\u017ce by\u0107 aktualizowana w przysz\u0142o\u015bci. Zastrzegamy sobie prawo do wprowadzania zmian w Polityce Prywatno\u015bci w dowolnym momencie. Istotne zmiany b\u0119d\u0105 zawsze og\u0142aszane. Zalecamy regularne odnoszenie si\u0119 do tego dokumentu.<\/span><\/p>\n<p><span style=\"font-weight: 400;\">Je\u015bli masz jakiekolwiek pytania zwi\u0105zane z prywatno\u015bci\u0105, prosimy o u\u017cywanie formularza kontaktowego lub dzwonienie pod numer +31 (0)857441174<\/span><\/p>\n<hr \/>\n<h2>Jakie dane osobowe zbiera WhyDonate?<\/h2>\n<p><span style=\"font-weight: 400;\">Przetwarzamy i zbieramy tylko te dane osobowe, kt\u00f3re s\u0105 niezb\u0119dne do cel\u00f3w, dla kt\u00f3rych s\u0105 przetwarzane:<\/span><\/p>\n<p><span style=\"font-weight: 400;\">Je\u015bli jeste\u015b darczy\u0144c\u0105, zbieramy nast\u0119puj\u0105ce dane osobowe: <\/span><\/p>\n<ul>\n<li style=\"font-weight: 400;\"><span style=\"font-weight: 400;\">Dane identyfikacyjne (imi\u0119 i nazwisko);<\/span><\/li>\n<\/ul>\n<p><span style=\"font-weight: 400;\">U\u017cywamy Twojego imienia i nazwiska, aby w\u0142a\u015bciwie si\u0119 do Ciebie zwraca\u0107 i pokazywa\u0107 funduszowi, kto dokona\u0142 darowizny (chyba \u017ce darczy\u0144ca jest anonimowy)<\/span><\/p>\n<ul>\n<li style=\"font-weight: 400;\"><span style=\"font-weight: 400;\">Dane kontaktowe (adres e-mail); <\/span><\/li>\n<\/ul>\n<p><span style=\"font-weight: 400;\">Te dane s\u0105 u\u017cywane do wysy\u0142ania e-maili zwi\u0105zanych z obs\u0142ug\u0105.<\/span><\/p>\n<ul>\n<li style=\"font-weight: 400;\"><span style=\"font-weight: 400;\">Informacje p\u0142atnicze (IBAN);<\/span><\/li>\n<\/ul>\n<p><span style=\"font-weight: 400;\">Aby\u015bmy mogli obci\u0105\u017cy\u0107 darowizny z i przela\u0107 je na odpowiedni IBAN.<\/span><\/p>\n<ul>\n<li style=\"font-weight: 400;\"><span style=\"font-weight: 400;\">Informacje o identyfikacji elektronicznej i informacje techniczne (adres IP i lokalizacja). <\/span><span style=\"font-weight: 400;\"><br \/>\n<\/span><span style=\"font-weight: 400;\">Zbieramy te dane w celu zapobiegania oszustwom i uzyskania informacji o lokalizacji darczy\u0144cy.<\/span><\/li>\n<\/ul>\n<p><span style=\"font-weight: 400;\">Je\u015bli rozpoczniesz zbi\u00f3rk\u0119, zbieramy nast\u0119puj\u0105ce dane osobowe:<\/span><\/p>\n<ul>\n<li style=\"font-weight: 400;\"><span style=\"font-weight: 400;\">Dane identyfikacyjne (imi\u0119 i nazwisko, dane logowania);<\/span><\/li>\n<\/ul>\n<p><span style=\"font-weight: 400;\">U\u017cywamy Twojego imienia i nazwiska, aby w\u0142a\u015bciwie si\u0119 do Ciebie zwraca\u0107 i pokaza\u0107 innym u\u017cytkownikom, kim jeste\u015b. Twoje has\u0142o jest zapisywane w zaszyfrowanej formie, tak aby tylko Ty mia\u0142e\u015b do niego dost\u0119p; nie my ani nikt inny. <\/span><\/p>\n<ul>\n<li style=\"font-weight: 400;\"><span style=\"font-weight: 400;\">Dane kontaktowe (adres e-mail); <\/span><\/li>\n<\/ul>\n<p><span style=\"font-weight: 400;\">Te dane s\u0105 u\u017cywane do identyfikacji podczas logowania oraz do wysy\u0142ania e-maili zwi\u0105zanych z obs\u0142ug\u0105. Ponadto mo\u017cesz zapisa\u0107 si\u0119 na regularne aktualizacje e-mail. Oznacza to, \u017ce od czasu do czasu wysy\u0142amy Ci aktualizacje z najciekawszymi rozwojami i projektami na platformie. Oczywi\u015bcie w ka\u017cdej chwili mo\u017cesz zrezygnowa\u0107 z subskrypcji za pomoc\u0105 swojego konta.<\/span><\/p>\n<ul>\n<li style=\"font-weight: 400;\"><span style=\"font-weight: 400;\">Informacje p\u0142atnicze (IBAN);<\/span><\/li>\n<\/ul>\n<p><span style=\"font-weight: 400;\">Aby\u015bmy mogli obci\u0105\u017cy\u0107 darowizny z i przela\u0107 je na odpowiedni IBAN.<\/span><\/p>\n<ul>\n<li style=\"font-weight: 400;\"><span style=\"font-weight: 400;\">Informacje o identyfikacji elektronicznej i informacje techniczne (adres IP i lokalizacja). <\/span><span style=\"font-weight: 400;\"><br \/>\n<\/span><span style=\"font-weight: 400;\">Zbieramy te dane w celu zapobiegania oszustwom i uzyskania informacji o lokalizacji darczy\u0144cy. <\/span><\/li>\n<li style=\"font-weight: 400;\"><span style=\"font-weight: 400;\">Informacje o profilu;<\/span><\/li>\n<\/ul>\n<p><span style=\"font-weight: 400;\">Mo\u017cesz doda\u0107 wi\u0119cej informacji o sobie i swojej organizacji charytatywnej w swoim profilu, aby inni u\u017cytkownicy mogli zobaczy\u0107, kim jeste\u015b i jaka jest przyczyna. U\u0142atwia to nam \u0142\u0105czenie darczy\u0144c\u00f3w z przyczynami.<\/span><\/p>\n<p><span style=\"font-weight: 400;\">Decydujesz, kt\u00f3re informacje z Twojego profilu s\u0105 widoczne dla innych u\u017cytkownik\u00f3w. Je\u015bli wi\u0119c nie chcesz udost\u0119pnia\u0107 swoich danych osobowych innym u\u017cytkownikom, nie musisz tego robi\u0107. Chcemy, aby\u015b by\u0142 zadowolony z ca\u0142ego do\u015bwiadczenia na naszej platformie, wi\u0119c je\u015bli chcesz zachowa\u0107 anonimowo\u015b\u0107 jako wspieraj\u0105cy\/darczy\u0144ca, umo\u017cliwiamy to. Oznacza to, \u017ce mo\u017cesz dokona\u0107 anonimowej darowizny. W takim przypadku Twoje imi\u0119 i nazwisko nie s\u0105 przypisane do Twojej darowizny.<\/span><\/p>\n<hr \/>\n<h2>Cel przetwarzania danych<\/h2>\n<p><span style=\"font-weight: 400;\">Zbieramy dane osobowe na Tw\u00f3j temat jako u\u017cytkownika naszej platformy, aby zapewni\u0107 bezpieczne, optymalne i przyjazne dla u\u017cytkownika do\u015bwiadczenie. Przetwarzanie danych odbywa si\u0119 tylko w nast\u0119puj\u0105cych konkretnych celach:<\/span><\/p>\n<ul>\n<li style=\"font-weight: 400;\" aria-level=\"1\"><span style=\"font-weight: 400;\">Prawid\u0142owa obs\u0142uga darowizn: administracja darowiznami, wsparcie, monitorowanie skarg i wysy\u0142anie komunikat\u00f3w serwisowych;<\/span><\/li>\n<li style=\"font-weight: 400;\" aria-level=\"1\"><span style=\"font-weight: 400;\">Bezpiecze\u0144stwo i ochrona przed oszustwami i naruszeniami;<\/span><\/li>\n<li style=\"font-weight: 400;\" aria-level=\"1\"><span style=\"font-weight: 400;\">Spersonalizowane do\u015bwiadczenie u\u017cytkownika, marketing, reklama i newslettery, je\u015bli wyrazi\u0142e\u015b na to wyra\u017an\u0105 zgod\u0119. W takim przypadku mo\u017cesz zrezygnowa\u0107 w ka\u017cdej chwili;<\/span><\/li>\n<li style=\"font-weight: 400;\" aria-level=\"1\"><span style=\"font-weight: 400;\">Cele statystyczne<\/span><\/li>\n<\/ul>\n<p><span style=\"font-weight: 400;\">Zebrane dane osobowe nie b\u0119d\u0105 przechowywane d\u0142u\u017cej ni\u017c jest to konieczne do realizacji powy\u017cszych cel\u00f3w.<\/span><\/p>\n<hr \/>\n<h2>Na jakiej podstawie prawnej przetwarzane s\u0105 moje dane osobowe?<\/h2>\n<p><span style=\"font-weight: 400;\">Zgodnie z przepisami o ochronie prywatno\u015bci przetwarzamy Twoje dane osobowe na podstawie nast\u0119puj\u0105cych zasad:<\/span><\/p>\n<ul>\n<li style=\"font-weight: 400;\" aria-level=\"1\"><span style=\"font-weight: 400;\">Wykonanie umowy z Tob\u0105. Na przyk\u0142ad, gdy dokonujesz darowizny lub chcesz rozpocz\u0105\u0107 kampani\u0119 zbierania funduszy.<\/span><\/li>\n<li style=\"font-weight: 400;\" aria-level=\"1\"><span style=\"font-weight: 400;\">Spe\u0142nienie wymog\u00f3w prawnych lub regulacyjnych;<\/span><\/li>\n<li style=\"font-weight: 400;\" aria-level=\"1\"><span style=\"font-weight: 400;\">Nasz uzasadniony interes, na przyk\u0142ad aby informowa\u0107 Ci\u0119 o zbi\u00f3rce, kt\u00f3r\u0105 wspiera\u0142e\u015b.<\/span><\/li>\n<li style=\"font-weight: 400;\" aria-level=\"1\"><span style=\"font-weight: 400;\">Twoja wyra\u017ana zgoda<\/span><\/li>\n<\/ul>\n<hr \/>\n<h2>Udost\u0119pnianie danych osobowych stronom trzecim<\/h2>\n<p><span style=\"font-weight: 400;\">Udost\u0119pniamy Twoje dane osobowe tylko osobom trzecim, kt\u00f3re wspieraj\u0105 nas w naszych procesach biznesowych i maj\u0105 z nami umow\u0119 o przetwarzanie danych. My\u015bl na przyk\u0142ad o naszym dostawcy us\u0142ug hostingowych lub dostawcy p\u0142atno\u015bci. Nigdy nie sprzedajemy ani nie udost\u0119pniamy Twoich informacji dla cel\u00f3w marketingowych os\u00f3b trzecich.<\/span><\/p>\n<p><span style=\"font-weight: 400;\">Ponadto, organizator zbi\u00f3rki mo\u017ce zobaczy\u0107 imi\u0119 i nazwisko oraz adres e-mail darczy\u0144c\u00f3w, chyba \u017ce darczy\u0144ca dokona darowizny anonimowo.\u00a0\u00a0<\/span><\/p>\n<p><span style=\"font-weight: 400;\">Nigdy nie publikujemy wiadomo\u015bci na Twoich kontach na Facebooku, Twitterze, WhatsAppie, Google+, LinkedInie lub innych mediach spo\u0142eczno\u015bciowych bez Twojej zgody. Je\u015bli u\u017cywasz przycisk\u00f3w medi\u00f3w spo\u0142eczno\u015bciowych na naszej platformie, na przyk\u0142ad aby udost\u0119pni\u0107 stron\u0119 z zbi\u00f3rk\u0105, prosimy o zapoznanie si\u0119 z o\u015bwiadczeniem o prywatno\u015bci sieci spo\u0142eczno\u015bciowej, kt\u00f3rego przycisk u\u017cywasz.<\/span><\/p>\n<hr \/>\n<h2>\u015arodki bezpiecze\u0144stwa<\/h2>\n<p><span style=\"font-weight: 400;\">Aby chroni\u0107 Twoje dane osobowe, stosujemy odpowiednie \u015brodki bezpiecze\u0144stwa. Dlatego korzystamy z bezpiecznego \u015brodowiska internetowego, gdy rozpoczynasz p\u0142atno\u015b\u0107 darowizny. Dzi\u0119ki SSL (Secure Socket Layers), dane transakcyjne s\u0105 szyfrowane przed wys\u0142aniem przez Internet. Bezpieczne po\u0142\u0105czenie SSL mo\u017cna rozpozna\u0107 po https:\/\/ w adresie na pasku adresu.<\/span><\/p>\n<p><span style=\"font-weight: 400;\">Hosting naszej platformy realizowany jest przez naszego zaufanego partnera Google. Korzystamy z ich centrum danych w Belgii. Oznacza to, \u017ce serwery, na kt\u00f3rych przechowywane s\u0105 dane, znajduj\u0105 si\u0119 w Europejskim Obszarze Gospodarczym (EOG). Podejmiemy wszelkie mo\u017cliwe \u015brodki bezpiecze\u0144stwa, aby zapewni\u0107 bezpiecze\u0144stwo Twoich danych osobowych na tych serwerach i w ramach EOG<\/span>.<\/p>\n<hr \/>\n<h2>Twoje prawa<\/h2>\n<p><span style=\"font-weight: 400;\">Gdy przetwarzamy Twoje dane osobowe, jeste\u015b chroniony przez szereg praw:<\/span><\/p>\n<ul>\n<li style=\"font-weight: 400;\" aria-level=\"1\"><span style=\"font-weight: 400;\">Masz prawo uzyska\u0107 wyja\u015bnienia dotycz\u0105ce przetwarzanych przez nas danych osobowych i powod\u00f3w tego przetwarzania;<\/span><\/li>\n<li style=\"font-weight: 400;\" aria-level=\"1\"><span style=\"font-weight: 400;\">Masz prawo za\u017c\u0105da\u0107 dost\u0119pu do swoich danych osobowych;<\/span><\/li>\n<li style=\"font-weight: 400;\" aria-level=\"1\"><span style=\"font-weight: 400;\">Mo\u017cesz za\u017c\u0105da\u0107 modyfikacji lub usuni\u0119cia nieaktualnych danych osobowych;<\/span><\/li>\n<li style=\"font-weight: 400;\" aria-level=\"1\"><span style=\"font-weight: 400;\">Mo\u017cesz wycofa\u0107 swoj\u0105 zgod\u0119;<\/span><\/li>\n<li style=\"font-weight: 400;\" aria-level=\"1\"><span style=\"font-weight: 400;\">Mo\u017cesz poprosi\u0107 o ograniczenie przetwarzania swoich danych osobowych;<\/span><\/li>\n<li style=\"font-weight: 400;\" aria-level=\"1\"><span style=\"font-weight: 400;\">Masz prawo uzyska\u0107 dostarczone nam dane osobowe w strukturyzowanej, powszechnie u\u017cywanej i maszynowo czytelnej formie<\/span><\/li>\n<\/ul>\n<p><span style=\"font-weight: 400;\">Wiele z tych praw mo\u017cesz wykona\u0107 samodzielnie, je\u015bli masz konto na naszej platformie. W przeciwnym razie mo\u017cesz skontaktowa\u0107 si\u0119 z nami za pomoc\u0105 naszego formularza kontaktowego. Rozpatrzymy Twoj\u0105 pro\u015bb\u0119 w ci\u0105gu jednego miesi\u0105ca. Mo\u017cemy poprosi\u0107 Ci\u0119 o identyfikacj\u0119, aby upewni\u0107 si\u0119, \u017ce nie usuwamy ani nie modyfikujemy danych osobowych niew\u0142a\u015bciwej osoby.<\/span><\/p>\n<p><span style=\"font-weight: 400;\">Je\u015bli masz skarg\u0119 na spos\u00f3b przetwarzania Twoich danych osobowych, chcieliby\u015bmy o tym us\u0142ysze\u0107, aby\u015bmy mogli wsp\u00f3lnie znale\u017a\u0107 rozwi\u0105zanie. Masz r\u00f3wnie\u017c prawo zg\u0142osi\u0107 swoj\u0105 skarg\u0119 dotycz\u0105c\u0105 naszej platformy do holenderskiego organu nadzorczego ds. prywatno\u015bci.<\/span><\/p>\n<hr \/>\n<p><span style=\"font-weight: 400;\">Niniejsza Polityka Prywatno\u015bci zosta\u0142a ostatnio zaktualizowana 27-10-2025.<\/span><\/p>\n<\/div><\/div><\/div><\/div><\/div><div class=\"w-tabs-section\" id=\"n82c\"><button class=\"w-tabs-section-header\" aria-controls=\"content-n82c\" aria-expanded=\"false\"><div class=\"w-tabs-section-title\">Ciasteczka<\/div><div class=\"w-tabs-section-control\"><\/div><\/button><div  class=\"w-tabs-section-content\" id=\"content-n82c\"><div class=\"w-tabs-section-content-h i-cf\"><div class=\"wpb_text_column\"><div class=\"wpb_wrapper\"><h2><b>Ciasteczka<\/b><\/h2>\n<p><span style=\"font-weight: 400;\">Ciasteczka to ma\u0142e tymczasowe pliki tekstowe dla Twojego komputera. U\u017cywamy r\u00f3\u017cnych rodzaj\u00f3w ciasteczek, takich jak funkcjonalne i analityczne. Mo\u017cesz wy\u0142\u0105czy\u0107 ciasteczka w swojej przegl\u0105darce, ale pami\u0119taj, \u017ce mo\u017ce to oznacza\u0107, \u017ce platforma nie b\u0119dzie dzia\u0142a\u0107 tak, jak powinna<\/span><\/p>\n<p><b>Ciasteczka Techniczne<\/b><b><br \/>\n<\/b><span style=\"font-weight: 400;\">Dzi\u0119ki ciasteczkom technicznym rozpoznajemy Ci\u0119, gdy ponownie odwiedzasz nasz\u0105 platform\u0119 i zapobiegamy konieczno\u015bci wielokrotnego wprowadzania tych samych danych. Pomagaj\u0105 nam one r\u00f3wnie\u017c dowiedzie\u0107 si\u0119, jak korzystasz z naszej strony, dzi\u0119ki czemu mo\u017cemy ci\u0105gle j\u0105 ulepsza\u0107 i czyni\u0107 bardziej przyjazn\u0105 dla u\u017cytkownika.<\/span><\/p>\n<p><b>Ciasteczka Analityczne<\/b><b><br \/>\n<\/b><span style=\"font-weight: 400;\">WhyDonate u\u017cywa Google Analytics do statystycznych analiz sposobu korzystania z us\u0142ug WhyDonate. Google Analytics zbiera informacje o tym, jak nawigujesz po stronie, ile czasu sp\u0119dzasz na platformie, ile czasu sp\u0119dzasz na danej stronie, kt\u00f3ra strona internetowa skierowa\u0142a Ci\u0119 na platform\u0119 WhyDonate, jaki rodzaj przegl\u0105darki jest u\u017cywany, adres IP Twojego telefonu kom\u00f3rkowego, komputera lub tabletu oraz strony internetowe, kt\u00f3re odwiedzasz po u\u017cyciu platformy WhyDonate. Te informacje s\u0105 zbierane i analizowane, aby poprawi\u0107 u\u017cyteczno\u015b\u0107 platformy WhyDonate i ulepszy\u0107 dzia\u0142ania marketingowe WhyDonate. Informacje s\u0105 przechowywane przez Google w Stanach Zjednoczonych. Aby zapewni\u0107 bezpieczne przetwarzanie, zawarto umow\u0119 o przetwarzanie danych z Google. Ponadto, Google nie ma prawa u\u017cywa\u0107 przetworzonych danych do innych us\u0142ug. Wi\u0119cej informacji o przetwarzaniu danych przez Google mo\u017cna znale\u017a\u0107 w polityce prywatno\u015bci Google.<\/span><\/p>\n<p><b>Ciasteczko Marketingowe<\/b><b><br \/>\n<\/b><span style=\"font-weight: 400;\">U\u017cywamy piksela Facebooka, aby dostosowa\u0107 nasze posty i reklamy na Facebooku do zachowa\u0144 odwiedzaj\u0105cych na naszej stronie WhyDonate.<\/span><\/p>\n<h2><b>Pytania, Komentarze Lub Wskaz\u00f3wki?<\/b><\/h2>\n<p><span style=\"font-weight: 400;\">Je\u015bli masz jakiekolwiek pytania, komentarze lub wskaz\u00f3wki, nie wahaj si\u0119 skontaktowa\u0107!<\/span><\/p>\n<p><span style=\"font-weight: 400;\">Stichting Whydonate<\/span><span style=\"font-weight: 400;\"><br \/>\n<\/span><span style=\"font-weight: 400;\">Strona internetowa: <\/span><a href=\"https:\/\/whydonate.com\/?lang=en\"><span style=\"font-weight: 400;\">whydonate.com<\/span><\/a><span style=\"font-weight: 400;\">.<\/span><span style=\"font-weight: 400;\"><br \/>\n<\/span><span style=\"font-weight: 400;\">Email: <\/span><a href=\"mailto:hello@whydonate.com\"><span style=\"font-weight: 400;\">hello@whydonate.com<\/span><span style=\"font-weight: 400;\"><br \/>\n<\/span><\/a><span style=\"font-weight: 400;\">Numer telefonu: +31 (0)85 744 1174<\/span><\/p>\n<\/div><\/div><\/div><\/div><\/div><\/div><\/div><\/div><\/div><\/div><\/div><\/div><\/section>\n","protected":false},"excerpt":{"rendered":"O\u015bwiadczenie O Prywatno\u015bci I Plikach Cookie Traktujemy Twoje Dane Osobowe W Spos\u00f3b Poufny. &nbsp; O\u015bwiadczenie O Prywatno\u015bciCiasteczkaO\u015bwiadczenie O Prywatno\u015bciO\u015bwiadczenie O Prywatno\u015bci whydonate.com to us\u0142uga fundacji WhyDonate. Jeste\u015bmy zarejestrowani przy Johan Huizingalaan 763A w Amsterdamie. Uwa\u017camy, \u017ce ochrona Twoich danych osobowych jest wa\u017cna i b\u0119dziemy u\u017cywa\u0107 Twoich danych tylko do oferowania Ci naszych us\u0142ug, optymalizacji Twojego...","protected":false},"author":45,"featured_media":0,"parent":0,"menu_order":0,"comment_status":"closed","ping_status":"closed","template":"","meta":{"footnotes":""},"class_list":["post-340089","page","type-page","status-publish","hentry"],"_links":{"self":[{"href":"https:\/\/whydonate.com\/pl\/wp-json\/wp\/v2\/pages\/340089","targetHints":{"allow":["GET"]}}],"collection":[{"href":"https:\/\/whydonate.com\/pl\/wp-json\/wp\/v2\/pages"}],"about":[{"href":"https:\/\/whydonate.com\/pl\/wp-json\/wp\/v2\/types\/page"}],"author":[{"embeddable":true,"href":"https:\/\/whydonate.com\/pl\/wp-json\/wp\/v2\/users\/45"}],"replies":[{"embeddable":true,"href":"https:\/\/whydonate.com\/pl\/wp-json\/wp\/v2\/comments?post=340089"}],"version-history":[{"count":2,"href":"https:\/\/whydonate.com\/pl\/wp-json\/wp\/v2\/pages\/340089\/revisions"}],"predecessor-version":[{"id":418323,"href":"https:\/\/whydonate.com\/pl\/wp-json\/wp\/v2\/pages\/340089\/revisions\/418323"}],"wp:attachment":[{"href":"https:\/\/whydonate.com\/pl\/wp-json\/wp\/v2\/media?parent=340089"}],"curies":[{"name":"wp","href":"https:\/\/api.w.org\/{rel}","templated":true}]}}