{"id":401526,"date":"2025-04-23T18:42:30","date_gmt":"2025-04-23T17:42:30","guid":{"rendered":"https:\/\/whydonate.com\/?page_id=401526"},"modified":"2025-04-23T20:06:24","modified_gmt":"2025-04-23T19:06:24","slug":"integracja-zapiera","status":"publish","type":"page","link":"https:\/\/whydonate.com\/pl\/integracja-zapiera\/","title":{"rendered":"Zapier Integration PL"},"content":{"rendered":"<section class=\"l-section wpb_row us_custom_88ce9ef4 height_small\"><div class=\"l-section-h i-cf\"><div class=\"g-cols vc_row via_flex valign_top type_default stacking_default\"><div class=\"vc_col-sm-12 wpb_column vc_column_container\"><div class=\"vc_column-inner\"><div class=\"wpb_wrapper\"><div class=\"g-cols wpb_row us_custom_b6a72ce1 via_flex valign_top type_default stacking_default\" style=\"--additional-gap:32px;\"><div class=\"vc_col-sm-12 wpb_column vc_column_container\"><div class=\"vc_column-inner\"><div class=\"wpb_wrapper\"><div class=\"wpb_text_column us_custom_9dffa235 title-h1\"><div class=\"wpb_wrapper\"><h1 style=\"text-align: center;\">Zwi\u0119ksz Skuteczno\u015b\u0107 Zbi\u00f3rki Funduszy Dzi\u0119ki<br \/>\nIntegracji WhyDonate i Zapier<\/h1>\n<\/div><\/div><div class=\"wpb_text_column us_custom_37bc1c19 description-p\"><div class=\"wpb_wrapper\"><p style=\"text-align: center;\">Teraz, dzi\u0119ki naszej bezproblemowej integracji z Zapier, przenosimy Twoje mo\u017cliwo\u015bci zbierania funduszy na<br \/>\nwy\u017cszy poziom. Wyobra\u017a sobie automatyzacj\u0119 przep\u0142yw\u00f3w pracy, \u0142\u0105czenie ulubionych aplikacji i uwalnianie<br \/>\nczasu na skupienie si\u0119 na tym, co naprawd\u0119 wa\u017cne \u2014 robieniu r\u00f3\u017cnicy.<\/p>\n<\/div><\/div><div class=\"w-image us_custom_4a678b77 align_center\"><div class=\"w-image-h\"><img decoding=\"async\" height=\"84\" src=\"https:\/\/whydonate.com\/wp-content\/uploads\/2024\/12\/Group-39413.svg\" class=\"attachment-us_0_84 size-us_0_84\" alt=\"\" loading=\"lazy\" title=\"\"><\/div><\/div><div class=\"w-hwrapper valign_middle align_center\"><div class=\"w-image align_none\"><div class=\"w-image-h\"><img decoding=\"async\" width=\"100\" src=\"https:\/\/whydonate.com\/wp-content\/uploads\/2024\/12\/Group-39394.svg\" class=\"attachment-us_100_0 size-us_100_0\" alt=\"\" loading=\"lazy\" title=\"\"><\/div><\/div><div class=\"w-image align_none\"><div class=\"w-image-h\"><img decoding=\"async\" width=\"100\" src=\"https:\/\/whydonate.com\/wp-content\/uploads\/2024\/12\/Group-39390.svg\" class=\"attachment-us_100_0 size-us_100_0\" alt=\"\" loading=\"lazy\" title=\"\"><\/div><\/div><div class=\"w-image align_none\"><div class=\"w-image-h\"><img decoding=\"async\" width=\"100\" src=\"https:\/\/whydonate.com\/wp-content\/uploads\/2024\/12\/Group-39389.svg\" class=\"attachment-us_100_0 size-us_100_0\" alt=\"\" loading=\"lazy\" title=\"\"><\/div><\/div><div class=\"w-image align_none\"><div class=\"w-image-h\"><img decoding=\"async\" width=\"100\" src=\"https:\/\/whydonate.com\/wp-content\/uploads\/2024\/12\/Group-39396.svg\" class=\"attachment-us_100_0 size-us_100_0\" alt=\"\" loading=\"lazy\" title=\"\"><\/div><\/div><div class=\"w-image align_none\"><div class=\"w-image-h\"><img decoding=\"async\" width=\"100\" src=\"https:\/\/whydonate.com\/wp-content\/uploads\/2024\/12\/Group-39391.svg\" class=\"attachment-us_100_0 size-us_100_0\" alt=\"\" loading=\"lazy\" title=\"\"><\/div><\/div><div class=\"w-image align_none\"><div class=\"w-image-h\"><img decoding=\"async\" width=\"100\" src=\"https:\/\/whydonate.com\/wp-content\/uploads\/2024\/12\/Group-39383.svg\" class=\"attachment-us_100_0 size-us_100_0\" alt=\"\" loading=\"lazy\" title=\"\"><\/div><\/div><div class=\"w-image align_none\"><div class=\"w-image-h\"><img decoding=\"async\" width=\"100\" src=\"https:\/\/whydonate.com\/wp-content\/uploads\/2024\/12\/Group-39399.svg\" class=\"attachment-us_100_0 size-us_100_0\" alt=\"\" loading=\"lazy\" title=\"\"><\/div><\/div><\/div><\/div><\/div><\/div><\/div><div class=\"w-btn-wrapper align_center\"><a class=\"w-btn us-btn-style_1 us_custom_ebb63b53\" href=\"https:\/\/whydonate.com\/pl\/account\/register\"><span class=\"w-btn-label\">Zarejestruj si\u0119 na WhyDonate<\/span><\/a><\/div><\/div><\/div><\/div><\/div><\/div><\/section><section class=\"l-section wpb_row us_custom_6fcc0536 height_small\"><div class=\"l-section-h i-cf\"><div class=\"g-cols vc_row via_flex valign_middle type_default stacking_default\"><div class=\"vc_col-sm-12 wpb_column vc_column_container\"><div class=\"vc_column-inner\"><div class=\"wpb_wrapper\"><div class=\"g-cols wpb_row via_flex valign_middle type_default stacking_default\"><div class=\"vc_col-sm-6 wpb_column vc_column_container\"><div class=\"vc_column-inner\"><div class=\"wpb_wrapper\"><div class=\"wpb_text_column us_custom_1f257949 title-h1\"><div class=\"wpb_wrapper\"><h2>Dlaczego Warto Wybra\u0107 WhyDonate z Zapier?<\/h2>\n<\/div><\/div><div class=\"wpb_text_column us_custom_ebe540d1 description-p has_text_color\"><div class=\"wpb_wrapper\"><p style=\"text-align: left;\">Dzi\u0119ki WhyDonate jako platformie do zbierania funduszy masz ju\u017c dost\u0119p do pot\u0119\u017cnych narz\u0119dzi do zarz\u0105dzania darowiznami, kampaniami i relacjami z darczy\u0144cami. Ale co, je\u015bli mo\u017cesz zrobi\u0107 jeszcze wi\u0119cej? Integruj\u0105c WhyDonate z Zapier, mo\u017cesz po\u0142\u0105czy\u0107 si\u0119 z ponad 2000 aplikacji i zautomatyzowa\u0107 swoje procesy jak nigdy dot\u0105d.<\/p>\n<\/div><\/div><\/div><\/div><\/div><div class=\"vc_col-sm-6 wpb_column vc_column_container\"><div class=\"vc_column-inner\"><div class=\"wpb_wrapper\"><div class=\"w-image align_center\"><div class=\"w-image-h\"><img decoding=\"async\" width=\"640\" height=\"689\" src=\"https:\/\/whydonate.com\/wp-content\/uploads\/2024\/10\/Group-39362-640x689.png\" class=\"attachment-web-stories-poster-portrait size-web-stories-poster-portrait\" alt=\"\" loading=\"lazy\" title=\"\"><\/div><\/div><\/div><\/div><\/div><\/div><\/div><\/div><\/div><\/div><\/div><\/section><section class=\"l-section wpb_row us_custom_6fcc0536 height_small\"><div class=\"l-section-h i-cf\"><div class=\"g-cols vc_row via_flex valign_top type_default stacking_default\"><div class=\"vc_col-sm-12 wpb_column vc_column_container\"><div class=\"vc_column-inner\"><div class=\"wpb_wrapper\"><div class=\"g-cols wpb_row via_flex valign_top type_default stacking_default\"><div class=\"vc_col-sm-12 wpb_column vc_column_container\"><div class=\"vc_column-inner\"><div class=\"wpb_wrapper\"><div class=\"wpb_text_column us_custom_1f257949 title-h1\"><div class=\"wpb_wrapper\"><h2 style=\"text-align: center;\"><span data-metadata=\"&lt;!--(figmeta)eyJmaWxlS2V5IjoiVkV5eDRUR29tNzB1RzhnNDVSYVdLZiIsInBhc3RlSUQiOjE5NTk2MTY0ODYsImRhdGFUeXBlIjoic2NlbmUifQo=(\/figmeta)--&gt;\"><\/span>Si\u0142a Automatyzacji<\/h2>\n<\/div><\/div><div class=\"wpb_text_column us_custom_46c7f526 description-p\"><div class=\"wpb_wrapper\"><p>U\u017cywasz szerokiej gamy aplikacji obok WhyDonate. Zapier u\u0142atwia automatyzacj\u0119 przep\u0142yw\u00f3w pracy, p\u0142ynnie \u0142\u0105cz\u0105c WhyDonate z dowoln\u0105 obs\u0142ugiwan\u0105 aplikacj\u0105, umo\u017cliwiaj\u0105c im bezproblemowe udost\u0119pnianie danych. Mo\u017cesz skonfigurowa\u0107 Zaps (zautomatyzowane przep\u0142ywy pracy) w ci\u0105gu kilku minut \u2014 bez konieczno\u015bci kodowania!<\/p>\n<\/div><\/div><\/div><\/div><\/div><\/div><div class=\"g-cols wpb_row via_flex valign_top type_default stacking_default\"><div class=\"vc_col-sm-4 wpb_column vc_column_container\"><div class=\"vc_column-inner us_custom_1265184e\"><div class=\"wpb_wrapper\"><div class=\"w-image align_none\"><div class=\"w-image-h\"><img decoding=\"async\" width=\"304\" height=\"305\" src=\"https:\/\/whydonate.com\/wp-content\/uploads\/2025\/04\/Group-39427.png\" class=\"attachment-web-stories-poster-portrait size-web-stories-poster-portrait\" alt=\"\" loading=\"lazy\" srcset=\"https:\/\/whydonate.com\/wp-content\/uploads\/2025\/04\/Group-39427.png 304w, https:\/\/whydonate.com\/wp-content\/uploads\/2025\/04\/Group-39427-300x300.png 300w, https:\/\/whydonate.com\/wp-content\/uploads\/2025\/04\/Group-39427-150x150.png 150w, https:\/\/whydonate.com\/wp-content\/uploads\/2025\/04\/Group-39427-30x30.png 30w, https:\/\/whydonate.com\/wp-content\/uploads\/2025\/04\/Group-39427-199x200.png 199w, https:\/\/whydonate.com\/wp-content\/uploads\/2025\/04\/Group-39427-250x251.png 250w, https:\/\/whydonate.com\/wp-content\/uploads\/2025\/04\/Group-39427-100x100.png 100w, https:\/\/whydonate.com\/wp-content\/uploads\/2025\/04\/Group-39427-64x64.png 64w, https:\/\/whydonate.com\/wp-content\/uploads\/2025\/04\/Group-39427-84x84.png 84w, https:\/\/whydonate.com\/wp-content\/uploads\/2025\/04\/Group-39427-42x42.png 42w, https:\/\/whydonate.com\/wp-content\/uploads\/2025\/04\/Group-39427-10x10.png 10w, https:\/\/whydonate.com\/wp-content\/uploads\/2025\/04\/Group-39427-96x96.png 96w\" sizes=\"auto, (max-width: 304px) 100vw, 304px\" title=\"\"><\/div><\/div>[vc_custom_heading text=&#8221;Usprawnij Swoje<br \/>\nOperacje&#8221; font_container=&#8221;tag:h5|text_align:left|color:%23000000&#8243; use_theme_fonts=&#8221;yes&#8221; css=&#8221;%7B%22default%22%3A%7B%22line-height%22%3A%2230px%22%7D%7D&#8221;]<div class=\"wpb_text_column us_custom_14e19a50\"><div class=\"wpb_wrapper\"><p>Zapier zosta\u0142 zaprojektowany, aby zaoszcz\u0119dzi\u0107 Ci czasu poprzez automatyzacj\u0119 powtarzaj\u0105cych si\u0119 zada\u0144. Zapomnij o r\u0119cznym wprowadzaniu danych i pozw\u00f3l Zaps zaj\u0105\u0107 si\u0119 ci\u0119\u017ck\u0105 prac\u0105 za Ciebie.<\/p>\n<\/div><\/div><\/div><\/div><\/div><div class=\"vc_col-sm-4 wpb_column vc_column_container\"><div class=\"vc_column-inner us_custom_72cf9b0f\"><div class=\"wpb_wrapper\"><div class=\"w-image align_none\"><div class=\"w-image-h\"><img decoding=\"async\" width=\"304\" height=\"305\" src=\"https:\/\/whydonate.com\/wp-content\/uploads\/2025\/04\/Group-39434.png\" class=\"attachment-web-stories-poster-portrait size-web-stories-poster-portrait\" alt=\"\" loading=\"lazy\" srcset=\"https:\/\/whydonate.com\/wp-content\/uploads\/2025\/04\/Group-39434.png 304w, https:\/\/whydonate.com\/wp-content\/uploads\/2025\/04\/Group-39434-300x300.png 300w, https:\/\/whydonate.com\/wp-content\/uploads\/2025\/04\/Group-39434-150x150.png 150w, https:\/\/whydonate.com\/wp-content\/uploads\/2025\/04\/Group-39434-30x30.png 30w, https:\/\/whydonate.com\/wp-content\/uploads\/2025\/04\/Group-39434-199x200.png 199w, https:\/\/whydonate.com\/wp-content\/uploads\/2025\/04\/Group-39434-250x251.png 250w, https:\/\/whydonate.com\/wp-content\/uploads\/2025\/04\/Group-39434-100x100.png 100w, https:\/\/whydonate.com\/wp-content\/uploads\/2025\/04\/Group-39434-64x64.png 64w, https:\/\/whydonate.com\/wp-content\/uploads\/2025\/04\/Group-39434-84x84.png 84w, https:\/\/whydonate.com\/wp-content\/uploads\/2025\/04\/Group-39434-42x42.png 42w, https:\/\/whydonate.com\/wp-content\/uploads\/2025\/04\/Group-39434-10x10.png 10w, https:\/\/whydonate.com\/wp-content\/uploads\/2025\/04\/Group-39434-96x96.png 96w\" sizes=\"auto, (max-width: 304px) 100vw, 304px\" title=\"\"><\/div><\/div>[vc_custom_heading text=&#8221;Zintegruj si\u0119 z CRM&#8221; font_container=&#8221;tag:h4|text_align:left|color:%23000000&#8243; use_theme_fonts=&#8221;yes&#8221; css=&#8221;%7B%22default%22%3A%7B%22color%22%3A%22%23000000%22%2C%22line-height%22%3A%2230px%22%7D%7D&#8221;]<div class=\"wpb_text_column us_custom_14e19a50\"><div class=\"wpb_wrapper\"><p>Dzi\u0119ki przep\u0142ywom pracy Zapier zyskujesz elastyczno\u015b\u0107 w parsowaniu, podsumowywaniu i planowaniu danych. Mo\u017cesz skonfigurowa\u0107 r\u00f3\u017cne procesy, kt\u00f3re pomog\u0105 Ci osi\u0105gn\u0105\u0107 Twoje cele. Mo\u017cliwo\u015bci s\u0105 nieograniczone!<\/p>\n<\/div><\/div><\/div><\/div><\/div><div class=\"vc_col-sm-4 wpb_column vc_column_container\"><div class=\"vc_column-inner us_custom_40a7159d\"><div class=\"wpb_wrapper\"><div class=\"w-image align_none\"><div class=\"w-image-h\"><img decoding=\"async\" width=\"304\" height=\"305\" src=\"https:\/\/whydonate.com\/wp-content\/uploads\/2025\/04\/Frame-1690.png\" class=\"attachment-web-stories-poster-portrait size-web-stories-poster-portrait\" alt=\"\" loading=\"lazy\" srcset=\"https:\/\/whydonate.com\/wp-content\/uploads\/2025\/04\/Frame-1690.png 304w, https:\/\/whydonate.com\/wp-content\/uploads\/2025\/04\/Frame-1690-300x300.png 300w, https:\/\/whydonate.com\/wp-content\/uploads\/2025\/04\/Frame-1690-150x150.png 150w, https:\/\/whydonate.com\/wp-content\/uploads\/2025\/04\/Frame-1690-30x30.png 30w, https:\/\/whydonate.com\/wp-content\/uploads\/2025\/04\/Frame-1690-199x200.png 199w, https:\/\/whydonate.com\/wp-content\/uploads\/2025\/04\/Frame-1690-250x251.png 250w, https:\/\/whydonate.com\/wp-content\/uploads\/2025\/04\/Frame-1690-100x100.png 100w, https:\/\/whydonate.com\/wp-content\/uploads\/2025\/04\/Frame-1690-64x64.png 64w, https:\/\/whydonate.com\/wp-content\/uploads\/2025\/04\/Frame-1690-84x84.png 84w, https:\/\/whydonate.com\/wp-content\/uploads\/2025\/04\/Frame-1690-42x42.png 42w, https:\/\/whydonate.com\/wp-content\/uploads\/2025\/04\/Frame-1690-10x10.png 10w, https:\/\/whydonate.com\/wp-content\/uploads\/2025\/04\/Frame-1690-96x96.png 96w\" sizes=\"auto, (max-width: 304px) 100vw, 304px\" title=\"\"><\/div><\/div>[vc_custom_heading text=&#8221;Zwi\u0119ksz Sprzeda\u017c i Dzia\u0142ania Marketingowe&#8221; font_container=&#8221;tag:h5|text_align:left&#8221; use_theme_fonts=&#8221;yes&#8221; css=&#8221;%7B%22default%22%3A%7B%22line-height%22%3A%2230px%22%7D%7D&#8221;]<div class=\"wpb_text_column us_custom_14e19a50\"><div class=\"wpb_wrapper\"><p>Integracja z Zapier pozwala zautomatyzowa\u0107 zadania realizowane za po\u015brednictwem narz\u0119dzi sprzeda\u017cy i marketingu, co pozwala zaoszcz\u0119dzi\u0107 czas, ograniczy\u0107 liczb\u0119 b\u0142\u0119d\u00f3w i zwi\u0119kszy\u0107 wydajno\u015b\u0107, a tym samym poprawi\u0107 wyniki.<\/p>\n<\/div><\/div><\/div><\/div><\/div><\/div><\/div><\/div><\/div><\/div><\/div><\/section><section class=\"l-section wpb_row us_custom_b20a94c6 height_small\"><div class=\"l-section-h i-cf\"><div class=\"g-cols vc_row via_flex valign_middle type_default stacking_default\"><div class=\"vc_col-sm-6 wpb_column vc_column_container\"><div class=\"vc_column-inner us_custom_8c52a354\"><div class=\"wpb_wrapper\"><div class=\"wpb_text_column us_custom_d7166887 title-h1 has_text_color\"><div class=\"wpb_wrapper\"><h2 style=\"text-align: left;\"><span style=\"color: #ffffff;\">Jak to Dzia\u0142a?<\/span><\/h2>\n<\/div><\/div><div class=\"wpb_text_column us_custom_f37621fa description-p has_text_color\"><div class=\"wpb_wrapper\"><p style=\"text-align: left; color: #353535 !important;\"><span style=\"color: #ffffff;\">Korzystanie z WhyDonate z Zapier jest proste. Wystarczy wybra\u0107 aplikacje,<\/span><br \/>\n<span style=\"color: #ffffff;\">kt\u00f3re chcesz po\u0142\u0105czy\u0107, skonfigurowa\u0107 wyzwalacze i pozwoli\u0107 Zapierowi<\/span><br \/>\n<span style=\"color: #ffffff;\">zaj\u0105\u0107 si\u0119 reszt\u0105. Niezale\u017cnie od tego, czy synchronizujesz dane z Salesforce, automatyzujesz wiadomo\u015bci e-mail<\/span><br \/>\n<span style=\"color: #ffffff;\">za pomoc\u0105 Mailchimp, czy aktualizujesz arkusze kalkulacyjne w Arkuszach Google,<\/span><br \/>\n<span style=\"color: #ffffff;\">mo\u017cliwo\u015bci s\u0105 nieograniczone.<\/span><\/p>\n<\/div><\/div><div class=\"w-btn-wrapper align_left\"><a class=\"w-btn us-btn-style_1 us_custom_8291e80e\" href=\"https:\/\/helpdesk.whydonate.com\/pl\/article\/jak-polaczyc-moje-konto-whydonate-z-zapier-866xky\/\"><span class=\"w-btn-label\">Dowiedz si\u0119 Wi\u0119cej<\/span><\/a><\/div><\/div><\/div><\/div><div class=\"vc_col-sm-6 wpb_column vc_column_container\"><div class=\"vc_column-inner us_custom_6a4d3d6c\"><div class=\"wpb_wrapper\"><div class=\"w-vwrapper align_center valign_top\" style=\"--vwrapper-gap:0rem\"><div class=\"w-image align_none\"><a href=\"https:\/\/whydonate.com\/en\/account\/register\" aria-label=\"Frame 26086326\" class=\"w-image-h\"><img decoding=\"async\" width=\"350\" height=\"200\" src=\"https:\/\/whydonate.com\/wp-content\/uploads\/2024\/12\/Frame-26086326.svg\" class=\"attachment-us_350_200 size-us_350_200\" alt=\"\" loading=\"lazy\" title=\"\"><\/a><\/div><div class=\"w-image align_none\"><div class=\"w-image-h\"><img decoding=\"async\" height=\"10\" src=\"https:\/\/whydonate.com\/wp-content\/uploads\/2024\/12\/Group-26086321.svg\" class=\"attachment-us_0_10 size-us_0_10\" alt=\"\" loading=\"lazy\" title=\"\"><\/div><\/div><div class=\"w-image align_none\"><div class=\"w-image-h\"><img decoding=\"async\" width=\"350\" height=\"200\" src=\"https:\/\/whydonate.com\/wp-content\/uploads\/2024\/12\/Frame-26086327.svg\" class=\"attachment-us_350_200 size-us_350_200\" alt=\"\" loading=\"lazy\" title=\"\"><\/div><\/div><div class=\"w-image align_none\"><div class=\"w-image-h\"><img decoding=\"async\" height=\"10\" src=\"https:\/\/whydonate.com\/wp-content\/uploads\/2024\/12\/Group-26086321.svg\" class=\"attachment-us_0_10 size-us_0_10\" alt=\"\" loading=\"lazy\" title=\"\"><\/div><\/div><div class=\"w-image align_none\"><a href=\"https:\/\/zapier.com\/sign-up\" aria-label=\"Frame 26086328\" class=\"w-image-h\" target=\"_blank\" rel=\"noopener\"><img decoding=\"async\" width=\"350\" height=\"200\" src=\"https:\/\/whydonate.com\/wp-content\/uploads\/2024\/12\/Frame-26086328.svg\" class=\"attachment-us_350_200 size-us_350_200\" alt=\"\" loading=\"lazy\" title=\"\"><\/a><\/div><div class=\"w-image align_none\"><div class=\"w-image-h\"><img decoding=\"async\" height=\"10\" src=\"https:\/\/whydonate.com\/wp-content\/uploads\/2024\/12\/Group-26086321.svg\" class=\"attachment-us_0_10 size-us_0_10\" alt=\"\" loading=\"lazy\" title=\"\"><\/div><\/div><div class=\"w-image align_none\"><div class=\"w-image-h\"><img decoding=\"async\" width=\"350\" height=\"200\" src=\"https:\/\/whydonate.com\/wp-content\/uploads\/2024\/12\/Frame-26086329.svg\" class=\"attachment-us_350_200 size-us_350_200\" alt=\"\" loading=\"lazy\" title=\"\"><\/div><\/div><div class=\"w-image align_none\"><div class=\"w-image-h\"><img decoding=\"async\" height=\"10\" src=\"https:\/\/whydonate.com\/wp-content\/uploads\/2024\/12\/Group-26086321.svg\" class=\"attachment-us_0_10 size-us_0_10\" alt=\"\" loading=\"lazy\" title=\"\"><\/div><\/div><div class=\"w-image align_none\"><div class=\"w-image-h\"><img decoding=\"async\" width=\"350\" height=\"200\" src=\"https:\/\/whydonate.com\/wp-content\/uploads\/2024\/12\/Frame-26086330.svg\" class=\"attachment-us_350_200 size-us_350_200\" alt=\"\" loading=\"lazy\" title=\"\"><\/div><\/div><\/div><\/div><\/div><\/div><\/div><\/div><\/section><section class=\"l-section wpb_row us_custom_69c073c8 height_small\"><div class=\"l-section-h i-cf\"><div class=\"g-cols vc_row via_flex valign_top type_default stacking_default\"><div class=\"vc_col-sm-12 wpb_column vc_column_container\"><div class=\"vc_column-inner\"><div class=\"wpb_wrapper\"><div class=\"g-cols wpb_row via_flex valign_top type_default stacking_default\"><div class=\"vc_col-sm-12 wpb_column vc_column_container\"><div class=\"vc_column-inner\"><div class=\"wpb_wrapper\"><div class=\"wpb_text_column us_custom_1f257949 title-h1\"><div class=\"wpb_wrapper\"><h2 style=\"text-align: center;\"><span data-metadata=\"&lt;!--(figmeta)eyJmaWxlS2V5IjoiVkV5eDRUR29tNzB1RzhnNDVSYVdLZiIsInBhc3RlSUQiOjE5NTk2MTY0ODYsImRhdGFUeXBlIjoic2NlbmUifQo=(\/figmeta)--&gt;\"><\/span>Automaation Voima<\/h2>\n<\/div><\/div><div class=\"wpb_text_column us_custom_46c7f526 description-p\"><div class=\"wpb_wrapper\"><p>K\u00e4yt\u00e4t laajaa valikoimaa sovelluksia WhyDonaten rinnalla. Zapier tekee ty\u00f6nkulkujen automatisoinnista helppoa yhdist\u00e4m\u00e4ll\u00e4 saumattomasti WhyDonate-sovellukseen<br \/>\nmink\u00e4 tahansa tuetun sovelluksen avulla he voivat jakaa tietoja vaivattomasti. Voit m\u00e4\u00e4ritt\u00e4\u00e4 Zapsin (automaattiset ty\u00f6nkulut) muutamassa minuutissa \u2013 koodausta ei tarvita!<\/p>\n<\/div><\/div><\/div><\/div><\/div><\/div><\/div><\/div><\/div><\/div><\/div><\/section><div class=\"vc_col-sm-3\/5 wpb_column vc_column_container\"><div class=\"vc_column-inner\"><div class=\"wpb_wrapper\"><\/div><\/div><\/div><div class=\"vc_col-sm-1\/5 wpb_column vc_column_container\"><div class=\"vc_column-inner\"><div class=\"wpb_wrapper\"><\/div><\/div><\/div><div class=\"vc_col-sm-1\/5 wpb_column vc_column_container\"><div class=\"vc_column-inner\"><div class=\"wpb_wrapper\"><\/div><\/div><\/div><section class=\"l-section wpb_row us_custom_5279a801 height_small width_full with_img\"><div class=\"l-section-img\" role=\"img\" aria-label=\"Obrazek\" data-img-width=\"1280\" data-img-height=\"351\" style=\"background-image: url(https:\/\/whydonate.com\/wp-content\/uploads\/2024\/06\/Group-1644.png);background-repeat: no-repeat;\"><\/div><div class=\"l-section-h i-cf\"><div class=\"g-cols vc_row via_flex valign_middle type_default stacking_default\"><div class=\"vc_col-sm-3\/5 wpb_column vc_column_container\"><div class=\"vc_column-inner\"><div class=\"wpb_wrapper\"><div class=\"wpb_text_column us_custom_179b4675 has_text_color\"><div class=\"wpb_wrapper\"><h2><span style=\"color: #fff;\"><br \/>\n<span style=\"font-size: 36pt; font-weight: 600;\">Do\u0142\u0105cz do spo\u0142eczno\u015bci zbieraj\u0105cej fundusze WhyDonate<\/span><\/span><\/h2>\n<\/div><\/div><div class=\"w-btn-wrapper align_none\"><a class=\"w-btn us-btn-style_1\" href=\"https:\/\/whydonate.com\/pl\/account\/register\"><span class=\"w-btn-label\">Rozpocznij Zbi\u00f3rk\u0119 Funduszy<\/span><\/a><\/div><\/div><\/div><\/div><div class=\"vc_col-sm-1\/5 wpb_column vc_column_container\"><div class=\"vc_column-inner\"><div class=\"wpb_wrapper\"><div class=\"w-counter us_custom_0e0ace7d has_text_color color_text align_center has_font_size\" data-duration=\"2\"><div class=\"w-counter-value\"><span class=\"w-counter-value-part type_text\" data-final=\"\"><\/span><span class=\"w-counter-value-part type_number\" data-final=\"51,340\">1<\/span><span class=\"w-counter-value-part type_text\" data-final=\"+\"><\/span><\/div><h6 class=\"w-counter-title\">Rozpocz\u0119to Zbi\u00f3rki Funduszy<\/h6><\/div><div class=\"w-counter us_custom_70879268 has_text_color color_text align_center has_font_size\" data-duration=\"2\"><div class=\"w-counter-value\"><span class=\"w-counter-value-part type_text\" data-final=\"\"><\/span><span class=\"w-counter-value-part type_number\" data-final=\"1\">1<\/span><span class=\"w-counter-value-part type_text\" data-final=\"M+\"><\/span><\/div><span class=\"w-counter-title\">Miesi\u0119czna Liczba Odwiedzaj\u0105cych Witryn\u0119<\/span><\/div><\/div><\/div><\/div><div class=\"vc_col-sm-1\/5 wpb_column vc_column_container\"><div class=\"vc_column-inner\"><div class=\"wpb_wrapper\"><div class=\"w-counter us_custom_0e0ace7d has_text_color color_custom align_center has_font_size\" data-duration=\"2\"><div class=\"w-counter-value\"><span class=\"w-counter-value-part type_text\" data-final=\"\"><\/span><span class=\"w-counter-value-part type_number\" data-final=\"876,175\">1<\/span><span class=\"w-counter-value-part type_text\" data-final=\"+\"><\/span><\/div><h6 class=\"w-counter-title\">Aktywni Darczy\u0144cy<\/h6><\/div><div class=\"w-counter us_custom_70879268 has_text_color color_custom align_center has_font_size\" data-duration=\"2\"><div class=\"w-counter-value\"><span class=\"w-counter-value-part type_text\" data-final=\"\"><\/span><span class=\"w-counter-value-part type_number\" data-final=\"4.8\">1<\/span><span class=\"w-counter-value-part type_text\" data-final=\"\/5\"><\/span><\/div><h6 class=\"w-counter-title\">\u015arednia Ocena Recenzji<\/h6><\/div><\/div><\/div><\/div><\/div><\/div><\/section>\n","protected":false},"excerpt":{"rendered":"Zwi\u0119ksz Skuteczno\u015b\u0107 Zbi\u00f3rki Funduszy Dzi\u0119ki Integracji WhyDonate i Zapier Teraz, dzi\u0119ki naszej bezproblemowej integracji z Zapier, przenosimy Twoje mo\u017cliwo\u015bci zbierania funduszy na wy\u017cszy poziom. Wyobra\u017a sobie automatyzacj\u0119 przep\u0142yw\u00f3w pracy, \u0142\u0105czenie ulubionych aplikacji i uwalnianie czasu na skupienie si\u0119 na tym, co naprawd\u0119 wa\u017cne \u2014 robieniu r\u00f3\u017cnicy. Zarejestruj si\u0119 na WhyDonateDlaczego Warto Wybra\u0107 WhyDonate z Zapier?...","protected":false},"author":45,"featured_media":0,"parent":0,"menu_order":0,"comment_status":"closed","ping_status":"closed","template":"","meta":{"footnotes":""},"class_list":["post-401526","page","type-page","status-publish","hentry"],"_links":{"self":[{"href":"https:\/\/whydonate.com\/pl\/wp-json\/wp\/v2\/pages\/401526","targetHints":{"allow":["GET"]}}],"collection":[{"href":"https:\/\/whydonate.com\/pl\/wp-json\/wp\/v2\/pages"}],"about":[{"href":"https:\/\/whydonate.com\/pl\/wp-json\/wp\/v2\/types\/page"}],"author":[{"embeddable":true,"href":"https:\/\/whydonate.com\/pl\/wp-json\/wp\/v2\/users\/45"}],"replies":[{"embeddable":true,"href":"https:\/\/whydonate.com\/pl\/wp-json\/wp\/v2\/comments?post=401526"}],"version-history":[{"count":0,"href":"https:\/\/whydonate.com\/pl\/wp-json\/wp\/v2\/pages\/401526\/revisions"}],"wp:attachment":[{"href":"https:\/\/whydonate.com\/pl\/wp-json\/wp\/v2\/media?parent=401526"}],"curies":[{"name":"wp","href":"https:\/\/api.w.org\/{rel}","templated":true}]}}