{"id":424763,"date":"2026-01-23T11:38:12","date_gmt":"2026-01-23T10:38:12","guid":{"rendered":"https:\/\/whydonate.com\/?page_id=424763"},"modified":"2026-01-23T11:38:13","modified_gmt":"2026-01-23T10:38:13","slug":"politica-confidentialitate-cookie-uri","status":"publish","type":"page","link":"https:\/\/whydonate.com\/ro\/politica-confidentialitate-cookie-uri\/","title":{"rendered":"Privacy and Cookies RO"},"content":{"rendered":"<section class=\"l-section wpb_row us_custom_fb609693 about-page-section-first height_huge\"><div class=\"l-section-overlay\" style=\"background:#363398\"><\/div><div class=\"l-section-h i-cf\"><div class=\"g-cols vc_row via_flex valign_top type_default stacking_default\"><div class=\"vc_col-sm-6 wpb_column vc_column_container\"><div class=\"vc_column-inner us_custom_ec1e580b\"><div class=\"wpb_wrapper\"><div class=\"wpb_text_column us_custom_cdf14ffd\"><div class=\"wpb_wrapper\"><h1><span style=\"color: #32bf55;\">Declara\u021bie de confiden\u021bialitate \u0219i cookie-uri<\/span><\/h1>\n<h3><span style=\"color: #ffffff;\">Trat\u0103m informa\u021biile dumneavoastr\u0103 personale \u00een mod confiden\u021bial.<\/span><\/h3>\n<\/div><\/div><\/div><\/div><\/div><div class=\"vc_col-sm-6 wpb_column vc_column_container\"><div class=\"vc_column-inner\"><div class=\"wpb_wrapper\"><\/div><\/div><\/div><\/div><\/div><\/section><section class=\"l-section wpb_row us_custom_2eec13b6 height_small\"><div class=\"l-section-h i-cf\"><div class=\"g-cols vc_row via_flex valign_top type_default stacking_default\"><div class=\"vc_col-sm-12 wpb_column vc_column_container\"><div class=\"vc_column-inner\"><div class=\"wpb_wrapper\"><div class=\"w-tabs layout_hor style_trendy switch_click has_scrolling\" style=\"--sections-title-size:1em\"><div class=\"w-tabs-list items_2 align_justify\" style=\"text-transform:uppercase;\"><div class=\"w-tabs-list-h\"><button class=\"w-tabs-item active\" aria-controls=\"content-xb48\" aria-expanded=\"false\"><span class=\"w-tabs-item-title\">Declara\u021bie de confiden\u021bialitate<\/span><\/button><button class=\"w-tabs-item\" aria-controls=\"content-hc7f\" aria-expanded=\"false\"><span class=\"w-tabs-item-title\">Cookie-uri<\/span><\/button><\/div><\/div><div class=\"w-tabs-sections titles-align_none icon_chevron cpos_right\"><div class=\"w-tabs-section active\" id=\"xb48\"><button class=\"w-tabs-section-header active\" aria-controls=\"content-xb48\" aria-expanded=\"true\"><div class=\"w-tabs-section-title\">Declara\u021bie de confiden\u021bialitate<\/div><div class=\"w-tabs-section-control\"><\/div><\/button><div  class=\"w-tabs-section-content\" id=\"content-xb48\"><div class=\"w-tabs-section-content-h i-cf\"><div class=\"wpb_text_column\"><div class=\"wpb_wrapper\"><h2>Declara\u021bie de confiden\u021bialitate<\/h2>\n<p><b>whydonate.com este un serviciu al WhyDonate. Suntem \u00eenregistra\u021bi la Johan Huizingalaan 763A, \u00een Amsterdam. <\/b><\/p>\n<p><b>Consider\u0103m important\u0103 protejarea datelor dumneavoastr\u0103 personale \u0219i vom utiliza aceste date doar pentru a v\u0103 oferi serviciile noastre, pentru a optimiza experien\u021ba utilizatorului \u0219i pentru a ne \u00eembun\u0103t\u0103\u021bi serviciile. \u00cen aceast\u0103 declara\u021bie de confiden\u021bialitate, dorim s\u0103 explic\u0103m ce tip de date personale colect\u0103m, de ce facem acest lucru \u0219i cum v\u0103 protej\u0103m datele.<\/b><\/p>\n<p><span style=\"font-weight: 400;\">Aceast\u0103 Politic\u0103 de confiden\u021bialitate poate fi actualizat\u0103 \u00een viitor. Ne rezerv\u0103m dreptul de a face modific\u0103ri \u00een orice moment. Modific\u0103rile majore vor fi \u00eentotdeauna anun\u021bate. V\u0103 recomand\u0103m s\u0103 consulta\u021bi acest document \u00een mod regulat.<\/span><\/p>\n<p><span style=\"font-weight: 400;\">Dac\u0103 ave\u021bi \u00eentreb\u0103ri legate de confiden\u021bialitate, v\u0103 rug\u0103m s\u0103 utiliza\u021bi formularul de contact sau s\u0103 suna\u021bi la +31 (0)857441174<\/span><\/p>\n<hr \/>\n<h2>Ce tip de date personale colecteaz\u0103 WhyDonate?<\/h2>\n<p><span style=\"font-weight: 400;\">Proces\u0103m \u0219i colect\u0103m doar datele personale necesare scopurilor pentru care sunt prelucrate:<\/span><\/p>\n<p><span style=\"font-weight: 400;\">Dac\u0103 sunte\u021bi donator, colect\u0103m urm\u0103toarele date personale: <\/span><\/p>\n<ul>\n<li style=\"font-weight: 400;\"><span style=\"font-weight: 400;\">Date de identificare personal\u0103: (nume);<\/span><\/li>\n<\/ul>\n<p><span style=\"font-weight: 400;\">Folosim numele dumneavoastr\u0103 pentru a v\u0103 adresa corect \u0219i pentru a ar\u0103ta organiza\u021biei cine a donat (cu excep\u021bia cazului \u00een care donatorul este anonim).<\/span><\/p>\n<ul>\n<li style=\"font-weight: 400;\"><span style=\"font-weight: 400;\">Date de contact (adres\u0103 de e-mail); <\/span><\/li>\n<\/ul>\n<p><span style=\"font-weight: 400;\">Aceste date sunt utilizate pentru a v\u0103 trimite e-mailuri de serviciu.<\/span><\/p>\n<ul>\n<li style=\"font-weight: 400;\"><span style=\"font-weight: 400;\">Informa\u021bii de plat\u0103 (IBAN);<\/span><\/li>\n<\/ul>\n<p><span style=\"font-weight: 400;\">Pentru a putea debita dona\u021biile \u0219i a le transfera c\u0103tre IBAN-ul corect.<\/span><\/p>\n<ul>\n<li style=\"font-weight: 400;\"><span style=\"font-weight: 400;\">Informa\u021bii de identificare electronic\u0103 \u0219i informa\u021bii tehnice (adres\u0103 IP \u0219i loca\u021bie). <\/span><span style=\"font-weight: 400;\"><br \/>\n<\/span>Colect\u0103m aceste date pentru a preveni frauda \u0219i pentru a ob\u021bine informa\u021bii despre loca\u021bia donatorului.<\/li>\n<\/ul>\n<p><span style=\"font-weight: 400;\">Dac\u0103 ini\u021bia\u021bi o str\u00e2ngere de fonduri, colect\u0103m urm\u0103toarele date personale:<\/span><\/p>\n<ul>\n<li style=\"font-weight: 400;\"><span style=\"font-weight: 400;\">Date de identificare personal\u0103: (nume, date de autentificare);<\/span><\/li>\n<\/ul>\n<p><span style=\"font-weight: 400;\">Folosim numele dumneavoastr\u0103 pentru a v\u0103 adresa corect \u0219i pentru a ar\u0103ta altor utilizatori cine sunte\u021bi. Parola dumneavoastr\u0103 este salvat\u0103 \u00eentr-o form\u0103 criptat\u0103, astfel \u00eenc\u00e2t doar dumneavoastr\u0103 s\u0103 ave\u021bi acces la ea; nu noi \u0219i nici altcineva.<\/span><\/p>\n<ul>\n<li style=\"font-weight: 400;\"><span style=\"font-weight: 400;\">Date de contact (adres\u0103 de e-mail); <\/span><\/li>\n<\/ul>\n<p><span style=\"font-weight: 400;\">Aceste date sunt utilizate pentru a v\u0103 identifica atunci c\u00e2nd v\u0103 autentifica\u021bi \u0219i pentru a v\u0103 trimite e-mailuri de serviciu. \u00cen plus, v\u0103 pute\u021bi abona la actualiz\u0103rile periodice prin e-mail. Aceasta \u00eenseamn\u0103 c\u0103, ocazional, v\u0103 trimitem informa\u021bii despre cele mai interesante nout\u0103\u021bi \u0219i proiecte de pe platform\u0103. Desigur, v\u0103 pute\u021bi dezabona oric\u00e2nd din contul dumneavoastr\u0103.<\/span><\/p>\n<ul>\n<li style=\"font-weight: 400;\"><span style=\"font-weight: 400;\">Informa\u021bii de plat\u0103 (IBAN);<\/span><\/li>\n<\/ul>\n<p><span style=\"font-weight: 400;\">Pentru a putea debita dona\u021biile \u0219i a le transfera c\u0103tre IBAN-ul corect.<\/span><\/p>\n<ul>\n<li style=\"font-weight: 400;\"><span style=\"font-weight: 400;\">Informa\u021bii de identificare electronic\u0103 \u0219i informa\u021bii tehnice (adres\u0103 IP \u0219i loca\u021bie). <\/span><span style=\"font-weight: 400;\"><br \/>\n<\/span>Colect\u0103m aceste date pentru a preveni frauda \u0219i pentru a ob\u021bine informa\u021bii despre loca\u021bia donatorului.<\/li>\n<li style=\"font-weight: 400;\"><span style=\"font-weight: 400;\">Informa\u021bii de profil;<\/span><\/li>\n<\/ul>\n<p><span style=\"font-weight: 400;\">Pute\u021bi ad\u0103uga mai multe informa\u021bii despre dumneavoastr\u0103 \u0219i despre organiza\u021bia caritabil\u0103 \u00een profilul dumneavoastr\u0103, astfel \u00eenc\u00e2t al\u021bi utilizatori s\u0103 poat\u0103 vedea cine sunte\u021bi \u0219i care este cauza. Acest lucru ne ajut\u0103 s\u0103 conect\u0103m mai u\u0219or donatorii cu cauzele.<\/span><\/p>\n<p><span style=\"font-weight: 400;\">Dumneavoastr\u0103 decide\u021bi ce informa\u021bii din profil sunt vizibile pentru al\u021bi utilizatori. A\u0219adar, dac\u0103 nu dori\u021bi s\u0103 v\u0103 partaja\u021bi informa\u021biile personale, nu sunte\u021bi obligat s\u0103 o face\u021bi. Dorim s\u0103 fi\u021bi mul\u021bumit de \u00eentreaga experien\u021b\u0103 pe platforma noastr\u0103, de aceea, dac\u0103 dori\u021bi s\u0103 v\u0103 p\u0103stra\u021bi identitatea de sus\u021bin\u0103tor\/donator ascuns\u0103, acest lucru este posibil. Astfel, pute\u021bi face o dona\u021bie anonim\u0103, f\u0103r\u0103 ca numele dumneavoastr\u0103 s\u0103 fie asociat dona\u021biei.<\/span><\/p>\n<hr \/>\n<h2>Scopul prelucr\u0103rii datelor<\/h2>\n<p><span style=\"font-weight: 400;\">Colect\u0103m date personale despre dumneavoastr\u0103 ca utilizator al platformei noastre pentru a oferi o experien\u021b\u0103 sigur\u0103, optim\u0103 \u0219i u\u0219or de utilizat. Prelucrarea datelor are loc doar \u00een urm\u0103toarele scopuri specifice:<\/span><\/p>\n<ul>\n<li style=\"font-weight: 400;\"><span style=\"font-weight: 400;\">Gestionarea corect\u0103 a dona\u021biilor: administrarea dona\u021biilor, suport, monitorizarea reclama\u021biilor \u0219i trimiterea mesajelor de serviciu;<\/span><\/li>\n<li style=\"font-weight: 400;\"><span style=\"font-weight: 400;\">Securitate \u0219i protec\u021bie \u00eempotriva fraudei \u0219i abuzurilor;<\/span><\/li>\n<li style=\"font-weight: 400;\"><span style=\"font-weight: 400;\">Experien\u021b\u0103 personalizat\u0103 pentru utilizatori, marketing, publicitate \u0219i newslettere, dac\u0103 v-a\u021bi \u00eenscris \u00een mod explicit. \u00cen acest caz, v\u0103 pute\u021bi dezabona oric\u00e2nd;<\/span><\/li>\n<li style=\"font-weight: 400;\"><span style=\"font-weight: 400;\">Scopuri statistice. Datele personale colectate nu vor fi p\u0103strate mai mult dec\u00e2t este necesar pentru scopurile men\u021bionate mai sus.<\/span><\/li>\n<\/ul>\n<hr \/>\n<h2>Pe ce baz\u0103 legal\u0103 sunt prelucrate datele mele personale?<\/h2>\n<p><span style=\"font-weight: 400;\">\u00cen conformitate cu reglement\u0103rile privind confiden\u021bialitatea, prelucr\u0103m datele dumneavoastr\u0103 personale pe baza urm\u0103toarelor temeiuri:<\/span><\/p>\n<ul>\n<li style=\"font-weight: 400;\"><span style=\"font-weight: 400;\">Executarea unui contract cu dumneavoastr\u0103, de exemplu atunci c\u00e2nd face\u021bi o dona\u021bie sau ini\u021bia\u021bi o campanie de str\u00e2ngere de fonduri;<\/span><\/li>\n<li style=\"font-weight: 400;\"><span style=\"font-weight: 400;\">Respectarea obliga\u021biilor legale sau de reglementare;<\/span><\/li>\n<li style=\"font-weight: 400;\"><span style=\"font-weight: 400;\">Interesul nostru legitim, de exemplu pentru a v\u0103 \u021bine la curent cu o campanie pe care a\u021bi sus\u021binut-o;<\/span><\/li>\n<li style=\"font-weight: 400;\"><span style=\"font-weight: 400;\">Consim\u021b\u0103m\u00e2ntul dumneavoastr\u0103 explicit;<\/span><\/li>\n<\/ul>\n<hr \/>\n<h2>Partajarea datelor personale cu ter\u021bi<\/h2>\n<p><span style=\"font-weight: 400;\">Partaj\u0103m datele dumneavoastr\u0103 personale doar cu ter\u021bi care ne sprijin\u0103 \u00een procesul nostru de afaceri \u0219i care au un acord de prelucrare a datelor cu noi, cum ar fi furnizorul de g\u0103zduire web sau furnizorul de pl\u0103\u021bi. Nu vindem \u0219i nu partaj\u0103m niciodat\u0103 datele dumneavoastr\u0103 \u00een scopuri de marketing ale ter\u021bilor.<\/span><\/p>\n<p><span style=\"font-weight: 400;\">\u00cen plus, organizatorul campaniei de str\u00e2ngere de fonduri poate vedea numele \u0219i adresa de e-mail ale donatorilor, cu excep\u021bia cazului \u00een care donatorul face o dona\u021bie anonim\u0103.<\/span><\/p>\n<p><span style=\"font-weight: 400;\">Nu vom publica niciodat\u0103 mesaje pe conturile dumneavoastr\u0103 de Facebook, Twitter, WhatsApp, Google+, LinkedIn sau alte re\u021bele sociale f\u0103r\u0103 permisiunea dumneavoastr\u0103. Dac\u0103 utiliza\u021bi butoane de social media pe platforma noastr\u0103, de exemplu pentru a distribui o pagin\u0103 de str\u00e2ngere de fonduri, v\u0103 rug\u0103m s\u0103 citi\u021bi declara\u021bia de confiden\u021bialitate a re\u021belei sociale respective.<\/span><\/p>\n<hr \/>\n<h2>M\u0103suri de securitate<\/h2>\n<p><span style=\"font-weight: 400;\">Pentru a v\u0103 proteja datele personale, lu\u0103m m\u0103suri de securitate adecvate.<\/span><span style=\"font-weight: 400;\">De aceea, folosim un mediu de internet securizat imediat ce \u00eencepe\u021bi plata dona\u021biei. Prin SSL (Secure Socket Layer), datele tranzac\u021bionale sunt criptate \u00eenainte de a fi transmise prin internet. Pute\u021bi recunoa\u0219te conexiunea SSL sigur\u0103 prin https:\/\/ din bara de adrese.<\/span><\/p>\n<p><span style=\"font-weight: 400;\">G\u0103zduirea platformei noastre este realizat\u0103 de partenerul nostru de \u00eencredere, Google. Utiliz\u0103m centrul lor de date din Belgia. Aceasta \u00eenseamn\u0103 c\u0103 serverele pe care sunt stocate datele se afl\u0103 \u00een Spa\u021biul Economic European (SEE). Vom lua toate m\u0103surile de securitate posibile pentru a ne asigura c\u0103 datele dumneavoastr\u0103 personale sunt \u00een siguran\u021b\u0103 pe aceste servere \u0219i \u00een cadrul SEE.<\/span><\/p>\n<hr \/>\n<h2>Drepturile dumneavoastr\u0103<\/h2>\n<p><span style=\"font-weight: 400;\">Atunci c\u00e2nd prelucr\u0103m informa\u021biile dumneavoastr\u0103 personale, beneficia\u021bi de o serie de drepturi:<\/span><\/p>\n<ul>\n<li style=\"font-weight: 400;\"><span style=\"font-weight: 400;\">Ave\u021bi dreptul de a primi o explica\u021bie despre datele personale pe care le prelucr\u0103m \u0219i de ce;<\/span><\/li>\n<li style=\"font-weight: 400;\"><span style=\"font-weight: 400;\">Ave\u021bi dreptul de a solicita accesul la datele dumneavoastr\u0103 personale;<\/span><\/li>\n<li style=\"font-weight: 400;\"><span style=\"font-weight: 400;\">Pute\u021bi solicita modificarea sau \u0219tergerea datelor personale \u00eenvechite;<\/span><\/li>\n<li style=\"font-weight: 400;\"><span style=\"font-weight: 400;\">V\u0103 pute\u021bi retrage consim\u021b\u0103m\u00e2ntul;<\/span><\/li>\n<li style=\"font-weight: 400;\"><span style=\"font-weight: 400;\">Pute\u021bi solicita limitarea prelucr\u0103rii datelor dumneavoastr\u0103 personale;<\/span><\/li>\n<li style=\"font-weight: 400;\"><span style=\"font-weight: 400;\">Ave\u021bi dreptul de a ob\u021bine datele personale furnizate \u00eentr-un format structurat, uzual \u0219i care poate fi citit automat.<\/span><\/li>\n<\/ul>\n<p><span style=\"font-weight: 400;\">Pute\u021bi exercita personal unele dintre aceste drepturi dac\u0103 ave\u021bi un cont pe platforma noastr\u0103. \u00cen caz contrar, ne pute\u021bi contacta folosind formularul de contact. Vom r\u0103spunde solicit\u0103rii dumneavoastr\u0103 \u00een termen de o lun\u0103. Este posibil s\u0103 v\u0103 solicit\u0103m un act de identificare pentru a ne asigura c\u0103 nu modific\u0103m sau \u0219tergem datele personale ale altei persoane.<\/span><\/p>\n<p><span style=\"font-weight: 400;\">Dac\u0103 ave\u021bi o pl\u00e2ngere cu privire la modul \u00een care sunt prelucrate datele dumneavoastr\u0103 personale, ne-ar face pl\u0103cere s\u0103 ne contacta\u021bi pentru a g\u0103si o solu\u021bie \u00eempreun\u0103. De asemenea, ave\u021bi dreptul de a depune o pl\u00e2ngere la autoritatea olandez\u0103 de supraveghere \u00een materie de confiden\u021bialitate.<\/span><\/p>\n<hr \/>\n<p><span style=\"font-weight: 400;\">Aceast\u0103 Politic\u0103 de confiden\u021bialitate a fost actualizat\u0103 ultima dat\u0103 la <\/span><span style=\"font-weight: 400;\">27-10-2025<\/span><span style=\"font-weight: 400;\">.<\/span><\/p>\n<\/div><\/div><\/div><\/div><\/div><div class=\"w-tabs-section\" id=\"hc7f\"><button class=\"w-tabs-section-header\" aria-controls=\"content-hc7f\" aria-expanded=\"false\"><div class=\"w-tabs-section-title\">Cookie-uri<\/div><div class=\"w-tabs-section-control\"><\/div><\/button><div  class=\"w-tabs-section-content\" id=\"content-hc7f\"><div class=\"w-tabs-section-content-h i-cf\"><div class=\"wpb_text_column\"><div class=\"wpb_wrapper\"><h2><b>Cookie-uri<\/b><\/h2>\n<p><span style=\"font-weight: 400;\">Cookie-urile sunt fi\u0219iere text temporare mici stocate pe computerul dumneavoastr\u0103. Folosim diferite tipuri de cookie-uri, cum ar fi cookie-uri func\u021bionale \u0219i analitice. Ave\u021bi libertatea de a dezactiva cookie-urile \u00een browserul dumneavoastr\u0103, \u00eens\u0103 acest lucru poate \u00eensemna c\u0103 platforma nu va func\u021biona corect.<\/span><\/p>\n<p><b>Cookie-uri tehnice<\/b><b><br \/>\n<\/b><span style=\"font-weight: 400;\">Prin utilizarea cookie-urilor tehnice, v\u0103 recunoa\u0219tem atunci c\u00e2nd reveni\u021bi pe platforma noastr\u0103 \u0219i evit\u0103m s\u0103 reintroduce\u021bi acelea\u0219i date de fiecare dat\u0103. De asemenea, ne ajut\u0103 s\u0103 \u00een\u021belegem cum utiliza\u021bi site-ul nostru, pentru a-l \u00eembun\u0103t\u0103\u021bi constant \u0219i a-l face mai u\u0219or de utilizat.<\/span><\/p>\n<p><b>Cookie-uri analitice<\/b><span style=\"font-weight: 400;\"><br \/>\n<\/span><span style=\"font-weight: 400;\">WhyDonate utilizeaz\u0103 Google Analytics pentru analize statistice privind modul \u00een care utiliza\u021bi serviciile WhyDonate. Google Analytics colecteaz\u0103 informa\u021bii despre modul \u00een care naviga\u021bi pe site, timpul petrecut pe platform\u0103, timpul petrecut pe o anumit\u0103 pagin\u0103, site-ul care v-a direc\u021bionat c\u0103tre platforma WhyDonate, tipul de browser utilizat, adresa IP a telefonului mobil, PC-ului sau tabletei \u0219i site-urile vizitate dup\u0103 utilizarea platformei WhyDonate. Aceste informa\u021bii sunt colectate \u0219i analizate pentru a \u00eembun\u0103t\u0103\u021bi u\u0219urin\u021ba de utilizare a platformei WhyDonate \u0219i activit\u0103\u021bile de marketing ale WhyDonate. Informa\u021biile sunt stocate de Google \u00een Statele Unite. Pentru a asigura o prelucrare sigur\u0103, este \u00eencheiat un acord de prelucrare a datelor cu Google. De asemenea, Google nu are voie s\u0103 utilizeze datele prelucrate pentru alte servicii. Mai multe informa\u021bii despre prelucrarea datelor de c\u0103tre Google pot fi g\u0103site \u00een politica de confiden\u021bialitate a Google.<\/span><\/p>\n<p><b>Cookie-uri de marketing<\/b><span style=\"font-weight: 400;\"><br \/>\n<\/span><span style=\"font-weight: 400;\">Utiliz\u0103m un pixel Facebook pentru a adapta post\u0103rile \u0219i reclamele noastre de pe Facebook \u00een func\u021bie de comportamentul de navigare pe site-ul WhyDonate.<\/span><\/p>\n<h2><b>\u00centreb\u0103ri, comentarii sau sugestii?<\/b><\/h2>\n<p><span style=\"font-weight: 400;\">Dac\u0103 ave\u021bi \u00eentreb\u0103ri, comentarii sau sugestii, nu ezita\u021bi s\u0103 ne contacta\u021bi!<\/span><\/p>\n<p><span style=\"font-weight: 400;\">WhyDonate<\/span><span style=\"font-weight: 400;\"><br \/>\n<\/span><span style=\"font-weight: 400;\">Website: <\/span><a href=\"https:\/\/whydonate.com\/?lang=en\"><span style=\"font-weight: 400;\">whydonate.com<\/span><\/a><span style=\"font-weight: 400;\">.<\/span><span style=\"font-weight: 400;\"><br \/>\n<\/span><span style=\"font-weight: 400;\">Email: <\/span><a href=\"mailto:hello@whydonate.com\"><span style=\"font-weight: 400;\">hello@whydonate.com<\/span><span style=\"font-weight: 400;\"><br \/>\n<\/span><\/a><span style=\"font-weight: 400;\">Num\u0103r de telefon: +31 (0)85 1074458<\/span><\/p>\n<\/div><\/div><\/div><\/div><\/div><\/div><\/div><\/div><\/div><\/div><\/div><\/div><\/section>\n","protected":false},"excerpt":{"rendered":"Declara\u021bie de confiden\u021bialitate \u0219i cookie-uri Trat\u0103m informa\u021biile dumneavoastr\u0103 personale \u00een mod confiden\u021bial. Declara\u021bie de confiden\u021bialitateCookie-uriDeclara\u021bie de confiden\u021bialitateDeclara\u021bie de confiden\u021bialitate whydonate.com este un serviciu al WhyDonate. Suntem \u00eenregistra\u021bi la Johan Huizingalaan 763A, \u00een Amsterdam. Consider\u0103m important\u0103 protejarea datelor dumneavoastr\u0103 personale \u0219i vom utiliza aceste date doar pentru a v\u0103 oferi serviciile noastre, pentru a optimiza experien\u021ba...","protected":false},"author":60,"featured_media":0,"parent":0,"menu_order":0,"comment_status":"closed","ping_status":"closed","template":"","meta":{"footnotes":""},"class_list":["post-424763","page","type-page","status-publish","hentry"],"_links":{"self":[{"href":"https:\/\/whydonate.com\/ro\/wp-json\/wp\/v2\/pages\/424763","targetHints":{"allow":["GET"]}}],"collection":[{"href":"https:\/\/whydonate.com\/ro\/wp-json\/wp\/v2\/pages"}],"about":[{"href":"https:\/\/whydonate.com\/ro\/wp-json\/wp\/v2\/types\/page"}],"author":[{"embeddable":true,"href":"https:\/\/whydonate.com\/ro\/wp-json\/wp\/v2\/users\/60"}],"replies":[{"embeddable":true,"href":"https:\/\/whydonate.com\/ro\/wp-json\/wp\/v2\/comments?post=424763"}],"version-history":[{"count":1,"href":"https:\/\/whydonate.com\/ro\/wp-json\/wp\/v2\/pages\/424763\/revisions"}],"predecessor-version":[{"id":424764,"href":"https:\/\/whydonate.com\/ro\/wp-json\/wp\/v2\/pages\/424763\/revisions\/424764"}],"wp:attachment":[{"href":"https:\/\/whydonate.com\/ro\/wp-json\/wp\/v2\/media?parent=424763"}],"curies":[{"name":"wp","href":"https:\/\/api.w.org\/{rel}","templated":true}]}}