{"id":424765,"date":"2026-01-23T11:45:53","date_gmt":"2026-01-23T10:45:53","guid":{"rendered":"https:\/\/whydonate.com\/?page_id=424765"},"modified":"2026-01-23T11:45:54","modified_gmt":"2026-01-23T10:45:54","slug":"ochrana-osobnych-udajov-a-cookies","status":"publish","type":"page","link":"https:\/\/whydonate.com\/sk\/ochrana-osobnych-udajov-a-cookies\/","title":{"rendered":"Privacy and Cookies SK"},"content":{"rendered":"<section class=\"l-section wpb_row us_custom_fb609693 about-page-section-first height_huge\"><div class=\"l-section-overlay\" style=\"background:#363398\"><\/div><div class=\"l-section-h i-cf\"><div class=\"g-cols vc_row via_flex valign_top type_default stacking_default\"><div class=\"vc_col-sm-6 wpb_column vc_column_container\"><div class=\"vc_column-inner us_custom_ec1e580b\"><div class=\"wpb_wrapper\"><div class=\"wpb_text_column us_custom_cdf14ffd\"><div class=\"wpb_wrapper\"><h1><span style=\"color: #32bf55;\">Vyhl\u00e1senie o ochrane osobn\u00fdch \u00fadajov a s\u00faboroch cookies<\/span><\/h1>\n<h3><span style=\"color: #ffffff;\">S va\u0161imi osobn\u00fdmi \u00fadajmi zaobch\u00e1dzame d\u00f4verne.<\/span><\/h3>\n<\/div><\/div><\/div><\/div><\/div><div class=\"vc_col-sm-6 wpb_column vc_column_container\"><div class=\"vc_column-inner\"><div class=\"wpb_wrapper\"><\/div><\/div><\/div><\/div><\/div><\/section><section class=\"l-section wpb_row us_custom_2eec13b6 height_small\"><div class=\"l-section-h i-cf\"><div class=\"g-cols vc_row via_flex valign_top type_default stacking_default\"><div class=\"vc_col-sm-12 wpb_column vc_column_container\"><div class=\"vc_column-inner\"><div class=\"wpb_wrapper\"><div class=\"w-tabs layout_hor style_trendy switch_click has_scrolling\" style=\"--sections-title-size:1em\"><div class=\"w-tabs-list items_2 align_justify\" style=\"text-transform:uppercase;\"><div class=\"w-tabs-list-h\"><button class=\"w-tabs-item active\" aria-controls=\"content-f365\" aria-expanded=\"false\"><span class=\"w-tabs-item-title\">Vyhl\u00e1senie o ochrane osobn\u00fdch \u00fadajov<\/span><\/button><button class=\"w-tabs-item\" aria-controls=\"content-x530\" aria-expanded=\"false\"><span class=\"w-tabs-item-title\">Cookies<\/span><\/button><\/div><\/div><div class=\"w-tabs-sections titles-align_none icon_chevron cpos_right\"><div class=\"w-tabs-section active\" id=\"f365\"><button class=\"w-tabs-section-header active\" aria-controls=\"content-f365\" aria-expanded=\"true\"><div class=\"w-tabs-section-title\">Vyhl\u00e1senie o ochrane osobn\u00fdch \u00fadajov<\/div><div class=\"w-tabs-section-control\"><\/div><\/button><div  class=\"w-tabs-section-content\" id=\"content-f365\"><div class=\"w-tabs-section-content-h i-cf\"><div class=\"wpb_text_column\"><div class=\"wpb_wrapper\"><h2>Vyhl\u00e1senie o ochrane osobn\u00fdch \u00fadajov<\/h2>\n<p><b>whydonate.com je slu\u017eba spolo\u010dnosti WhyDonate. Sme registrovan\u00ed na adrese Johan Huizingalaan 763A, Amsterdam. <\/b><\/p>\n<p><b>Pova\u017eujeme za d\u00f4le\u017eit\u00e9 chr\u00e1ni\u0165 va\u0161e osobn\u00e9 \u00fadaje a pou\u017e\u00edvame ich iba na poskytovanie na\u0161ich slu\u017eieb, optimaliz\u00e1ciu pou\u017e\u00edvate\u013esk\u00e9ho z\u00e1\u017eitku a zlep\u0161ovanie na\u0161ich slu\u017eieb. V tomto vyhl\u00e1sen\u00ed o ochrane osobn\u00fdch \u00fadajov vysvet\u013eujeme, ak\u00e9 osobn\u00e9 \u00fadaje zhroma\u017e\u010fujeme, pre\u010do to rob\u00edme a ako ich chr\u00e1nime.<\/b><\/p>\n<p><span style=\"font-weight: 400;\">Tieto z\u00e1sady ochrany osobn\u00fdch \u00fadajov m\u00f4\u017eu by\u0165 v bud\u00facnosti aktualizovan\u00e9. Vyhradzujeme si pr\u00e1vo ich kedyko\u013evek zmeni\u0165. Z\u00e1sadn\u00e9 zmeny bud\u00fa v\u017edy ozn\u00e1men\u00e9. Odpor\u00fa\u010dame pravidelne sa k tomuto dokumentu vraca\u0165.<\/span><\/p>\n<p><span style=\"font-weight: 400;\">Ak m\u00e1te ot\u00e1zky t\u00fdkaj\u00face sa ochrany osobn\u00fdch \u00fadajov, pou\u017eite kontaktn\u00fd formul\u00e1r alebo zavolajte na +31 (0)857441174<\/span><\/p>\n<hr \/>\n<h2>Ak\u00e9 osobn\u00e9 \u00fadaje WhyDonate zhroma\u017e\u010fuje?<\/h2>\n<p><span style=\"font-weight: 400;\">Sprac\u00favame a zhroma\u017e\u010fujeme iba osobn\u00e9 \u00fadaje, ktor\u00e9 s\u00fa nevyhnutn\u00e9 na \u00fa\u010dely, na ktor\u00e9 s\u00fa sprac\u00favan\u00e9:<\/span><\/p>\n<p><span style=\"font-weight: 400;\">Ak ste darca, zhroma\u017e\u010fujeme nasleduj\u00face osobn\u00e9 \u00fadaje: <\/span><\/p>\n<ul>\n<li style=\"font-weight: 400;\"><span style=\"font-weight: 400;\">Osobn\u00e1 identifik\u00e1cia: (meno);<\/span><\/li>\n<\/ul>\n<p><span style=\"font-weight: 400;\">Va\u0161e meno pou\u017e\u00edvame na spr\u00e1vne oslovenie a na zobrazenie, kto prispel do zbierky (pokia\u013e darca nie je anonymn\u00fd).<\/span><\/p>\n<ul>\n<li style=\"font-weight: 400;\"><span style=\"font-weight: 400;\">Kontaktn\u00e9 \u00fadaje (e-mailov\u00e1 adresa); <\/span><\/li>\n<\/ul>\n<p><span style=\"font-weight: 400;\">Tieto \u00fadaje sa pou\u017e\u00edvaj\u00fa na zasielanie servisn\u00fdch e-mailov.<\/span><\/p>\n<ul>\n<li style=\"font-weight: 400;\"><span style=\"font-weight: 400;\">Platobn\u00e9 \u00fadaje (IBAN);<\/span><\/li>\n<\/ul>\n<p><span style=\"font-weight: 400;\">Aby sme mohli strhn\u00fa\u0165 dary a previes\u0165 ich na spr\u00e1vny IBAN.<\/span><\/p>\n<ul>\n<li style=\"font-weight: 400;\"><span style=\"font-weight: 400;\">Elektronick\u00e9 identifika\u010dn\u00e9 \u00fadaje a technick\u00e9 inform\u00e1cie (IP adresa a poloha).<\/span><span style=\"font-weight: 400;\"><br \/>\n<\/span>Tieto \u00fadaje zhroma\u017e\u010fujeme na prevenciu podvodov a na z\u00edskanie preh\u013eadu o polohe darcu.<\/li>\n<\/ul>\n<p><span style=\"font-weight: 400;\">Ak za\u010dnete zbierku, zhroma\u017e\u010fujeme nasleduj\u00face osobn\u00e9 \u00fadaje:<\/span><\/p>\n<ul>\n<li style=\"font-weight: 400;\"><span style=\"font-weight: 400;\">Osobn\u00e1 identifik\u00e1cia: (meno, prihlasovacie \u00fadaje);<\/span><\/li>\n<\/ul>\n<p><span style=\"font-weight: 400;\">Va\u0161e meno pou\u017e\u00edvame na spr\u00e1vne oslovenie a na zobrazenie ostatn\u00fdm pou\u017e\u00edvate\u013eom, kto ste. Va\u0161e heslo je ulo\u017een\u00e9 v \u0161ifrovanej podobe, tak\u017ee k nemu m\u00e1te pr\u00edstup iba vy \u2013 nie my ani nikto in\u00fd.<\/span><\/p>\n<ul>\n<li style=\"font-weight: 400;\"><span style=\"font-weight: 400;\">Kontaktn\u00e9 \u00fadaje (e-mailov\u00e1 adresa); <\/span><\/li>\n<\/ul>\n<p><span style=\"font-weight: 400;\">Tieto \u00fadaje sa pou\u017e\u00edvaj\u00fa na va\u0161u identifik\u00e1ciu pri prihl\u00e1sen\u00ed a na zasielanie servisn\u00fdch e-mailov. Okrem toho sa m\u00f4\u017eete prihl\u00e1si\u0165 na pravideln\u00e9 e-mailov\u00e9 novinky. To znamen\u00e1, \u017ee v\u00e1m pr\u00edle\u017eitostne po\u0161leme inform\u00e1cie o najzauj\u00edmavej\u0161\u00edch novink\u00e1ch a projektoch na platforme. Samozrejme, z odberu sa m\u00f4\u017eete kedyko\u013evek odhl\u00e1si\u0165 prostredn\u00edctvom svojho \u00fa\u010dtu.<\/span><\/p>\n<ul>\n<li style=\"font-weight: 400;\"><span style=\"font-weight: 400;\">Platobn\u00e9 \u00fadaje (IBAN);<\/span><\/li>\n<\/ul>\n<p><span style=\"font-weight: 400;\">Aby sme mohli strhn\u00fa\u0165 dary a previes\u0165 ich na spr\u00e1vny IBAN.<\/span><\/p>\n<ul>\n<li style=\"font-weight: 400;\"><span style=\"font-weight: 400;\">Elektronick\u00e9 identifika\u010dn\u00e9 \u00fadaje a technick\u00e9 inform\u00e1cie (IP adresa a poloha).<\/span><span style=\"font-weight: 400;\"><br \/>\n<\/span>Tieto \u00fadaje zhroma\u017e\u010fujeme na prevenciu podvodov a na z\u00edskanie preh\u013eadu o polohe darcu.<\/li>\n<li style=\"font-weight: 400;\"><span style=\"font-weight: 400;\">Profilov\u00e9 inform\u00e1cie;<\/span><\/li>\n<\/ul>\n<p><span style=\"font-weight: 400;\">Do profilu m\u00f4\u017eete prida\u0165 viac inform\u00e1ci\u00ed o sebe a o charite, aby ostatn\u00ed pou\u017e\u00edvatelia videli, kto ste a ak\u00fd je v\u00e1\u0161 cie\u013e. To n\u00e1m u\u013eah\u010duje prepojenie darcov a zbierok.<\/span><\/p>\n<p><span style=\"font-weight: 400;\">Vy sami rozhodujete, ktor\u00e9 inform\u00e1cie z v\u00e1\u0161ho profilu bud\u00fa vidite\u013en\u00e9 pre ostatn\u00fdch pou\u017e\u00edvate\u013eov. Ak teda nechcete zdie\u013ea\u0165 svoje osobn\u00e9 \u00fadaje s in\u00fdmi, nemus\u00edte. Chceme, aby ste boli s cel\u00fdm z\u00e1\u017eitkom na na\u0161ej platforme spokojn\u00ed, preto v\u00e1m umo\u017e\u0148ujeme zosta\u0165 anonymn\u00fdm podporovate\u013eom\/darcom. V takom pr\u00edpade nie je k v\u00e1\u0161mu daru priraden\u00e9 \u017eiadne meno.<\/span><\/p>\n<hr \/>\n<h2>\u00da\u010del spracovania \u00fadajov<\/h2>\n<p><span style=\"font-weight: 400;\">Osobn\u00e9 \u00fadaje o v\u00e1s ako pou\u017e\u00edvate\u013eovi na\u0161ej platformy zhroma\u017e\u010fujeme s cie\u013eom poskytn\u00fa\u0165 bezpe\u010dn\u00fd, optim\u00e1lny a pou\u017e\u00edvate\u013esky pr\u00edvetiv\u00fd z\u00e1\u017eitok. Spracovanie \u00fadajov prebieha iba na nasleduj\u00face konkr\u00e9tne \u00fa\u010dely:<\/span><\/p>\n<ul>\n<li style=\"font-weight: 400;\"><span style=\"font-weight: 400;\">Spr\u00e1vne spracovanie darov: administr\u00e1cia darov, podpora, sledovanie s\u0165a\u017enost\u00ed a zasielanie servisn\u00fdch spr\u00e1v;<\/span><\/li>\n<li style=\"font-weight: 400;\"><span style=\"font-weight: 400;\">Bezpe\u010dnos\u0165 a ochrana pred podvodmi a poru\u0161eniami;<\/span><\/li>\n<li style=\"font-weight: 400;\"><span style=\"font-weight: 400;\">Personalizovan\u00fd pou\u017e\u00edvate\u013esk\u00fd z\u00e1\u017eitok, marketing, reklama a newslettery, ak ste sa na ne v\u00fdslovne prihl\u00e1sili. V takom pr\u00edpade sa m\u00f4\u017eete kedyko\u013evek odhl\u00e1si\u0165;<\/span><\/li>\n<li style=\"font-weight: 400;\"><span style=\"font-weight: 400;\">\u0160tatistick\u00e9 \u00fa\u010dely \u2013 osobn\u00e9 \u00fadaje, ktor\u00e9 zhroma\u017e\u010fujeme, nebud\u00fa uchov\u00e1van\u00e9 dlh\u0161ie, ne\u017e je potrebn\u00e9 na uveden\u00e9 \u00fa\u010dely.<\/span><\/li>\n<\/ul>\n<hr \/>\n<h2>Na akom pr\u00e1vnom z\u00e1klade sa sprac\u00favaj\u00fa moje osobn\u00e9 \u00fadaje?<\/h2>\n<p><span style=\"font-weight: 400;\">V s\u00falade s predpismi o ochrane osobn\u00fdch \u00fadajov sprac\u00favame va\u0161e osobn\u00e9 \u00fadaje na z\u00e1klade:<\/span><\/p>\n<ul>\n<li style=\"font-weight: 400;\"><span style=\"font-weight: 400;\">Plnenia zmluvy s vami, napr\u00edklad ke\u010f darujete alebo chcete spusti\u0165 zbierku;<\/span><\/li>\n<li style=\"font-weight: 400;\"><span style=\"font-weight: 400;\">Plnenia z\u00e1konn\u00fdch alebo regula\u010dn\u00fdch povinnost\u00ed;<\/span><\/li>\n<li style=\"font-weight: 400;\"><span style=\"font-weight: 400;\">N\u00e1\u0161ho opr\u00e1vnen\u00e9ho z\u00e1ujmu, napr\u00edklad informova\u0165 v\u00e1s o zbierke, ktor\u00fa ste podporili;<\/span><\/li>\n<li style=\"font-weight: 400;\"><span style=\"font-weight: 400;\">V\u00e1\u0161ho v\u00fdslovn\u00e9ho s\u00fahlasu.<\/span><\/li>\n<\/ul>\n<hr \/>\n<h2>Zdie\u013eanie osobn\u00fdch \u00fadajov s tret\u00edmi stranami<\/h2>\n<p><span style=\"font-weight: 400;\">Va\u0161e osobn\u00e9 \u00fadaje zdie\u013eame iba s tret\u00edmi stranami, ktor\u00e9 n\u00e1s podporuj\u00fa v na\u0161ich obchodn\u00fdch procesoch a maj\u00fa s nami uzatvoren\u00fa zmluvu o spracovan\u00ed \u00fadajov. Ide napr\u00edklad o poskytovate\u013ea webhostingu alebo platobn\u00e9ho poskytovate\u013ea. Va\u0161e \u00fadaje nikdy nepred\u00e1vame ani nezdie\u013eame na marketingov\u00e9 \u00fa\u010dely tret\u00edch str\u00e1n.<\/span><\/p>\n<p><span style=\"font-weight: 400;\">Okrem toho m\u00f4\u017ee organiz\u00e1tor zbierky vidie\u0165 meno a e-mailov\u00fa adresu darcov, pokia\u013e darca neprispeje anonymne.<\/span><\/p>\n<p><span style=\"font-weight: 400;\">Nikdy nebudeme bez v\u00e1\u0161ho s\u00fahlasu zverej\u0148ova\u0165 pr\u00edspevky na va\u0161ich \u00fa\u010dtoch Facebook, Twitter, WhatsApp, Google+, LinkedIn alebo in\u00fdch soci\u00e1lnych sie\u0165ach. Ak na na\u0161ej platforme pou\u017e\u00edvate tla\u010didl\u00e1 soci\u00e1lnych m\u00e9di\u00ed, napr\u00edklad na zdie\u013eanie zbierky, pre\u010d\u00edtajte si vyhl\u00e1senie o ochrane osobn\u00fdch \u00fadajov pr\u00edslu\u0161nej soci\u00e1lnej siete.<\/span><\/p>\n<hr \/>\n<h2>Bezpe\u010dnostn\u00e9 opatrenia<\/h2>\n<p><span style=\"font-weight: 400;\">Na ochranu va\u0161ich osobn\u00fdch \u00fadajov prij\u00edmame primeran\u00e9 bezpe\u010dnostn\u00e9 opatrenia.<\/span><span style=\"font-weight: 400;\"> Preto pou\u017e\u00edvame zabezpe\u010den\u00e9 internetov\u00e9 prostredie hne\u010f, ako za\u010dnete s platbou daru. Prostredn\u00edctvom SSL (Secure Socket Layer) s\u00fa transak\u010dn\u00e9 \u00fadaje pred odoslan\u00edm cez internet \u0161ifrovan\u00e9. Bezpe\u010dn\u00e9 SSL pripojenie spozn\u00e1te pod\u013ea https:\/\/ v adresnom riadku prehliada\u010da.<\/span><\/p>\n<p><span style=\"font-weight: 400;\">Hosting na\u0161ej platformy zabezpe\u010duje n\u00e1\u0161 spo\u013eahliv\u00fd partner Google. Pou\u017e\u00edvame ich d\u00e1tov\u00e9 centrum v Belgicku, \u010do znamen\u00e1, \u017ee servery, na ktor\u00fdch s\u00fa \u00fadaje ulo\u017een\u00e9, sa nach\u00e1dzaj\u00fa v Eur\u00f3pskom hospod\u00e1rskom priestore (EHP). Prij\u00edmame v\u0161etky mo\u017en\u00e9 bezpe\u010dnostn\u00e9 opatrenia, aby boli va\u0161e osobn\u00e9 \u00fadaje na t\u00fdchto serveroch a v r\u00e1mci EHP v bezpe\u010d\u00ed.<\/span><\/p>\n<hr \/>\n<h2>Va\u0161e pr\u00e1va<\/h2>\n<p><span style=\"font-weight: 400;\">Pri sprac\u00favan\u00ed va\u0161ich osobn\u00fdch \u00fadajov ste chr\u00e1nen\u00ed viacer\u00fdmi pr\u00e1vami:<\/span><\/p>\n<ul>\n<li style=\"font-weight: 400;\"><span style=\"font-weight: 400;\">M\u00e1te pr\u00e1vo na vysvetlenie, ak\u00e9 osobn\u00e9 \u00fadaje sprac\u00favame a pre\u010do;<\/span><\/li>\n<li style=\"font-weight: 400;\"><span style=\"font-weight: 400;\">M\u00e1te pr\u00e1vo po\u017eiada\u0165 o pr\u00edstup k va\u0161im osobn\u00fdm \u00fadajom;<\/span><\/li>\n<li style=\"font-weight: 400;\"><span style=\"font-weight: 400;\">M\u00f4\u017eete po\u017eiada\u0165 o opravu alebo vymazanie neaktu\u00e1lnych osobn\u00fdch \u00fadajov;<\/span><\/li>\n<li style=\"font-weight: 400;\"><span style=\"font-weight: 400;\">M\u00f4\u017eete odvola\u0165 svoj s\u00fahlas;<\/span><\/li>\n<li style=\"font-weight: 400;\"><span style=\"font-weight: 400;\">M\u00f4\u017eete po\u017eiada\u0165 o obmedzenie sprac\u00favania va\u0161ich osobn\u00fdch \u00fadajov;<\/span><\/li>\n<li style=\"font-weight: 400;\"><span style=\"font-weight: 400;\">M\u00e1te pr\u00e1vo z\u00edska\u0165 osobn\u00e9 \u00fadaje, ktor\u00e9 ste n\u00e1m poskytli, v \u0161trukt\u00farovanej, be\u017ene pou\u017e\u00edvanej a strojovo \u010ditate\u013enej forme.<\/span><\/li>\n<\/ul>\n<p><span style=\"font-weight: 400;\">Viacer\u00e9 z t\u00fdchto pr\u00e1v m\u00f4\u017eete uplatni\u0165 osobne, ak m\u00e1te \u00fa\u010det na na\u0161ej platforme. V opa\u010dnom pr\u00edpade n\u00e1s m\u00f4\u017eete kontaktova\u0165 prostredn\u00edctvom kontaktn\u00e9ho formul\u00e1ra. Va\u0161u \u017eiados\u0165 vybav\u00edme do jedn\u00e9ho mesiaca. M\u00f4\u017eeme v\u00e1s po\u017eiada\u0165 o identifik\u00e1ciu, aby sme sa uistili, \u017ee neodstra\u0148ujeme alebo nemen\u00edme \u00fadaje nespr\u00e1vnej osoby.<\/span><\/p>\n<p><span style=\"font-weight: 400;\">Ak m\u00e1te s\u0165a\u017enos\u0165 t\u00fdkaj\u00facu sa sp\u00f4sobu spracovania va\u0161ich osobn\u00fdch \u00fadajov, budeme radi, ak n\u00e1s kontaktujete, aby sme mohli spolo\u010dne n\u00e1js\u0165 rie\u0161enie. Z\u00e1rove\u0148 m\u00e1te pr\u00e1vo poda\u0165 s\u0165a\u017enos\u0165 na na\u0161u platformu holandsk\u00e9mu dozorn\u00e9mu org\u00e1nu pre ochranu osobn\u00fdch \u00fadajov.<\/span><\/p>\n<hr \/>\n<p><span style=\"font-weight: 400;\">Tieto z\u00e1sady ochrany osobn\u00fdch \u00fadajov boli naposledy aktualizovan\u00e9 d\u0148a <\/span><span style=\"font-weight: 400;\">27-10-2025<\/span><span style=\"font-weight: 400;\">.<\/span><\/p>\n<\/div><\/div><\/div><\/div><\/div><div class=\"w-tabs-section\" id=\"x530\"><button class=\"w-tabs-section-header\" aria-controls=\"content-x530\" aria-expanded=\"false\"><div class=\"w-tabs-section-title\">Cookies<\/div><div class=\"w-tabs-section-control\"><\/div><\/button><div  class=\"w-tabs-section-content\" id=\"content-x530\"><div class=\"w-tabs-section-content-h i-cf\"><div class=\"wpb_text_column\"><div class=\"wpb_wrapper\"><h2><b>Cookies<\/b><\/h2>\n<p><span style=\"font-weight: 400;\">Cookies s\u00fa mal\u00e9 do\u010dasn\u00e9 textov\u00e9 s\u00fabory vo va\u0161om po\u010d\u00edta\u010di. Pou\u017e\u00edvame r\u00f4zne cookies, napr\u00edklad funk\u010dn\u00e9 a analytick\u00e9 cookies. Cookies m\u00f4\u017eete vo svojom prehliada\u010di vypn\u00fa\u0165. Majte v\u0161ak na pam\u00e4ti, \u017ee platforma potom nemus\u00ed fungova\u0165 spr\u00e1vne.<\/span><\/p>\n<p><b>Technick\u00e9 cookies<\/b><b><br \/>\n<\/b><span style=\"font-weight: 400;\">Pomocou technick\u00fdch cookies v\u00e1s rozpozn\u00e1me pri op\u00e4tovnej n\u00e1v\u0161teve na\u0161ej platformy, \u010d\u00edm sa vyhnete opakovan\u00e9mu zad\u00e1vaniu rovnak\u00fdch \u00fadajov. Z\u00e1rove\u0148 n\u00e1m pom\u00e1haj\u00fa pochopi\u0165, ako pou\u017e\u00edvate na\u0161u str\u00e1nku, aby sme ju mohli neust\u00e1le zlep\u0161ova\u0165 a robi\u0165 pou\u017e\u00edvate\u013esky pr\u00edvetivej\u0161ou.<\/span><\/p>\n<p><b>Analytick\u00e9 cookies<\/b><span style=\"font-weight: 400;\"><br \/>\n<\/span><span style=\"font-weight: 400;\">WhyDonate pou\u017e\u00edva Google Analytics na \u0161tatistick\u00fa anal\u00fdzu sp\u00f4sobu, ak\u00fdm pou\u017e\u00edvate slu\u017eby WhyDonate. Google Analytics zhroma\u017e\u010fuje inform\u00e1cie o tom, ako sa pohybujete po webovej str\u00e1nke, ko\u013eko \u010dasu tr\u00e1vite na platforme, ko\u013eko \u010dasu str\u00e1vite na konkr\u00e9tnej str\u00e1nke, z akej webovej str\u00e1nky ste sa dostali na platformu WhyDonate, ak\u00fd typ prehliada\u010da pou\u017e\u00edvate, IP adresu v\u00e1\u0161ho mobiln\u00e9ho telef\u00f3nu, po\u010d\u00edta\u010da alebo tabletu a ktor\u00e9 webov\u00e9 str\u00e1nky nav\u0161t\u00edvite po pou\u017eit\u00ed platformy WhyDonate. Tieto inform\u00e1cie sa zhroma\u017e\u010fuj\u00fa a analyzuj\u00fa s cie\u013eom zlep\u0161i\u0165 pou\u017e\u00edvate\u013esk\u00fa pr\u00edvetivos\u0165 platformy WhyDonate a zlep\u0161i\u0165 marketingov\u00e9 aktivity WhyDonate. Inform\u00e1cie s\u00fa ulo\u017een\u00e9 spolo\u010dnos\u0165ou Google v Spojen\u00fdch \u0161t\u00e1toch. Na zabezpe\u010denie bezpe\u010dn\u00e9ho spracovania je so spolo\u010dnos\u0165ou Google uzatvoren\u00e1 zmluva o spracovan\u00ed \u00fadajov. Okrem toho Google nesmie pou\u017e\u00edva\u0165 spracovan\u00e9 \u00fadaje na in\u00e9 slu\u017eby. Viac inform\u00e1ci\u00ed o spracovan\u00ed \u00fadajov spolo\u010dnos\u0165ou Google n\u00e1jdete v jej vlastn\u00fdch z\u00e1sad\u00e1ch ochrany osobn\u00fdch \u00fadajov.<\/span><\/p>\n<p><b>Marketingov\u00e9 cookies<\/b><span style=\"font-weight: 400;\"><br \/>\n<\/span><span style=\"font-weight: 400;\">Pou\u017e\u00edvame Facebook pixel na prisp\u00f4sobenie na\u0161ich pr\u00edspevkov a rekl\u00e1m na Facebooku spr\u00e1vaniu n\u00e1v\u0161tevn\u00edkov webovej str\u00e1nky WhyDonate.<\/span><\/p>\n<h2><b>Ot\u00e1zky, koment\u00e1re alebo tipy?<\/b><\/h2>\n<p><span style=\"font-weight: 400;\">Ak m\u00e1te ak\u00e9ko\u013evek ot\u00e1zky, koment\u00e1re alebo tipy, nev\u00e1hajte n\u00e1s kontaktova\u0165!<\/span><\/p>\n<p><span style=\"font-weight: 400;\">WhyDonate<\/span><span style=\"font-weight: 400;\"><br \/>\n<\/span><span style=\"font-weight: 400;\">Webov\u00e1 str\u00e1nka: <\/span><a href=\"https:\/\/whydonate.com\/?lang=en\"><span style=\"font-weight: 400;\">whydonate.com<\/span><\/a><span style=\"font-weight: 400;\">.<\/span><span style=\"font-weight: 400;\"><br \/>\n<\/span><span style=\"font-weight: 400;\">Email: <\/span><a href=\"mailto:hello@whydonate.com\"><span style=\"font-weight: 400;\">hello@whydonate.com<\/span><span style=\"font-weight: 400;\"><br \/>\n<\/span><\/a><span style=\"font-weight: 400;\">Telef\u00f3nne \u010d\u00edslo: +31 (0)85 1074458<\/span><\/p>\n<\/div><\/div><\/div><\/div><\/div><\/div><\/div><\/div><\/div><\/div><\/div><\/div><\/section>\n","protected":false},"excerpt":{"rendered":"Vyhl\u00e1senie o ochrane osobn\u00fdch \u00fadajov a s\u00faboroch cookies S va\u0161imi osobn\u00fdmi \u00fadajmi zaobch\u00e1dzame d\u00f4verne. Vyhl\u00e1senie o ochrane osobn\u00fdch \u00fadajovCookiesVyhl\u00e1senie o ochrane osobn\u00fdch \u00fadajovVyhl\u00e1senie o ochrane osobn\u00fdch \u00fadajov whydonate.com je slu\u017eba spolo\u010dnosti WhyDonate. Sme registrovan\u00ed na adrese Johan Huizingalaan 763A, Amsterdam. Pova\u017eujeme za d\u00f4le\u017eit\u00e9 chr\u00e1ni\u0165 va\u0161e osobn\u00e9 \u00fadaje a pou\u017e\u00edvame ich iba na poskytovanie na\u0161ich slu\u017eieb,...","protected":false},"author":60,"featured_media":0,"parent":0,"menu_order":0,"comment_status":"closed","ping_status":"closed","template":"","meta":{"footnotes":""},"class_list":["post-424765","page","type-page","status-publish","hentry"],"_links":{"self":[{"href":"https:\/\/whydonate.com\/sk\/wp-json\/wp\/v2\/pages\/424765","targetHints":{"allow":["GET"]}}],"collection":[{"href":"https:\/\/whydonate.com\/sk\/wp-json\/wp\/v2\/pages"}],"about":[{"href":"https:\/\/whydonate.com\/sk\/wp-json\/wp\/v2\/types\/page"}],"author":[{"embeddable":true,"href":"https:\/\/whydonate.com\/sk\/wp-json\/wp\/v2\/users\/60"}],"replies":[{"embeddable":true,"href":"https:\/\/whydonate.com\/sk\/wp-json\/wp\/v2\/comments?post=424765"}],"version-history":[{"count":1,"href":"https:\/\/whydonate.com\/sk\/wp-json\/wp\/v2\/pages\/424765\/revisions"}],"predecessor-version":[{"id":424766,"href":"https:\/\/whydonate.com\/sk\/wp-json\/wp\/v2\/pages\/424765\/revisions\/424766"}],"wp:attachment":[{"href":"https:\/\/whydonate.com\/sk\/wp-json\/wp\/v2\/media?parent=424765"}],"curies":[{"name":"wp","href":"https:\/\/api.w.org\/{rel}","templated":true}]}}