{"id":333339,"date":"2024-04-09T14:46:26","date_gmt":"2024-04-09T13:46:26","guid":{"rendered":"https:\/\/whydonate.com\/kontakta-oss\/"},"modified":"2025-09-03T14:51:23","modified_gmt":"2025-09-03T13:51:23","slug":"kontakta-oss","status":"publish","type":"page","link":"https:\/\/whydonate.com\/sv\/kontakta-oss\/","title":{"rendered":"Contact Us SV"},"content":{"rendered":"<section class=\"l-section wpb_row us_custom_fb609693 height_small\"><div class=\"l-section-overlay\" style=\"background:#363398\"><\/div><div class=\"l-section-h i-cf\"><div class=\"g-cols vc_row via_flex valign_top type_default stacking_default\"><div class=\"vc_col-sm-12 wpb_column vc_column_container\"><div class=\"vc_column-inner\"><div class=\"wpb_wrapper\"><div class=\"wpb_text_column\"><div class=\"wpb_wrapper\"><h1 class=\"Whydonate-works-as-a\"><span class=\"text-style-1\" style=\"color: #32bf55;\">Kontakta Oss<\/span><br \/>\n<span style=\"color: #ffffff;\">Vi hj\u00e4lper g\u00e4rna till<\/span><\/h1>\n<\/div><\/div><\/div><\/div><\/div><\/div><\/div><\/section><section class=\"l-section wpb_row us_custom_6d149020 height_small\"><div class=\"l-section-h i-cf\"><div class=\"g-cols vc_row via_flex valign_top type_default stacking_default\"><div class=\"vc_col-sm-6 wpb_column vc_column_container\"><div class=\"vc_column-inner\"><div class=\"wpb_wrapper\"><div class=\"w-iconbox us_custom_637f48a0 iconpos_left style_default color_contrast align_left icontype_img\"><a target=\"_blank\" href=\"https:\/\/helpdesk.whydonate.com\/sv\/\" class=\"w-iconbox-link\" aria-label=\"Helpdesk\"><div class=\"w-iconbox-icon\" style=\"font-size:32px;\"><img loading=\"lazy\" decoding=\"async\" width=\"64\" height=\"64\" src=\"https:\/\/whydonate.com\/wp-content\/uploads\/2023\/09\/chat.png\" class=\"attachment-full size-full\" alt=\"\" srcset=\"https:\/\/whydonate.com\/wp-content\/uploads\/2023\/09\/chat.png 64w, https:\/\/whydonate.com\/wp-content\/uploads\/2023\/09\/chat-30x30.png 30w, https:\/\/whydonate.com\/wp-content\/uploads\/2023\/09\/chat-42x42.png 42w\" sizes=\"auto, (max-width: 64px) 100vw, 64px\" title=\"\"><\/div><\/a><div class=\"w-iconbox-meta\"><h5 class=\"w-iconbox-title\"><a target=\"_blank\" href=\"https:\/\/helpdesk.whydonate.com\/sv\/\" class=\"w-iconbox-link\" aria-label=\"Helpdesk\">Helpdesk<\/a><\/h5><div class=\"w-iconbox-text\"><p>G\u00e5 med i en livechatt med v\u00e5ra teammedlemmar och se svar p\u00e5 vanliga fr\u00e5gor. V\u00e5r kundtj\u00e4nst p\u00e5 WhyDonate \u00e4r tillg\u00e4nglig via chatt, e-post eller f\u00f6rbokade telefonm\u00f6ten. Vi \u00e4r tillg\u00e4ngliga alla dagar i veckan under normal CET-tid (9:00 till 17:00) f\u00f6r din bekv\u00e4mlighet.<\/p>\n<\/div><\/div><\/div><div class=\"w-btn-wrapper align_none\"><a class=\"w-btn us-btn-style_14\" target=\"_blank\" href=\"https:\/\/helpdesk.whydonate.com\/sv\/\"><span class=\"w-btn-label\">Till Vanliga Fr\u00e5gor<\/span><\/a><\/div><div class=\"w-iconbox us_custom_637f48a0 iconpos_left style_default color_contrast align_left icontype_img\"><a target=\"_blank\" href=\"https:\/\/wa.me\/31851074458\" class=\"w-iconbox-link\" aria-label=\"WhatsApp\" rel=\"noopener\"><div class=\"w-iconbox-icon\" style=\"font-size:32px;\"><img loading=\"lazy\" decoding=\"async\" width=\"64\" height=\"64\" src=\"https:\/\/whydonate.com\/wp-content\/uploads\/2023\/09\/whatsapp-1.png\" class=\"attachment-full size-full\" alt=\"\" srcset=\"https:\/\/whydonate.com\/wp-content\/uploads\/2023\/09\/whatsapp-1.png 64w, https:\/\/whydonate.com\/wp-content\/uploads\/2023\/09\/whatsapp-1-30x30.png 30w, https:\/\/whydonate.com\/wp-content\/uploads\/2023\/09\/whatsapp-1-42x42.png 42w\" sizes=\"auto, (max-width: 64px) 100vw, 64px\" title=\"\"><\/div><\/a><div class=\"w-iconbox-meta\"><h5 class=\"w-iconbox-title\"><a target=\"_blank\" href=\"https:\/\/wa.me\/31851074458\" class=\"w-iconbox-link\" aria-label=\"WhatsApp\" rel=\"noopener\">WhatsApp<\/a><\/h5><div class=\"w-iconbox-text\"><p>Starta en WhatsApp-konversation med en anst\u00e4lld.<\/p>\n<div id=\"gtx-trans\" style=\"position: absolute; left: -105px; top: 30.7338px;\">\n<div class=\"gtx-trans-icon\"><\/div>\n<\/div>\n<\/div><\/div><\/div><div class=\"w-btn-wrapper align_none\"><a class=\"w-btn us-btn-style_14\" target=\"_blank\" href=\"https:\/\/wa.me\/31851074458\" rel=\"noopener\"><span class=\"w-btn-label\">Starta WhatsApp-konversation<\/span><\/a><\/div><div class=\"w-iconbox us_custom_637f48a0 iconpos_left style_default color_contrast align_left icontype_img\"><a target=\"_blank\" href=\"tel:31851074458\" class=\"w-iconbox-link\" aria-label=\"Telefon\"><div class=\"w-iconbox-icon\" style=\"font-size:32px;\"><img loading=\"lazy\" decoding=\"async\" width=\"64\" height=\"64\" src=\"https:\/\/whydonate.com\/wp-content\/uploads\/2023\/09\/whatsapp-1.png\" class=\"attachment-full size-full\" alt=\"\" srcset=\"https:\/\/whydonate.com\/wp-content\/uploads\/2023\/09\/whatsapp-1.png 64w, https:\/\/whydonate.com\/wp-content\/uploads\/2023\/09\/whatsapp-1-30x30.png 30w, https:\/\/whydonate.com\/wp-content\/uploads\/2023\/09\/whatsapp-1-42x42.png 42w\" sizes=\"auto, (max-width: 64px) 100vw, 64px\" title=\"\"><\/div><\/a><div class=\"w-iconbox-meta\"><h5 class=\"w-iconbox-title\"><a target=\"_blank\" href=\"tel:31851074458\" class=\"w-iconbox-link\" aria-label=\"Telefon\">Telefon<\/a><\/h5><div class=\"w-iconbox-text\"><p>Ring oss p\u00e5 +31 (0)85 1074458. Vi erbjuder support p\u00e5 nederl\u00e4ndska och engelska.<\/p>\n<div id=\"gtx-trans\" style=\"position: absolute; left: -105px; top: 30.7338px;\">\n<div class=\"gtx-trans-icon\"><\/div>\n<\/div>\n<\/div><\/div><\/div><div class=\"w-btn-wrapper align_none\"><a class=\"w-btn us-btn-style_14\" target=\"_blank\" href=\"tel:31851074458\"><span class=\"w-btn-label\">Starta Telefonsamtal<\/span><\/a><\/div><div class=\"w-iconbox us_custom_4e3ce60a iconpos_left style_default color_contrast align_left icontype_img\"><a target=\"_blank\" href=\"mailto:hello@whydonate.com\" class=\"w-iconbox-link\" aria-label=\"E-post\"><div class=\"w-iconbox-icon\" style=\"font-size:32px;\"><img loading=\"lazy\" decoding=\"async\" width=\"64\" height=\"64\" src=\"https:\/\/whydonate.com\/wp-content\/uploads\/2023\/09\/mail.png\" class=\"attachment-full size-full\" alt=\"\" srcset=\"https:\/\/whydonate.com\/wp-content\/uploads\/2023\/09\/mail.png 64w, https:\/\/whydonate.com\/wp-content\/uploads\/2023\/09\/mail-30x30.png 30w, https:\/\/whydonate.com\/wp-content\/uploads\/2023\/09\/mail-42x42.png 42w\" sizes=\"auto, (max-width: 64px) 100vw, 64px\" title=\"\"><\/div><\/a><div class=\"w-iconbox-meta\"><h5 class=\"w-iconbox-title\"><a target=\"_blank\" href=\"mailto:hello@whydonate.com\" class=\"w-iconbox-link\" aria-label=\"E-post\">E-post<\/a><\/h5><div class=\"w-iconbox-text\"><p>Skicka ett mail till <a href=\"mailto:hello@whydonate.com\">hello@whydonate.com<\/a>.<\/p>\n<div id=\"gtx-trans\" style=\"position: absolute; left: -19px; top: -16.7847px;\">\n<div class=\"gtx-trans-icon\"><\/div>\n<\/div>\n<\/div><\/div><\/div><div class=\"w-btn-wrapper align_none\"><a class=\"w-btn us-btn-style_14\" target=\"_blank\" href=\"mailto:hello@whydonate.com\"><span class=\"w-btn-label\">Skicka E-post<\/span><\/a><\/div><div class=\"w-separator size_medium with_line width_default thick_1 style_solid color_border align_center\"><div class=\"w-separator-h\"><\/div><\/div><\/div><\/div><\/div><div class=\"vc_col-sm-6 wpb_column vc_column_container\"><div class=\"vc_column-inner\"><div class=\"wpb_wrapper\"><div class=\"wpb_text_column\"><div class=\"wpb_wrapper\"><h3>Beh\u00f6ver Du Hj\u00e4lp Med Att Skapa En Insamling?<\/h3>\n<div id=\"gtx-trans\" style=\"position: absolute; left: -27px; top: 33.6968px;\">\n<div class=\"gtx-trans-icon\"><\/div>\n<\/div>\n<\/div><\/div><div class=\"w-iconbox us_custom_4e3ce60a iconpos_left style_default color_contrast align_left icontype_img\"><a target=\"_blank\" href=\"https:\/\/calendar.app.google\/5dqSUiwZkEDStMJU8\" class=\"w-iconbox-link\" aria-label=\"Schemal\u00e4gg Ett Videosamtal\" rel=\"noopener\"><div class=\"w-iconbox-icon\" style=\"font-size:32px;\"><img loading=\"lazy\" decoding=\"async\" width=\"64\" height=\"64\" src=\"https:\/\/whydonate.com\/wp-content\/uploads\/2023\/09\/videocall.png\" class=\"attachment-full size-full\" alt=\"\" srcset=\"https:\/\/whydonate.com\/wp-content\/uploads\/2023\/09\/videocall.png 64w, https:\/\/whydonate.com\/wp-content\/uploads\/2023\/09\/videocall-30x30.png 30w, https:\/\/whydonate.com\/wp-content\/uploads\/2023\/09\/videocall-42x42.png 42w\" sizes=\"auto, (max-width: 64px) 100vw, 64px\" title=\"\"><\/div><\/a><div class=\"w-iconbox-meta\"><h5 class=\"w-iconbox-title\"><a target=\"_blank\" href=\"https:\/\/calendar.app.google\/5dqSUiwZkEDStMJU8\" class=\"w-iconbox-link\" aria-label=\"Schemal\u00e4gg Ett Videosamtal\" rel=\"noopener\">Schemal\u00e4gg Ett Videosamtal<\/a><\/h5><div class=\"w-iconbox-text\"><p>Boka ett videosamtal med en medarbetare som pratar nederl\u00e4ndska eller engelska och f\u00e5 hj\u00e4lp med att starta en insamling.<\/p>\n<\/div><\/div><\/div><div class=\"w-btn-wrapper align_none\"><a class=\"w-btn us-btn-style_14\" target=\"_blank\" href=\"https:\/\/calendar.app.google\/5dqSUiwZkEDStMJU8\" rel=\"noopener\"><span class=\"w-btn-label\">Boka Tid (Nederl\u00e4ndska)<\/span><\/a><\/div><div class=\"w-btn-wrapper align_none\"><a class=\"w-btn us-btn-style_14\" target=\"_blank\" href=\"https:\/\/calendar.app.google\/3tiW8dDUExXgGXuY9\" rel=\"noopener\"><span class=\"w-btn-label\">Boka Tid (Engelska)<\/span><\/a><\/div><div class=\"wpb_text_column\"><div class=\"wpb_wrapper\"><h3>F\u00f6retagsinformation<\/h3>\n<div id=\"gtx-trans\" style=\"position: absolute; left: -6px; top: 33.6968px;\">\n<div class=\"gtx-trans-icon\"><\/div>\n<\/div>\n<\/div><\/div><div class=\"w-iconbox iconpos_left style_default color_primary align_left icontype_img\"><div class=\"w-iconbox-icon\" style=\"font-size:32px;\"><img loading=\"lazy\" decoding=\"async\" width=\"64\" height=\"64\" src=\"https:\/\/whydonate.com\/wp-content\/uploads\/2023\/09\/location.png\" class=\"attachment-full size-full\" alt=\"\" srcset=\"https:\/\/whydonate.com\/wp-content\/uploads\/2023\/09\/location.png 64w, https:\/\/whydonate.com\/wp-content\/uploads\/2023\/09\/location-30x30.png 30w, https:\/\/whydonate.com\/wp-content\/uploads\/2023\/09\/location-42x42.png 42w\" sizes=\"auto, (max-width: 64px) 100vw, 64px\" title=\"\"><\/div><div class=\"w-iconbox-meta\"><h5 class=\"w-iconbox-title\">WhyDonate Foundation, Handelskammarens Nummer: 58490280<\/h5><div class=\"w-iconbox-text\"><p>Johan Huizingalaan 763A, Amsterdam, 1066 VH.<\/p>\n<div id=\"gtx-trans\" style=\"position: absolute; left: -28px; top: 30.7338px;\">\n<div class=\"gtx-trans-icon\"><\/div>\n<\/div>\n<\/div><\/div><\/div><div class=\"w-separator size_medium with_line width_default thick_1 style_solid color_border align_center\"><div class=\"w-separator-h\"><\/div><\/div><div class=\"wpb_text_column\"><div class=\"wpb_wrapper\"><h3>F\u00f6lj Oss P\u00e5 Sociala Medier<\/h3>\n<div id=\"gtx-trans\" style=\"position: absolute; left: -35px; top: -16.7847px;\">\n<div class=\"gtx-trans-icon\"><\/div>\n<\/div>\n<\/div><\/div><div class=\"w-hwrapper valign_top align_none\"><div class=\"w-iconbox iconpos_top style_default color_contrast align_center no_text no_title icontype_img\"><a target=\"_blank\" rel=\"nofollow noopener\" title=\"WhyDonate Instagram\" href=\"https:\/\/www.instagram.com\/whydonatenl\/\" class=\"w-iconbox-link\" aria-label=\"material|star\"><div class=\"w-iconbox-icon\" style=\"font-size:32px;\"><img loading=\"lazy\" decoding=\"async\" width=\"64\" height=\"64\" src=\"https:\/\/whydonate.com\/cdn-cgi\/imagedelivery\/_0vgnXOEIHPwLg2E52a7gg\/whydonate.com\/2023\/10\/instagram-2.png\/w=9999\" class=\"attachment-full size-full\" alt=\"\" srcset=\"https:\/\/whydonate.com\/cdn-cgi\/imagedelivery\/_0vgnXOEIHPwLg2E52a7gg\/whydonate.com\/2023\/10\/instagram-2.png\/w=9999 64w, https:\/\/whydonate.com\/cdn-cgi\/imagedelivery\/_0vgnXOEIHPwLg2E52a7gg\/whydonate.com\/2023\/10\/instagram-2.png\/w=30 30w, https:\/\/whydonate.com\/cdn-cgi\/imagedelivery\/_0vgnXOEIHPwLg2E52a7gg\/whydonate.com\/2023\/10\/instagram-2.png\/w=42 42w\" sizes=\"auto, (max-width: 64px) 100vw, 64px\" title=\"\" class=\"attachment-full size-full wp-image-299462\" class=\"attachment-full size-full wp-image-299462\" class=\"attachment-full size-full wp-image-299462\" class=\"attachment-full size-full wp-image-299462\"><\/div><\/a><div class=\"w-iconbox-meta\"><\/div><\/div><div class=\"w-iconbox iconpos_top style_default color_contrast align_center no_text no_title icontype_img\"><a target=\"_blank\" rel=\"nofollow noopener\" title=\"whydonate facebook\" href=\"https:\/\/www.facebook.com\/whydonate\" class=\"w-iconbox-link\" aria-label=\"material|facebook\"><div class=\"w-iconbox-icon\" style=\"font-size:32px;\"><svg xmlns=\"http:\/\/www.w3.org\/2000\/svg\" xmlns:xlink=\"http:\/\/www.w3.org\/1999\/xlink\" viewBox=\"0,0,256,256\" width=\"50px\" height=\"50px\" fill-rule=\"nonzero\"><g fill=\"#353535\" fill-rule=\"nonzero\" stroke=\"none\" stroke-width=\"1\" stroke-linecap=\"butt\" stroke-linejoin=\"miter\" stroke-miterlimit=\"10\" stroke-dasharray=\"\" stroke-dashoffset=\"0\" font-family=\"none\" font-weight=\"none\" font-size=\"none\" text-anchor=\"none\" style=\"mix-blend-mode: normal\"><g transform=\"scale(5.12,5.12)\"><path d=\"M41,4h-32c-2.76,0 -5,2.24 -5,5v32c0,2.76 2.24,5 5,5h32c2.76,0 5,-2.24 5,-5v-32c0,-2.76 -2.24,-5 -5,-5zM37,19h-2c-2.14,0 -3,0.5 -3,2v3h5l-1,5h-4v15h-5v-15h-4v-5h4v-3c0,-4 2,-7 6,-7c2.9,0 4,1 4,1z\"><\/path><\/g><\/g><\/svg><\/div><\/a><div class=\"w-iconbox-meta\"><\/div><\/div><div class=\"w-iconbox iconpos_top style_default color_contrast align_center no_text no_title icontype_img\"><a target=\"_blank\" rel=\"nofollow noopener\" title=\"Whydonate LinkedIn\" href=\"https:\/\/www.linkedin.com\/company\/whydonate\" class=\"w-iconbox-link\" aria-label=\"material|linkedin\"><div class=\"w-iconbox-icon\" style=\"font-size:32px;\"><svg xmlns=\"http:\/\/www.w3.org\/2000\/svg\" xmlns:xlink=\"http:\/\/www.w3.org\/1999\/xlink\" viewBox=\"0,0,256,256\" width=\"50px\" height=\"50px\" fill-rule=\"nonzero\"><g fill=\"#353535\" fill-rule=\"nonzero\" stroke=\"none\" stroke-width=\"1\" stroke-linecap=\"butt\" stroke-linejoin=\"miter\" stroke-miterlimit=\"10\" stroke-dasharray=\"\" stroke-dashoffset=\"0\" font-family=\"none\" font-weight=\"none\" font-size=\"none\" text-anchor=\"none\" style=\"mix-blend-mode: normal\"><g transform=\"scale(5.12,5.12)\"><path d=\"M41,4h-32c-2.76,0 -5,2.24 -5,5v32c0,2.76 2.24,5 5,5h32c2.76,0 5,-2.24 5,-5v-32c0,-2.76 -2.24,-5 -5,-5zM17,20v19h-6v-19zM11,14.47c0,-1.4 1.2,-2.47 3,-2.47c1.8,0 2.93,1.07 3,2.47c0,1.4 -1.12,2.53 -3,2.53c-1.8,0 -3,-1.13 -3,-2.53zM39,39h-6c0,0 0,-9.26 0,-10c0,-2 -1,-4 -3.5,-4.04h-0.08c-2.42,0 -3.42,2.06 -3.42,4.04c0,0.91 0,10 0,10h-6v-19h6v2.56c0,0 1.93,-2.56 5.81,-2.56c3.97,0 7.19,2.73 7.19,8.26z\"><\/path><\/g><\/g><\/svg><\/div><\/a><div class=\"w-iconbox-meta\"><\/div><\/div><div class=\"w-iconbox iconpos_top style_default color_contrast align_center no_text no_title icontype_img\"><a target=\"_blank\" rel=\"nofollow\" title=\"Whydonate LinkedIn\" href=\"https:\/\/x.com\/whydonate\" class=\"w-iconbox-link\" aria-label=\"material|linkedin\"><div class=\"w-iconbox-icon\" style=\"font-size:32px;\"><svg width=\"24\" height=\"24\" viewBox=\"0 0 24 24\" fill=\"none\" xmlns=\"http:\/\/www.w3.org\/2000\/svg\">\n<mask id=\"mask0_228_12552\" style=\"mask-type:luminance\" maskUnits=\"userSpaceOnUse\" x=\"2\" y=\"2\" width=\"20\" height=\"20\">\n<path d=\"M22 2H2V22H22V2Z\" fill=\"white\"\/>\n<\/mask>\n<g mask=\"url(#mask0_228_12552)\">\n<path d=\"M19.6562 2H4.34375C3.04933 2 2 3.04933 2 4.34375V19.6562C2 20.9507 3.04933 22 4.34375 22H19.6562C20.9507 22 22 20.9507 22 19.6562V4.34375C22 3.04933 20.9507 2 19.6562 2Z\" fill=\"#353535\"\/>\n<path d=\"M15.9024 5.90625H17.9699L13.453 11.0688L18.7668 18.0938H14.6062L11.3474 13.8331L7.61867 18.0938H5.54994L10.3812 12.5719L5.28369 5.90625H9.54992L12.4955 9.80062L15.9024 5.90625ZM15.1768 16.8563H16.3224L8.92742 7.07875H7.69805L15.1768 16.8563Z\" fill=\"white\"\/>\n<\/g>\n<\/svg>\n<\/div><\/a><div class=\"w-iconbox-meta\"><\/div><\/div><div class=\"w-iconbox iconpos_top style_default color_contrast align_center no_text no_title icontype_img\"><a target=\"_blank\" rel=\"nofollow noopener\" title=\"Whydonate LinkedIn\" href=\"https:\/\/www.tiktok.com\/@whydonate_official\" class=\"w-iconbox-link\" aria-label=\"material|tiktok\"><div class=\"w-iconbox-icon\" style=\"font-size:32px;\"><svg xmlns=\"http:\/\/www.w3.org\/2000\/svg\" xmlns:xlink=\"http:\/\/www.w3.org\/1999\/xlink\" viewBox=\"0,0,256,256\" width=\"50px\" height=\"50px\" fill-rule=\"nonzero\"><g fill=\"#353535\" fill-rule=\"nonzero\" stroke=\"none\" stroke-width=\"1\" stroke-linecap=\"butt\" stroke-linejoin=\"miter\" stroke-miterlimit=\"10\" stroke-dasharray=\"\" stroke-dashoffset=\"0\" font-family=\"none\" font-weight=\"none\" font-size=\"none\" text-anchor=\"none\" style=\"mix-blend-mode: normal\"><g transform=\"scale(5.12,5.12)\"><path d=\"M41,4h-32c-2.757,0 -5,2.243 -5,5v32c0,2.757 2.243,5 5,5h32c2.757,0 5,-2.243 5,-5v-32c0,-2.757 -2.243,-5 -5,-5zM37.006,22.323c-0.227,0.021 -0.457,0.035 -0.69,0.035c-2.623,0 -4.928,-1.349 -6.269,-3.388c0,5.349 0,11.435 0,11.537c0,4.709 -3.818,8.527 -8.527,8.527c-4.709,0 -8.527,-3.818 -8.527,-8.527c0,-4.709 3.818,-8.527 8.527,-8.527c0.178,0 0.352,0.016 0.527,0.027v4.202c-0.175,-0.021 -0.347,-0.053 -0.527,-0.053c-2.404,0 -4.352,1.948 -4.352,4.352c0,2.404 1.948,4.352 4.352,4.352c2.404,0 4.527,-1.894 4.527,-4.298c0,-0.095 0.042,-19.594 0.042,-19.594h4.016c0.378,3.591 3.277,6.425 6.901,6.685z\"><\/path><\/g><\/g><\/svg><\/div><\/a><div class=\"w-iconbox-meta\"><\/div><\/div><div class=\"w-iconbox iconpos_top style_default color_contrast align_center no_text no_title icontype_img\"><a target=\"_blank\" rel=\"nofollow noopener\" title=\"Whydonate LinkedIn\" href=\"https:\/\/www.youtube.com\/@Whydonate_Official\" class=\"w-iconbox-link\" aria-label=\"material|linkedin\"><div class=\"w-iconbox-icon\" style=\"font-size:32px;\"><svg xmlns=\"http:\/\/www.w3.org\/2000\/svg\" xmlns:xlink=\"http:\/\/www.w3.org\/1999\/xlink\" viewBox=\"0,0,256,256\" width=\"50px\" height=\"50px\" fill-rule=\"nonzero\"><g fill=\"#353535\" fill-rule=\"nonzero\" stroke=\"none\" stroke-width=\"1\" stroke-linecap=\"butt\" stroke-linejoin=\"miter\" stroke-miterlimit=\"10\" stroke-dasharray=\"\" stroke-dashoffset=\"0\" font-family=\"none\" font-weight=\"none\" font-size=\"none\" text-anchor=\"none\" style=\"mix-blend-mode: normal\"><g transform=\"scale(5.12,5.12)\"><path d=\"M9,4c-2.76,0 -5,2.24 -5,5v32c0,2.76 2.24,5 5,5h32c2.76,0 5,-2.24 5,-5v-32c0,-2.76 -2.24,-5 -5,-5zM15,8h2.40039l1.59961,4l1.59961,-4h2.40039l-3,7v4h-2v-4.00977c-0.6,-1.61 -2.59,-5.98023 -3,-6.99023zM25,11c0.89,0 1.77008,0.26922 2.33008,0.94922c0.43,0.49 0.66992,1.28031 0.66992,2.32031v1.46094c0,1.04 -0.19914,1.76 -0.61914,2.25c-0.56,0.67 -1.49086,1.01953 -2.38086,1.01953c-0.89,0 -1.79938,-0.34953 -2.35937,-1.01953c-0.43,-0.49 -0.64062,-1.21 -0.64062,-2.25v-1.45117c0,-1.04 0.22992,-1.84008 0.66992,-2.33008c0.56,-0.68 1.32008,-0.94922 2.33008,-0.94922zM29,11h2v6c0.05,0.27 0.33938,0.39063 0.60938,0.39063c0.41,0 0.93062,-0.47977 1.39063,-1.00977v-5.38086h2v8h-2v-1.38086c-0.81,0.79 -1.50016,1.38156 -2.41016,1.35156c-0.66,-0.02 -1.11961,-0.26023 -1.34961,-0.74023c-0.14,-0.28 -0.24023,-0.73062 -0.24023,-1.39062zM25,12.61914c-0.1375,0 -0.26914,0.03016 -0.38867,0.08203c-0.11953,0.05188 -0.22773,0.12625 -0.31836,0.21875c-0.09062,0.0925 -0.16406,0.20234 -0.21484,0.32422c-0.05078,0.12187 -0.07812,0.25648 -0.07812,0.39648v2.80859c0,0.28 0.11172,0.5357 0.29297,0.7207c0.09062,0.0925 0.19883,0.16688 0.31836,0.21875c0.11953,0.05187 0.25117,0.08203 0.38867,0.08203c0.1375,0 0.26914,-0.03016 0.38867,-0.08203c0.35859,-0.15563 0.61133,-0.51945 0.61133,-0.93945v-2.80859c0,-0.56 -0.45,-1.02148 -1,-1.02148zM24.99023,22h0.01953c0,0 6.70945,0.00031 11.18945,0.32031c0.63,0.07 1.99094,0.08008 3.21094,1.33008c0.96,0.94 1.26953,3.09961 1.26953,3.09961c0,0 0.32031,1.53055 0.32031,4.06055v2.36914c0,2.53 -0.32031,4.06055 -0.32031,4.06055c0,0 -0.30953,2.15961 -1.26953,3.09961c-1.22,1.25 -2.58094,1.26008 -3.21094,1.33008c-4.48,0.32 -11.19922,0.33008 -11.19922,0.33008c0,0 -8.32086,-0.08031 -10.88086,-0.32031c-0.71,-0.13 -2.3093,-0.09008 -3.5293,-1.33008c-0.96,-0.95 -1.26953,-3.10937 -1.26953,-3.10937c0,0 -0.32031,-1.53055 -0.32031,-4.06055v-2.36914c0,-2.53 0.32031,-4.06055 0.32031,-4.06055c0,0 0.30953,-2.15961 1.26953,-3.09961c1.22,-1.25 2.58094,-1.26008 3.21094,-1.33008c4.48,-0.32 11.18945,-0.32031 11.18945,-0.32031zM12,26v1.97852h2v10.02148h2v-10.02148h2v-1.97852zM25,26v12h2v-1.25c0.631,0.781 1.453,1.25 2.125,1.25c0.752,0 1.40816,-0.40469 1.66016,-1.17969c0.119,-0.419 0.20684,-0.81031 0.21484,-1.69531v-2.75c0,-0.988 -0.13377,-1.73234 -0.25977,-2.15234c-0.252,-0.781 -0.86223,-1.21766 -1.61523,-1.22266c-0.98,-0.007 -1.375,0.5 -2.125,1.375v-4.375zM18,29v6.68555c0,0.722 0.10047,1.20644 0.23047,1.52344c0.22,0.514 0.66859,0.79102 1.30859,0.79102c0.73,0 1.67094,-0.51423 2.46094,-1.36523v1.36523h2v-9h-2v6.26953c-0.44,0.584 -1.08047,1.01953 -1.48047,1.01953c-0.26,0 -0.46953,-0.10948 -0.51953,-0.39648v-6.89258zM35.0293,29c-1.008,0 -1.79523,0.31702 -2.36523,0.91602c-0.42,0.442 -0.66406,1.16456 -0.66406,2.10156v3.06641c0,0.931 0.2685,1.58253 0.6875,2.01953c0.571,0.599 1.35667,0.89648 2.38867,0.89648c1.031,0 1.84267,-0.31322 2.38867,-0.94922c0.24,-0.281 0.39394,-0.59722 0.46094,-0.94922c0.018,-0.159 0.07422,-0.59056 0.07422,-1.10156h-2v0.79883c0,0.464 -0.448,0.83984 -1,0.83984c-0.552,0 -1,-0.37684 -1,-0.83984v-1.79883h4v-0.57617v-1.44531c0,-0.935 -0.22958,-1.6195 -0.64258,-2.0625c-0.553,-0.599 -1.33812,-0.91602 -2.32812,-0.91602zM35,30.44727c0.552,0 1,0.37684 1,0.83984v1.32813h-2v-1.32812c0,-0.464 0.448,-0.83984 1,-0.83984zM28.2207,30.74609c0.545,0 0.7793,0.33491 0.7793,1.37891v2.75c0,1.044 -0.2343,1.4043 -0.7793,1.4043c-0.311,0 -0.9047,-0.2133 -1.2207,-0.5293v-4.375c0.316,-0.312 0.9097,-0.62891 1.2207,-0.62891z\"><\/path><\/g><\/g><\/svg><\/div><\/a><div class=\"w-iconbox-meta\"><\/div><\/div><\/div><\/div><\/div><\/div><\/div><\/div><\/section>\n","protected":false},"excerpt":{"rendered":"Kontakta Oss Vi hj\u00e4lper g\u00e4rna till HelpdeskG\u00e5 med i en livechatt med v\u00e5ra teammedlemmar och se svar p\u00e5 vanliga fr\u00e5gor. V\u00e5r kundtj\u00e4nst p\u00e5 WhyDonate \u00e4r tillg\u00e4nglig via chatt, e-post eller f\u00f6rbokade telefonm\u00f6ten. Vi \u00e4r tillg\u00e4ngliga alla dagar i veckan under normal CET-tid (9:00 till 17:00) f\u00f6r din bekv\u00e4mlighet. Till Vanliga Fr\u00e5gorWhatsAppStarta en WhatsApp-konversation med en...","protected":false},"author":1,"featured_media":0,"parent":0,"menu_order":0,"comment_status":"closed","ping_status":"closed","template":"","meta":{"footnotes":""},"class_list":["post-333339","page","type-page","status-publish","hentry"],"_links":{"self":[{"href":"https:\/\/whydonate.com\/sv\/wp-json\/wp\/v2\/pages\/333339","targetHints":{"allow":["GET"]}}],"collection":[{"href":"https:\/\/whydonate.com\/sv\/wp-json\/wp\/v2\/pages"}],"about":[{"href":"https:\/\/whydonate.com\/sv\/wp-json\/wp\/v2\/types\/page"}],"author":[{"embeddable":true,"href":"https:\/\/whydonate.com\/sv\/wp-json\/wp\/v2\/users\/1"}],"replies":[{"embeddable":true,"href":"https:\/\/whydonate.com\/sv\/wp-json\/wp\/v2\/comments?post=333339"}],"version-history":[{"count":7,"href":"https:\/\/whydonate.com\/sv\/wp-json\/wp\/v2\/pages\/333339\/revisions"}],"predecessor-version":[{"id":409649,"href":"https:\/\/whydonate.com\/sv\/wp-json\/wp\/v2\/pages\/333339\/revisions\/409649"}],"wp:attachment":[{"href":"https:\/\/whydonate.com\/sv\/wp-json\/wp\/v2\/media?parent=333339"}],"curies":[{"name":"wp","href":"https:\/\/api.w.org\/{rel}","templated":true}]}}