{"id":340093,"date":"2024-05-20T11:44:16","date_gmt":"2024-05-20T10:44:16","guid":{"rendered":"https:\/\/whydonate.com\/?page_id=340093"},"modified":"2025-11-06T07:57:11","modified_gmt":"2025-11-06T06:57:11","slug":"integritets-och-cookie","status":"publish","type":"page","link":"https:\/\/whydonate.com\/sv\/integritets-och-cookie\/","title":{"rendered":"Privacy &#038; cookies SV"},"content":{"rendered":"<section class=\"l-section wpb_row us_custom_fb609693 about-page-section-first height_huge\"><div class=\"l-section-overlay\" style=\"background:#363398\"><\/div><div class=\"l-section-h i-cf\"><div class=\"g-cols vc_row via_flex valign_top type_default stacking_default\"><div class=\"vc_col-sm-6 wpb_column vc_column_container\"><div class=\"vc_column-inner us_custom_ec1e580b\"><div class=\"wpb_wrapper\"><div class=\"wpb_text_column us_custom_cdf14ffd\"><div class=\"wpb_wrapper\"><h1><span style=\"color: #32bf55;\">Integritets- Och Cookie Policy<\/span><\/h1>\n<h3><span style=\"color: #ffffff;\">Vi Behandlar Din Personliga Information P\u00e5 Ett Konfidentiellt S\u00e4tt.<\/span><\/h3>\n<\/div><\/div><\/div><\/div><\/div><div class=\"vc_col-sm-6 wpb_column vc_column_container\"><div class=\"vc_column-inner\"><div class=\"wpb_wrapper\"><\/div><\/div><\/div><\/div><\/div><\/section><section class=\"l-section wpb_row us_custom_2eec13b6 height_small\"><div class=\"l-section-h i-cf\"><div class=\"g-cols vc_row via_flex valign_top type_default stacking_default\"><div class=\"vc_col-sm-12 wpb_column vc_column_container\"><div class=\"vc_column-inner\"><div class=\"wpb_wrapper\"><div class=\"w-tabs layout_hor style_trendy switch_click has_scrolling\" style=\"--sections-title-size:1em\"><div class=\"w-tabs-list items_2 align_justify\" style=\"text-transform:uppercase;\"><div class=\"w-tabs-list-h\"><button class=\"w-tabs-item active\" aria-controls=\"content-t591\" aria-expanded=\"false\"><span class=\"w-tabs-item-title\">Integritetspolicy<\/span><\/button><button class=\"w-tabs-item\" aria-controls=\"content-p70a\" aria-expanded=\"false\"><span class=\"w-tabs-item-title\">Cookies<\/span><\/button><\/div><\/div><div class=\"w-tabs-sections titles-align_none icon_chevron cpos_right\"><div class=\"w-tabs-section active\" id=\"t591\"><button class=\"w-tabs-section-header active\" aria-controls=\"content-t591\" aria-expanded=\"true\"><div class=\"w-tabs-section-title\">Integritetspolicy<\/div><div class=\"w-tabs-section-control\"><\/div><\/button><div  class=\"w-tabs-section-content\" id=\"content-t591\"><div class=\"w-tabs-section-content-h i-cf\"><div class=\"wpb_text_column\"><div class=\"wpb_wrapper\"><h2>Integritetspolicy<\/h2>\n<p><b>whydonate.com \u00e4r en tj\u00e4nst fr\u00e5n WhyDonate-stiftelsen. Vi \u00e4r registrerade p\u00e5 Johan Huizingalaan 763A i Amsterdam.<\/b><\/p>\n<p><b>Vi anser att det \u00e4r viktigt att skydda dina personuppgifter och vi kommer endast att anv\u00e4nda dina uppgifter f\u00f6r att erbjuda dig v\u00e5ra tj\u00e4nster, optimera din anv\u00e4ndarupplevelse och f\u00f6rb\u00e4ttra v\u00e5ra tj\u00e4nster. I denna integritetspolicy f\u00f6rklarar vi vilken typ av personuppgifter vi samlar in, varf\u00f6r vi g\u00f6r detta och hur vi skyddar dina uppgifter<\/b><b>.<\/b><\/p>\n<p><span style=\"font-weight: 400;\">Denna integritetspolicy kan uppdateras i framtiden. Vi f\u00f6rbeh\u00e5ller oss r\u00e4tten att g\u00f6ra \u00e4ndringar i denna integritetspolicy n\u00e4r som helst. Stora f\u00f6r\u00e4ndringar kommer alltid att meddelas. Vi rekommenderar att du regelbundet h\u00e4nvisar till detta dokument<\/span><span style=\"font-weight: 400;\">.<\/span><\/p>\n<p><span style=\"font-weight: 400;\">Om du har n\u00e5gra fr\u00e5gor relaterade till integritet, v\u00e4nligen anv\u00e4nd kontaktformul\u00e4ret eller ring +31 (0)857441174<\/span><\/p>\n<hr \/>\n<h2>Vilken Personlig Information samlar WhyDonate in?<\/h2>\n<p><span style=\"font-weight: 400;\">Vi bearbetar och samlar endast personuppgifter som \u00e4r n\u00f6dv\u00e4ndiga f\u00f6r de \u00e4ndam\u00e5l f\u00f6r vilka de behandlas:<\/span><\/p>\n<p><span style=\"font-weight: 400;\">Om du \u00e4r en givare, samlar vi in f\u00f6ljande personuppgifter: <\/span><\/p>\n<ul>\n<li style=\"font-weight: 400;\"><span style=\"font-weight: 400;\">Personlig identifiering: (namn);<\/span><\/li>\n<\/ul>\n<p><span style=\"font-weight: 400;\">Vi anv\u00e4nder ditt namn f\u00f6r att korrekt kunna adressera dig och visa fonden vem som donerat (om inte givaren \u00e4r anonym)<\/span><\/p>\n<ul>\n<li style=\"font-weight: 400;\"><span style=\"font-weight: 400;\">Kontaktinformation (e-postadress); <\/span><\/li>\n<\/ul>\n<p><span style=\"font-weight: 400;\">Denna information anv\u00e4nds f\u00f6r att skicka service-relaterade e-postmeddelanden.<\/span><\/p>\n<ul>\n<li style=\"font-weight: 400;\"><span style=\"font-weight: 400;\">Betalningsinformation (IBAN);<\/span><\/li>\n<\/ul>\n<p><span style=\"font-weight: 400;\">S\u00e5 att vi kan debitera donationerna fr\u00e5n och \u00f6verf\u00f6ra dem till r\u00e4tt IBAN.<\/span><\/p>\n<ul>\n<li style=\"font-weight: 400;\"><span style=\"font-weight: 400;\">Elektronisk identifieringsinformation och teknisk information (IP-adress och plats). <\/span><span style=\"font-weight: 400;\"><br \/>\n<\/span><span style=\"font-weight: 400;\">Vi samlar in dessa uppgifter f\u00f6r att f\u00f6rebygga bedr\u00e4geri och f\u00e5 insikt i donatorns plats.<\/span><\/li>\n<\/ul>\n<p><span style=\"font-weight: 400;\">Om du startar en insamling, samlar vi in f\u00f6ljande personuppgifter:<\/span><\/p>\n<ul>\n<li style=\"font-weight: 400;\"><span style=\"font-weight: 400;\">Personlig identifiering: (namn, inloggningsuppgifter);<\/span><\/li>\n<\/ul>\n<p><span style=\"font-weight: 400;\">Vi anv\u00e4nder ditt namn f\u00f6r att korrekt adressera dig och visa andra anv\u00e4ndare vem du \u00e4r. Ditt l\u00f6senord sparas p\u00e5 ett krypterat s\u00e4tt s\u00e5 att bara du kan komma \u00e5t det; inte vi och inte n\u00e5gon annan. <\/span><\/p>\n<ul>\n<li style=\"font-weight: 400;\"><span style=\"font-weight: 400;\">Kontaktinformation (e-postadress); <\/span><\/li>\n<\/ul>\n<p><span style=\"font-weight: 400;\">Denna information anv\u00e4nds f\u00f6r att identifiera dig n\u00e4r du loggar in och f\u00f6r att skicka service-relaterade e-postmeddelanden. Dessutom kan du anm\u00e4la dig till regelbundna e-postuppdateringar. Det inneb\u00e4r att vi ibland skickar en uppdatering med de mest intressanta utvecklingarna och projekten p\u00e5 plattformen. Naturligtvis kan du n\u00e4r som helst anv\u00e4nda ditt konto f\u00f6r att avprenumerera p\u00e5 dessa.<\/span><\/p>\n<ul>\n<li style=\"font-weight: 400;\"><span style=\"font-weight: 400;\">Betalningsinformation (IBAN);<\/span><\/li>\n<\/ul>\n<p><span style=\"font-weight: 400;\">S\u00e5 att vi kan debitera donationerna fr\u00e5n och \u00f6verf\u00f6ra dem till r\u00e4tt IBAN.<\/span><\/p>\n<ul>\n<li style=\"font-weight: 400;\"><span style=\"font-weight: 400;\">Elektronisk identifieringsinformation och teknisk information (IP-adress och plats). <\/span><span style=\"font-weight: 400;\"><br \/>\n<\/span><span style=\"font-weight: 400;\">Vi samlar in dessa uppgifter f\u00f6r att f\u00f6rebygga bedr\u00e4geri och f\u00e5 insikt i donatorns plats. <\/span><\/li>\n<li style=\"font-weight: 400;\"><span style=\"font-weight: 400;\">Profilinfo;<\/span><\/li>\n<\/ul>\n<p><span style=\"font-weight: 400;\">Du kan l\u00e4gga till mer information om dig sj\u00e4lv och v\u00e4lg\u00f6renheten p\u00e5 din profil s\u00e5 att andra anv\u00e4ndare kan se vem du \u00e4r och vad \u00e4ndam\u00e5let \u00e4r. Det g\u00f6r det enklare f\u00f6r oss att l\u00e4nka donatorer och \u00e4ndam\u00e5l.<\/span><\/p>\n<p><span style=\"font-weight: 400;\">Du best\u00e4mmer vilken information fr\u00e5n din profil som \u00e4r synlig f\u00f6r andra anv\u00e4ndare. S\u00e5 om du inte vill dela din personliga information med andra anv\u00e4ndare beh\u00f6ver du inte det. Vi vill vara s\u00e4kra p\u00e5 att du \u00e4r n\u00f6jd med hela upplevelsen p\u00e5 v\u00e5r plattform, s\u00e5 om du vill h\u00e5lla din identitet som supporter\/donator dold, g\u00f6r vi det m\u00f6jligt. Det inneb\u00e4r att du kan g\u00f6ra en anonym donation. I s\u00e5 fall tillskrivs inget namn till din donation<\/span>.<\/p>\n<hr \/>\n<h2>Syftet med Databehandling<\/h2>\n<p><span style=\"font-weight: 400;\">Vi samlar in personuppgifter om dig som anv\u00e4ndare av v\u00e5r plattform f\u00f6r att erbjuda en s\u00e4ker, optimal och anv\u00e4ndarv\u00e4nlig upplevelse. Databehandling sker endast f\u00f6r f\u00f6ljande specifika \u00e4ndam\u00e5l:<\/span><\/p>\n<ul>\n<li style=\"font-weight: 400;\" aria-level=\"1\"><span style=\"font-weight: 400;\">Korrekt hantering av donationer: administration av donationer, support, \u00f6vervakning av klagom\u00e5l och s\u00e4ndning av servicemeddelanden;<\/span><\/li>\n<li style=\"font-weight: 400;\" aria-level=\"1\"><span style=\"font-weight: 400;\">S\u00e4kerhet och skydd mot bedr\u00e4gerier och \u00f6vertr\u00e4delser;<\/span><\/li>\n<li style=\"font-weight: 400;\" aria-level=\"1\"><span style=\"font-weight: 400;\">Personanpassad anv\u00e4ndarupplevelse, marknadsf\u00f6ring, reklam och nyhetsbrev om du uttryckligen har anm\u00e4lt dig till dessa. I detta fall kan du n\u00e4r som helst v\u00e4lja att avregistrera dig;<\/span><\/li>\n<li style=\"font-weight: 400;\" aria-level=\"1\"><span style=\"font-weight: 400;\">Statistiska \u00e4ndam\u00e5l<\/span><\/li>\n<\/ul>\n<p><span style=\"font-weight: 400;\">De personuppgifter vi samlar in kommer inte att bevaras l\u00e4ngre \u00e4n n\u00f6dv\u00e4ndigt f\u00f6r ovanst\u00e5ende \u00e4ndam\u00e5l<\/span><\/p>\n<hr \/>\n<h2>P\u00e5 Vilken R\u00e4ttslig Grund Behandlas Mina Personuppgifter?<\/h2>\n<p><span style=\"font-weight: 400;\">I enlighet med integritetsregleringen behandlar vi dina personuppgifter baserat p\u00e5 f\u00f6ljande:<\/span><\/p>\n<ul>\n<li style=\"font-weight: 400;\"><span style=\"font-weight: 400;\">Uppfyllande av ett avtal med dig. Till exempel n\u00e4r du donerar eller vill starta en insamlingskampanj.<\/span><\/li>\n<li style=\"font-weight: 400;\"><span style=\"font-weight: 400;\">Efterlevnad av lagar eller regelverk;<\/span><\/li>\n<li style=\"font-weight: 400;\"><span style=\"font-weight: 400;\">V\u00e5rt legitima intresse, till exempel att h\u00e5lla dig informerad om en insamling du st\u00f6ttat.<\/span><\/li>\n<li style=\"font-weight: 400;\"><span style=\"font-weight: 400;\">Ditt uttryckliga samtycke.<\/span><\/li>\n<\/ul>\n<hr \/>\n<h2>Delning av Personuppgifter med Tredje Part<\/h2>\n<p><span style=\"font-weight: 400;\">Vi delar endast dina personuppgifter med tredje part som st\u00f6der oss i v\u00e5r aff\u00e4rsprocess och som har ett databehandlingsavtal med oss. T\u00e4nk till exempel p\u00e5 v\u00e5r webbhotellleverant\u00f6r eller betalningsleverant\u00f6ren. Vi s\u00e4ljer eller delar aldrig din information f\u00f6r marknadsf\u00f6ring av tredje part.<\/span><\/p>\n<p><span style=\"font-weight: 400;\">Dessutom kan arrang\u00f6ren av insamlingen se namn och e-postadress p\u00e5 donatorerna, om inte donatorn g\u00f6r en anonym donation.<\/span><\/p>\n<p><span style=\"font-weight: 400;\">Vi kommer aldrig att posta meddelanden p\u00e5 ditt Facebook, Twitter, WhatsApp, Google+, LinkedIn eller andra sociala mediekonton utan ditt tillst\u00e5nd. Om du anv\u00e4nder sociala medieknappar p\u00e5 v\u00e5r plattform, till exempel f\u00f6r att dela en finansieringssida, l\u00e4s d\u00e5 integritetspolicyn f\u00f6r det sociala n\u00e4tverks knappen du anv\u00e4nder.<\/span><\/p>\n<hr \/>\n<h2>S\u00e4kerhets\u00e5tg\u00e4rder<\/h2>\n<p><span style=\"font-weight: 400;\">F\u00f6r att skydda dina personuppgifter vidtar vi l\u00e4mpliga s\u00e4kerhets\u00e5tg\u00e4rder. D\u00e4rf\u00f6r anv\u00e4nder vi en s\u00e4ker internetmilj\u00f6 s\u00e5 snart du startar betalningen av din donation. Genom SSL (Secure Socket Layers) krypteras transaktionsdata innan den skickas via internet. Du kan k\u00e4nna igen den s\u00e4kra SSL-anslutningen p\u00e5 https:\/\/ i adressf\u00e4ltet i din webbl\u00e4sare.<\/span><\/p>\n<p><span style=\"font-weight: 400;\">V\u00e4rdet av v\u00e5r plattform utf\u00f6rs av v\u00e5r p\u00e5litliga partner Google. Vi anv\u00e4nder deras datacenter i Belgien. Det inneb\u00e4r att de servrar d\u00e4r data lagras finns inom Europeiska ekonomiska samarbetsomr\u00e5det (EES). Vi kommer att vidta alla m\u00f6jliga s\u00e4kerhets\u00e5tg\u00e4rder f\u00f6r att s\u00e4kerst\u00e4lla att dina personuppgifter \u00e4r s\u00e4kra p\u00e5 dessa servrar och inom EES.<\/span><\/p>\n<hr \/>\n<h2>Dina r\u00e4ttigheter<\/h2>\n<p><span style=\"font-weight: 400;\">N\u00e4r vi behandlar din personliga information \u00e4r du skyddad av ett antal r\u00e4ttigheter:<\/span><\/p>\n<ul>\n<li style=\"font-weight: 400;\" aria-level=\"1\"><span style=\"font-weight: 400;\">Du har r\u00e4tt att f\u00e5 en f\u00f6rklaring om vilka personuppgifter vi behandlar och varf\u00f6r;<\/span><\/li>\n<li style=\"font-weight: 400;\" aria-level=\"1\"><span style=\"font-weight: 400;\">Du har r\u00e4tt att beg\u00e4ra tillg\u00e5ng till dina personuppgifter;<\/span><\/li>\n<li style=\"font-weight: 400;\" aria-level=\"1\"><span style=\"font-weight: 400;\">Du kan beg\u00e4ra \u00e4ndring eller borttagning av f\u00f6r\u00e5ldrade personuppgifter;<\/span><\/li>\n<li style=\"font-weight: 400;\" aria-level=\"1\"><span style=\"font-weight: 400;\">Du kan \u00e5terkalla ditt samtycke;<\/span><\/li>\n<li style=\"font-weight: 400;\" aria-level=\"1\"><span style=\"font-weight: 400;\">Du kan be om att behandlingen av dina personuppgifter begr\u00e4nsas;<\/span><\/li>\n<li style=\"font-weight: 400;\" aria-level=\"1\"><span style=\"font-weight: 400;\">Du har r\u00e4tt att erh\u00e5lla de personuppgifter som du har tillhandah\u00e5llit oss i ett strukturerat, allm\u00e4nt anv\u00e4nt och maskinl\u00e4sbart format<\/span><\/li>\n<\/ul>\n<p><span style=\"font-weight: 400;\">Du kan sj\u00e4lv ut\u00f6va flera av dessa r\u00e4ttigheter om du har ett konto p\u00e5 v\u00e5r plattform. Annars kan du kontakta oss via v\u00e5rt kontaktformul\u00e4r. Vi kommer att f\u00f6lja din beg\u00e4ran inom en m\u00e5nad. Vi kan be dig om identifiering f\u00f6r att s\u00e4kerst\u00e4lla att vi inte tar bort eller \u00e4ndrar fel persons personuppgifter.<\/span><\/p>\n<p><span style=\"font-weight: 400;\">Om du har ett klagom\u00e5l om hur dina personuppgifter behandlas vill vi g\u00e4rna h\u00f6ra fr\u00e5n dig, s\u00e5 att vi kan hitta en l\u00f6sning tillsammans. Du har ocks\u00e5 r\u00e4tt att l\u00e4mna in ditt klagom\u00e5l om v\u00e5r plattform till den nederl\u00e4ndska tillsynsmyndigheten f\u00f6r integritet.<\/span><\/p>\n<hr \/>\n<p><span style=\"font-weight: 400;\">Denna integritetspolicy senast reviderades den 27-10-2025<\/span>.<\/p>\n<\/div><\/div><\/div><\/div><\/div><div class=\"w-tabs-section\" id=\"p70a\"><button class=\"w-tabs-section-header\" aria-controls=\"content-p70a\" aria-expanded=\"false\"><div class=\"w-tabs-section-title\">Cookies<\/div><div class=\"w-tabs-section-control\"><\/div><\/button><div  class=\"w-tabs-section-content\" id=\"content-p70a\"><div class=\"w-tabs-section-content-h i-cf\"><div class=\"wpb_text_column\"><div class=\"wpb_wrapper\"><h2><b>Cookies<\/b><\/h2>\n<p><span style=\"font-weight: 400;\">Cookies \u00e4r sm\u00e5 tempor\u00e4ra textfiler f\u00f6r din dator. Vi anv\u00e4nder olika typer av cookies, s\u00e5som funktionella och analytiska cookies. Du \u00e4r fri att st\u00e4nga av cookies i din webbl\u00e4sare. T\u00e4nk dock p\u00e5 att detta kan inneb\u00e4ra att plattformen inte fungerar som den ska.<\/span><\/p>\n<p><b>Tekniska Cookies<\/b><b><br \/>\n<\/b><span style=\"font-weight: 400;\">Genom att anv\u00e4nda tekniska cookies k\u00e4nner vi igen dig n\u00e4r du bes\u00f6ker v\u00e5r plattform igen och det f\u00f6rhindrar att du m\u00e5ste mata in samma data om och om igen. Det hj\u00e4lper oss ocks\u00e5 att l\u00e4ra oss hur du anv\u00e4nder v\u00e5r webbplats, s\u00e5 att vi kontinuerligt kan f\u00f6rb\u00e4ttra den och g\u00f6ra den mer anv\u00e4ndarv\u00e4nlig.<\/span><\/p>\n<p><span style=\"font-weight: 400;\"><b>Analytiska Cookies<\/b><b><br \/>\n<\/b>WhyDonate anv\u00e4nder Google Analytics f\u00f6r statistiska analyser av hur du anv\u00e4nder WhyDonates tj\u00e4nster. Google Analytics samlar in information om hur du navigerar p\u00e5 webbplatsen, hur mycket tid du tillbringar p\u00e5 plattformen, hur mycket tid du spenderar p\u00e5 en viss sida, vilken webbplats som ledde dig till WhyDonate-plattformen, vilken typ av webbl\u00e4sare som anv\u00e4nds, IP-adressen till din mobiltelefon, dator eller surfplatta, och de webbplatser du bes\u00f6ker efter att du anv\u00e4nt WhyDonate-plattformen. Denna information samlas in och analyseras f\u00f6r att f\u00f6rb\u00e4ttra anv\u00e4ndarv\u00e4nligheten p\u00e5 WhyDonate-plattformen och f\u00f6r att f\u00f6rb\u00e4ttra WhyDonates marknadsf\u00f6ringsaktiviteter. Informationen lagras av Google i USA. F\u00f6r att s\u00e4kerst\u00e4lla s\u00e4ker behandling sluts ett databehandlingsavtal med Google. Dessutom \u00e4r det inte till\u00e5tet f\u00f6r Google att anv\u00e4nda de bearbetade uppgifterna f\u00f6r andra tj\u00e4nster. Mer information om databehandling av Google kan hittas i Googles egen integritetspolicy.\u00a0 <\/span><\/p>\n<p><b>Marknadsf\u00f6rings Cookie<\/b><span style=\"font-weight: 400;\"><br \/>\n<\/span><span style=\"font-weight: 400;\">Vi anv\u00e4nder en Facebook-pixel f\u00f6r att anpassa v\u00e5ra Facebook-inl\u00e4gg och annonser till bes\u00f6ksbeteende p\u00e5 v\u00e5r WhyDonate-webbplats.<\/span><\/p>\n<h2><b>Fr\u00e5gor, Kommentarer Eller Tips?<\/b><\/h2>\n<p><span style=\"font-weight: 400;\">Om du har n\u00e5gra fr\u00e5gor, kommentarer eller tips, tveka inte att kontakta oss!<\/span><\/p>\n<p><span style=\"font-weight: 400;\">Stichting Whydonate<\/span><span style=\"font-weight: 400;\"><br \/>\n<\/span><span style=\"font-weight: 400;\">Webbplats: <\/span><a href=\"https:\/\/whydonate.com\/?lang=en\"><span style=\"font-weight: 400;\">whydonate.com<\/span><\/a><span style=\"font-weight: 400;\">.<\/span><span style=\"font-weight: 400;\"><br \/>\n<\/span><span style=\"font-weight: 400;\">E-post: <\/span><a href=\"mailto:hello@whydonate.com\"><span style=\"font-weight: 400;\">hello@whydonate.com<\/span><span style=\"font-weight: 400;\"><br \/>\n<\/span><\/a><span style=\"font-weight: 400;\">Telefonnummer: +31 (0)85 744 1174<\/span><\/p>\n<\/div><\/div><\/div><\/div><\/div><\/div><\/div><\/div><\/div><\/div><\/div><\/div><\/section>\n","protected":false},"excerpt":{"rendered":"Integritets- Och Cookie Policy Vi Behandlar Din Personliga Information P\u00e5 Ett Konfidentiellt S\u00e4tt. IntegritetspolicyCookiesIntegritetspolicyIntegritetspolicy whydonate.com \u00e4r en tj\u00e4nst fr\u00e5n WhyDonate-stiftelsen. Vi \u00e4r registrerade p\u00e5 Johan Huizingalaan 763A i Amsterdam. Vi anser att det \u00e4r viktigt att skydda dina personuppgifter och vi kommer endast att anv\u00e4nda dina uppgifter f\u00f6r att erbjuda dig v\u00e5ra tj\u00e4nster, optimera din...","protected":false},"author":45,"featured_media":0,"parent":0,"menu_order":0,"comment_status":"closed","ping_status":"closed","template":"","meta":{"footnotes":""},"class_list":["post-340093","page","type-page","status-publish","hentry"],"_links":{"self":[{"href":"https:\/\/whydonate.com\/sv\/wp-json\/wp\/v2\/pages\/340093","targetHints":{"allow":["GET"]}}],"collection":[{"href":"https:\/\/whydonate.com\/sv\/wp-json\/wp\/v2\/pages"}],"about":[{"href":"https:\/\/whydonate.com\/sv\/wp-json\/wp\/v2\/types\/page"}],"author":[{"embeddable":true,"href":"https:\/\/whydonate.com\/sv\/wp-json\/wp\/v2\/users\/45"}],"replies":[{"embeddable":true,"href":"https:\/\/whydonate.com\/sv\/wp-json\/wp\/v2\/comments?post=340093"}],"version-history":[{"count":4,"href":"https:\/\/whydonate.com\/sv\/wp-json\/wp\/v2\/pages\/340093\/revisions"}],"predecessor-version":[{"id":418319,"href":"https:\/\/whydonate.com\/sv\/wp-json\/wp\/v2\/pages\/340093\/revisions\/418319"}],"wp:attachment":[{"href":"https:\/\/whydonate.com\/sv\/wp-json\/wp\/v2\/media?parent=340093"}],"curies":[{"name":"wp","href":"https:\/\/api.w.org\/{rel}","templated":true}]}}